{"id":1058,"date":"2024-07-28T14:15:04","date_gmt":"2024-07-28T14:15:04","guid":{"rendered":"https:\/\/tullhoneycompany.com\/product\/island-mated-italiensk-drottning\/"},"modified":"2024-11-12T07:32:38","modified_gmt":"2024-11-12T07:32:38","slug":"stationsparad-ligustica-drottning","status":"publish","type":"product","link":"https:\/\/tullhoneycompany.com\/sv\/product\/stationsparad-ligustica-drottning\/","title":{"rendered":"Stationsparad Ligustica drottning"},"content":{"rendered":"<p><strong>Beskrivning:<\/strong> Vi presenterar Stationsparad Ligustica drottning, premiumvalet f\u00f6r biodlare som s\u00f6ker drottningar av h\u00f6gsta kvalitet. Dessa italienska drottningar \u00e4r noggrant stationsparade f\u00f6r att s\u00e4kerst\u00e4lla genetisk renhet och \u00f6verl\u00e4gsna egenskaper. Dessa drottningar \u00e4r tillg\u00e4ngliga f\u00f6r leverans i b\u00f6rjan av juli och ger ett bepr\u00f6vat \u00e4gglager som \u00e4r redo att berika ditt genetiska material.<\/p>\n<p><strong>Stationsparad Ligustica drottning F\u00f6rdelar:<\/strong><\/p>\n<ul>\n<li><strong>Bevisad \u00e4ggl\u00e4ggning:<\/strong> V\u00e5ra drottningar som \u00e4r parade p\u00e5 stationen har visat sig ha en stark \u00e4ggl\u00e4ggningsf\u00f6rm\u00e5ga, vilket s\u00e4kerst\u00e4ller en robust kolonitillv\u00e4xt.<\/li>\n<li><strong>Hygieniskt beteende:<\/strong> Utvald f\u00f6r \u00f6verl\u00e4gsen renlighet, vilket fr\u00e4mjar friskare bikupor.<\/li>\n<li><strong>H\u00f6g produktion:<\/strong> Optimerad f\u00f6r maximal honungsavkastning och produktivitet hos kolonierna.<\/li>\n<li><strong>Lugnt temperament:<\/strong> Mild och l\u00e4tthanterlig, vilket g\u00f6r det enkelt att sk\u00f6ta bikuporna.<\/li>\n<\/ul>\n<p><strong>Tillg\u00e4nglighet:<\/strong><\/p>\n<ul>\n<li><strong>Leveransperiod:<\/strong> Tillg\u00e4nglig fr\u00e5n b\u00f6rjan av juli och fram\u00e5t, beroende p\u00e5 v\u00e4derf\u00f6rh\u00e5llanden.<\/li>\n<li><strong>Priss\u00e4ttning:<\/strong> Priset \u00e4r 280 euro plus 30 euro f\u00f6r frakt.<\/li>\n<\/ul>\n<p>Se till att du s\u00e4krar din plats genom att reservera din Stationsparad Ligustica drottning i f\u00f6rv\u00e4g. V\u00e5ra drottningar \u00e4r mycket eftertraktade f\u00f6r sina exceptionella egenskaper och tidiga tillg\u00e4nglighet. Oavsett om du ut\u00f6kar din big\u00e5rd, f\u00f6rb\u00e4ttrar honungsproduktionen eller s\u00e4kerst\u00e4ller dina samh\u00e4llens h\u00e4lsa och vitalitet, kommer v\u00e5r dedikerade personal att se till att du f\u00e5r drottningar av b\u00e4sta kvalitet. Boka din Stationsparad Ligustica drottning nu och f\u00e5 en bra start p\u00e5 en framg\u00e5ngsrik biodlingss\u00e4song!<\/p>\n","protected":false},"excerpt":{"rendered":"<p>F\u00f6rb\u00e4ttra din biodling med v\u00e5r Stationsparad drottning. K\u00e4nd f\u00f6r stark \u00e4ggl\u00e4ggning, hygieniskt beteende, h\u00f6g honungsproduktion och lugnt temperament. Perfekt f\u00f6r att st\u00e4rka kolonins h\u00e4lsa och produktivitet. Drottningar finns tillg\u00e4ngliga fr\u00e5n juli. S\u00e4kra din drottning nu f\u00f6r en framg\u00e5ngsrik biodlingss\u00e4song.<\/p>\n","protected":false},"featured_media":793,"comment_status":"open","ping_status":"closed","template":"","meta":[],"product_brand":[],"product_cat":[59],"product_tag":[],"class_list":{"0":"post-1058","1":"product","2":"type-product","3":"status-publish","4":"has-post-thumbnail","6":"product_cat-drottningar","8":"first","9":"instock","10":"taxable","11":"shipping-taxable","12":"purchasable","13":"product-type-simple"},"_links":{"self":[{"href":"https:\/\/tullhoneycompany.com\/sv\/wp-json\/wp\/v2\/product\/1058","targetHints":{"allow":["GET"]}}],"collection":[{"href":"https:\/\/tullhoneycompany.com\/sv\/wp-json\/wp\/v2\/product"}],"about":[{"href":"https:\/\/tullhoneycompany.com\/sv\/wp-json\/wp\/v2\/types\/product"}],"replies":[{"embeddable":true,"href":"https:\/\/tullhoneycompany.com\/sv\/wp-json\/wp\/v2\/comments?post=1058"}],"wp:featuredmedia":[{"embeddable":true,"href":"https:\/\/tullhoneycompany.com\/sv\/wp-json\/wp\/v2\/media\/793"}],"wp:attachment":[{"href":"https:\/\/tullhoneycompany.com\/sv\/wp-json\/wp\/v2\/media?parent=1058"}],"wp:term":[{"taxonomy":"product_brand","embeddable":true,"href":"https:\/\/tullhoneycompany.com\/sv\/wp-json\/wp\/v2\/product_brand?post=1058"},{"taxonomy":"product_cat","embeddable":true,"href":"https:\/\/tullhoneycompany.com\/sv\/wp-json\/wp\/v2\/product_cat?post=1058"},{"taxonomy":"product_tag","embeddable":true,"href":"https:\/\/tullhoneycompany.com\/sv\/wp-json\/wp\/v2\/product_tag?post=1058"}],"curies":[{"name":"wp","href":"https:\/\/api.w.org\/{rel}","templated":true}]}}