{"id":869,"date":"2024-07-24T19:18:59","date_gmt":"2024-07-24T19:18:59","guid":{"rendered":"https:\/\/tullhoneycompany.com\/policy-for-aterbetalning-och-returer\/"},"modified":"2024-09-19T18:13:48","modified_gmt":"2024-09-19T18:13:48","slug":"policy-for-aterbetalning-och-returer","status":"publish","type":"page","link":"https:\/\/tullhoneycompany.com\/sv\/policy-for-aterbetalning-och-returer\/","title":{"rendered":"Policy f\u00f6r \u00e5terbetalning och returer"},"content":{"rendered":"\n<h1 class=\"wp-block-heading\">Policy f\u00f6r \u00e5terbetalning och returer<\/h1>\n\n<h2 class=\"wp-block-heading\">\u00d6versikt<\/h2>\n\n<p>V\u00e5r \u00e5terbetalnings- och returpolicy varar 24 vid ankomst av drottningar.\nOm 24 timmar har g\u00e5tt sedan du har mottagit drottningarna kan vi inte erbjuda dig en fullst\u00e4ndig \u00e5terbetalning eller byte. <\/p>\n\n<p>Genom att k\u00f6pa v\u00e5r Nordic Gold Random Mated Queen samtycker du till dessa villkor.\nOm du har n\u00e5gra fr\u00e5gor eller funderingar, v\u00e4nligen kontakta v\u00e5r kundtj\u00e4nst. <\/p>\n\n<p><\/p><h2>Refunds<\/h2>\n\n<p>Godk\u00e4nda \u00e5terbetalningsans\u00f6kningar kommer att behandlas inom 7 arbetsdagar.\n\u00c5terbetalningar kommer att utf\u00e4rdas till den ursprungliga betalningsmetoden. <\/p>\n\n<p>Endast varor till ordinarie pris kan \u00e5terbetalas.\nReavaror kan inte \u00e5terbetalas. <\/p>\n\n<p><\/p><h2>Replacements:<\/h2>\n\n<p>Om en drottning anl\u00e4nder d\u00f6d eller vid d\u00e5lig h\u00e4lsa skickas en ers\u00e4ttare utan extra kostnad.\nDetta g\u00e4ller i m\u00e5n av tillg\u00e5ng och kan ta upp till 4 veckor att behandla. <\/p>\n\n<p><\/p>\n\n<p><\/p><h2>Shipping Costs:<\/h2>\n\n<p>Fraktkostnader \u00e5terbetalas inte om inte returen beror p\u00e5 ett fel fr\u00e5n v\u00e5r sida, till exempel att vi skickat fel produkt.<\/p>\n\n<p><\/p>\n\n<p><\/p><h2>Return Process:<\/h2>\n\n<p>Kontakta kundtj\u00e4nst inom 24 timmar efter mottagandet av drottningen f\u00f6r att p\u00e5b\u00f6rja en retur.\nInkludera ditt ordernummer, en beskrivning av problemet och ett foto av drottningen. <\/p>\n\n<p>Kundtj\u00e4nst kommer att ge instruktioner om hur du returnerar drottningen om det beh\u00f6vs.<\/p>\n\n<p><\/p><h2>Exclusions:<\/h2>\n\n<p>Vi tar inte emot returer eller ger \u00e5terbetalning f\u00f6r drottningar som har introducerats i en koloni och sedan tagits bort.<\/p>\n\n<p>Inga \u00e5terbetalningar eller ers\u00e4ttningar kommer att utf\u00e4rdas f\u00f6r drottningar som d\u00f6r p\u00e5 grund av felaktig hantering eller felaktig introduktion till en bikupa.<\/p>\n\n<p><\/p><h2>Need help?<\/h2>\n\n<p>Kontakta oss p\u00e5 info@tullhoneycompany.com f\u00f6r fr\u00e5gor som r\u00f6r \u00e5terbetalningar och returer.<\/p>\n","protected":false},"excerpt":{"rendered":"<p>Policy f\u00f6r \u00e5terbetalning och returer \u00d6versikt V\u00e5r \u00e5terbetalnings- och returpolicy varar 24 vid ankomst av drottningar. Om 24 timmar har g\u00e5tt sedan du har mottagit drottningarna kan vi inte erbjuda dig en fullst\u00e4ndig \u00e5terbetalning eller byte. Genom att k\u00f6pa v\u00e5r Nordic Gold Random Mated Queen samtycker du till dessa villkor. Om du har n\u00e5gra fr\u00e5gor [&hellip;]<\/p>\n","protected":false},"author":1,"featured_media":0,"parent":0,"menu_order":0,"comment_status":"closed","ping_status":"closed","template":"","meta":{"footnotes":""},"class_list":["post-869","page","type-page","status-publish","hentry"],"_links":{"self":[{"href":"https:\/\/tullhoneycompany.com\/sv\/wp-json\/wp\/v2\/pages\/869","targetHints":{"allow":["GET"]}}],"collection":[{"href":"https:\/\/tullhoneycompany.com\/sv\/wp-json\/wp\/v2\/pages"}],"about":[{"href":"https:\/\/tullhoneycompany.com\/sv\/wp-json\/wp\/v2\/types\/page"}],"author":[{"embeddable":true,"href":"https:\/\/tullhoneycompany.com\/sv\/wp-json\/wp\/v2\/users\/1"}],"replies":[{"embeddable":true,"href":"https:\/\/tullhoneycompany.com\/sv\/wp-json\/wp\/v2\/comments?post=869"}],"version-history":[{"count":1,"href":"https:\/\/tullhoneycompany.com\/sv\/wp-json\/wp\/v2\/pages\/869\/revisions"}],"predecessor-version":[{"id":871,"href":"https:\/\/tullhoneycompany.com\/sv\/wp-json\/wp\/v2\/pages\/869\/revisions\/871"}],"wp:attachment":[{"href":"https:\/\/tullhoneycompany.com\/sv\/wp-json\/wp\/v2\/media?parent=869"}],"curies":[{"name":"wp","href":"https:\/\/api.w.org\/{rel}","templated":true}]}}