{"id":1038,"date":"2024-07-28T14:39:19","date_gmt":"2024-07-28T14:39:19","guid":{"rendered":"https:\/\/tullhoneycompany.com\/halsointyg-spar-nt\/"},"modified":"2024-09-19T18:21:59","modified_gmt":"2024-09-19T18:21:59","slug":"halsointyg-spar-nt","status":"publish","type":"page","link":"https:\/\/tullhoneycompany.com\/sv\/halsointyg-spar-nt\/","title":{"rendered":"H\u00e4lsointyg &#8211; Sp\u00e5r NT"},"content":{"rendered":"\n<h3 class=\"wp-block-heading\">H\u00e4lsointyg &#8211; Sp\u00e5r NT<\/h3>\n\n<p>P\u00e5 Tull Honey Company prioriterar vi v\u00e5ra bins h\u00e4lsa och s\u00e4kerhet f\u00f6r att s\u00e4kerst\u00e4lla produkter av h\u00f6gsta kvalitet f\u00f6r v\u00e5ra kunder.\nAlla v\u00e5ra bidrottningar, inklusive de italienska drottningarna med parning p\u00e5 \u00f6n och slumpm\u00e4ssig parning, levereras med ett obligatoriskt veterin\u00e4rh\u00e4lsointyg i enlighet med EU:s f\u00f6rordningar (2016\/429, 2020\/688, 2021\/403). <\/p>\n\n<h4 class=\"wp-block-heading\">Viktiga punkter:<\/h4>\n\n<ul class=\"wp-block-list\">\n<li><strong>TRACES NT-registrering:<\/strong> <strong>Alla k\u00f6pare av drottningar m\u00e5ste vara registrerade i den digitala certifikat- och hanteringsplattformen <a href=\"https:\/\/food.ec.europa.eu\/horizontal-topics\/traces_en\" target=\"_blank\" rel=\"noopener\">TRACES NT.<\/a><\/strong>\nDenna plattform s\u00e4kerst\u00e4ller sp\u00e5rbarhet och efterlevnad av h\u00e4lsobest\u00e4mmelser i hela EU. <\/li>\n\n\n\n<li><strong>Veterin\u00e4rmedicinskt h\u00e4lsointyg:<\/strong> Varje s\u00e4ndning av bidrottningar \u00e5tf\u00f6ljs av ett veterin\u00e4rmedicinskt h\u00e4lsointyg.\nDetta intyg s\u00e4kerst\u00e4ller att v\u00e5ra drottningar uppfyller alla h\u00e4lsostandarder och \u00e4r fria fr\u00e5n sjukdomar. <\/li>\n\n\n\n<li><strong>Kvalitetss\u00e4kring:<\/strong> H\u00e4lsointyget garanterar inte bara efterlevnad utan f\u00f6rst\u00e4rker ocks\u00e5 v\u00e5rt \u00e5tagande att tillhandah\u00e5lla de friskaste och mest produktiva drottningarna till v\u00e5ra kunder.<\/li>\n<\/ul>\n\n<p>Mer information om <a href=\"https:\/\/food.ec.europa.eu\/horizontal-topics\/traces_en\" target=\"_blank\" rel=\"noopener\">TRACES NT.<\/a><\/p>\n\n<h3 class=\"wp-block-heading\">Steg-f\u00f6r-steg-guide f\u00f6r TRACES NT-registrering<\/h3>\n\n<p>F\u00f6lj dessa steg f\u00f6r att registrera dig p\u00e5 TRACES NT-plattformen:<\/p>\n\n<h4 class=\"wp-block-heading\">Steg 1: \u00d6ppna TRACES NT-portalen<\/h4>\n\n<ol class=\"wp-block-list\">\n<li>\u00d6ppna din webbl\u00e4sare och g\u00e5 till TRACES NT-portalen p\u00e5 <a href=\"https:\/\/webgate.ec.europa.eu\/tracesnt\/login\" target=\"_blank\" rel=\"noopener\">TRACES NT<\/a>.<\/li>\n<\/ol>\n\n<h4 class=\"wp-block-heading\">Steg 2: Skapa ett EU Login-konto<\/h4>\n\n<ol class=\"wp-block-list\">\n<li>Klicka p\u00e5 l\u00e4nken <strong>&#8221;Registrera dig f\u00f6r EU Login&#8221;<\/strong> p\u00e5 inloggningssidan f\u00f6r TRACES NT.<\/li>\n\n\n\n<li>Fyll i de obligatoriska f\u00e4lten:\n<ul class=\"wp-block-list\">\n<li><strong>E-post adress:<\/strong> Ange din giltiga e-postadress.<\/li>\n\n\n\n<li><strong>F\u00f6rnamn och efternamn:<\/strong> Ange din personliga information.<\/li>\n\n\n\n<li><strong>V\u00e4lj ett l\u00f6senord:<\/strong> Skapa ett starkt l\u00f6senord enligt de riktlinjer som anges.<\/li>\n<\/ul>\n<\/li>\n\n\n\n<li>Klicka p\u00e5 knappen <strong>&#8221;Skapa ett konto&#8221;<\/strong>.<\/li>\n\n\n\n<li>Kontrollera om du har f\u00e5tt en bekr\u00e4ftelse fr\u00e5n EU Login i din e-post och klicka p\u00e5 verifieringsl\u00e4nken f\u00f6r att aktivera ditt konto.<\/li>\n<\/ol>\n\n<h4 class=\"wp-block-heading\">Steg 3: Logga in p\u00e5 TRACES NT<\/h4>\n\n<ol class=\"wp-block-list\">\n<li>\u00c5terg\u00e5 till inloggningssidan f\u00f6r TRACES NT.<\/li>\n\n\n\n<li>Ange din e-postadress och ditt l\u00f6senord i avsnittet <strong>EU Login<\/strong>.<\/li>\n\n\n\n<li>Klicka p\u00e5 knappen <strong>&#8221;Logga in&#8221;.<\/strong> <\/li>\n<\/ol>\n\n<h4 class=\"wp-block-heading\">Steg 4: Fyll i din TRACES NT-profil<\/h4>\n\n<ol class=\"wp-block-list\">\n<li>N\u00e4r du har loggat in kommer du att omdirigeras till instrumentpanelen f\u00f6r TRACES NT.<\/li>\n\n\n\n<li>Klicka p\u00e5 ditt namn uppe i h\u00f6gra h\u00f6rnet och v\u00e4lj <strong>&#8221;My Account&#8221;<\/strong> i rullgardinsmenyn.<\/li>\n\n\n\n<li>Fyll i den information som kr\u00e4vs:\n<ul class=\"wp-block-list\">\n<li><strong>Personlig information:<\/strong> Verifiera och uppdatera dina personuppgifter om det beh\u00f6vs.<\/li>\n\n\n\n<li><strong>Information om organisationen:<\/strong> Ange uppgifter om din organisation (om till\u00e4mpligt).<\/li>\n<\/ul>\n<\/li>\n\n\n\n<li>Spara din profilinformation.<\/li>\n<\/ol>\n\n<h4 class=\"wp-block-heading\">Steg 5: Registrera dig som operat\u00f6r<\/h4>\n\n<ol class=\"wp-block-list\">\n<li>I instrumentpanelen f\u00f6r TRACES NT klickar du p\u00e5 knappen <strong>&#8221;Registrera dig som operat\u00f6r&#8221;.<\/strong> <\/li>\n\n\n\n<li>V\u00e4lj den typ av operat\u00f6r som \u00e4r relevant f\u00f6r din aktivitet.\n<ul class=\"wp-block-list\">\n<li><strong>Sektion:<\/strong> V\u00e4lj <strong>&#8221;Honeybees etablering&#8221;.<\/strong><\/li>\n\n\n\n<li><strong>Aktivitet:<\/strong> V\u00e4lj <strong>&#8221;Etablering av marklevande djur&#8221;.<\/strong><\/li>\n\n\n\n<li><strong>Identifierare:<\/strong> Ange det juridiska numret f\u00f6r din huvudsakliga big\u00e5rd (vanligtvis beviljat av en nationell myndighet) eller annan relevant identifierare.<\/li>\n<\/ul>\n<\/li>\n\n\n\n<li>Fyll i registreringsformul\u00e4ret med korrekta uppgifter om din verksamhet.<\/li>\n\n\n\n<li>Klicka p\u00e5 knappen <strong>&#8221;Skicka&#8221;<\/strong>.<\/li>\n<\/ol>\n\n<h4 class=\"wp-block-heading\">Steg 6: Godk\u00e4nnande och verifiering<\/h4>\n\n<ol class=\"wp-block-list\">\n<li>Din registrering kommer att granskas av de relevanta myndigheterna.<\/li>\n\n\n\n<li>Du kan komma att f\u00e5 en beg\u00e4ran om ytterligare information eller dokument.<\/li>\n\n\n\n<li>N\u00e4r du har blivit godk\u00e4nd f\u00e5r du ett bekr\u00e4ftelsemeddelande via e-post.<\/li>\n<\/ol>\n\n<h4 class=\"wp-block-heading\">Steg 7: F\u00e5 tillg\u00e5ng till TRACES NT-tj\u00e4nster<\/h4>\n\n<ol class=\"wp-block-list\">\n<li>Efter godk\u00e4nnande loggar du in p\u00e5 <a href=\"https:\/\/webgate.ec.europa.eu\/tracesnt\/login\" target=\"_blank\" rel=\"noopener\">TRACES NT.<\/a><\/li>\n\n\n\n<li>Du kan nu f\u00e5 tillg\u00e5ng till alla de tj\u00e4nster som TRACES NT erbjuder, inklusive certifikathantering, sp\u00e5rning och rapportering.<\/li>\n<\/ol>\n\n<p>Genom att f\u00f6lja dessa steg kommer du att registrera dig p\u00e5 Traces NT-plattformen, vilket g\u00f6r att du kan hantera och sp\u00e5ra dina transaktioner i enlighet med EU:s regler.<\/p>\n","protected":false},"excerpt":{"rendered":"<p>H\u00e4lsointyg &#8211; Sp\u00e5r NT P\u00e5 Tull Honey Company prioriterar vi v\u00e5ra bins h\u00e4lsa och s\u00e4kerhet f\u00f6r att s\u00e4kerst\u00e4lla produkter av h\u00f6gsta kvalitet f\u00f6r v\u00e5ra kunder. Alla v\u00e5ra bidrottningar, inklusive de italienska drottningarna med parning p\u00e5 \u00f6n och slumpm\u00e4ssig parning, levereras med ett obligatoriskt veterin\u00e4rh\u00e4lsointyg i enlighet med EU:s f\u00f6rordningar (2016\/429, 2020\/688, 2021\/403). Viktiga punkter: Mer [&hellip;]<\/p>\n","protected":false},"author":1,"featured_media":0,"parent":0,"menu_order":0,"comment_status":"closed","ping_status":"closed","template":"","meta":{"footnotes":""},"class_list":["post-1038","page","type-page","status-publish","hentry"],"_links":{"self":[{"href":"https:\/\/tullhoneycompany.com\/sv\/wp-json\/wp\/v2\/pages\/1038","targetHints":{"allow":["GET"]}}],"collection":[{"href":"https:\/\/tullhoneycompany.com\/sv\/wp-json\/wp\/v2\/pages"}],"about":[{"href":"https:\/\/tullhoneycompany.com\/sv\/wp-json\/wp\/v2\/types\/page"}],"author":[{"embeddable":true,"href":"https:\/\/tullhoneycompany.com\/sv\/wp-json\/wp\/v2\/users\/1"}],"replies":[{"embeddable":true,"href":"https:\/\/tullhoneycompany.com\/sv\/wp-json\/wp\/v2\/comments?post=1038"}],"version-history":[{"count":1,"href":"https:\/\/tullhoneycompany.com\/sv\/wp-json\/wp\/v2\/pages\/1038\/revisions"}],"predecessor-version":[{"id":1040,"href":"https:\/\/tullhoneycompany.com\/sv\/wp-json\/wp\/v2\/pages\/1038\/revisions\/1040"}],"wp:attachment":[{"href":"https:\/\/tullhoneycompany.com\/sv\/wp-json\/wp\/v2\/media?parent=1038"}],"curies":[{"name":"wp","href":"https:\/\/api.w.org\/{rel}","templated":true}]}}