{"id":1077,"date":"2024-07-24T18:52:26","date_gmt":"2024-07-24T18:52:26","guid":{"rendered":"https:\/\/tullhoneycompany.com\/product\/italian-queen-imperechere-aleatorie\/"},"modified":"2025-03-16T12:49:31","modified_gmt":"2025-03-16T12:49:31","slug":"matci-italiene","status":"publish","type":"product","link":"https:\/\/tullhoneycompany.com\/ro\/product\/matci-italiene\/","title":{"rendered":"Matci Italiene &#8211; Imperecheate Natural"},"content":{"rendered":"<p data-start=\"0\" data-end=\"366\">V\u0103 prezent\u0103m <strong data-start=\"13\" data-end=\"31\">Matci Italiene<\/strong> (regine italiene &#8211; \u00eemperechere aleatorie) \u2013 o ad\u0103ugare premium la apicultura dumneavoastr\u0103, provenind din cele mai bune linii italiene, selectate pentru comportamentul lor igienic excep\u021bional, ratele ridicate de produc\u021bie, temperamentul calm \u0219i dezvoltarea rapid\u0103 din prim\u0103var\u0103, ideale pentru a profita de primele fluxuri de nectar.<\/p>\n<p data-start=\"368\" data-end=\"756\">Reginele noastre italiene sunt crescute din regine de prima clas\u0103, testate genetic, pe o insul\u0103 izolat\u0103 \u00een mijlocul Lacului Peipus, \u00een Estonia, asigur\u00e2nd puritatea genetic\u0103 \u0219i calitate superioar\u0103. Aceste regine sunt din genera\u021bia F1, crescute cu un amestec de drone italiene selectate pentru a spori vitalitatea \u0219i rezisten\u021ba, f\u0103c\u00e2ndu-le perfecte pentru coloniile productive \u0219i robuste.<\/p>\n<h3 data-start=\"758\" data-end=\"790\">Caracteristici principale:<\/h3>\n<p data-start=\"791\" data-end=\"1296\"><strong data-start=\"793\" data-end=\"817\">Comportament igienic<\/strong> \u2013 Selectate pentru cur\u0103\u021benia lor superioar\u0103, asigur\u00e2nd un stup mai s\u0103n\u0103tos \u0219i mai pu\u021bine boli.<br data-start=\"912\" data-end=\"915\" \/><strong data-start=\"917\" data-end=\"937\">Produc\u021bie \u00eenalt\u0103<\/strong> \u2013 Optimizate pentru o produc\u021bie maxim\u0103 de miere, perfecte pentru apicultori profesioni\u0219ti \u0219i amatori.<br data-start=\"1039\" data-end=\"1042\" \/><strong data-start=\"1044\" data-end=\"1064\">Temperament calm<\/strong> \u2013 U\u0219or de gestionat, f\u0103c\u00e2nd administrarea stupilor o sarcin\u0103 u\u0219oar\u0103.<br data-start=\"1133\" data-end=\"1136\" \/><strong data-start=\"1138\" data-end=\"1172\">Dezvoltare rapid\u0103 \u00een prim\u0103var\u0103<\/strong> \u2013 Cre\u0219tere rapid\u0103 \u00een prim\u0103vara timpurie, permi\u021b\u00e2ndu-v\u0103 s\u0103 prinde\u021bi fluxurile timpurii de nectar \u0219i s\u0103 maximiza\u021bi recolta.<\/p>\n<h3 data-start=\"1298\" data-end=\"1349\">Asigurarea calit\u0103\u021bii \u0219i procesul de cre\u0219tere:<\/h3>\n<p data-start=\"1350\" data-end=\"1735\"><strong data-start=\"1353\" data-end=\"1376\">\u00cemperechere izolat\u0103<\/strong> \u2013 Crescute \u00eentr-un mediu controlat pentru a men\u021bine integritatea genetic\u0103.<br data-start=\"1451\" data-end=\"1454\" \/><strong data-start=\"1457\" data-end=\"1491\">Standardele \u00eenalte de selec\u021bie<\/strong> \u2013 Selec\u021bia riguroas\u0103 a reginelor \u0219i dronelor pentru a garanta descenden\u021bi de calitate superioar\u0103.<br data-start=\"1589\" data-end=\"1592\" \/><strong data-start=\"1595\" data-end=\"1612\">Trasabilitate<\/strong> \u2013 Toate reginele noastre sunt marcate cu coduri de culoare interna\u021bionale pentru o identificare u\u0219oar\u0103 \u0219i trasabilitate.<\/p>\n<h3 data-start=\"1737\" data-end=\"1770\">Disponibilitate \u0219i pre\u021buri:<\/h3>\n<p data-start=\"1771\" data-end=\"1910\"><strong data-start=\"1774\" data-end=\"1797\">Perioada de livrare<\/strong>: Disponibile din \u00eenceputul lunii iunie p\u00e2n\u0103 pe 1 septembrie.<br data-start=\"1858\" data-end=\"1861\" \/><strong data-start=\"1864\" data-end=\"1872\">Pre\u021b<\/strong>: 35 \u20ac + 30 \u20ac pentru livrarea \u00een UE.<\/p>\n<p data-start=\"1912\" data-end=\"2133\"><strong data-start=\"1915\" data-end=\"1984\">Investi\u021bi \u00een Matci Italiene pentru un apiar prosper \u0219i productiv!<\/strong> Comanda\u021bi acum pentru a v\u0103 asigura reginele pentru sezonul apicol care vine \u0219i experimenta\u021bi beneficiile geneticii de top \u00een stupii dumneavoastr\u0103.<\/p>\n<p data-start=\"2135\" data-end=\"2282\">Pentru mai multe informa\u021bii, vizita\u021bi site-ul Tull Honey Company pentru a explora procesul detaliat de cre\u0219tere \u0219i standardele noastre de calitate.<\/p>\n<hr data-start=\"2284\" data-end=\"2287\" \/>\n<h3 data-start=\"2289\" data-end=\"2342\"><strong data-start=\"2293\" data-end=\"2340\">Albin\u0103 Ligustica (Apis mellifera ligustica)<\/strong><\/h3>\n<p data-start=\"2343\" data-end=\"2774\">Albinele Ligustica, cunoscute \u0219i sub denumirea de albine italiene, sunt o subspecie a albinei melifere occidentale (<em data-start=\"2467\" data-end=\"2483\">Apis mellifera<\/em>). Reputate pentru natura lor calm\u0103 \u0219i productivitatea ridicat\u0103, albinele Ligustica sunt printre cele mai populare alegeri ale apicultorilor din \u00eentreaga lume. Provenind din peninsulele italiene, aceste albine au fost extins crescute \u0219i exportate datorit\u0103 caracteristicilor lor favorabile.<\/p>\n<h3 data-start=\"2776\" data-end=\"2808\">Caracteristici principale:<\/h3>\n<p data-start=\"2809\" data-end=\"3857\"><strong data-start=\"2812\" data-end=\"2827\">Gentilitate<\/strong> \u2013 Albinele Ligustica sunt cunoscute pentru comportamentul lor calm \u0219i docil, f\u0103c\u00e2ndu-le mai u\u0219or de gestionat comparativ cu alte subspecii de albine.<br data-start=\"2977\" data-end=\"2980\" \/><strong data-start=\"2983\" data-end=\"3001\">Productivitate<\/strong> \u2013 Produc\u021bie excep\u021bional\u0103 de miere, aceste albine sunt foarte eficiente \u00een colectarea nectarului \u0219i pot produce cantit\u0103\u021bi mari de miere, mai ales \u00een zonele cu resurse florale abundente.<br data-start=\"3186\" data-end=\"3189\" \/><strong data-start=\"3192\" data-end=\"3215\">Cre\u0219terea puietului<\/strong> \u2013 Albinele Ligustica au comportamente puternice de cre\u0219tere a puietului, men\u021bin\u00e2nd colonii mari \u0219i active pe tot parcursul anului.<br data-start=\"3346\" data-end=\"3349\" \/><strong data-start=\"3352\" data-end=\"3374\">Rezisten\u021b\u0103 la boli<\/strong> \u2013 De\u0219i sunt \u00een general s\u0103n\u0103toase, albinele Ligustica pot fi mai susceptibile la anumite boli \u0219i d\u0103un\u0103tori, precum varroa, comparativ cu alte subspecii de albine.<br data-start=\"3536\" data-end=\"3539\" \/><strong data-start=\"3542\" data-end=\"3553\">Iernare<\/strong> \u2013 Albinele Ligustica ierneaz\u0103 bine \u00een regiunile cu ierni bl\u00e2nde, men\u021bin\u00e2nd coloniile puternice \u0219i gata pentru expansiune \u00een prim\u0103var\u0103.<\/p>\n<p data-start=\"2809\" data-end=\"3857\"><strong data-start=\"3694\" data-end=\"3712\">Adaptabilitate<\/strong> \u2013 Aceste albine sunt foarte adaptabile la diverse condi\u021bii climatice \u0219i mediu, ceea ce le face potrivite pentru apicultorii din \u00eentreaga lume.<\/p>\n<p data-start=\"3859\" data-end=\"3973\" data-is-last-node=\"\" data-is-only-node=\"\">Albinele Ligustica sunt alegerea perfect\u0103 pentru apicultorii care doresc o albin\u0103 productiv\u0103 \u0219i u\u0219or de gestionat!<\/p>\n","protected":false},"excerpt":{"rendered":"<p data-start=\"0\" data-end=\"77\">\u00cembun\u0103t\u0103\u021be\u0219te-\u021bi apicultura cu Matci Italiene cu \u00eemperechere aleatorie.<\/p>\n<p data-start=\"79\" data-end=\"338\">Allevate din linii italiene de top, aceste regine sunt selectate pentru comportamentul lor igienic, ratele ridicate de produc\u021bie, temperamentul calm \u0219i dezvoltarea rapid\u0103 din prim\u0103var\u0103. Sunt perfecte pentru a spori vitalitatea \u0219i productivitatea coloniilor.<\/p>\n<p data-start=\"340\" data-end=\"454\" data-is-last-node=\"\" data-is-only-node=\"\">Disponibile din \u00eenceputul lunii iunie p\u00e2n\u0103 pe 1 septembrie. Asigur\u0103-\u021bi regina acum pentru un sezon apicol prosper!<\/p>\n","protected":false},"featured_media":620,"comment_status":"open","ping_status":"closed","template":"","meta":[],"product_brand":[],"product_cat":[61],"product_tag":[],"class_list":{"0":"post-1077","1":"product","2":"type-product","3":"status-publish","4":"has-post-thumbnail","6":"product_cat-regine","8":"first","9":"instock","10":"taxable","11":"shipping-taxable","12":"purchasable","13":"product-type-simple"},"_links":{"self":[{"href":"https:\/\/tullhoneycompany.com\/ro\/wp-json\/wp\/v2\/product\/1077","targetHints":{"allow":["GET"]}}],"collection":[{"href":"https:\/\/tullhoneycompany.com\/ro\/wp-json\/wp\/v2\/product"}],"about":[{"href":"https:\/\/tullhoneycompany.com\/ro\/wp-json\/wp\/v2\/types\/product"}],"replies":[{"embeddable":true,"href":"https:\/\/tullhoneycompany.com\/ro\/wp-json\/wp\/v2\/comments?post=1077"}],"wp:featuredmedia":[{"embeddable":true,"href":"https:\/\/tullhoneycompany.com\/ro\/wp-json\/wp\/v2\/media\/620"}],"wp:attachment":[{"href":"https:\/\/tullhoneycompany.com\/ro\/wp-json\/wp\/v2\/media?parent=1077"}],"wp:term":[{"taxonomy":"product_brand","embeddable":true,"href":"https:\/\/tullhoneycompany.com\/ro\/wp-json\/wp\/v2\/product_brand?post=1077"},{"taxonomy":"product_cat","embeddable":true,"href":"https:\/\/tullhoneycompany.com\/ro\/wp-json\/wp\/v2\/product_cat?post=1077"},{"taxonomy":"product_tag","embeddable":true,"href":"https:\/\/tullhoneycompany.com\/ro\/wp-json\/wp\/v2\/product_tag?post=1077"}],"curies":[{"name":"wp","href":"https:\/\/api.w.org\/{rel}","templated":true}]}}