{"id":1068,"date":"2024-07-28T13:59:21","date_gmt":"2024-07-28T13:59:21","guid":{"rendered":"https:\/\/tullhoneycompany.com\/product\/regina-italiana-suprainvernata-imperecheata-aleatoriu\/"},"modified":"2025-03-16T13:03:30","modified_gmt":"2025-03-16T13:03:30","slug":"matci-italiene-suprainvernata","status":"publish","type":"product","link":"https:\/\/tullhoneycompany.com\/ro\/product\/matci-italiene-suprainvernata\/","title":{"rendered":"Matci Italiene suprainvernat\u0103 &#8211; Imperecheate Natural"},"content":{"rendered":"<p data-start=\"0\" data-end=\"321\"><strong>Descriere<\/strong>:<\/p>\n<p data-start=\"0\" data-end=\"321\">V\u0103 prezent\u0103m Matci Italiene Suprainvernat\u0103, alegerea dumneavoastr\u0103 premium pentru apicultura de \u00eenceput de sezon. Aceste regine sunt atent supravie\u021buite iernii pentru a asigura c\u0103 sunt preg\u0103tite s\u0103 fie livrate \u00een aprilie, oferindu-v\u0103 o regin\u0103 dovedit\u0103 ca depun\u0103toare de ou\u0103 chiar de la \u00eenceputul sezonului.<\/p>\n<h3 data-start=\"323\" data-end=\"343\">Beneficii cheie:<\/h3>\n<p data-start=\"345\" data-end=\"910\"><strong data-start=\"347\" data-end=\"371\">Comportament igienic<\/strong>: Selectate pentru cur\u0103\u021benia lor superioar\u0103, promov\u00e2nd stupi mai s\u0103n\u0103to\u0219i.<br data-start=\"445\" data-end=\"448\" \/><strong data-start=\"450\" data-end=\"472\">Produc\u021bie ridicat\u0103<\/strong>: Optimizate pentru maximum de produc\u021bie de miere \u0219i productivitate a coloniilor.<br data-start=\"553\" data-end=\"556\" \/><strong data-start=\"558\" data-end=\"578\">Temperament calm<\/strong>: U\u0219or de gestionat, f\u0103c\u00e2nd administrarea stupilor simpl\u0103.<br data-start=\"636\" data-end=\"639\" \/><strong data-start=\"641\" data-end=\"669\">Depunere de ou\u0103 dovedit\u0103<\/strong>: Reginele noastre supravie\u021buite iernii au demonstrat abilit\u0103\u021bi puternice de depunere a ou\u0103lor, asigur\u00e2nd o cre\u0219tere robust\u0103 a coloniilor.<br data-start=\"807\" data-end=\"810\" \/><strong data-start=\"812\" data-end=\"832\">Livrare timpurie<\/strong>: Primi\u021bi regina \u00een aprilie, permi\u021b\u00e2ndu-v\u0103 s\u0103 \u00eencepe\u021bi devreme sezonul apicol.<\/p>\n<h3 data-start=\"912\" data-end=\"932\">Disponibilitate:<\/h3>\n<p data-start=\"934\" data-end=\"1030\"><strong data-start=\"934\" data-end=\"957\">Perioada de livrare<\/strong>: Disponibile din mijlocul lunii aprilie, \u00een func\u021bie de condi\u021biile meteo.<\/p>\n<p data-start=\"1032\" data-end=\"1526\">Asigura\u021bi-v\u0103 locul rezerv\u00e2nd Matci Italiene Suprainvernat\u0103 din timp. Reginele noastre sunt foarte c\u0103utate datorit\u0103 calit\u0103\u021bilor lor excep\u021bionale \u0219i disponibilit\u0103\u021bii timpurii. Indiferent dac\u0103 extinde\u021bi apiarul, \u00eembun\u0103t\u0103\u021bi\u021bi produc\u021bia de miere sau asigura\u021bi s\u0103n\u0103tatea \u0219i vitalitatea coloniilor, personalul nostru dedicat se va asigura c\u0103 primi\u021bi cele mai bune regine de calitate. Rezerva\u021bi acum Matci Italiene Suprainvernat\u0103 \u0219i ob\u021bine\u021bi un avantaj la \u00eenceputul unui sezon apicol de succes!<\/p>\n<hr data-start=\"1528\" data-end=\"1531\" \/>\n<h3 data-start=\"1533\" data-end=\"1584\"><strong data-start=\"1537\" data-end=\"1584\">Albin\u0103 Ligustica (Apis mellifera ligustica)<\/strong><\/h3>\n<p data-start=\"1586\" data-end=\"2034\">Albinele<strong data-start=\"1595\" data-end=\"1608\"> Ligustica<\/strong>, cunoscute \u0219i sub denumirea de<strong data-start=\"1640\" data-end=\"1659\"> albine italiene<\/strong>, sunt o subspecie a albinei melifere occidentale (<em data-start=\"1710\" data-end=\"1726\">Apis mellifera<\/em>). Renumite pentru natura lor calm\u0103 \u0219i pentru productivitatea ridicat\u0103, albinele Ligustica sunt printre cele mai populare alegeri ale apicultorilor din \u00eentreaga lume. Provenind din peninsulele italiene, aceste albine au fost crescute pe scar\u0103 larg\u0103 \u0219i exportate datorit\u0103 caracteristicilor lor favorabile.<\/p>\n<h3 data-start=\"2036\" data-end=\"2055\">Caracteristici:<\/h3>\n<p data-start=\"2057\" data-end=\"3184\"><strong data-start=\"2060\" data-end=\"2075\">Gentilitate<\/strong>: Albinele Ligustica sunt cunoscute pentru comportamentul lor calm \u0219i docil, f\u0103c\u00e2ndu-le mai u\u0219or de gestionat comparativ cu alte subspecii de albine.<br data-start=\"2228\" data-end=\"2231\" \/><strong data-start=\"2234\" data-end=\"2252\">Productivitate<\/strong>: Una dintre tr\u0103s\u0103turile remarcabile ale albinelor Ligustica este produc\u021bia excep\u021bional\u0103 de miere. Aceste albine sunt foarte eficiente \u00een colectarea nectarului \u0219i pot produce cantit\u0103\u021bi mari de miere, \u00een special \u00een zonele cu resurse florale abundente.<br data-start=\"2506\" data-end=\"2509\" \/><strong data-start=\"2512\" data-end=\"2535\">Cre\u0219terea puietului<\/strong>: Albinele Ligustica au comportamente puternice de cre\u0219tere a puietului, men\u021bin\u00e2nd colonii mari \u0219i active pe tot parcursul anului.<br data-start=\"2669\" data-end=\"2672\" \/><strong data-start=\"2675\" data-end=\"2697\" data-is-only-node=\"\">Rezisten\u021b\u0103 la boli<\/strong>: De\u0219i sunt \u00een general s\u0103n\u0103toase, albinele Ligustica pot fi mai susceptibile la anumite boli \u0219i d\u0103un\u0103tori, cum ar fi varroa, comparativ cu alte subspecii de albine.<\/p>\n<p data-start=\"2057\" data-end=\"3184\"><strong data-start=\"2871\" data-end=\"2882\">Iernare<\/strong>: Albinele Ligustica ierneaz\u0103 bine \u00een regiunile cu ierni bl\u00e2nde, men\u021bin\u00e2nd coloniile puternice \u0219i gata s\u0103 se extind\u0103 \u00een prim\u0103var\u0103.<br data-start=\"3016\" data-end=\"3019\" \/><strong data-start=\"3022\" data-end=\"3040\">Adaptabilitate<\/strong>: Aceste albine sunt foarte adaptabile la diverse condi\u021bii climatice \u0219i mediu, ceea ce le face potrivite pentru apicultorii din \u00eentreaga lume.<\/p>\n<p data-start=\"3186\" data-end=\"3304\" data-is-last-node=\"\" data-is-only-node=\"\">Albinele Ligustica sunt alegerea perfect\u0103 pentru apicultorii care doresc o albin\u0103 productiv\u0103 \u0219i u\u0219or de gestionat!<\/p>\n<p data-start=\"3186\" data-end=\"3304\" data-is-last-node=\"\" data-is-only-node=\"\">\n","protected":false},"excerpt":{"rendered":"<p>\u00cembun\u0103t\u0103\u021be\u0219te-\u021bi apicultura cu <strong data-start=\"31\" data-end=\"64\">Matci Italiene Suprainvernat\u0103<\/strong>. Livrate \u00een luna aprilie, aceste regine sunt dovedite ca fiind depun\u0103toare de ou\u0103 excelente, asigur\u00e2nd o cre\u0219tere puternic\u0103 a coloniilor \u00eenc\u0103 de la \u00eenceputul sezonului. Selectate pentru comportamentul lor igienic, ratele ridicate de produc\u021bie, temperamentul calm \u0219i capacit\u0103\u021bile robuste de supravie\u021buire iernii. Perfecte pentru a \u00eencepe sezonul apicol cu un avantaj.<\/p>\n<p>&nbsp;<\/p>\n","protected":false},"featured_media":782,"comment_status":"open","ping_status":"closed","template":"","meta":[],"product_brand":[],"product_cat":[61],"product_tag":[],"class_list":{"0":"post-1068","1":"product","2":"type-product","3":"status-publish","4":"has-post-thumbnail","6":"product_cat-regine","8":"first","9":"instock","10":"taxable","11":"shipping-taxable","12":"purchasable","13":"product-type-simple"},"_links":{"self":[{"href":"https:\/\/tullhoneycompany.com\/ro\/wp-json\/wp\/v2\/product\/1068","targetHints":{"allow":["GET"]}}],"collection":[{"href":"https:\/\/tullhoneycompany.com\/ro\/wp-json\/wp\/v2\/product"}],"about":[{"href":"https:\/\/tullhoneycompany.com\/ro\/wp-json\/wp\/v2\/types\/product"}],"replies":[{"embeddable":true,"href":"https:\/\/tullhoneycompany.com\/ro\/wp-json\/wp\/v2\/comments?post=1068"}],"wp:featuredmedia":[{"embeddable":true,"href":"https:\/\/tullhoneycompany.com\/ro\/wp-json\/wp\/v2\/media\/782"}],"wp:attachment":[{"href":"https:\/\/tullhoneycompany.com\/ro\/wp-json\/wp\/v2\/media?parent=1068"}],"wp:term":[{"taxonomy":"product_brand","embeddable":true,"href":"https:\/\/tullhoneycompany.com\/ro\/wp-json\/wp\/v2\/product_brand?post=1068"},{"taxonomy":"product_cat","embeddable":true,"href":"https:\/\/tullhoneycompany.com\/ro\/wp-json\/wp\/v2\/product_cat?post=1068"},{"taxonomy":"product_tag","embeddable":true,"href":"https:\/\/tullhoneycompany.com\/ro\/wp-json\/wp\/v2\/product_tag?post=1068"}],"curies":[{"name":"wp","href":"https:\/\/api.w.org\/{rel}","templated":true}]}}