{"id":1060,"date":"2024-07-28T14:15:04","date_gmt":"2024-07-28T14:15:04","guid":{"rendered":"https:\/\/tullhoneycompany.com\/product\/insula-mated-regina-italiana\/"},"modified":"2025-03-16T13:22:30","modified_gmt":"2025-03-16T13:22:30","slug":"matci-italiene-imperecheata-pe-insula","status":"publish","type":"product","link":"https:\/\/tullhoneycompany.com\/ro\/product\/matci-italiene-imperecheata-pe-insula\/","title":{"rendered":"Matci Italiene \u00eemperecheat\u0103 pe insul\u0103"},"content":{"rendered":"<p data-start=\"0\" data-end=\"421\">Descriere: V\u0103 prezent\u0103m <strong data-start=\"24\" data-end=\"65\">Matci Italiene \u00eemperecheat\u0103 pe insul\u0103<\/strong>, alegerea premium pentru apicultorii care caut\u0103 regine de calitate superioar\u0103. Aceste regine italiene sunt atent \u00eemperecheate pe insul\u0103 pentru a asigura puritatea genetic\u0103 \u0219i tr\u0103s\u0103turi superioare. Disponibile pentru livrare la \u00eenceputul lunii iulie, aceste regine ofer\u0103 o depun\u0103toare de ou\u0103 dovedit\u0103, gata s\u0103 \u00eembog\u0103\u021beasc\u0103 materialul dumneavoastr\u0103 genetic.<\/p>\n<h3 data-start=\"423\" data-end=\"474\">Beneficii ale reginelor \u00eemperecheate pe insul\u0103:<\/h3>\n<p data-start=\"475\" data-end=\"941\"><strong data-start=\"477\" data-end=\"505\">Depunere de ou\u0103 dovedit\u0103<\/strong>: Reginele noastre \u00eemperecheate pe insul\u0103 au demonstrat abilit\u0103\u021bi puternice de depunere a ou\u0103lor, asigur\u00e2nd o cre\u0219tere robust\u0103 a coloniilor.<br data-start=\"645\" data-end=\"648\" \/><strong data-start=\"650\" data-end=\"674\">Comportament igienic<\/strong>: Selectate pentru cur\u0103\u021benia lor superioar\u0103, promov\u00e2nd stupi mai s\u0103n\u0103to\u0219i.<br data-start=\"748\" data-end=\"751\" \/><strong data-start=\"753\" data-end=\"775\">Produc\u021bie ridicat\u0103<\/strong>: Optimizate pentru maximum de produc\u021bie de miere \u0219i productivitate a coloniilor.<br data-start=\"856\" data-end=\"859\" \/><strong data-start=\"861\" data-end=\"881\">Temperament calm<\/strong>: U\u0219or de gestionat, f\u0103c\u00e2nd administrarea stupilor simpl\u0103.<\/p>\n<h3 data-start=\"943\" data-end=\"963\">Disponibilitate:<\/h3>\n<p data-start=\"964\" data-end=\"1109\"><strong data-start=\"964\" data-end=\"987\">Perioada de livrare<\/strong>: Disponibile din \u00eenceputul lunii iulie, \u00een func\u021bie de condi\u021biile meteo.<br data-start=\"1059\" data-end=\"1062\" \/><strong data-start=\"1062\" data-end=\"1070\">Pre\u021b<\/strong>: 280 \u20ac + 30 \u20ac pentru livrarea \u00een UE.<\/p>\n<p data-start=\"964\" data-end=\"1109\">Asigura\u021bi-v\u0103 locul rezerv\u00e2nd Matci Italiene din timp. Reginele noastre sunt foarte c\u0103utate datorit\u0103 calit\u0103\u021bilor lor excep\u021bionale \u0219i disponibilit\u0103\u021bii timpurii. Indiferent dac\u0103 v\u0103 extinde\u021bi apiarul, \u00eembun\u0103t\u0103\u021bi\u021bi produc\u021bia de miere sau asigura\u021bi s\u0103n\u0103tatea \u0219i vitalitatea coloniilor, personalul nostru dedicat se va asigura c\u0103 primi\u021bi cele mai bune regine de calitate. Rezerva\u021bi acum Matci Italiene \u0219i ob\u021bine\u021bi un avantaj la \u00eenceputul unui sezon apicol de succes!<\/p>\n","protected":false},"excerpt":{"rendered":"<p>\u00cembun\u0103t\u0103\u021be\u0219te-\u021bi apicultura cu <strong data-start=\"31\" data-end=\"72\">Matci Italiene \u00eemperecheat\u0103 pe insul\u0103<\/strong>. Aceste regine sunt cunoscute pentru abilit\u0103\u021bile lor dovedite de depunere a ou\u0103lor, comportamentul igienic superior, produc\u021bia mare de miere \u0219i temperamentul calm. Perfecte pentru a spori s\u0103n\u0103tatea \u0219i productivitatea coloniilor. Reginele \u00eemperecheate pe insul\u0103 sunt disponibile din \u00eenceputul lunii iulie. Asigur\u0103-\u021bi regina acum pentru un sezon apicol prosper.<\/p>\n","protected":false},"featured_media":791,"comment_status":"open","ping_status":"closed","template":"","meta":[],"product_brand":[],"product_cat":[61],"product_tag":[],"class_list":{"0":"post-1060","1":"product","2":"type-product","3":"status-publish","4":"has-post-thumbnail","6":"product_cat-regine","8":"first","9":"instock","10":"taxable","11":"shipping-taxable","12":"purchasable","13":"product-type-simple"},"_links":{"self":[{"href":"https:\/\/tullhoneycompany.com\/ro\/wp-json\/wp\/v2\/product\/1060","targetHints":{"allow":["GET"]}}],"collection":[{"href":"https:\/\/tullhoneycompany.com\/ro\/wp-json\/wp\/v2\/product"}],"about":[{"href":"https:\/\/tullhoneycompany.com\/ro\/wp-json\/wp\/v2\/types\/product"}],"replies":[{"embeddable":true,"href":"https:\/\/tullhoneycompany.com\/ro\/wp-json\/wp\/v2\/comments?post=1060"}],"wp:featuredmedia":[{"embeddable":true,"href":"https:\/\/tullhoneycompany.com\/ro\/wp-json\/wp\/v2\/media\/791"}],"wp:attachment":[{"href":"https:\/\/tullhoneycompany.com\/ro\/wp-json\/wp\/v2\/media?parent=1060"}],"wp:term":[{"taxonomy":"product_brand","embeddable":true,"href":"https:\/\/tullhoneycompany.com\/ro\/wp-json\/wp\/v2\/product_brand?post=1060"},{"taxonomy":"product_cat","embeddable":true,"href":"https:\/\/tullhoneycompany.com\/ro\/wp-json\/wp\/v2\/product_cat?post=1060"},{"taxonomy":"product_tag","embeddable":true,"href":"https:\/\/tullhoneycompany.com\/ro\/wp-json\/wp\/v2\/product_tag?post=1060"}],"curies":[{"name":"wp","href":"https:\/\/api.w.org\/{rel}","templated":true}]}}