{"id":1041,"date":"2024-07-28T14:39:19","date_gmt":"2024-07-28T14:39:19","guid":{"rendered":"https:\/\/tullhoneycompany.com\/certificat-de-sanatate-urme-nt\/"},"modified":"2024-09-19T18:21:59","modified_gmt":"2024-09-19T18:21:59","slug":"certificat-de-sanatate-urme-nt","status":"publish","type":"page","link":"https:\/\/tullhoneycompany.com\/ro\/certificat-de-sanatate-urme-nt\/","title":{"rendered":"Certificat de s\u0103n\u0103tate &#8211; Urme NT"},"content":{"rendered":"\n<h3 class=\"wp-block-heading\">Certificat de s\u0103n\u0103tate &#8211; Urme NT<\/h3>\n\n<p>La Tull Honey Company, acord\u0103m prioritate s\u0103n\u0103t\u0103\u021bii \u0219i siguran\u021bei albinelor noastre pentru a asigura produse de cea mai \u00eenalt\u0103 calitate pentru clien\u021bii no\u0219tri.\nToate albinele noastre regine, inclusiv reginele italiene \u00eemperecheate pe insul\u0103 \u0219i cele \u00eemperecheate aleatoriu, sunt expediate cu un certificat sanitar veterinar obligatoriu, \u00een conformitate cu reglement\u0103rile UE (2016\/429, 2020\/688, 2021\/403). <\/p>\n\n<h4 class=\"wp-block-heading\">Puncte cheie:<\/h4>\n\n<ul class=\"wp-block-list\">\n<li><strong>\u00cenregistrarea TRACES NT:<\/strong> <strong>To\u021bi cump\u0103r\u0103torii de regine trebuie s\u0103 fie \u00eenregistra\u021bi \u00een platforma de gestionare \u0219i certificate digitale <a href=\"https:\/\/food.ec.europa.eu\/horizontal-topics\/traces_en\" target=\"_blank\" rel=\"noopener\">TRACES NT<\/a><\/strong>.\nAceast\u0103 platform\u0103 asigur\u0103 trasabilitatea \u0219i conformitatea cu normele sanitare \u00een \u00eentreaga UE. <\/li>\n\n\n\n<li><strong>Certificat de s\u0103n\u0103tate veterinar\u0103:<\/strong> Fiecare transport de albine regine este \u00eenso\u021bit de un certificat sanitar veterinar.\nAcest certificat garanteaz\u0103 c\u0103 reginele noastre \u00eendeplinesc toate standardele de s\u0103n\u0103tate \u0219i sunt indemne de boli. <\/li>\n\n\n\n<li><strong>Asigurarea calit\u0103\u021bii:<\/strong> Certificatul de s\u0103n\u0103tate nu numai c\u0103 garanteaz\u0103 conformitatea, dar consolideaz\u0103 \u0219i angajamentul nostru de a oferi clien\u021bilor no\u0219tri cele mai s\u0103n\u0103toase \u0219i mai productive regine.<\/li>\n<\/ul>\n\n<p>Mai multe informa\u021bii despre <a href=\"https:\/\/food.ec.europa.eu\/horizontal-topics\/traces_en\" target=\"_blank\" rel=\"noopener\">TRACES NT<\/a>.<\/p>\n\n<h3 class=\"wp-block-heading\">Ghid pas cu pas de \u00eenregistrare TRACES NT<\/h3>\n\n<p>Urma\u021bi ace\u0219ti pa\u0219i pentru a v\u0103 \u00eenregistra pe platforma TRACES NT:<\/p>\n\n<h4 class=\"wp-block-heading\">Pasul 1: Accesa\u021bi portalul TRACES NT<\/h4>\n\n<ol class=\"wp-block-list\">\n<li>Deschide\u021bi browserul web \u0219i accesa\u021bi portalul TRACES NT la adresa <a href=\"https:\/\/webgate.ec.europa.eu\/tracesnt\/login\" target=\"_blank\" rel=\"noopener\">TRACES NT<\/a>.<\/li>\n<\/ol>\n\n<h4 class=\"wp-block-heading\">Pasul 2: Crearea unui cont de autentificare UE<\/h4>\n\n<ol class=\"wp-block-list\">\n<li>Face\u021bi clic pe link-ul <strong>&#8222;\u00cenregistrare pentru EU Login&#8221;<\/strong> de pe pagina de conectare TRACES NT.<\/li>\n\n\n\n<li>Completa\u021bi c\u00e2mpurile obligatorii:\n<ul class=\"wp-block-list\">\n<li><strong>Adresa de e-mail:<\/strong> Introduce\u021bi adresa dvs. de e-mail valid\u0103.<\/li>\n\n\n\n<li><strong>Numele \u0219i prenumele:<\/strong> Furniza\u021bi informa\u021biile dvs. personale.<\/li>\n\n\n\n<li><strong>Alege\u021bi o parol\u0103:<\/strong> Crea\u021bi o parol\u0103 puternic\u0103 urm\u00e2nd instruc\u021biunile furnizate.<\/li>\n<\/ul>\n<\/li>\n\n\n\n<li>Face\u021bi clic pe butonul <strong>&#8222;Crea\u021bi un cont&#8221;<\/strong>.<\/li>\n\n\n\n<li>Verifica\u021bi e-mailul pentru un mesaj de confirmare de la EU Login \u0219i face\u021bi clic pe link-ul de verificare pentru a v\u0103 activa contul.<\/li>\n<\/ol>\n\n<h4 class=\"wp-block-heading\">Pasul 3: Conecta\u021bi-v\u0103 la TRACES NT<\/h4>\n\n<ol class=\"wp-block-list\">\n<li>Reveni\u021bi la pagina de conectare TRACES NT.<\/li>\n\n\n\n<li>Introduce\u021bi adresa dvs. de e-mail \u0219i parola \u00een sec\u021biunea <strong>EU Login<\/strong>.<\/li>\n\n\n\n<li>Face\u021bi clic pe butonul <strong>&#8222;Autentificare&#8221;<\/strong>.<\/li>\n<\/ol>\n\n<h4 class=\"wp-block-heading\">Pasul 4: Completa\u021bi profilul TRACES NT<\/h4>\n\n<ol class=\"wp-block-list\">\n<li>Dup\u0103 logare, ve\u021bi fi redirec\u021bionat c\u0103tre tabloul de bord TRACES NT.<\/li>\n\n\n\n<li>Face\u021bi clic pe numele dvs. \u00een col\u021bul din dreapta sus \u0219i selecta\u021bi <strong>&#8222;Contul meu&#8221;<\/strong> din meniul derulant.<\/li>\n\n\n\n<li>Completa\u021bi informa\u021biile solicitate:\n<ul class=\"wp-block-list\">\n<li><strong>Informa\u021bii personale:<\/strong> Verifica\u021bi \u0219i actualiza\u021bi datele dvs. personale, dac\u0103 este necesar.<\/li>\n\n\n\n<li><strong>Detalii privind organiza\u021bia:<\/strong> Introduce\u021bi detaliile organiza\u021biei dvs. (dac\u0103 este cazul).<\/li>\n<\/ul>\n<\/li>\n\n\n\n<li>Salva\u021bi informa\u021biile despre profilul dvs.<\/li>\n<\/ol>\n\n<h4 class=\"wp-block-heading\">Pasul 5: \u00cenregistrarea ca operator<\/h4>\n\n<ol class=\"wp-block-list\">\n<li>\u00cen tabloul de bord TRACES NT, face\u021bi clic pe butonul <strong>&#8222;\u00cenregistrare ca operator&#8221;<\/strong>.<\/li>\n\n\n\n<li>Selecta\u021bi tipul de operator relevant pentru activitatea dumneavoastr\u0103.\n<ul class=\"wp-block-list\">\n<li><strong>Sec\u021biunea:<\/strong> Alege\u021bi <strong>&#8222;Stabilirea albinelor&#8221;.<\/strong><\/li>\n\n\n\n<li><strong>Activitate:<\/strong> Alege\u021bi <strong>&#8222;Stabilirea animalelor terestre&#8221;.<\/strong><\/li>\n\n\n\n<li><strong>Identificator:<\/strong> Introduce\u021bi num\u0103rul legal al stupinei dumneavoastr\u0103 principale (de obicei acordat de o autoritate na\u021bional\u0103) sau un alt identificator relevant.<\/li>\n<\/ul>\n<\/li>\n\n\n\n<li>Completa\u021bi formularul de \u00eenregistrare cu detalii exacte despre activitatea dumneavoastr\u0103.<\/li>\n\n\n\n<li>Face\u021bi clic pe butonul <strong>&#8222;Trimite&#8221;<\/strong>.<\/li>\n<\/ol>\n\n<h4 class=\"wp-block-heading\">Etapa 6: Aprobare \u0219i verificare<\/h4>\n\n<ol class=\"wp-block-list\">\n<li>\u00cenregistrarea dvs. va fi revizuit\u0103 de autorit\u0103\u021bile competente.<\/li>\n\n\n\n<li>Este posibil s\u0103 primi\u021bi o solicitare de informa\u021bii sau documente suplimentare.<\/li>\n\n\n\n<li>Dup\u0103 aprobare, ve\u021bi primi un e-mail de confirmare.<\/li>\n<\/ol>\n\n<h4 class=\"wp-block-heading\">Pasul 7: Accesa\u021bi serviciile TRACES NT<\/h4>\n\n<ol class=\"wp-block-list\">\n<li>Dup\u0103 aprobare, conecta\u021bi-v\u0103 la <a href=\"https:\/\/webgate.ec.europa.eu\/tracesnt\/login\" target=\"_blank\" rel=\"noopener\">TRACES NT<\/a>.<\/li>\n\n\n\n<li>Acum pute\u021bi accesa \u00eentreaga gam\u0103 de servicii oferite de TRACES NT, inclusiv gestionarea certificatelor, urm\u0103rirea \u0219i raportarea.<\/li>\n<\/ol>\n\n<p>Urm\u00e2nd ace\u0219ti pa\u0219i, v\u0103 ve\u021bi \u00eenregistra cu succes pe platforma TRACES NT, permi\u021b\u00e2ndu-v\u0103 s\u0103 v\u0103 gestiona\u021bi \u0219i s\u0103 v\u0103 urm\u0103ri\u021bi tranzac\u021biile \u00een conformitate cu reglement\u0103rile UE.<\/p>\n","protected":false},"excerpt":{"rendered":"<p>Certificat de s\u0103n\u0103tate &#8211; Urme NT La Tull Honey Company, acord\u0103m prioritate s\u0103n\u0103t\u0103\u021bii \u0219i siguran\u021bei albinelor noastre pentru a asigura produse de cea mai \u00eenalt\u0103 calitate pentru clien\u021bii no\u0219tri. Toate albinele noastre regine, inclusiv reginele italiene \u00eemperecheate pe insul\u0103 \u0219i cele \u00eemperecheate aleatoriu, sunt expediate cu un certificat sanitar veterinar obligatoriu, \u00een conformitate cu reglement\u0103rile [&hellip;]<\/p>\n","protected":false},"author":1,"featured_media":0,"parent":0,"menu_order":0,"comment_status":"closed","ping_status":"closed","template":"","meta":{"footnotes":""},"class_list":["post-1041","page","type-page","status-publish","hentry"],"_links":{"self":[{"href":"https:\/\/tullhoneycompany.com\/ro\/wp-json\/wp\/v2\/pages\/1041","targetHints":{"allow":["GET"]}}],"collection":[{"href":"https:\/\/tullhoneycompany.com\/ro\/wp-json\/wp\/v2\/pages"}],"about":[{"href":"https:\/\/tullhoneycompany.com\/ro\/wp-json\/wp\/v2\/types\/page"}],"author":[{"embeddable":true,"href":"https:\/\/tullhoneycompany.com\/ro\/wp-json\/wp\/v2\/users\/1"}],"replies":[{"embeddable":true,"href":"https:\/\/tullhoneycompany.com\/ro\/wp-json\/wp\/v2\/comments?post=1041"}],"version-history":[{"count":1,"href":"https:\/\/tullhoneycompany.com\/ro\/wp-json\/wp\/v2\/pages\/1041\/revisions"}],"predecessor-version":[{"id":1044,"href":"https:\/\/tullhoneycompany.com\/ro\/wp-json\/wp\/v2\/pages\/1041\/revisions\/1044"}],"wp:attachment":[{"href":"https:\/\/tullhoneycompany.com\/ro\/wp-json\/wp\/v2\/media?parent=1041"}],"curies":[{"name":"wp","href":"https:\/\/api.w.org\/{rel}","templated":true}]}}