{"id":1035,"date":"2024-08-11T08:36:07","date_gmt":"2024-08-11T08:36:07","guid":{"rendered":"https:\/\/tullhoneycompany.com\/calculator-sirop-de-zahar\/"},"modified":"2025-03-09T06:42:35","modified_gmt":"2025-03-09T06:42:35","slug":"calculator-sirop-de-zahar","status":"publish","type":"page","link":"https:\/\/tullhoneycompany.com\/ro\/calculator-sirop-de-zahar\/","title":{"rendered":"CALCULATOR SIROP DE ZAH\u0102R"},"content":{"rendered":"\n<figure class=\"wp-block-image aligncenter size-full is-resized is-style-rounded\"><img loading=\"lazy\" decoding=\"async\" width=\"1024\" height=\"1024\" src=\"https:\/\/tullhoneycompany.com\/wp-content\/uploads\/2024\/08\/DALL\u00b7E-2024-08-11-15.31.11-A-vintage-black-and-white-image-featuring-an-old-fashioned-calculator-with-large-mechanical-buttons-placed-on-a-rustic-wooden-surface.-Next-to-the-ca.webp\" alt=\"Calculator pentru sirop de zah\u0103r, sirop de timol pentru apicultur\u0103, calculator pentru sirop timolizat\" class=\"wp-image-302\" style=\"width:279px;height:auto\" srcset=\"https:\/\/tullhoneycompany.com\/wp-content\/uploads\/2024\/08\/DALL\u00b7E-2024-08-11-15.31.11-A-vintage-black-and-white-image-featuring-an-old-fashioned-calculator-with-large-mechanical-buttons-placed-on-a-rustic-wooden-surface.-Next-to-the-ca.webp 1024w, https:\/\/tullhoneycompany.com\/wp-content\/uploads\/2024\/08\/DALL\u00b7E-2024-08-11-15.31.11-A-vintage-black-and-white-image-featuring-an-old-fashioned-calculator-with-large-mechanical-buttons-placed-on-a-rustic-wooden-surface.-Next-to-the-ca-300x300.webp 300w, https:\/\/tullhoneycompany.com\/wp-content\/uploads\/2024\/08\/DALL\u00b7E-2024-08-11-15.31.11-A-vintage-black-and-white-image-featuring-an-old-fashioned-calculator-with-large-mechanical-buttons-placed-on-a-rustic-wooden-surface.-Next-to-the-ca-150x150.webp 150w, https:\/\/tullhoneycompany.com\/wp-content\/uploads\/2024\/08\/DALL\u00b7E-2024-08-11-15.31.11-A-vintage-black-and-white-image-featuring-an-old-fashioned-calculator-with-large-mechanical-buttons-placed-on-a-rustic-wooden-surface.-Next-to-the-ca-768x768.webp 768w, https:\/\/tullhoneycompany.com\/wp-content\/uploads\/2024\/08\/DALL\u00b7E-2024-08-11-15.31.11-A-vintage-black-and-white-image-featuring-an-old-fashioned-calculator-with-large-mechanical-buttons-placed-on-a-rustic-wooden-surface.-Next-to-the-ca-600x600.webp 600w, https:\/\/tullhoneycompany.com\/wp-content\/uploads\/2024\/08\/DALL\u00b7E-2024-08-11-15.31.11-A-vintage-black-and-white-image-featuring-an-old-fashioned-calculator-with-large-mechanical-buttons-placed-on-a-rustic-wooden-surface.-Next-to-the-ca-100x100.webp 100w\" sizes=\"auto, (max-width: 1024px) 100vw, 1024px\" \/><\/figure>\n\n\n\n<h2 class=\"wp-block-heading has-text-align-center\">  CALCULATOR SIROP DE ZAH\u0102R<\/h2>\n\n\n\n<div class=\"wp-block-group alignfull has-background-background-color has-background has-global-padding is-content-justification-center is-layout-constrained wp-container-core-group-is-layout-0412f85b wp-block-group-is-layout-constrained\" style=\"margin-top:0;margin-bottom:0;padding-top:var(--wp--preset--spacing--60);padding-right:var(--wp--preset--spacing--30);padding-bottom:var(--wp--preset--spacing--60);padding-left:var(--wp--preset--spacing--30)\">\n<div style=\"text-align: center;\">\n    \n\n        <div style=\"margin-bottom: 15px;\">\n            <label for=\"syrupVolumeLabel\" style=\"font-size: 1.8em; display: block;\">Litri de sirop:<\/label>\n            <input type=\"number\" id=\"syrupVolume\" value=\"100\" step=\"0.01\" oninput=\"updateSugarAndWaterFromSyrup()\" style=\"font-size: 2.5em; width: 270px; border: none; border-bottom: 2px solid black; text-align: center;\">\n        <\/div>\n\n        <div style=\"margin-bottom: 15px;\">\n            <label for=\"sugarPercentage\" style=\"font-size: 1.8em; display: block;\">Procentul de zah\u0103r \u00een sirop (%):<\/label>\n            <input type=\"number\" id=\"sugarPercentage\" value=\"66.66\" step=\"0.01\" min=\"1\" max=\"72\" oninput=\"updateSugarAndWaterFromPercentage()\" style=\"font-size: 2.5em; width: 270px; border: none; border-bottom: 2px solid black; text-align: center; color: red;\">\n        <\/div>\n\n        <div style=\"margin-bottom: 15px;\">\n            <label for=\"sugarNeededLabel\" style=\"font-size: 1.8em; display: block;\">Kilograme de zah\u0103r:<\/label>\n            <input type=\"number\" id=\"sugarNeeded\" step=\"0.01\" oninput=\"updateWaterFromSugar()\" style=\"font-size: 2.5em; width: 270px; border: none; border-bottom: 2px solid black; text-align: center;\">\n        <\/div>\n\n        <div style=\"margin-bottom: 15px;\">\n            <label for=\"waterNeededLabel\" style=\"font-size: 1.8em; display: block;\">Litri de ap\u0103:<\/label>\n            <input type=\"number\" id=\"waterNeeded\" step=\"0.01\" oninput=\"updateSugarFromWater()\" style=\"font-size: 2.5em; width: 270px; border: none; border-bottom: 2px solid black; text-align: center;\">\n        <\/div>\n\n        <div style=\"margin-bottom: 15px;\">\n            <label for=\"unitSystem\" style=\"font-size: 1.8em; display: block;\">Selecta\u021bi sistemul de unit\u0103\u021bi:<\/label>\n            <select id=\"unitSystem\" onchange=\"updateLabels(); calculateSyrup()\" style=\"font-size: 1.5em;\">\n                <option value=\"imperial\">Imperial (Gallons and Pounds)<\/option>\n                <option value=\"metric\" selected>Metric (litri \u0219i kilograme)<\/option>\n            <\/select>\n        <\/div>\n\n        <h2 style=\"font-size: 2em; margin-top: 25px;\">Ad\u0103ugarea timolului<\/h2>\n\n        <div style=\"margin-bottom: 15px;\">\n            <label for=\"requiredMix\" style=\"font-size: 1.8em; display: block;\">Amestec de timol \u0219i alcool izopropilic:<\/label>\n            <span id=\"requiredMix\" style=\"font-size: 1.8em; display: block;\">0<\/span>\n        <\/div>\n\n        <div style=\"margin-bottom: 15px;\">\n            <label for=\"thymol\" style=\"font-size: 1.8em; display: block;\">Timol:<\/label>\n            <span id=\"thymol\" style=\"font-size: 1.8em; display: block;\">0<\/span>\n        <\/div>\n\n        <div style=\"margin-bottom: 15px;\">\n            <label for=\"isopropylAlcohol\" style=\"font-size: 1.8em; display: block;\">Alcool izopropilic 91%:<\/label>\n            <span id=\"isopropylAlcohol\" style=\"font-size: 1.8em; display: block;\">0<\/span>\n        <\/div>\n    <\/div>\n\n    <script>\n        const densityLookup = {\n            72: 1.3633, 71: 1.3570, 70: 1.3507, 69: 1.3445, 68: 1.3383,\n            67: 1.3321, 66: 1.3260, 65: 1.3190, 64: 1.3139, 63: 1.3079,\n            62: 1.3019, 61: 1.2959, 60: 1.2900, 59: 1.2841, 58: 1.2783,\n            57: 1.2725, 56: 1.2667, 55: 1.2610, 54: 1.2553, 53: 1.2497,\n            52: 1.2441, 51: 1.2385, 50: 1.2339, 49: 1.2274, 48: 1.2229,\n            47: 1.2165, 46: 1.2111, 45: 1.2057, 44: 1.2004, 43: 1.1951,\n            42: 1.1898, 41: 1.1846, 40: 1.1794, 39: 1.1743, 38: 1.1692,\n            37: 1.1641, 36: 1.1590, 35: 1.1540, 34: 1.1490, 33: 1.1440,\n            32: 1.1391, 31: 1.1343, 30: 1.1295, 29: 1.1247, 28: 1.1200,\n            27: 1.1153, 26: 1.1106, 25: 1.1059, 24: 1.1013, 23: 1.0967,\n            22: 1.0922, 21: 1.0877, 20: 1.0832, 19: 1.0788, 18: 1.0744,\n            17: 1.0700, 16: 1.0657, 15: 1.0614, 14: 1.0572, 13: 1.0530,\n            12: 1.0488, 11: 1.0446, 10: 1.0404, 9: 1.0363, 8: 1.0322,\n            7: 1.0281, 6: 1.0240, 5: 1.0200, 4: 1.0160, 3: 1.0120,\n            2: 1.0080, 1: 1.0040\n        };\n\n        function getDensity(sugarPercentage) {\n            const roundedPercentage = Math.round(sugarPercentage);\n            return densityLookup[roundedPercentage];\n        }\n\n        function updateLabels() {\n            const unitSystem = document.getElementById('unitSystem').value;\n\n            if (unitSystem === 'imperial') {\n                document.querySelector('label[for=\"syrupVolumeLabel\"]').innerText = 'Gallons of Syrup:';\n                document.querySelector('label[for=\"sugarNeededLabel\"]').innerText = 'Pounds of Sugar:';\n                document.querySelector('label[for=\"waterNeededLabel\"]').innerText = 'Gallons of Water:';\n            } else if (unitSystem === 'metric') {\n                document.querySelector('label[for=\"syrupVolumeLabel\"]').innerText = 'Litri de sirop:';\n                document.querySelector('label[for=\"sugarNeededLabel\"]').innerText = 'Kilograme de zah\u0103r:';\n                document.querySelector('label[for=\"waterNeededLabel\"]').innerText = 'Litri de ap\u0103:';\n            }\n        }\n\n        function calculateSyrup() {\n            const unitSystem = document.getElementById('unitSystem').value;\n            const syrupVolume = parseFloat(document.getElementById('syrupVolume').value);\n            let sugarPercentage = parseFloat(document.getElementById('sugarPercentage').value);\n\n            if (sugarPercentage < 1) sugarPercentage = 1;\n            if (sugarPercentage > 72) sugarPercentage = 72;\n            document.getElementById('sugarPercentage').value = sugarPercentage.toFixed(2);\n\n            const density = getDensity(sugarPercentage);\n\n            if (unitSystem === 'metric') {\n                const sugarNeeded = syrupVolume * (sugarPercentage \/ 100) * density;\n                const waterNeeded = syrupVolume * ((100 - sugarPercentage) \/ 100) * density;\n\n                document.getElementById('sugarNeeded').value = sugarNeeded.toFixed(2);\n                document.getElementById('waterNeeded').value = waterNeeded.toFixed(2);\n\n            } else if (unitSystem === 'imperial') {\n                const syrupVolumeLiters = syrupVolume * 3.78541;\n                const sugarNeededKg = syrupVolumeLiters * (sugarPercentage \/ 100) * density;\n                const waterNeededLiters = syrupVolumeLiters * ((100 - sugarPercentage) \/ 100) * density;\n\n                const syrupVolumeGallons = syrupVolumeLiters \/ 3.78541;\n                const sugarNeededLbs = sugarNeededKg * 2.20462;\n                const waterNeededGallons = waterNeededLiters \/ 3.78541;\n\n                document.getElementById('syrupVolume').value = syrupVolumeGallons.toFixed(2);\n                document.getElementById('sugarNeeded').value = sugarNeededLbs.toFixed(2);\n                document.getElementById('waterNeeded').value = waterNeededGallons.toFixed(2);\n            }\n\n            calculateThymol();\n        }\n\n        function updateSyrupFromSugarAndWater() {\n            const sugarNeeded = parseFloat(document.getElementById('sugarNeeded').value);\n            const waterNeeded = parseFloat(document.getElementById('waterNeeded').value);\n            const sugarPercentage = parseFloat(document.getElementById('sugarPercentage').value);\n\n            if (isNaN(sugarNeeded) || isNaN(waterNeeded) || sugarNeeded < 0 || waterNeeded < 0) {\n                return;\n            }\n\n            const syrupVolume = (sugarNeeded * 100) \/ (sugarPercentage * getDensity(sugarPercentage));\n            document.getElementById('syrupVolume').value = syrupVolume.toFixed(2);\n\n            calculateThymol();\n        }\n\n        function updateSugarAndWaterFromSyrup() {\n            const syrupVolume = parseFloat(document.getElementById('syrupVolume').value);\n            const sugarPercentage = parseFloat(document.getElementById('sugarPercentage').value);\n            const density = getDensity(sugarPercentage);\n\n            if (isNaN(syrupVolume) || syrupVolume <= 0) {\n                return;\n            }\n\n            const sugarNeeded = syrupVolume * (sugarPercentage \/ 100) * density;\n            const waterNeeded = syrupVolume * ((100 - sugarPercentage) \/ 100) * density;\n\n            document.getElementById('sugarNeeded').value = sugarNeeded.toFixed(2);\n            document.getElementById('waterNeeded').value = waterNeeded.toFixed(2);\n\n            calculateThymol();\n        }\n\n        function updateSugarAndWaterFromPercentage() {\n            updateSugarAndWaterFromSyrup();\n        }\n\n        function updateWaterFromSugar() {\n            const sugarNeeded = parseFloat(document.getElementById('sugarNeeded').value);\n            const sugarPercentage = parseFloat(document.getElementById('sugarPercentage').value);\n            const density = getDensity(sugarPercentage);\n\n            if (isNaN(sugarNeeded) || sugarNeeded < 0) {\n                return;\n            }\n\n            const syrupVolume = (sugarNeeded * 100) \/ (sugarPercentage * density);\n            const waterNeeded = syrupVolume * ((100 - sugarPercentage) \/ 100) * density;\n\n            document.getElementById('syrupVolume').value = syrupVolume.toFixed(2);\n            document.getElementById('waterNeeded').value = waterNeeded.toFixed(2);\n\n            calculateThymol();\n        }\n\n        function updateSugarFromWater() {\n            const waterNeeded = parseFloat(document.getElementById('waterNeeded').value);\n            const sugarPercentage = parseFloat(document.getElementById('sugarPercentage').value);\n            const density = getDensity(sugarPercentage);\n\n            if (isNaN(waterNeeded) || waterNeeded < 0) {\n                return;\n            }\n\n            const syrupVolume = waterNeeded \/ ((100 - sugarPercentage) \/ 100 * density);\n            const sugarNeeded = syrupVolume * (sugarPercentage \/ 100) * density;\n\n            document.getElementById('syrupVolume').value = syrupVolume.toFixed(2);\n            document.getElementById('sugarNeeded').value = sugarNeeded.toFixed(2);\n            document.getElementById('waterNeeded').value = waterNeeded.toFixed(2);\n\n            calculateThymol();\n        }\n\n        function calculateThymol() {\n            const unitSystem = document.getElementById('unitSystem').value;\n            const syrupVolume = parseFloat(document.getElementById('syrupVolume').value);\n\n            let requiredMix, thymol, isopropylAlcohol;\n\n            if (unitSystem === 'metric') {\n                requiredMix = syrupVolume * (2 \/ 3.78541);\n                thymol = (requiredMix \/ 100) * 12.5;\n                isopropylAlcohol = (requiredMix \/ 100) * 88;\n\n                document.getElementById('requiredMix').innerText = requiredMix.toFixed(2) + \" ml\";\n                document.getElementById('thymol').innerText = thymol.toFixed(2) + \" g\";\n                document.getElementById('isopropylAlcohol').innerText = isopropylAlcohol.toFixed(2) + \" ml\";\n            } else if (unitSystem === 'imperial') {\n                requiredMix = 0.0676280454 * syrupVolume;\n                thymol = 0.00881849048 * syrupVolume;\n                isopropylAlcohol = 0.88 * requiredMix;\n\n                document.getElementById('requiredMix').innerText = requiredMix.toFixed(2) + \" fl oz\";\n                document.getElementById('thymol').innerText = thymol.toFixed(2) + \" oz\";\n                document.getElementById('isopropylAlcohol').innerText = isopropylAlcohol.toFixed(2) + \" fl oz\";\n            }\n\n          \n        }\n\n        updateLabels();\n        calculateSyrup();\n    <\/script>\n\n\n\n<p class=\"has-large-font-size\"><strong>Modul de utilizare a calculatorului de sirop de zah\u0103r<\/strong><\/p>\n\n\n\n<p>Acest <strong>calculator pentru sirop de zah\u0103r<\/strong> este un instrument esen\u021bial pentru apicultorii care doresc s\u0103 creeze re\u021beta perfect\u0103 de sirop de zah\u0103r pentru albinele lor.\nFie c\u0103 prepara\u021bi sirop de zah\u0103r 1:1 pentru hr\u0103nirea de prim\u0103var\u0103 sau sirop de zah\u0103r 2:1 pentru hr\u0103nirea de toamn\u0103, acest calculator v\u0103 ajut\u0103 s\u0103 ob\u021bine\u021bi u\u0219or raporturile corecte.\n\u00cen\u021belegerea raporturilor corecte parte la parte, cum ar fi 1 la 1, 2 la 1 sau chiar sirop de zah\u0103r 1:2, este esen\u021bial\u0103 pentru a oferi albinelor dumneavoastr\u0103 nutri\u021bia de care au nevoie pe tot parcursul anului.  <\/p>\n\n\n\n<p class=\"has-large-font-size\"><strong>Pa\u0219i pentru utilizarea calculatorului:<\/strong><\/p>\n\n\n\n<ol class=\"wp-block-list\">\n<li><strong>Selecta\u021bi sistemul de unit\u0103\u021bi:<\/strong> Alege\u021bi \u00eentre sistemul metric (litri \u0219i kilograme) sau imperial (galoane \u0219i lire sterline), \u00een func\u021bie de preferin\u021bele dvs.<\/li>\n\n\n\n<li><strong>Introduce\u021bi volumul de sirop:<\/strong> Introduce\u021bi cantitatea dorit\u0103 de sirop de zah\u0103r pe care dori\u021bi s\u0103 o prepara\u021bi, indiferent dac\u0103 face\u021bi un lot mic pentru c\u00e2\u021biva stupi sau un lot mare pentru \u00eentregul dumneavoastr\u0103 apiar.<\/li>\n\n\n\n<li><strong>Seta\u021bi procentajul de zah\u0103r:<\/strong> Regla\u021bi concentra\u021bia de zah\u0103r pentru a r\u0103spunde nevoilor albinelor dvs.\nValoarea implicit\u0103 este setat\u0103 la 66,66%, care func\u021bioneaz\u0103 bine pentru majoritatea re\u021betelor de sirop de zah\u0103r, dar o pute\u021bi ajusta pentru a crea un raport zah\u0103r-ap\u0103 de 1:1, 2:1 sau alte rapoarte. <\/li>\n\n\n\n<li><strong>Verifica\u021bi valorile pentru zah\u0103r \u0219i ap\u0103:<\/strong> Calculatorul va calcula automat cantit\u0103\u021bile exacte de zah\u0103r \u0219i ap\u0103 necesare pentru a ob\u021bine consisten\u021ba dorit\u0103 a siropului, indiferent dac\u0103 prepara\u021bi sirop de zah\u0103r 1 la 1 sau 2 la 1.<\/li>\n\n\n\n<li><strong>Ad\u0103ugarea de timol:<\/strong> Calculatorul determin\u0103, de asemenea, cantitatea corect\u0103 de timol \u0219i alcool izopropilic 91% care trebuie ad\u0103ugate pentru a preveni dezvoltarea mucegaiului \u00een sirop, cre\u00e2nd un sirop timolizat care este sigur \u0219i s\u0103n\u0103tos pentru albinele dvs.  <strong>Pentru a prepara amestecul, dizolva\u021bi timolul \u00een alcoolul izopropilic amestec\u00e2nd p\u00e2n\u0103 la dizolvarea complet\u0103.\nApoi, ad\u0103uga\u021bi acest amestec la siropul de zah\u0103r \u0219i amesteca\u021bi bine pentru a v\u0103 asigura c\u0103 este distribuit uniform. <\/strong><\/li>\n<\/ol>\n\n\n\n<p class=\"has-large-font-size\"><strong>Beneficii pentru apicultori:<\/strong><\/p>\n\n\n\n<ul class=\"wp-block-list\">\n<li><strong>M\u0103sur\u0103tori precise:<\/strong> V\u0103 asigur\u0103 c\u0103 amesteca\u021bi propor\u021biile corecte de zah\u0103r \u0219i ap\u0103, evit\u00e2nd hr\u0103nirea excesiv\u0103 sau insuficient\u0103 a albinelor dumneavoastr\u0103.\nAcest lucru este deosebit de important atunci c\u00e2nd se creeaz\u0103 re\u021bete specifice de sirop de zah\u0103r, cum ar fi raporturile 1:1 sau 2:1. <\/li>\n\n\n\n<li><strong>Previne mucegaiul:<\/strong> Prin ad\u0103ugarea cantit\u0103\u021bii corecte de timol, calculatorul v\u0103 ajut\u0103 s\u0103 crea\u021bi un sirop timolizat, care este eficient \u00een prevenirea mucegaiului \u00een siropul de zah\u0103r, \u00een special \u00een condi\u021bii de umiditate.\nAcest lucru este vital at\u00e2t pentru hr\u0103nirea de prim\u0103var\u0103, c\u00e2t \u0219i pentru hr\u0103nirea de toamn\u0103. <\/li>\n\n\n\n<li><strong>Economise\u0219te timp:<\/strong> Calcula\u021bi rapid ingredientele necesare pentru loturi mari de sirop, reduc\u00e2nd timpul de preparare \u0219i asigur\u00e2ndu-v\u0103 c\u0103 albinele primesc nutri\u021bia de care au nevoie, indiferent de sezon.<\/li>\n\n\n\n<li><strong>Sus\u021bine s\u0103n\u0103tatea albinelor:<\/strong> S-a demonstrat c\u0103 timolul are efecte benefice asupra coloniilor de albine, \u00een special \u00een prevenirea problemelor precum Nosema, o boal\u0103 comun\u0103 a albinelor.\nSiropul de zah\u0103r amestecat corect, fie c\u0103 este 1:1, 2:1 sau orice alt raport, ajut\u0103 la men\u021binerea s\u0103n\u0103t\u0103\u021bii \u0219i productivit\u0103\u021bii stupilor dumneavoastr\u0103. <\/li>\n<\/ul>\n\n\n\n<hr class=\"wp-block-separator has-alpha-channel-opacity\"\/>\n\n\n\n<div class=\"wp-block-cover alignfull\" style=\"margin-top:0;margin-bottom:80px;padding-top:3%;padding-right:0%;padding-bottom:10%;padding-left:5%;min-height:600px;aspect-ratio:unset;\"><span aria-hidden=\"true\" class=\"wp-block-cover__background has-background-dim\" style=\"background-color:#906e31\"><\/span><img loading=\"lazy\" decoding=\"async\" width=\"1920\" height=\"2560\" class=\"wp-block-cover__image-background wp-image-162\" alt=\"\" src=\"https:\/\/tullhoneycompany.com\/wp-content\/uploads\/2024\/07\/Haudmeraam1-scaled.jpg\" data-object-fit=\"cover\" srcset=\"https:\/\/tullhoneycompany.com\/wp-content\/uploads\/2024\/07\/Haudmeraam1-scaled.jpg 1920w, https:\/\/tullhoneycompany.com\/wp-content\/uploads\/2024\/07\/Haudmeraam1-225x300.jpg 225w, https:\/\/tullhoneycompany.com\/wp-content\/uploads\/2024\/07\/Haudmeraam1-768x1024.jpg 768w, https:\/\/tullhoneycompany.com\/wp-content\/uploads\/2024\/07\/Haudmeraam1-1152x1536.jpg 1152w, https:\/\/tullhoneycompany.com\/wp-content\/uploads\/2024\/07\/Haudmeraam1-1536x2048.jpg 1536w, https:\/\/tullhoneycompany.com\/wp-content\/uploads\/2024\/07\/Haudmeraam1-600x800.jpg 600w\" sizes=\"auto, (max-width: 1920px) 100vw, 1920px\" \/><div class=\"wp-block-cover__inner-container is-layout-flow wp-container-core-cover-is-layout-ee621fdb wp-block-cover-is-layout-flow\">\n<h3 class=\"wp-block-heading\">BUCURA\u021aI-V\u0102 DE APICULTUR\u0102<\/h3>\n\n\n\n<p>Trecerea la albine regine bine crescute poate crea colonii mai calme, mai s\u0103n\u0103toase \u0219i mai productive.<\/p>\n\n\n\n<div class=\"wp-block-buttons is-layout-flex wp-block-buttons-is-layout-flex\" style=\"margin-top:var(--wp--preset--spacing--30);margin-bottom:var(--wp--preset--spacing--30)\">\n<div class=\"wp-block-button\"><a class=\"wp-block-button__link wp-element-button\" href=\"https:\/\/tullhoneycompany.com\/shop\/\">Magazin regine<\/a><\/div>\n<\/div>\n<\/div><\/div>\n<\/div>\n","protected":false},"excerpt":{"rendered":"<p>CALCULATOR SIROP DE ZAH\u0102R Litri de sirop: Procentul de zah\u0103r \u00een sirop (%): Kilograme de zah\u0103r: Litri de ap\u0103: Selecta\u021bi sistemul de unit\u0103\u021bi: Imperial (Gallons and Pounds)Metric (litri \u0219i kilograme) Ad\u0103ugarea timolului Amestec de timol \u0219i alcool izopropilic: 0 Timol: 0 Alcool izopropilic 91%: 0 Modul de utilizare a calculatorului de sirop de zah\u0103r Acest [&hellip;]<\/p>\n","protected":false},"author":1,"featured_media":827,"parent":0,"menu_order":0,"comment_status":"closed","ping_status":"closed","template":"no-title","meta":{"footnotes":""},"class_list":["post-1035","page","type-page","status-publish","has-post-thumbnail","hentry"],"_links":{"self":[{"href":"https:\/\/tullhoneycompany.com\/ro\/wp-json\/wp\/v2\/pages\/1035","targetHints":{"allow":["GET"]}}],"collection":[{"href":"https:\/\/tullhoneycompany.com\/ro\/wp-json\/wp\/v2\/pages"}],"about":[{"href":"https:\/\/tullhoneycompany.com\/ro\/wp-json\/wp\/v2\/types\/page"}],"author":[{"embeddable":true,"href":"https:\/\/tullhoneycompany.com\/ro\/wp-json\/wp\/v2\/users\/1"}],"replies":[{"embeddable":true,"href":"https:\/\/tullhoneycompany.com\/ro\/wp-json\/wp\/v2\/comments?post=1035"}],"version-history":[{"count":2,"href":"https:\/\/tullhoneycompany.com\/ro\/wp-json\/wp\/v2\/pages\/1035\/revisions"}],"predecessor-version":[{"id":1327,"href":"https:\/\/tullhoneycompany.com\/ro\/wp-json\/wp\/v2\/pages\/1035\/revisions\/1327"}],"wp:featuredmedia":[{"embeddable":true,"href":"https:\/\/tullhoneycompany.com\/ro\/wp-json\/wp\/v2\/media\/827"}],"wp:attachment":[{"href":"https:\/\/tullhoneycompany.com\/ro\/wp-json\/wp\/v2\/media?parent=1035"}],"curies":[{"name":"wp","href":"https:\/\/api.w.org\/{rel}","templated":true}]}}