{"id":1016,"date":"2024-07-24T19:18:59","date_gmt":"2024-07-24T19:18:59","guid":{"rendered":"https:\/\/tullhoneycompany.com\/politica-de-rambursare-si-returnare\/"},"modified":"2024-09-19T18:15:43","modified_gmt":"2024-09-19T18:15:43","slug":"politica-de-rambursare-si-returnare","status":"publish","type":"page","link":"https:\/\/tullhoneycompany.com\/ro\/politica-de-rambursare-si-returnare\/","title":{"rendered":"Politica de rambursare \u0219i returnare"},"content":{"rendered":"\n<h1 class=\"wp-block-heading\">Politica de rambursare \u0219i returnare<\/h1>\n\n<h2 class=\"wp-block-heading\">Prezentare general\u0103<\/h2>\n\n<p>Politica noastr\u0103 de rambursare \u0219i returnare dureaz\u0103 24 de ore de la sosirea reginelor.\nDac\u0103 au trecut 24 de ore de la primirea reginelor, nu v\u0103 putem oferi o rambursare complet\u0103 sau un schimb. <\/p>\n\n<p>Prin achizi\u021bionarea Nordic Gold Random Mated Queen, sunte\u021bi de acord cu ace\u0219ti termeni \u0219i condi\u021bii.\nPentru orice \u00eentreb\u0103ri sau nel\u0103muriri, v\u0103 rug\u0103m s\u0103 contacta\u021bi echipa noastr\u0103 de servicii pentru clien\u021bi. <\/p>\n\n<p><\/p><h2>Refunds<\/h2>\n\n<p>Cererile de rambursare aprobate vor fi procesate \u00een termen de 7 zile lucr\u0103toare.\nRamburs\u0103rile vor fi efectuate prin metoda de plat\u0103 ini\u021bial\u0103. <\/p>\n\n<p>Numai articolele la pre\u021b normal pot fi rambursate.\nArticolele de v\u00e2nzare nu pot fi rambursate. <\/p>\n\n<p><\/p><h2>Replacements:<\/h2>\n\n<p>Dac\u0103 o regin\u0103 ajunge moart\u0103 sau \u00eentr-o stare de s\u0103n\u0103tate precar\u0103, va fi trimis\u0103 o regin\u0103 \u00eenlocuitoare f\u0103r\u0103 costuri suplimentare.\nAcest lucru depinde de disponibilitate \u0219i poate dura p\u00e2n\u0103 la 4 s\u0103pt\u0103m\u00e2ni pentru procesare. <\/p>\n\n<p><\/p>\n\n<p><\/p><h2>Shipping Costs:<\/h2>\n\n<p>Costurile de transport nu sunt rambursabile, cu excep\u021bia cazului \u00een care returnarea se datoreaz\u0103 unei erori din partea noastr\u0103, cum ar fi trimiterea unui produs gre\u0219it.<\/p>\n\n<p><\/p>\n\n<p><\/p><h2>Return Process:<\/h2>\n\n<p>Contacta\u021bi serviciul clien\u021bi \u00een termen de 24 de ore de la primirea reginei pentru a ini\u021bia o returnare.\nInclude\u021bi num\u0103rul comenzii, o descriere a problemei \u0219i o fotografie a reginei. <\/p>\n\n<p>Serviciul Clien\u021bi va oferi instruc\u021biuni cu privire la modul de returnare a reginei, dac\u0103 este necesar.<\/p>\n\n<p><\/p><h2>Exclusions:<\/h2>\n\n<p>Nu accept\u0103m return\u0103ri sau ramburs\u0103ri pentru reginele care au fost introduse \u00eentr-o colonie \u0219i apoi eliminate.<\/p>\n\n<p>Nu se vor acorda ramburs\u0103ri sau \u00eenlocuiri pentru reginele care mor din cauza manipul\u0103rii necorespunz\u0103toare sau a introducerii necorespunz\u0103toare \u00eentr-un stup.<\/p>\n\n<p><\/p><h2>Need help?<\/h2>\n\n<p>Contacta\u021bi-ne la info@tullhoneycompany.com pentru \u00eentreb\u0103ri legate de ramburs\u0103ri \u0219i retururi.<\/p>\n","protected":false},"excerpt":{"rendered":"<p>Politica de rambursare \u0219i returnare Prezentare general\u0103 Politica noastr\u0103 de rambursare \u0219i returnare dureaz\u0103 24 de ore de la sosirea reginelor. Dac\u0103 au trecut 24 de ore de la primirea reginelor, nu v\u0103 putem oferi o rambursare complet\u0103 sau un schimb. Prin achizi\u021bionarea Nordic Gold Random Mated Queen, sunte\u021bi de acord cu ace\u0219ti termeni \u0219i [&hellip;]<\/p>\n","protected":false},"author":1,"featured_media":0,"parent":0,"menu_order":0,"comment_status":"closed","ping_status":"closed","template":"","meta":{"footnotes":""},"class_list":["post-1016","page","type-page","status-publish","hentry"],"_links":{"self":[{"href":"https:\/\/tullhoneycompany.com\/ro\/wp-json\/wp\/v2\/pages\/1016","targetHints":{"allow":["GET"]}}],"collection":[{"href":"https:\/\/tullhoneycompany.com\/ro\/wp-json\/wp\/v2\/pages"}],"about":[{"href":"https:\/\/tullhoneycompany.com\/ro\/wp-json\/wp\/v2\/types\/page"}],"author":[{"embeddable":true,"href":"https:\/\/tullhoneycompany.com\/ro\/wp-json\/wp\/v2\/users\/1"}],"replies":[{"embeddable":true,"href":"https:\/\/tullhoneycompany.com\/ro\/wp-json\/wp\/v2\/comments?post=1016"}],"version-history":[{"count":1,"href":"https:\/\/tullhoneycompany.com\/ro\/wp-json\/wp\/v2\/pages\/1016\/revisions"}],"predecessor-version":[{"id":1017,"href":"https:\/\/tullhoneycompany.com\/ro\/wp-json\/wp\/v2\/pages\/1016\/revisions\/1017"}],"wp:attachment":[{"href":"https:\/\/tullhoneycompany.com\/ro\/wp-json\/wp\/v2\/media?parent=1016"}],"curies":[{"name":"wp","href":"https:\/\/api.w.org\/{rel}","templated":true}]}}