{"id":1014,"date":"2024-07-04T19:33:16","date_gmt":"2024-07-04T19:33:16","guid":{"rendered":"https:\/\/tullhoneycompany.com\/persoana-de-contact\/"},"modified":"2024-09-28T04:30:00","modified_gmt":"2024-09-28T04:30:00","slug":"persoana-de-contact","status":"publish","type":"page","link":"https:\/\/tullhoneycompany.com\/ro\/persoana-de-contact\/","title":{"rendered":"Persoan\u0103 de contact"},"content":{"rendered":"\n<div class=\"wp-block-group alignfull has-background-background-color has-background has-global-padding is-layout-constrained wp-block-group-is-layout-constrained\" style=\"margin-top:0;margin-bottom:0;padding-top:0\">\n<div class=\"wp-block-cover alignfull\" style=\"padding-top:0;padding-right:var(--wp--preset--spacing--30);padding-bottom:0;padding-left:var(--wp--preset--spacing--30);min-height:351px;aspect-ratio:unset;\"><span aria-hidden=\"true\" class=\"wp-block-cover__background has-black-background-color has-background-dim-60 has-background-dim\"><\/span><img loading=\"lazy\" decoding=\"async\" width=\"960\" height=\"540\" class=\"wp-block-cover__image-background wp-image-48\" alt=\"Beehives in island mating station\" src=\"https:\/\/tullhoneycompany.com\/wp-content\/uploads\/2024\/07\/download-1.png\" data-object-fit=\"cover\" srcset=\"https:\/\/tullhoneycompany.com\/wp-content\/uploads\/2024\/07\/download-1.png 960w, https:\/\/tullhoneycompany.com\/wp-content\/uploads\/2024\/07\/download-1-300x169.png 300w, https:\/\/tullhoneycompany.com\/wp-content\/uploads\/2024\/07\/download-1-768x432.png 768w, https:\/\/tullhoneycompany.com\/wp-content\/uploads\/2024\/07\/download-1-600x338.png 600w\" sizes=\"auto, (max-width: 960px) 100vw, 960px\" \/><div class=\"wp-block-cover__inner-container is-layout-flow wp-block-cover-is-layout-flow\">\n<div class=\"wp-block-group has-global-padding is-layout-constrained wp-block-group-is-layout-constrained\" style=\"padding-top:var(--wp--preset--spacing--60);padding-bottom:var(--wp--preset--spacing--60)\">\n<h1 class=\"wp-block-heading alignwide has-text-align-left has-text-color has-x-large-font-size\" style=\"color:#fffffffc\">Tull Honey Company &#8211; Contacta\u021bi-ne<\/h1>\n<\/div>\n<\/div><\/div>\n<\/div>\n\n<div class=\"wp-block-group alignfull has-background-background-color has-background has-global-padding is-layout-constrained wp-container-core-group-is-layout-7276a2bb wp-block-group-is-layout-constrained\" style=\"margin-top:0;margin-bottom:0;padding-top:var(--wp--preset--spacing--60);padding-right:var(--wp--preset--spacing--30);padding-bottom:var(--wp--preset--spacing--60);padding-left:var(--wp--preset--spacing--30)\">\n<div class=\"wp-block-columns alignwide is-layout-flex wp-container-core-columns-is-layout-fa584acd wp-block-columns-is-layout-flex\">\n<div class=\"wp-block-column is-layout-flow wp-block-column-is-layout-flow\" style=\"flex-basis:50%\">\n<div class=\"wp-block-group is-layout-flow wp-block-group-is-layout-flow\">\n<h4 class=\"wp-block-heading has-medium-font-size\">Care sunt orele de deschidere ale magazinului dumneavoastr\u0103?<\/h4>\n\n\n\n<p class=\"has-small-font-size\" style=\"margin-top:12px\">Programul magazinului nostru este de luni p\u00e2n\u0103 vineri de la 9:00 la 17:00.\nS\u00e2mb\u0103t\u0103 \u0219i duminic\u0103 suntem \u00eenchi\u0219i. <\/p>\n<\/div>\n\n\n\n<hr class=\"wp-block-separator has-text-color has-tertiary-color has-alpha-channel-opacity has-tertiary-background-color has-background is-style-wide\"\/>\n\n\n\n<div class=\"wp-block-group is-layout-flow wp-block-group-is-layout-flow\">\n<h4 class=\"wp-block-heading has-medium-font-size\">Oferi\u021bi \u0219i comenzi online?<\/h4>\n\n\n\n<p class=\"has-small-font-size\" style=\"margin-top:12px\">V\u0103 rug\u0103m s\u0103 trimite\u021bi un e-mail la info@tullhoneycompany.com pentru a comanda regine de albine<\/p>\n<\/div>\n\n\n\n<hr class=\"wp-block-separator has-text-color has-tertiary-color has-alpha-channel-opacity has-tertiary-background-color has-background is-style-wide\"\/>\n\n\n\n<div class=\"wp-block-group is-layout-flow wp-block-group-is-layout-flow\">\n<h4 class=\"wp-block-heading has-medium-font-size\">Ce metode de plat\u0103 accept\u0103 magazinul dvs. online?<\/h4>\n\n\n\n<p class=\"has-small-font-size\" style=\"margin-top:12px\">Accept\u0103m diverse metode de plat\u0103, inclusiv Visa, MasterCard, American Express, Discover, PayPal, transferuri bancare \u0219i pl\u0103\u021bi mobile prin Apple Pay \u0219i Google Pay.<\/p>\n<\/div>\n<\/div>\n\n\n\n<div class=\"wp-block-column is-layout-flow wp-block-column-is-layout-flow\" style=\"flex-basis:50%\">\n<h2 class=\"wp-block-heading has-large-font-size\">Contacta\u021bi echipa noastr\u0103 prietenoas\u0103!<\/h2>\n\n\n\n<p><strong>Tull Honey Company<\/strong><\/p>\n\n\n\n<p style=\"margin-top:0\"><strong>Heinalaari, Aiamaa<\/strong> <strong>k\u00fcla<\/strong><\/p>\n\n\n\n<p style=\"margin-top:0\"><strong>N\u00f5o vald, Tartumaa 61708, Estonia<\/strong><\/p>\n\n\n\n<p class=\"has-small-font-size\" style=\"margin-top:8px\">+372 5255 716<\/p>\n\n\n\n<p class=\"has-small-font-size\" style=\"margin-top:8px\">info@tullhoneycompany.com<\/p>\n<\/div>\n<\/div>\n<\/div>\n","protected":false},"excerpt":{"rendered":"<p>Care sunt orele de deschidere ale magazinului dumneavoastr\u0103? Programul magazinului nostru este de luni p\u00e2n\u0103 vineri de la 9:00 la 17:00. S\u00e2mb\u0103t\u0103 \u0219i duminic\u0103 suntem \u00eenchi\u0219i. Oferi\u021bi \u0219i comenzi online? V\u0103 rug\u0103m s\u0103 trimite\u021bi un e-mail la info@tullhoneycompany.com pentru a comanda regine de albine Ce metode de plat\u0103 accept\u0103 magazinul dvs. online? Accept\u0103m diverse metode [&hellip;]<\/p>\n","protected":false},"author":1,"featured_media":0,"parent":0,"menu_order":0,"comment_status":"closed","ping_status":"closed","template":"no-title","meta":{"footnotes":""},"class_list":["post-1014","page","type-page","status-publish","hentry"],"_links":{"self":[{"href":"https:\/\/tullhoneycompany.com\/ro\/wp-json\/wp\/v2\/pages\/1014","targetHints":{"allow":["GET"]}}],"collection":[{"href":"https:\/\/tullhoneycompany.com\/ro\/wp-json\/wp\/v2\/pages"}],"about":[{"href":"https:\/\/tullhoneycompany.com\/ro\/wp-json\/wp\/v2\/types\/page"}],"author":[{"embeddable":true,"href":"https:\/\/tullhoneycompany.com\/ro\/wp-json\/wp\/v2\/users\/1"}],"replies":[{"embeddable":true,"href":"https:\/\/tullhoneycompany.com\/ro\/wp-json\/wp\/v2\/comments?post=1014"}],"version-history":[{"count":3,"href":"https:\/\/tullhoneycompany.com\/ro\/wp-json\/wp\/v2\/pages\/1014\/revisions"}],"predecessor-version":[{"id":1189,"href":"https:\/\/tullhoneycompany.com\/ro\/wp-json\/wp\/v2\/pages\/1014\/revisions\/1189"}],"wp:attachment":[{"href":"https:\/\/tullhoneycompany.com\/ro\/wp-json\/wp\/v2\/media?parent=1014"}],"curies":[{"name":"wp","href":"https:\/\/api.w.org\/{rel}","templated":true}]}}