{"id":1078,"date":"2024-07-24T18:52:26","date_gmt":"2024-07-24T18:52:26","guid":{"rendered":"https:\/\/tullhoneycompany.com\/product\/wloska-krolowa-kojarzenie-losowe\/"},"modified":"2025-03-16T20:18:18","modified_gmt":"2025-03-16T20:18:18","slug":"matka-pszczela-wloska","status":"publish","type":"product","link":"https:\/\/tullhoneycompany.com\/pl\/product\/matka-pszczela-wloska\/","title":{"rendered":"Matka pszczela W\u0142oska"},"content":{"rendered":"<p data-start=\"0\" data-end=\"342\"><strong data-start=\"0\" data-end=\"8\">Opis<\/strong><br data-start=\"8\" data-end=\"11\" \/>Przedstawiamy Matk\u0119 pszczel\u0105 W\u0142osk\u0105 o swobodnym parowaniu \u2013 wysokiej jako\u015bci dodatek do Twojej pasieki, pochodz\u0105cy z najlepszych w\u0142oskich linii, wybranych ze wzgl\u0119du na ich wyj\u0105tkowe zachowanie higieniczne, wysok\u0105 produkcj\u0119, spokojne temperamenty i szybki rozw\u00f3j wiosenny, idealny do wykorzystania wczesnych przep\u0142yw\u00f3w nektaru.<\/p>\n<p data-start=\"344\" data-end=\"715\">Nasze w\u0142oskie matki pszczele s\u0105 hodowane z regin wybranych matek pierwszej klasy na izolowanej wyspie w \u015brodku jeziora Peipsi w Estonii, co zapewnia czysto\u015b\u0107 genetyczn\u0105 i wysok\u0105 jako\u015b\u0107. Te matki to generacja F1, hodowane z mieszanki wybranych w\u0142oskich trutni, aby zwi\u0119kszy\u0107 ich \u017cywotno\u015b\u0107 i odporno\u015b\u0107, co czyni je idealnymi do silnych, produktywnych rodzin pszczelich.<\/p>\n<h3 data-start=\"717\" data-end=\"736\">Kluczowe cechy:<\/h3>\n<p data-start=\"737\" data-end=\"1200\"><strong data-start=\"739\" data-end=\"765\">Higieniczne zachowanie<\/strong>: Wybrane ze wzgl\u0119du na doskona\u0142\u0105 czysto\u015b\u0107, co zapewnia zdrowsze ule i mniej chor\u00f3b.<br data-start=\"849\" data-end=\"852\" \/><strong data-start=\"854\" data-end=\"874\">Wysoka produkcja<\/strong>: Optymalizowane pod k\u0105tem maksymalnego plonu miodu, doskona\u0142e dla pszczelarzy zawodowych i hobbyst\u00f3w.<br data-start=\"976\" data-end=\"979\" \/><strong data-start=\"981\" data-end=\"1006\">Spokojne temperamenty<\/strong>: \u0141atwe do obs\u0142ugi, co u\u0142atwia zarz\u0105dzanie ulami.<br data-start=\"1055\" data-end=\"1058\" \/><strong data-start=\"1060\" data-end=\"1086\">Szybki rozw\u00f3j wiosenny<\/strong>: Szybki wzrost wczesn\u0105 wiosn\u0105, umo\u017cliwiaj\u0105cy wykorzystanie wczesnych przep\u0142yw\u00f3w nektaru i maksymalizacj\u0119 zbior\u00f3w.<\/p>\n<h3 data-start=\"1202\" data-end=\"1236\">Hodowla i zapewnienie jako\u015bci:<\/h3>\n<p data-start=\"1237\" data-end=\"1601\"><strong data-start=\"1240\" data-end=\"1263\">Izolowane parowanie<\/strong>: Hodowane w kontrolowanym \u015brodowisku, aby utrzyma\u0107 integralno\u015b\u0107 genetyczn\u0105.<br data-start=\"1339\" data-end=\"1342\" \/><strong data-start=\"1345\" data-end=\"1375\">Wysokie standardy selekcji<\/strong>: \u015acis\u0142a selekcja matek hodowlanych i trutni, aby zagwarantowa\u0107 potomstwo wysokiej jako\u015bci.<br data-start=\"1466\" data-end=\"1469\" \/><strong data-start=\"1472\" data-end=\"1485\">\u015aledzenie<\/strong>: Wszystkie nasze matki pszczele s\u0105 oznaczone mi\u0119dzynarodowymi kodami kolor\u00f3w, co u\u0142atwia identyfikacj\u0119 i \u015bledzenie.<\/p>\n<h3 data-start=\"1603\" data-end=\"1618\">Dost\u0119pno\u015b\u0107:<\/h3>\n<p data-start=\"1619\" data-end=\"1728\"><strong data-start=\"1622\" data-end=\"1639\">Okres dostawy<\/strong>: Dost\u0119pne od pocz\u0105tku czerwca do 1 wrze\u015bnia.<br data-start=\"1684\" data-end=\"1687\" \/><strong data-start=\"1690\" data-end=\"1698\">Cena<\/strong>: 35 \u20ac + 30 \u20ac za wysy\u0142k\u0119 w UE.<\/p>\n<p data-start=\"1730\" data-end=\"1984\">Zainwestuj w Matki pszczele W\u0142oskie o swobodnym parowaniu, aby mie\u0107 zdrow\u0105 i produktywn\u0105 pasiek\u0119. Z\u0142\u00f3\u017c zam\u00f3wienie teraz, aby zabezpieczy\u0107 swoje matki na nadchodz\u0105cy sezon i skorzystaj z korzy\u015bci p\u0142yn\u0105cych z najlepszej jako\u015bci genetyki w Twoich ulach.<\/p>\n<hr data-start=\"1986\" data-end=\"1989\" \/>\n<h3 data-start=\"1991\" data-end=\"2046\"><strong data-start=\"1995\" data-end=\"2044\">Pszczo\u0142a Ligustica (Apis mellifera ligustica)<\/strong><\/h3>\n<p data-start=\"2047\" data-end=\"2439\">Pszczo\u0142a <strong data-start=\"2056\" data-end=\"2069\">Ligustica<\/strong>, znana r\u00f3wnie\u017c jako<strong data-start=\"2090\" data-end=\"2109\"> w\u0142oska pszczo\u0142a<\/strong>, jest podgatunkiem pszczo\u0142y miodnej (<em data-start=\"2147\" data-end=\"2163\">Apis mellifera<\/em>). S\u0142ynie ze swojego \u0142agodnego charakteru i wysokiej produktywno\u015bci, pszczo\u0142y Ligustica s\u0105 jednymi z najpopularniejszych wybor\u00f3w pszczelarzy na ca\u0142ym \u015bwiecie. Pochodz\u0105 z P\u00f3\u0142wyspu Apeni\u0144skiego, gdzie by\u0142y szeroko hodowane i eksportowane ze wzgl\u0119du na swoje korzystne cechy.<\/p>\n<h3 data-start=\"2441\" data-end=\"2458\">G\u0142\u00f3wne cechy:<\/h3>\n<p data-start=\"2459\" data-end=\"3513\"><strong data-start=\"2462\" data-end=\"2475\">\u0141agodno\u015b\u0107<\/strong>: Pszczo\u0142y Ligustica s\u0105 znane z \u0142agodnego i spokojnego zachowania, co u\u0142atwia ich obs\u0142ug\u0119 w por\u00f3wnaniu do innych podgatunk\u00f3w pszcz\u00f3\u0142.<br data-start=\"2612\" data-end=\"2615\" \/><strong data-start=\"2618\" data-end=\"2644\">Wysoka produkcja miodu<\/strong>: Wyj\u0105tkowa wydajno\u015b\u0107 w zbieraniu nektaru, szczeg\u00f3lnie w rejonach obfituj\u0105cych w kwiaty.<br data-start=\"2732\" data-end=\"2735\" \/><strong data-start=\"2738\" data-end=\"2766\">Silne wychowywanie pu\u0142ku<\/strong>: Pszczo\u0142y Ligustica wykazuj\u0105 silne zachowania w wychowywaniu pu\u0142ku, utrzymuj\u0105c du\u017ce i aktywne rodziny przez ca\u0142y rok.<br data-start=\"2888\" data-end=\"2891\" \/><strong data-start=\"2894\" data-end=\"2918\">Odporno\u015b\u0107 na choroby<\/strong>: Cho\u0107 pszczo\u0142y Ligustica s\u0105 og\u00f3lnie zdrowe, mog\u0105 by\u0107 bardziej podatne na niekt\u00f3re choroby i szkodniki, takie jak roztocza Varroa. Jednak przy odpowiednim zarz\u0105dzaniu i leczeniu problemy te mo\u017cna skutecznie kontrolowa\u0107.<br data-start=\"3141\" data-end=\"3144\" \/><strong data-start=\"3147\" data-end=\"3164\">Przezimowanie<\/strong>: W regionach o \u0142agodnych zimach pszczo\u0142y Ligustica dobrze przezimowuj\u0105, utrzymuj\u0105c silne rodziny gotowe do rozwoju na wiosn\u0119.<br data-start=\"3294\" data-end=\"3297\" \/><strong data-start=\"3300\" data-end=\"3325\">Zdolno\u015b\u0107 do adaptacji<\/strong>: Pszczo\u0142y Ligustica s\u0105 bardzo elastyczne i dobrze dostosowuj\u0105 si\u0119 do r\u00f3\u017cnych warunk\u00f3w klimatycznych, co przyczyni\u0142o si\u0119 do ich szerokiego przyj\u0119cia przez pszczelarzy na ca\u0142ym \u015bwiecie.<\/p>\n<p data-start=\"3515\" data-end=\"3671\" data-is-last-node=\"\" data-is-only-node=\"\">Pszczo\u0142y Ligustica to doskona\u0142y wyb\u00f3r zar\u00f3wno dla pszczelarzy zawodowych, jak i hobbyst\u00f3w, kt\u00f3rzy szukaj\u0105 produktywnej i \u0142atwej w obs\u0142udze rasy pszcz\u00f3\u0142!<\/p>\n","protected":false},"excerpt":{"rendered":"<div class=\"flex max-w-full flex-col flex-grow\">\n<div class=\"min-h-8 text-message relative flex w-full flex-col items-end gap-2 whitespace-normal break-words text-start [.text-message+&amp;]:mt-5\" dir=\"auto\" data-message-author-role=\"assistant\" data-message-id=\"93cebb7d-839e-4d02-b31c-46f63d0e92df\" data-message-model-slug=\"gpt-4o-mini\">\n<div class=\"flex w-full flex-col gap-1 empty:hidden first:pt-[3px]\">\n<div class=\"markdown prose w-full break-words dark:prose-invert light\">\n<p data-start=\"0\" data-end=\"467\" data-is-last-node=\"\" data-is-only-node=\"\">Podnie\u015b swoje pszczelarstwo na wy\u017cszy poziom dzi\u0119ki Matce pszczelej W\u0142oskiej. Hodowane z najlepszych w\u0142oskich linii, te matki pszczele zosta\u0142y wybrane ze wzgl\u0119du na ich higieniczne zachowanie, wysok\u0105 produkcj\u0119, spokojne temperamenty i szybki rozw\u00f3j wiosenny. Idealne do zwi\u0119kszenia witalno\u015bci i produktywno\u015bci rodziny pszczelej. Dost\u0119pne od pocz\u0105tku czerwca do 1 wrze\u015bnia. Zabezpiecz Matk\u0119 pszczel\u0105 W\u0142osk\u0105 ju\u017c teraz na nadchodz\u0105cy, udany sezon pszczelarski!<\/p>\n<\/div>\n<\/div>\n<\/div>\n<\/div>\n","protected":false},"featured_media":619,"comment_status":"open","ping_status":"closed","template":"","meta":[],"product_brand":[],"product_cat":[64],"product_tag":[],"class_list":{"0":"post-1078","1":"product","2":"type-product","3":"status-publish","4":"has-post-thumbnail","6":"product_cat-krolowe","8":"first","9":"instock","10":"taxable","11":"shipping-taxable","12":"purchasable","13":"product-type-simple"},"_links":{"self":[{"href":"https:\/\/tullhoneycompany.com\/pl\/wp-json\/wp\/v2\/product\/1078","targetHints":{"allow":["GET"]}}],"collection":[{"href":"https:\/\/tullhoneycompany.com\/pl\/wp-json\/wp\/v2\/product"}],"about":[{"href":"https:\/\/tullhoneycompany.com\/pl\/wp-json\/wp\/v2\/types\/product"}],"replies":[{"embeddable":true,"href":"https:\/\/tullhoneycompany.com\/pl\/wp-json\/wp\/v2\/comments?post=1078"}],"wp:featuredmedia":[{"embeddable":true,"href":"https:\/\/tullhoneycompany.com\/pl\/wp-json\/wp\/v2\/media\/619"}],"wp:attachment":[{"href":"https:\/\/tullhoneycompany.com\/pl\/wp-json\/wp\/v2\/media?parent=1078"}],"wp:term":[{"taxonomy":"product_brand","embeddable":true,"href":"https:\/\/tullhoneycompany.com\/pl\/wp-json\/wp\/v2\/product_brand?post=1078"},{"taxonomy":"product_cat","embeddable":true,"href":"https:\/\/tullhoneycompany.com\/pl\/wp-json\/wp\/v2\/product_cat?post=1078"},{"taxonomy":"product_tag","embeddable":true,"href":"https:\/\/tullhoneycompany.com\/pl\/wp-json\/wp\/v2\/product_tag?post=1078"}],"curies":[{"name":"wp","href":"https:\/\/api.w.org\/{rel}","templated":true}]}}