{"id":1071,"date":"2024-07-28T13:59:21","date_gmt":"2024-07-28T13:59:21","guid":{"rendered":"https:\/\/tullhoneycompany.com\/product\/przezimowana-wloska-krolowa-kojarzona-losowo\/"},"modified":"2025-03-20T19:07:30","modified_gmt":"2025-03-20T19:07:30","slug":"zimowana-wloska-matka-pszczela","status":"publish","type":"product","link":"https:\/\/tullhoneycompany.com\/pl\/product\/zimowana-wloska-matka-pszczela\/","title":{"rendered":"Zimowana w\u0142oska matka pszczela"},"content":{"rendered":"<h3 data-start=\"61\" data-end=\"75\"><strong data-start=\"65\" data-end=\"73\">Opis<\/strong><\/h3>\n<p data-start=\"77\" data-end=\"400\">Przedstawiamy Zimowana w\u0142oska matka pszczela, swobodnie kojarzona \u2013 najlepszy wyb\u00f3r na pocz\u0105tek sezonu pszczelarskiego. Zimowana w\u0142oska matka pszczela zosta\u0142a starannie przezimowana, aby zapewni\u0107 gotowo\u015b\u0107 do wysy\u0142ki w kwietniu, co oznacza, \u017ce ju\u017c od pocz\u0105tku sezonu b\u0119dziesz mie\u0107 sprawdzon\u0105 matk\u0119 sk\u0142adaj\u0105c\u0105 jaja.<\/p>\n<h3 data-start=\"402\" data-end=\"430\"><strong data-start=\"406\" data-end=\"428\">Kluczowe korzy\u015bci:<\/strong><\/h3>\n<p data-start=\"432\" data-end=\"1018\"><strong data-start=\"434\" data-end=\"460\">Higieniczne zachowanie<\/strong> \u2013 Selekcjonowane pod k\u0105tem doskona\u0142ej czysto\u015bci, co sprzyja zdrowiu rodziny pszczelej.<br data-start=\"547\" data-end=\"550\" \/><strong data-start=\"552\" data-end=\"572\">Wysoka produkcja<\/strong> \u2013 Optymalizowane pod k\u0105tem maksymalnego zbioru miodu i wydajno\u015bci rodziny.<br data-start=\"647\" data-end=\"650\" \/><strong data-start=\"652\" data-end=\"676\">Spokojny temperament<\/strong> \u2013 \u0141agodne i \u0142atwe w obs\u0142udze, co u\u0142atwia zarz\u0105dzanie ulem.<br data-start=\"735\" data-end=\"738\" \/><strong data-start=\"740\" data-end=\"780\">Sprawdzona zdolno\u015b\u0107 do sk\u0142adania jaj<\/strong> \u2013 Nasze zimowane matki wykazuj\u0105 silne zdolno\u015bci do czerwienia, zapewniaj\u0105c dynamiczny rozw\u00f3j rodziny.<br data-start=\"882\" data-end=\"885\" \/><strong data-start=\"887\" data-end=\"906\">Wczesna dostawa<\/strong> \u2013 Zimowana w\u0142oska matka pszczela dost\u0119pna w kwietniu, co daje przewag\u0119 na starcie sezonu pszczelarskiego.<\/p>\n<h3 data-start=\"1020\" data-end=\"1041\"><strong data-start=\"1024\" data-end=\"1039\">Dost\u0119pno\u015b\u0107:<\/strong><\/h3>\n<p data-start=\"1043\" data-end=\"1123\"><strong data-start=\"1046\" data-end=\"1064\">Okres dostawy:<\/strong> Od po\u0142owy kwietnia, w zale\u017cno\u015bci od warunk\u00f3w pogodowych.<\/p>\n<p data-start=\"1125\" data-end=\"1502\">Zarezerwuj swoj\u0105 Zimowana w\u0142oska matka pszczela ju\u017c teraz! Matki te ciesz\u0105 si\u0119 du\u017cym zainteresowaniem ze wzgl\u0119du na swoje wyj\u0105tkowe cechy i wczesn\u0105 dost\u0119pno\u015b\u0107. Niezale\u017cnie od tego, czy rozszerzasz swoj\u0105 pasiek\u0119, zwi\u0119kszasz produkcj\u0119 miodu, czy dbasz o zdrowie i witalno\u015b\u0107 swoich rodzin pszczelich \u2013 nasz zesp\u00f3\u0142 zadba o to, aby\u015b otrzyma\u0142 najwy\u017cszej jako\u015bci matki pszczele.<\/p>\n<p data-start=\"1504\" data-end=\"1572\"><strong data-start=\"1507\" data-end=\"1570\">Zarezerwuj ju\u017c teraz i rozpocznij udany sezon pszczelarski!<\/strong><\/p>\n<hr data-start=\"1574\" data-end=\"1577\" \/>\n<h3 data-start=\"1579\" data-end=\"1636\"><strong data-start=\"1583\" data-end=\"1634\">Pszczo\u0142a ligusty\u0144ska (Apis mellifera ligustica)<\/strong><\/h3>\n<p data-start=\"1638\" data-end=\"2021\">Pszczo\u0142a ligusty\u0144ska, znana r\u00f3wnie\u017c jako pszczo\u0142a w\u0142oska, jest podgatunkiem zachodniej pszczo\u0142y miodnej (Apis mellifera). Znana ze swojego \u0142agodnego usposobienia i wysokiej produktywno\u015bci, jest jedn\u0105 z najpopularniejszych pszcz\u00f3\u0142 w\u015br\u00f3d pszczelarzy na ca\u0142ym \u015bwiecie. Pochodzi z P\u00f3\u0142wyspu Apeni\u0144skiego i by\u0142a szeroko hodowana oraz eksportowana ze wzgl\u0119du na swoje korzystne cechy.<\/p>\n<h3 data-start=\"2023\" data-end=\"2049\"><strong data-start=\"2027\" data-end=\"2047\">Charakterystyka:<\/strong><\/h3>\n<p data-start=\"2051\" data-end=\"2342\"><strong data-start=\"2054\" data-end=\"2067\">\u0141agodno\u015b\u0107<\/strong> \u2013 Pszczo\u0142y ligusty\u0144skie s\u0142yn\u0105 ze swojego spokojnego i \u0142agodnego zachowania, co czyni je \u0142atwiejszymi w zarz\u0105dzaniu w por\u00f3wnaniu z innymi podgatunkami. Jest to szczeg\u00f3lnie korzystne dla pocz\u0105tkuj\u0105cych pszczelarzy oraz pasiek miejskich, gdzie kontakt z lud\u017ami jest cz\u0119stszy.<\/p>\n<p data-start=\"2344\" data-end=\"2660\"><strong data-start=\"2347\" data-end=\"2371\">Wysoka produktywno\u015b\u0107<\/strong> \u2013 Jedn\u0105 z najwa\u017cniejszych cech pszczo\u0142y ligusty\u0144skiej jest jej wyj\u0105tkowa zdolno\u015b\u0107 do produkcji miodu. S\u0105 bardzo wydajnymi zbieraczkami i potrafi\u0105 produkowa\u0107 du\u017ce ilo\u015bci miodu, zw\u0142aszcza w obszarach bogatych w po\u017cytki. To sprawia, \u017ce s\u0105 preferowanym wyborem dla producent\u00f3w komercyjnych.<\/p>\n<p data-start=\"2662\" data-end=\"2926\"><strong data-start=\"2665\" data-end=\"2690\">Intensywne czerwienie<\/strong> \u2013 Pszczo\u0142y ligusty\u0144skie wykazuj\u0105 silne zachowania zwi\u0105zane z rozwojem czerwiu, utrzymuj\u0105c du\u017ce i aktywne rodziny przez ca\u0142y rok. Rozpoczynaj\u0105 rozw\u00f3j populacji ju\u017c wczesn\u0105 wiosn\u0105, co pozwala im maksymalnie wykorzysta\u0107 wczesne po\u017cytki.<\/p>\n<p data-start=\"2928\" data-end=\"3236\"><strong data-start=\"2931\" data-end=\"2955\">Odporno\u015b\u0107 na choroby<\/strong> \u2013 Chocia\u017c pszczo\u0142y ligusty\u0144skie s\u0105 generalnie zdrowe, mog\u0105 by\u0107 bardziej podatne na niekt\u00f3re choroby i szkodniki, takie jak roztocza Varroa, w por\u00f3wnaniu z innymi podgatunkami. Jednak dzi\u0119ki odpowiednim praktykom zarz\u0105dzania i leczenia mo\u017cna skutecznie kontrolowa\u0107 te zagro\u017cenia.<\/p>\n<p data-start=\"3238\" data-end=\"3518\"><strong data-start=\"3241\" data-end=\"3254\">Zimowanie<\/strong> \u2013 W rejonach o \u0142agodnych zimach pszczo\u0142y ligusty\u0144skie zimuj\u0105 bardzo dobrze, utrzymuj\u0105c silne rodziny gotowe do ekspansji wiosn\u0105. W surowszym klimacie mog\u0105 wymaga\u0107 dodatkowej troski, aby zapewni\u0107 im wystarczaj\u0105c\u0105 ilo\u015b\u0107 zapas\u00f3w pokarmowych i ochron\u0119 przed zimnem.<\/p>\n<p data-start=\"3520\" data-end=\"3776\"><strong data-start=\"3523\" data-end=\"3546\">Doskona\u0142a adaptacja<\/strong> \u2013 Pszczo\u0142y ligusty\u0144skie s\u0105 bardzo dobrze przystosowane do r\u00f3\u017cnych klimat\u00f3w i warunk\u00f3w \u015brodowiskowych. Ich zdolno\u015b\u0107 do rozwoju w r\u00f3\u017cnych regionach przyczyni\u0142a si\u0119 do ich szerokiej popularno\u015bci w\u015br\u00f3d pszczelarzy na ca\u0142ym \u015bwiecie.<\/p>\n","protected":false},"excerpt":{"rendered":"<p>Udoskonal swoj\u0105 pasiek\u0119 dzi\u0119ki naszej zimowanej w\u0142oskiej matce pszczelej. Dostarczane w kwietniu, te matki wykazuj\u0105 sprawdzon\u0105 zdolno\u015b\u0107 do czerwienia, zapewniaj\u0105c silny rozw\u00f3j rodziny ju\u017c od pocz\u0105tku sezonu. Selekcjonowane pod k\u0105tem higienicznego zachowania, wysokiej produktywno\u015bci, \u0142agodnego temperamentu i doskona\u0142ej zdolno\u015bci do zimowania. Idealne na udany i dochodowy sezon pszczelarski!<\/p>\n<p>&nbsp;<\/p>\n","protected":false},"featured_media":781,"comment_status":"open","ping_status":"closed","template":"","meta":[],"product_brand":[],"product_cat":[64],"product_tag":[],"class_list":{"0":"post-1071","1":"product","2":"type-product","3":"status-publish","4":"has-post-thumbnail","6":"product_cat-krolowe","8":"first","9":"instock","10":"taxable","11":"shipping-taxable","12":"purchasable","13":"product-type-simple"},"_links":{"self":[{"href":"https:\/\/tullhoneycompany.com\/pl\/wp-json\/wp\/v2\/product\/1071","targetHints":{"allow":["GET"]}}],"collection":[{"href":"https:\/\/tullhoneycompany.com\/pl\/wp-json\/wp\/v2\/product"}],"about":[{"href":"https:\/\/tullhoneycompany.com\/pl\/wp-json\/wp\/v2\/types\/product"}],"replies":[{"embeddable":true,"href":"https:\/\/tullhoneycompany.com\/pl\/wp-json\/wp\/v2\/comments?post=1071"}],"wp:featuredmedia":[{"embeddable":true,"href":"https:\/\/tullhoneycompany.com\/pl\/wp-json\/wp\/v2\/media\/781"}],"wp:attachment":[{"href":"https:\/\/tullhoneycompany.com\/pl\/wp-json\/wp\/v2\/media?parent=1071"}],"wp:term":[{"taxonomy":"product_brand","embeddable":true,"href":"https:\/\/tullhoneycompany.com\/pl\/wp-json\/wp\/v2\/product_brand?post=1071"},{"taxonomy":"product_cat","embeddable":true,"href":"https:\/\/tullhoneycompany.com\/pl\/wp-json\/wp\/v2\/product_cat?post=1071"},{"taxonomy":"product_tag","embeddable":true,"href":"https:\/\/tullhoneycompany.com\/pl\/wp-json\/wp\/v2\/product_tag?post=1071"}],"curies":[{"name":"wp","href":"https:\/\/api.w.org\/{rel}","templated":true}]}}