{"id":866,"date":"2024-07-24T19:18:59","date_gmt":"2024-07-24T19:18:59","guid":{"rendered":"https:\/\/tullhoneycompany.com\/polityka-zwrotow-i-refundacji\/"},"modified":"2024-09-19T18:13:46","modified_gmt":"2024-09-19T18:13:46","slug":"polityka-zwrotow-i-refundacji","status":"publish","type":"page","link":"https:\/\/tullhoneycompany.com\/pl\/polityka-zwrotow-i-refundacji\/","title":{"rendered":"Polityka zwrot\u00f3w i refundacji"},"content":{"rendered":"\n<h1 class=\"wp-block-heading\">Polityka zwrot\u00f3w i refundacji<\/h1>\n\n<h2 class=\"wp-block-heading\">Przegl\u0105d<\/h2>\n\n<p>Nasza polityka zwrot\u00f3w i zwrot\u00f3w trwa 24 godziny po przybyciu kr\u00f3lowych.\nJe\u015bli min\u0119\u0142y 24 godziny od otrzymania kr\u00f3lowych, nie mo\u017cemy zaoferowa\u0107 pe\u0142nego zwrotu lub wymiany. <\/p>\n\n<p>Kupuj\u0105c nasz\u0105 Nordic Gold Random Mated Queen, zgadzasz si\u0119 na niniejsze warunki.\nW przypadku jakichkolwiek pyta\u0144 lub w\u0105tpliwo\u015bci prosimy o kontakt z naszym dzia\u0142em obs\u0142ugi klienta. <\/p>\n\n<p><\/p><h2>Refunds<\/h2>\n\n<p>Zatwierdzone wnioski o zwrot koszt\u00f3w zostan\u0105 przetworzone w ci\u0105gu 7 dni roboczych.\nZwroty b\u0119d\u0105 dokonywane przy u\u017cyciu oryginalnej metody p\u0142atno\u015bci. <\/p>\n\n<p>Zwrotowi mog\u0105 podlega\u0107 wy\u0142\u0105cznie produkty w regularnej cenie.\nArtyku\u0142y wyprzeda\u017cowe nie podlegaj\u0105 zwrotowi. <\/p>\n\n<p><\/p><h2>Replacements:<\/h2>\n\n<p>Je\u015bli kr\u00f3lowa dotrze martwa lub w z\u0142ym stanie zdrowia, zostanie wys\u0142ana zast\u0119pcza bez dodatkowych koszt\u00f3w.\nJest to uzale\u017cnione od dost\u0119pno\u015bci i mo\u017ce potrwa\u0107 do 4 tygodni. <\/p>\n\n<p><\/p>\n\n<p><\/p><h2>Shipping Costs:<\/h2>\n\n<p>Koszty wysy\u0142ki nie podlegaj\u0105 zwrotowi, chyba \u017ce zwrot jest spowodowany b\u0142\u0119dem z naszej strony, takim jak wys\u0142anie niew\u0142a\u015bciwego produktu.<\/p>\n\n<p><\/p>\n\n<p><\/p><h2>Return Process:<\/h2>\n\n<p>Skontaktuj si\u0119 z dzia\u0142em obs\u0142ugi klienta w ci\u0105gu 24 godzin od otrzymania kr\u00f3lowej, aby zainicjowa\u0107 zwrot.\nNale\u017cy poda\u0107 numer zam\u00f3wienia, opis problemu i zdj\u0119cie kr\u00f3lowej. <\/p>\n\n<p>W razie potrzeby dzia\u0142 obs\u0142ugi klienta udzieli instrukcji dotycz\u0105cych zwrotu kr\u00f3lowej.<\/p>\n\n<p><\/p><h2>Exclusions:<\/h2>\n\n<p>Nie przyjmujemy zwrot\u00f3w ani nie zwracamy pieni\u0119dzy za kr\u00f3lowe, kt\u00f3re zosta\u0142y wprowadzone do kolonii, a nast\u0119pnie usuni\u0119te.<\/p>\n\n<p>Nie b\u0119d\u0105 wydawane \u017cadne zwroty koszt\u00f3w ani wymiany matek pszczelich, kt\u00f3re zgin\u0119\u0142y z powodu niew\u0142a\u015bciwej obs\u0142ugi lub niew\u0142a\u015bciwego wprowadzenia do ula.<\/p>\n\n<p><\/p><h2>Need help?<\/h2>\n\n<p>W przypadku pyta\u0144 dotycz\u0105cych zwrot\u00f3w prosimy o kontakt pod adresem info@tullhoneycompany.com.<\/p>\n","protected":false},"excerpt":{"rendered":"<p>Polityka zwrot\u00f3w i refundacji Przegl\u0105d Nasza polityka zwrot\u00f3w i zwrot\u00f3w trwa 24 godziny po przybyciu kr\u00f3lowych. Je\u015bli min\u0119\u0142y 24 godziny od otrzymania kr\u00f3lowych, nie mo\u017cemy zaoferowa\u0107 pe\u0142nego zwrotu lub wymiany. Kupuj\u0105c nasz\u0105 Nordic Gold Random Mated Queen, zgadzasz si\u0119 na niniejsze warunki. W przypadku jakichkolwiek pyta\u0144 lub w\u0105tpliwo\u015bci prosimy o kontakt z naszym dzia\u0142em obs\u0142ugi [&hellip;]<\/p>\n","protected":false},"author":1,"featured_media":0,"parent":0,"menu_order":0,"comment_status":"closed","ping_status":"closed","template":"","meta":{"footnotes":""},"class_list":["post-866","page","type-page","status-publish","hentry"],"_links":{"self":[{"href":"https:\/\/tullhoneycompany.com\/pl\/wp-json\/wp\/v2\/pages\/866","targetHints":{"allow":["GET"]}}],"collection":[{"href":"https:\/\/tullhoneycompany.com\/pl\/wp-json\/wp\/v2\/pages"}],"about":[{"href":"https:\/\/tullhoneycompany.com\/pl\/wp-json\/wp\/v2\/types\/page"}],"author":[{"embeddable":true,"href":"https:\/\/tullhoneycompany.com\/pl\/wp-json\/wp\/v2\/users\/1"}],"replies":[{"embeddable":true,"href":"https:\/\/tullhoneycompany.com\/pl\/wp-json\/wp\/v2\/comments?post=866"}],"version-history":[{"count":1,"href":"https:\/\/tullhoneycompany.com\/pl\/wp-json\/wp\/v2\/pages\/866\/revisions"}],"predecessor-version":[{"id":867,"href":"https:\/\/tullhoneycompany.com\/pl\/wp-json\/wp\/v2\/pages\/866\/revisions\/867"}],"wp:attachment":[{"href":"https:\/\/tullhoneycompany.com\/pl\/wp-json\/wp\/v2\/media?parent=866"}],"curies":[{"name":"wp","href":"https:\/\/api.w.org\/{rel}","templated":true}]}}