{"id":1045,"date":"2024-07-28T14:39:19","date_gmt":"2024-07-28T14:39:19","guid":{"rendered":"https:\/\/tullhoneycompany.com\/swiadectwo-zdrowia-traces-nt\/"},"modified":"2024-09-19T18:21:59","modified_gmt":"2024-09-19T18:21:59","slug":"swiadectwo-zdrowia-traces-nt","status":"publish","type":"page","link":"https:\/\/tullhoneycompany.com\/pl\/swiadectwo-zdrowia-traces-nt\/","title":{"rendered":"\u015awiadectwo zdrowia &#8211; Traces NT"},"content":{"rendered":"\n<h3 class=\"wp-block-heading\">\u015awiadectwo zdrowia &#8211; Traces NT<\/h3>\n\n<p>W Tull Honey Company priorytetowo traktujemy zdrowie i bezpiecze\u0144stwo naszych pszcz\u00f3\u0142, aby zapewni\u0107 naszym klientom produkty najwy\u017cszej jako\u015bci.\nWszystkie nasze matki pszczele, w tym matki w\u0142oskie z krycia wyspowego i losowego, s\u0105 wysy\u0142ane z obowi\u0105zkowym weterynaryjnym \u015bwiadectwem zdrowia zgodnie z przepisami UE (2016\/429, 2020\/688, 2021\/403). <\/p>\n\n<h4 class=\"wp-block-heading\">Kluczowe punkty:<\/h4>\n\n<ul class=\"wp-block-list\">\n<li><strong>Rejestracja TRACES NT:<\/strong> <strong>Wszyscy nabywcy matek musz\u0105 by\u0107 zarejestrowani na platformie certyfikat\u00f3w cyfrowych i zarz\u0105dzania <a href=\"https:\/\/food.ec.europa.eu\/horizontal-topics\/traces_en\" target=\"_blank\" rel=\"noopener\">TRACES NT<\/a><\/strong>.\nPlatforma ta zapewnia identyfikowalno\u015b\u0107 i zgodno\u015b\u0107 z przepisami zdrowotnymi w ca\u0142ej UE. <\/li>\n\n\n\n<li><strong>Weterynaryjne \u015bwiadectwo zdrowia:<\/strong> Ka\u017cdej dostawie matek pszczelich towarzyszy weterynaryjne \u015bwiadectwo zdrowia.\nCertyfikat ten gwarantuje, \u017ce nasze matki pszczele spe\u0142niaj\u0105 wszystkie standardy zdrowotne i s\u0105 wolne od chor\u00f3b. <\/li>\n\n\n\n<li><strong>Zapewnienie jako\u015bci:<\/strong> Certyfikat zdrowia nie tylko gwarantuje zgodno\u015b\u0107, ale tak\u017ce wzmacnia nasze zaanga\u017cowanie w dostarczanie naszym klientom najzdrowszych i najbardziej produktywnych matek pszczelich.<\/li>\n<\/ul>\n\n<p>Wi\u0119cej informacji o <a href=\"https:\/\/food.ec.europa.eu\/horizontal-topics\/traces_en\" target=\"_blank\" rel=\"noopener\">TRACES NT<\/a>.<\/p>\n\n<h3 class=\"wp-block-heading\">Przewodnik rejestracji TRACES NT krok po kroku<\/h3>\n\n<p>Wykonaj poni\u017csze kroki, aby zarejestrowa\u0107 si\u0119 na platformie TRACES NT:<\/p>\n\n<h4 class=\"wp-block-heading\">Krok 1: Uzyskaj dost\u0119p do portalu TRACES NT<\/h4>\n\n<ol class=\"wp-block-list\">\n<li>Otw\u00f3rz przegl\u0105dark\u0119 internetow\u0105 i przejd\u017a do portalu TRACES NT pod adresem <a href=\"https:\/\/webgate.ec.europa.eu\/tracesnt\/login\" target=\"_blank\" rel=\"noopener\">TRACES NT<\/a>.<\/li>\n<\/ol>\n\n<h4 class=\"wp-block-heading\">Krok 2: Utw\u00f3rz konto EU Login<\/h4>\n\n<ol class=\"wp-block-list\">\n<li>Kliknij \u0142\u0105cze <strong>&#8222;Sign up for EU Login&#8221;<\/strong> na stronie logowania TRACES NT.<\/li>\n\n\n\n<li>Wype\u0142nij wymagane pola:\n<ul class=\"wp-block-list\">\n<li><strong>Adres e-mail:<\/strong> Wprowad\u017a prawid\u0142owy adres e-mail.<\/li>\n\n\n\n<li><strong>Imi\u0119 i nazwisko:<\/strong> Podaj swoje dane osobowe.<\/li>\n\n\n\n<li><strong>Wybierz has\u0142o:<\/strong> utw\u00f3rz silne has\u0142o zgodnie z podanymi wskaz\u00f3wkami.<\/li>\n<\/ul>\n<\/li>\n\n\n\n<li>Kliknij przycisk <strong>&#8222;Utw\u00f3rz konto&#8221;<\/strong>.<\/li>\n\n\n\n<li>Sprawd\u017a poczt\u0119 e-mail pod k\u0105tem wiadomo\u015bci potwierdzaj\u0105cej od EU Login i kliknij link weryfikacyjny, aby aktywowa\u0107 konto.<\/li>\n<\/ol>\n\n<h4 class=\"wp-block-heading\">Krok 3: Zaloguj si\u0119 do TRACES NT<\/h4>\n\n<ol class=\"wp-block-list\">\n<li>Powr\u00f3t do strony logowania TRACES NT.<\/li>\n\n\n\n<li>Wprowad\u017a sw\u00f3j adres e-mail i has\u0142o w sekcji <strong>EU Login<\/strong>.<\/li>\n\n\n\n<li>Kliknij przycisk <strong>&#8222;Zaloguj si\u0119&#8221;<\/strong>.<\/li>\n<\/ol>\n\n<h4 class=\"wp-block-heading\">Krok 4: Wype\u0142nij sw\u00f3j profil TRACES NT<\/h4>\n\n<ol class=\"wp-block-list\">\n<li>Po zalogowaniu nast\u0105pi przekierowanie do pulpitu nawigacyjnego TRACES NT.<\/li>\n\n\n\n<li>Kliknij swoje imi\u0119 i nazwisko w prawym g\u00f3rnym rogu i wybierz <strong>&#8222;Moje konto&#8221;<\/strong> z rozwijanego menu.<\/li>\n\n\n\n<li>Wype\u0142nij wymagane informacje:\n<ul class=\"wp-block-list\">\n<li><strong>Dane osobowe:<\/strong> W razie potrzeby zweryfikuj i zaktualizuj swoje dane osobowe.<\/li>\n\n\n\n<li><strong>Szczeg\u00f3\u0142y organizacji:<\/strong> Wprowad\u017a dane swojej organizacji (je\u015bli dotyczy).<\/li>\n<\/ul>\n<\/li>\n\n\n\n<li>Zapisz informacje o swoim profilu.<\/li>\n<\/ol>\n\n<h4 class=\"wp-block-heading\">Krok 5: Zarejestruj si\u0119 jako operator<\/h4>\n\n<ol class=\"wp-block-list\">\n<li>Na pulpicie nawigacyjnym TRACES NT kliknij przycisk <strong>&#8222;Zarejestruj si\u0119 jako operator&#8221;<\/strong>.<\/li>\n\n\n\n<li>Wybierz typ operatora odpowiedni dla Twojej dzia\u0142alno\u015bci.\n<ul class=\"wp-block-list\">\n<li><strong>Sekcja:<\/strong> Wybierz <strong>&#8222;Zak\u0142ad pszcz\u00f3\u0142 miodnych&#8221;.<\/strong><\/li>\n\n\n\n<li><strong>Aktywno\u015b\u0107:<\/strong> Wybierz <strong>&#8222;Osiedle zwierz\u0105t l\u0105dowych&#8221;.<\/strong><\/li>\n\n\n\n<li><strong>Identyfikator:<\/strong> Wprowad\u017a numer prawny swojej g\u0142\u00f3wnej pasieki (zwykle nadawany przez organ krajowy) lub inny odpowiedni identyfikator.<\/li>\n<\/ul>\n<\/li>\n\n\n\n<li>Wype\u0142nij formularz rejestracyjny, podaj\u0105c dok\u0142adne informacje o swojej dzia\u0142alno\u015bci.<\/li>\n\n\n\n<li>Kliknij przycisk <strong>&#8222;Prze\u015blij&#8221;<\/strong>.<\/li>\n<\/ol>\n\n<h4 class=\"wp-block-heading\">Krok 6: Zatwierdzenie i weryfikacja<\/h4>\n\n<ol class=\"wp-block-list\">\n<li>Rejestracja u\u017cytkownika zostanie zweryfikowana przez odpowiednie organy.<\/li>\n\n\n\n<li>Mo\u017cesz otrzyma\u0107 pro\u015bb\u0119 o dodatkowe informacje lub dokumenty.<\/li>\n\n\n\n<li>Po zatwierdzeniu otrzymasz wiadomo\u015b\u0107 e-mail z potwierdzeniem.<\/li>\n<\/ol>\n\n<h4 class=\"wp-block-heading\">Krok 7: Uzyskaj dost\u0119p do us\u0142ug TRACES NT<\/h4>\n\n<ol class=\"wp-block-list\">\n<li>Po zatwierdzeniu zaloguj si\u0119 do <a href=\"https:\/\/webgate.ec.europa.eu\/tracesnt\/login\" target=\"_blank\" rel=\"noopener\">TRACES NT<\/a>.<\/li>\n\n\n\n<li>Mo\u017cesz teraz uzyska\u0107 dost\u0119p do pe\u0142nego zakresu us\u0142ug oferowanych przez TRACES NT, w tym zarz\u0105dzania certyfikatami, \u015bledzenia i raportowania.<\/li>\n<\/ol>\n\n<p>Post\u0119puj\u0105c zgodnie z tymi krokami, pomy\u015blnie zarejestrujesz si\u0119 na platformie TRACES NT, umo\u017cliwiaj\u0105c zarz\u0105dzanie i \u015bledzenie transakcji zgodnie z przepisami UE.<\/p>\n","protected":false},"excerpt":{"rendered":"<p>\u015awiadectwo zdrowia &#8211; Traces NT W Tull Honey Company priorytetowo traktujemy zdrowie i bezpiecze\u0144stwo naszych pszcz\u00f3\u0142, aby zapewni\u0107 naszym klientom produkty najwy\u017cszej jako\u015bci. Wszystkie nasze matki pszczele, w tym matki w\u0142oskie z krycia wyspowego i losowego, s\u0105 wysy\u0142ane z obowi\u0105zkowym weterynaryjnym \u015bwiadectwem zdrowia zgodnie z przepisami UE (2016\/429, 2020\/688, 2021\/403). Kluczowe punkty: Wi\u0119cej informacji o [&hellip;]<\/p>\n","protected":false},"author":1,"featured_media":0,"parent":0,"menu_order":0,"comment_status":"closed","ping_status":"closed","template":"","meta":{"footnotes":""},"class_list":["post-1045","page","type-page","status-publish","hentry"],"_links":{"self":[{"href":"https:\/\/tullhoneycompany.com\/pl\/wp-json\/wp\/v2\/pages\/1045","targetHints":{"allow":["GET"]}}],"collection":[{"href":"https:\/\/tullhoneycompany.com\/pl\/wp-json\/wp\/v2\/pages"}],"about":[{"href":"https:\/\/tullhoneycompany.com\/pl\/wp-json\/wp\/v2\/types\/page"}],"author":[{"embeddable":true,"href":"https:\/\/tullhoneycompany.com\/pl\/wp-json\/wp\/v2\/users\/1"}],"replies":[{"embeddable":true,"href":"https:\/\/tullhoneycompany.com\/pl\/wp-json\/wp\/v2\/comments?post=1045"}],"version-history":[{"count":1,"href":"https:\/\/tullhoneycompany.com\/pl\/wp-json\/wp\/v2\/pages\/1045\/revisions"}],"predecessor-version":[{"id":1048,"href":"https:\/\/tullhoneycompany.com\/pl\/wp-json\/wp\/v2\/pages\/1045\/revisions\/1048"}],"wp:attachment":[{"href":"https:\/\/tullhoneycompany.com\/pl\/wp-json\/wp\/v2\/media?parent=1045"}],"curies":[{"name":"wp","href":"https:\/\/api.w.org\/{rel}","templated":true}]}}