{"id":854,"date":"2024-07-24T19:18:59","date_gmt":"2024-07-24T19:18:59","guid":{"rendered":"https:\/\/tullhoneycompany.com\/politica-di-rimborso-e-restituzione\/"},"modified":"2024-09-19T18:13:41","modified_gmt":"2024-09-19T18:13:41","slug":"politica-di-rimborso-e-restituzione","status":"publish","type":"page","link":"https:\/\/tullhoneycompany.com\/it\/politica-di-rimborso-e-restituzione\/","title":{"rendered":"Politica di rimborso e restituzione"},"content":{"rendered":"\n<h1 class=\"wp-block-heading\">Politica di rimborso e restituzione<\/h1>\n\n<h2 class=\"wp-block-heading\">Panoramica<\/h2>\n\n<p>La nostra politica di rimborso e restituzione dura 24 ore dall&#8217;arrivo delle regine.\nSe sono passate 24 ore da quando hai ricevuto le regine, non possiamo offrirti un rimborso completo o un cambio. <\/p>\n\n<p>Acquistando il nostro Nordic Gold Random Mated Queen, accetti questi termini e condizioni.\nPer qualsiasi domanda o dubbio, contatta il nostro servizio clienti. <\/p>\n\n<p><\/p><h2>Refunds<\/h2>\n\n<p>Le richieste di rimborso approvate saranno elaborate entro 7 giorni lavorativi.\nI rimborsi saranno effettuati con il metodo di pagamento originale. <\/p>\n\n<p>Solo gli articoli a prezzo normale possono essere rimborsati.\nGli articoli in saldo non possono essere rimborsati. <\/p>\n\n<p><\/p><h2>Replacements:<\/h2>\n\n<p>Se una regina arriva morta o in cattive condizioni di salute, ne verr\u00e0 inviata una sostitutiva senza costi aggiuntivi.\nL&#8217;invio \u00e8 soggetto a disponibilit\u00e0 e pu\u00f2 richiedere fino a 4 settimane per l&#8217;elaborazione. <\/p>\n\n<p><\/p>\n\n<p><\/p><h2>Shipping Costs:<\/h2>\n\n<p>Le spese di spedizione non sono rimborsabili a meno che la restituzione non sia dovuta a un nostro errore, come ad esempio l&#8217;invio di un prodotto sbagliato.<\/p>\n\n<p><\/p>\n\n<p><\/p><h2>Return Process:<\/h2>\n\n<p>Contatta il servizio clienti entro 24 ore dalla ricezione della regina per avviare un reso.\nIncludi il numero d&#8217;ordine, una descrizione del problema e una foto della regina. <\/p>\n\n<p>Il servizio clienti fornir\u00e0 le istruzioni su come restituire la regina, se necessario.<\/p>\n\n<p><\/p><h2>Exclusions:<\/h2>\n\n<p>Non accettiamo restituzioni o rimborsi per le regine che sono state introdotte in una colonia e poi rimosse.<\/p>\n\n<p>Non sono previsti rimborsi o sostituzioni per le regine che muoiono a causa di una manipolazione errata o di un&#8217;introduzione impropria nell&#8217;alveare.<\/p>\n\n<p><\/p><h2>Need help?<\/h2>\n\n<p>Contattaci all&#8217;indirizzo info@tullhoneycompany.com per domande relative a rimborsi e restituzioni.<\/p>\n","protected":false},"excerpt":{"rendered":"<p>Politica di rimborso e restituzione Panoramica La nostra politica di rimborso e restituzione dura 24 ore dall&#8217;arrivo delle regine. Se sono passate 24 ore da quando hai ricevuto le regine, non possiamo offrirti un rimborso completo o un cambio. Acquistando il nostro Nordic Gold Random Mated Queen, accetti questi termini e condizioni. Per qualsiasi domanda [&hellip;]<\/p>\n","protected":false},"author":1,"featured_media":0,"parent":0,"menu_order":0,"comment_status":"closed","ping_status":"closed","template":"","meta":{"footnotes":""},"class_list":["post-854","page","type-page","status-publish","hentry"],"_links":{"self":[{"href":"https:\/\/tullhoneycompany.com\/it\/wp-json\/wp\/v2\/pages\/854","targetHints":{"allow":["GET"]}}],"collection":[{"href":"https:\/\/tullhoneycompany.com\/it\/wp-json\/wp\/v2\/pages"}],"about":[{"href":"https:\/\/tullhoneycompany.com\/it\/wp-json\/wp\/v2\/types\/page"}],"author":[{"embeddable":true,"href":"https:\/\/tullhoneycompany.com\/it\/wp-json\/wp\/v2\/users\/1"}],"replies":[{"embeddable":true,"href":"https:\/\/tullhoneycompany.com\/it\/wp-json\/wp\/v2\/comments?post=854"}],"version-history":[{"count":1,"href":"https:\/\/tullhoneycompany.com\/it\/wp-json\/wp\/v2\/pages\/854\/revisions"}],"predecessor-version":[{"id":858,"href":"https:\/\/tullhoneycompany.com\/it\/wp-json\/wp\/v2\/pages\/854\/revisions\/858"}],"wp:attachment":[{"href":"https:\/\/tullhoneycompany.com\/it\/wp-json\/wp\/v2\/media?parent=854"}],"curies":[{"name":"wp","href":"https:\/\/api.w.org\/{rel}","templated":true}]}}