{"id":1082,"date":"2024-07-24T18:52:26","date_gmt":"2024-07-24T18:52:26","guid":{"rendered":"https:\/\/tullhoneycompany.com\/product\/olasz-kiralyno-veletlenszeru-parositas\/"},"modified":"2025-03-16T16:12:16","modified_gmt":"2025-03-16T16:12:16","slug":"olasz-mehanya","status":"publish","type":"product","link":"https:\/\/tullhoneycompany.com\/hu\/product\/olasz-mehanya\/","title":{"rendered":"Olasz M\u00e9hanya &#8211; Szabadp\u00e1rz\u00e1s\u00fa"},"content":{"rendered":"<p data-start=\"0\" data-end=\"51\"><strong data-start=\"0\" data-end=\"17\">Olasz M\u00e9hanya<\/strong> \u2013 pr\u00e9mium v\u00e1laszt\u00e1s m\u00e9h\u00e9szet\u00e9hez!<\/p>\n<p data-start=\"53\" data-end=\"273\">A legkiv\u00e1l\u00f3bb olasz v\u00e9rvonalb\u00f3l sz\u00e1rmazik, v\u00e1logatott higi\u00e9nikus viselked\u00e9s\u00e9\u00e9rt, magas termel\u00e9kenys\u00e9g\u00e9\u00e9rt, nyugodt term\u00e9szet\u00e9\u00e9rt \u00e9s gyors tavaszi fejl\u0151d\u00e9s\u00e9\u00e9rt, lehet\u0151v\u00e9 t\u00e9ve a korai nekt\u00e1r\u00e1raml\u00e1s maxim\u00e1lis kihaszn\u00e1l\u00e1s\u00e1t.<\/p>\n<p data-start=\"275\" data-end=\"311\"><strong data-start=\"275\" data-end=\"311\">Sz\u00e1rmaz\u00e1s \u00e9s genetikai tisztas\u00e1g<\/strong><\/p>\n<p data-start=\"313\" data-end=\"706\">Olasz M\u00e9hany\u00e1inkat \u00c9sztorsz\u00e1gban, a Peipsi-t\u00f3 k\u00f6zep\u00e9n tal\u00e1lhat\u00f3 elszigetelt szigeten teny\u00e9sztj\u00fck, ahol az els\u0151 oszt\u00e1ly\u00fa, tesztelt any\u00e1k garant\u00e1lj\u00e1k a genetikai tisztas\u00e1got \u00e9s kiv\u00e1l\u00f3 min\u0151s\u00e9get. Ezek az F1 gener\u00e1ci\u00f3s Olasz M\u00e9hany\u00e1k gondosan kiv\u00e1lasztott olasz here\u00e1llom\u00e1nyb\u00f3l sz\u00e1rmaznak, amely n\u00f6veli \u00e9letk\u00e9pess\u00e9g\u00fcket \u00e9s ellen\u00e1ll\u00f3k\u00e9pess\u00e9g\u00fcket, \u00edgy ide\u00e1lisak er\u0151s termel\u0151csal\u00e1dok sz\u00e1m\u00e1ra.<\/p>\n<p data-start=\"708\" data-end=\"726\"><strong data-start=\"708\" data-end=\"726\">F\u0151bb jellemz\u0151k<\/strong><\/p>\n<p data-start=\"728\" data-end=\"1180\"><strong data-start=\"730\" data-end=\"755\">Higi\u00e9nikus viselked\u00e9s<\/strong> \u2013 Kiemelked\u0151 tisztas\u00e1g, eg\u00e9szs\u00e9gesebb kapt\u00e1r \u00e9s kevesebb betegs\u00e9g.<br data-start=\"822\" data-end=\"825\" \/><strong data-start=\"827\" data-end=\"851\">Magas termel\u00e9kenys\u00e9g<\/strong> \u2013 Maxim\u00e1lis m\u00e9zhozamra optimaliz\u00e1lva, kiv\u00e1l\u00f3 v\u00e1laszt\u00e1s hivat\u00e1sos \u00e9s hobbi m\u00e9h\u00e9szek sz\u00e1m\u00e1ra egyar\u00e1nt.<br data-start=\"952\" data-end=\"955\" \/><strong data-start=\"957\" data-end=\"978\">Nyugodt term\u00e9szet<\/strong> \u2013 Kezes, k\u00f6nnyen kezelhet\u0151, megk\u00f6nny\u00edtve a kapt\u00e1rkezel\u00e9st.<br data-start=\"1037\" data-end=\"1040\" \/><strong data-start=\"1042\" data-end=\"1068\">Gyors tavaszi fejl\u0151d\u00e9s<\/strong> \u2013 Kor\u00e1n fejl\u0151dik, \u00edgy lehet\u0151s\u00e9get ny\u00fajt a korai nekt\u00e1r\u00e1raml\u00e1s kihaszn\u00e1l\u00e1s\u00e1ra \u00e9s a term\u00e9shozam maximaliz\u00e1l\u00e1s\u00e1ra.<\/p>\n<p data-start=\"1182\" data-end=\"1217\"><strong data-start=\"1182\" data-end=\"1217\">Teny\u00e9szt\u00e9s \u00e9s min\u0151s\u00e9gbiztos\u00edt\u00e1s<\/strong><\/p>\n<p data-start=\"1219\" data-end=\"1588\"><strong data-start=\"1222\" data-end=\"1248\">Elszigetelt p\u00e1roztat\u00e1s<\/strong> \u2013 Kontroll\u00e1lt k\u00f6rnyezetben t\u00f6rt\u00e9n\u0151 teny\u00e9szt\u00e9s a genetikai integrit\u00e1s meg\u0151rz\u00e9se \u00e9rdek\u00e9ben.<br data-start=\"1338\" data-end=\"1341\" \/><strong data-start=\"1344\" data-end=\"1373\">Szigor\u00fa szelekci\u00f3s norm\u00e1k<\/strong> \u2013 Kiv\u00e1l\u00f3 min\u0151s\u00e9g\u0171 any\u00e1k \u00e9s her\u00e9k gondos kiv\u00e1laszt\u00e1sa a magas min\u0151s\u00e9g garant\u00e1l\u00e1s\u00e1hoz.<br data-start=\"1458\" data-end=\"1461\" \/><strong data-start=\"1464\" data-end=\"1487\">Nyomon k\u00f6vethet\u0151s\u00e9g<\/strong> \u2013 Minden Olasz M\u00e9hany\u00e1nk nemzetk\u00f6zi sz\u00ednk\u00f3dokkal van jel\u00f6lve a k\u00f6nny\u0171 azonos\u00edthat\u00f3s\u00e1g \u00e9rdek\u00e9ben.<\/p>\n<p data-start=\"1590\" data-end=\"1613\"><strong data-start=\"1590\" data-end=\"1613\">El\u00e9rhet\u0151s\u00e9g \u00e9s \u00e1rak<\/strong><\/p>\n<p data-start=\"1615\" data-end=\"1724\"><strong data-start=\"1618\" data-end=\"1640\">Sz\u00e1ll\u00edt\u00e1si id\u0151szak<\/strong>: J\u00fanius elej\u00e9t\u0151l szeptember 1-ig.<br data-start=\"1674\" data-end=\"1677\" \/><strong data-start=\"1680\" data-end=\"1686\">\u00c1r<\/strong>: 35 \u20ac + 30 \u20ac sz\u00e1ll\u00edt\u00e1s az EU-n bel\u00fcl.<\/p>\n<p data-start=\"1726\" data-end=\"1872\">Fektessen be Olasz M\u00e9hany\u00e1kba egy eg\u00e9szs\u00e9ges \u00e9s termel\u00e9keny m\u00e9h\u00e9szet\u00e9rt! Rendelje meg most, \u00e9s \u00e9lvezze a kiv\u00e1l\u00f3 genetika el\u0151nyeit kapt\u00e1raiban.<\/p>\n<p data-start=\"1874\" data-end=\"2033\">Tov\u00e1bbi inform\u00e1ci\u00f3\u00e9rt l\u00e1togasson el a Tull Honey Company weboldal\u00e1ra, ahol r\u00e9szletes betekint\u00e9st nyerhet a teny\u00e9szt\u00e9si folyamatokba \u00e9s min\u0151s\u00e9gi szabv\u00e1nyainkba.<\/p>\n<hr data-start=\"2035\" data-end=\"2038\" \/>\n<h3 data-start=\"2040\" data-end=\"2084\"><strong data-start=\"2044\" data-end=\"2084\">Olasz m\u00e9h (Apis mellifera ligustica)<\/strong><\/h3>\n<p data-start=\"2086\" data-end=\"2262\">Az Olasz m\u00e9h, m\u00e1s n\u00e9ven Ligustica m\u00e9h, az eur\u00f3pai m\u00e9zel\u0151 m\u00e9h egyik alfaja (<em data-start=\"2169\" data-end=\"2185\">Apis mellifera<\/em>). Ezek a m\u00e9hek vil\u00e1gszerte rendk\u00edv\u00fcl n\u00e9pszer\u0171ek kiv\u00e1l\u00f3 tulajdons\u00e1gaik miatt.<\/p>\n<p data-start=\"2264\" data-end=\"2286\"><strong data-start=\"2264\" data-end=\"2286\">F\u0151bb tulajdons\u00e1gok<\/strong><\/p>\n<p data-start=\"2288\" data-end=\"2897\"><strong data-start=\"2291\" data-end=\"2312\">Nyugodt term\u00e9szet<\/strong> \u2013 K\u00f6nnyen kezelhet\u0151, k\u00fcl\u00f6n\u00f6sen kezd\u0151 m\u00e9h\u00e9szeknek vagy v\u00e1rosi k\u00f6rnyezetben.<br data-start=\"2387\" data-end=\"2390\" \/><strong data-start=\"2393\" data-end=\"2411\">Magas m\u00e9zhozam<\/strong> \u2013 Kiv\u00e1l\u00f3 gy\u0171jt\u00e9si k\u00e9pess\u00e9g, k\u00fcl\u00f6n\u00f6sen gazdag vir\u00e1gforr\u00e1sokkal rendelkez\u0151 ter\u00fcleteken.<br data-start=\"2497\" data-end=\"2500\" \/><strong data-start=\"2503\" data-end=\"2525\">Er\u0151teljes fias\u00edt\u00e1s<\/strong> \u2013 Nagy \u00e9s akt\u00edv csal\u00e1dokat tartanak fenn eg\u00e9sz \u00e9vben.<br data-start=\"2579\" data-end=\"2582\" \/><strong data-start=\"2585\" data-end=\"2604\">Betegs\u00e9gkezel\u00e9s<\/strong> \u2013 B\u00e1r fog\u00e9konyabb lehet bizonyos betegs\u00e9gekre, megfelel\u0151 kezel\u00e9s mellett j\u00f3l karbantarthat\u00f3.<\/p>\n<p data-start=\"2288\" data-end=\"2897\"><strong data-start=\"2703\" data-end=\"2734\">J\u00f3 telel\u00e9s enyhe \u00e9ghajlaton<\/strong> \u2013 Hidegebb r\u00e9gi\u00f3kban plusz odafigyel\u00e9st ig\u00e9nyelhet.<br data-start=\"2786\" data-end=\"2789\" \/><strong data-start=\"2792\" data-end=\"2823\">Kiv\u00e1l\u00f3 alkalmazkod\u00f3k\u00e9pess\u00e9g<\/strong> \u2013 Sz\u00e1mos kl\u00edm\u00e1hoz j\u00f3l igazodik, ami hozz\u00e1j\u00e1rult glob\u00e1lis n\u00e9pszer\u0171s\u00e9g\u00e9hez.<\/p>\n<p data-start=\"2899\" data-end=\"3044\" data-is-last-node=\"\" data-is-only-node=\"\">Az Olasz m\u00e9hek ide\u00e1lis v\u00e1laszt\u00e1s mind a hivat\u00e1sos, mind a hobbi m\u00e9h\u00e9szek sz\u00e1m\u00e1ra, akik egy termel\u00e9keny \u00e9s k\u00f6nnyen kezelhet\u0151 m\u00e9hfajt keresnek!<\/p>\n","protected":false},"excerpt":{"rendered":"<p data-start=\"0\" data-end=\"72\">Emelje magasabb szintre m\u00e9h\u00e9szked\u00e9s\u00e9t az Olasz M\u00e9hanya seg\u00edts\u00e9g\u00e9vel!<\/p>\n<p data-start=\"74\" data-end=\"358\">V\u00e9letlenszer\u0171en p\u00e1roztatott Olasz M\u00e9hanya kiv\u00e1l\u00f3 olasz v\u00e9rvonalb\u00f3l sz\u00e1rmazik, \u00e9s gondosan v\u00e1logatott higi\u00e9nikus viselked\u00e9se, magas termel\u00e9kenys\u00e9ge, nyugodt term\u00e9szete \u00e9s gyors tavaszi fejl\u0151d\u00e9se miatt. T\u00f6k\u00e9letes v\u00e1laszt\u00e1s a m\u00e9hcsal\u00e1d vitalit\u00e1s\u00e1nak \u00e9s termel\u00e9kenys\u00e9g\u00e9nek n\u00f6vel\u00e9s\u00e9re.<\/p>\n<p data-start=\"360\" data-end=\"485\" data-is-last-node=\"\" data-is-only-node=\"\">El\u00e9rhet\u0151 j\u00fanius elej\u00e9t\u0151l szeptember 1-ig. Biztos\u00edtsa be most az Olasz M\u00e9hany\u00e1t egy sikeres m\u00e9h\u00e9szked\u00e9si szezon \u00e9rdek\u00e9ben!<\/p>\n","protected":false},"featured_media":617,"comment_status":"open","ping_status":"closed","template":"","meta":[],"product_brand":[],"product_cat":[67],"product_tag":[],"class_list":{"0":"post-1082","1":"product","2":"type-product","3":"status-publish","4":"has-post-thumbnail","6":"product_cat-queens-hu","8":"first","9":"instock","10":"taxable","11":"shipping-taxable","12":"purchasable","13":"product-type-simple"},"_links":{"self":[{"href":"https:\/\/tullhoneycompany.com\/hu\/wp-json\/wp\/v2\/product\/1082","targetHints":{"allow":["GET"]}}],"collection":[{"href":"https:\/\/tullhoneycompany.com\/hu\/wp-json\/wp\/v2\/product"}],"about":[{"href":"https:\/\/tullhoneycompany.com\/hu\/wp-json\/wp\/v2\/types\/product"}],"replies":[{"embeddable":true,"href":"https:\/\/tullhoneycompany.com\/hu\/wp-json\/wp\/v2\/comments?post=1082"}],"wp:featuredmedia":[{"embeddable":true,"href":"https:\/\/tullhoneycompany.com\/hu\/wp-json\/wp\/v2\/media\/617"}],"wp:attachment":[{"href":"https:\/\/tullhoneycompany.com\/hu\/wp-json\/wp\/v2\/media?parent=1082"}],"wp:term":[{"taxonomy":"product_brand","embeddable":true,"href":"https:\/\/tullhoneycompany.com\/hu\/wp-json\/wp\/v2\/product_brand?post=1082"},{"taxonomy":"product_cat","embeddable":true,"href":"https:\/\/tullhoneycompany.com\/hu\/wp-json\/wp\/v2\/product_cat?post=1082"},{"taxonomy":"product_tag","embeddable":true,"href":"https:\/\/tullhoneycompany.com\/hu\/wp-json\/wp\/v2\/product_tag?post=1082"}],"curies":[{"name":"wp","href":"https:\/\/api.w.org\/{rel}","templated":true}]}}