{"id":1074,"date":"2024-07-28T13:59:21","date_gmt":"2024-07-28T13:59:21","guid":{"rendered":"https:\/\/tullhoneycompany.com\/product\/tulnyugvo-olasz-kiralyno-veletlenszeru-parzas\/"},"modified":"2025-03-16T16:06:01","modified_gmt":"2025-03-16T16:06:01","slug":"telallo-olasz-mehanya-szabadparzasu","status":"publish","type":"product","link":"https:\/\/tullhoneycompany.com\/hu\/product\/telallo-olasz-mehanya-szabadparzasu\/","title":{"rendered":"T\u00e9l\u00e1ll\u00f3 Olasz M\u00e9hanya &#8211; Szabadp\u00e1rz\u00e1s\u00fa"},"content":{"rendered":"<p data-start=\"0\" data-end=\"280\"><strong data-start=\"0\" data-end=\"11\">Le\u00edr\u00e1s:<\/strong><\/p>\n<p data-start=\"0\" data-end=\"280\">Bemutatjuk a T\u00e9l\u00e1ll\u00f3 Olasz M\u00e9hany\u00e1t, a pr\u00e9mium v\u00e1laszt\u00e1s a korai szezonban t\u00f6rt\u00e9n\u0151 m\u00e9h\u00e9szked\u00e9shez. Ezen regin\u00e1k gondosan t\u00falteleltetve vannak, hogy \u00e1prilisban k\u00e9szen \u00e1lljanak a sz\u00e1ll\u00edt\u00e1sra, biztos\u00edtva \u00d6nnek egy bizony\u00edtott petemegtermel\u0151t a szezon elej\u00e9t\u0151l kezdve.<\/p>\n<h3 data-start=\"282\" data-end=\"299\">F\u0151bb el\u0151ny\u00f6k:<\/h3>\n<p data-start=\"301\" data-end=\"842\"><strong data-start=\"303\" data-end=\"328\">Higi\u00e9nikus viselked\u00e9s<\/strong>: Kiv\u00e1lasztva a kiv\u00e1l\u00f3 tisztas\u00e1guk miatt, el\u0151seg\u00edtve az eg\u00e9szs\u00e9gesebb kapt\u00e1rakat.<br data-start=\"409\" data-end=\"412\" \/><strong data-start=\"414\" data-end=\"432\">Magas termel\u00e9s<\/strong>: Optimaliz\u00e1lva a maxim\u00e1lis m\u00e9zhozam \u00e9s a kol\u00f3nia termel\u00e9kenys\u00e9g sz\u00e1m\u00e1ra.<br data-start=\"505\" data-end=\"508\" \/><strong data-start=\"510\" data-end=\"535\">Nyugodt temperamentum<\/strong>: K\u00f6nnyen kezelhet\u0151, megk\u00f6nny\u00edtve a kapt\u00e1r kezel\u00e9s\u00e9t.<br data-start=\"588\" data-end=\"591\" \/><strong data-start=\"593\" data-end=\"624\">Bizony\u00edtott petemegtermel\u00e9s<\/strong>: T\u00e9l\u00e1ll\u00f3 regin\u00e1ink er\u0151s petemegtermel\u0151 k\u00e9pess\u00e9geikr\u0151l h\u00edresek, biztos\u00edtva a robusztus kol\u00f3nian\u00f6veked\u00e9st.<br data-start=\"729\" data-end=\"732\" \/><strong data-start=\"734\" data-end=\"753\">Korai sz\u00e1ll\u00edt\u00e1s<\/strong>: \u00c1prilisban k\u00e9zhez kaphatja a regin\u00e1t, \u00edgy el\u0151nyre tehet szert a m\u00e9h\u00e9szked\u00e9si szezonban.<\/p>\n<h3 data-start=\"844\" data-end=\"860\">El\u00e9rhet\u0151s\u00e9g:<\/h3>\n<p data-start=\"862\" data-end=\"940\"><strong data-start=\"862\" data-end=\"884\">Sz\u00e1ll\u00edt\u00e1si id\u0151szak<\/strong>: \u00c1prilis k\u00f6zep\u00e9t\u0151l, id\u0151j\u00e1r\u00e1si k\u00f6r\u00fclm\u00e9nyekt\u0151l f\u00fcgg\u0151en.<\/p>\n<p data-start=\"942\" data-end=\"1416\">Ne hagyja ki, hogy biztos\u00edtja a hely\u00e9t, \u00e9s el\u0151re foglalja le a T\u00e9l\u00e1ll\u00f3 Olasz M\u00e9hany\u00e1t. Regin\u00e1inkat nagy kereslet \u00f6vezi kiv\u00e9teles tulajdons\u00e1gaik \u00e9s korai el\u00e9rhet\u0151s\u00e9g\u00fck miatt. Legyen sz\u00f3 a m\u00e9h\u00e9szet b\u0151v\u00edt\u00e9s\u00e9r\u0151l, a m\u00e9ztermel\u00e9s n\u00f6vel\u00e9s\u00e9r\u0151l, vagy a kol\u00f3ni\u00e1k eg\u00e9szs\u00e9g\u00e9nek \u00e9s vitalit\u00e1s\u00e1nak biztos\u00edt\u00e1s\u00e1r\u00f3l, elk\u00f6telezett szem\u00e9lyzet\u00fcnk biztos\u00edtja, hogy a legjobb min\u0151s\u00e9g\u0171 regin\u00e1kat kapja meg. Foglalja le a <strong data-start=\"1342\" data-end=\"1368\">T\u00e9l\u00e1ll\u00f3 Olasz M\u00e9hany\u00e1t<\/strong> most, \u00e9s ind\u00edtson sikeres m\u00e9h\u00e9szked\u00e9si szezont!<\/p>\n<hr data-start=\"1418\" data-end=\"1421\" \/>\n<h3 data-start=\"1423\" data-end=\"1473\"><strong data-start=\"1427\" data-end=\"1471\">Ligustica m\u00e9h (Apis mellifera ligustica)<\/strong><\/h3>\n<p data-start=\"1474\" data-end=\"1834\">A Ligustica m\u00e9h, m\u00e1s n\u00e9ven olasz m\u00e9h, az eur\u00f3pai m\u00e9zel\u0151 m\u00e9h egyik alfaja (<em data-start=\"1556\" data-end=\"1572\">Apis mellifera<\/em>). Reput\u00e1ltak nyugodt term\u00e9szet\u00fckr\u0151l \u00e9s magas termel\u00e9kenys\u00e9g\u00fckr\u0151l, a Ligustica m\u00e9hek a vil\u00e1g egyik legn\u00e9pszer\u0171bb v\u00e1laszt\u00e1sa a m\u00e9h\u00e9szek k\u00f6r\u00e9ben. Az olasz f\u00e9lszigetr\u0151l sz\u00e1rmaznak, \u00e9s sz\u00e9les k\u00f6rben teny\u00e9sztett\u00e9k \u00e9s export\u00e1lt\u00e1k \u0151ket kedvez\u0151 tulajdons\u00e1gaik miatt.<\/p>\n<h3 data-start=\"1836\" data-end=\"1850\">Jellemz\u0151k:<\/h3>\n<p data-start=\"1852\" data-end=\"2826\"><strong data-start=\"1855\" data-end=\"1876\">Nyugodt term\u00e9szet<\/strong>: A <strong data-start=\"1880\" data-end=\"1893\">Ligustica<\/strong> m\u00e9hek nyugodt \u00e9s szel\u00edd viselked\u00e9s\u00fckr\u0151l h\u00edresek, \u00edgy k\u00f6nnyebben kezelhet\u0151k, mint m\u00e1s m\u00e9hfajok.<br data-start=\"1988\" data-end=\"1991\" \/><strong data-start=\"1994\" data-end=\"2012\">Magas termel\u00e9s<\/strong>: Kiv\u00e1l\u00f3 m\u00e9ztermel\u0151 k\u00e9pess\u00e9g\u00fck van, k\u00fcl\u00f6n\u00f6sen azokban a ter\u00fcleteken, ahol b\u0151s\u00e9ges vir\u00e1gforr\u00e1sok \u00e1llnak rendelkez\u00e9sre.<br data-start=\"2129\" data-end=\"2132\" \/><strong data-start=\"2135\" data-end=\"2159\">Er\u0151s puietteny\u00e9szt\u00e9s<\/strong>: A <strong data-start=\"2163\" data-end=\"2176\">Ligustica<\/strong> m\u00e9hek er\u0151s puietteny\u00e9szt\u00e9si viselked\u00e9st mutatnak, fenntartva nagy \u00e9s akt\u00edv kol\u00f3ni\u00e1kat eg\u00e9sz \u00e9vben.<br data-start=\"2275\" data-end=\"2278\" \/><strong data-start=\"2281\" data-end=\"2320\">Betegs\u00e9gekkel szembeni ellen\u00e1ll\u00f3s\u00e1g<\/strong>: B\u00e1r a Ligustica m\u00e9hek \u00e1ltal\u00e1ban eg\u00e9szs\u00e9gesek, hajlamosabbak bizonyos betegs\u00e9gekre, mint p\u00e9ld\u00e1ul a varroa atk\u00e1k. Megfelel\u0151 kezel\u00e9s mellett azonban ezek j\u00f3l kezelhet\u0151k.<br data-start=\"2492\" data-end=\"2495\" \/><strong data-start=\"2498\" data-end=\"2512\">T\u00faltelel\u00e9s<\/strong>: A m\u00e9rs\u00e9kelt \u00e9ghajlat\u00fa ter\u00fcleteken j\u00f3l telelnek, er\u0151s kol\u00f3ni\u00e1kat tartva, amelyek k\u00e9szen \u00e1llnak a tavaszi terjeszked\u00e9sre.<br data-start=\"2633\" data-end=\"2636\" \/><strong data-start=\"2639\" data-end=\"2664\">Alkalmazkod\u00f3 k\u00e9pess\u00e9g<\/strong>: A Ligustica m\u00e9hek rendk\u00edv\u00fcl j\u00f3l alkalmazkodnak a k\u00fcl\u00f6nb\u00f6z\u0151 \u00e9ghajlati \u00e9s k\u00f6rnyezeti felt\u00e9telekhez, amely el\u0151seg\u00edtette elterjed\u00e9s\u00fcket a vil\u00e1g sz\u00e1mos r\u00e9sz\u00e9n.<\/p>\n<p data-start=\"2828\" data-end=\"2932\" data-is-last-node=\"\" data-is-only-node=\"\">A <strong data-start=\"2830\" data-end=\"2843\">Ligustica<\/strong> m\u00e9h a t\u00f6k\u00e9letes v\u00e1laszt\u00e1s azoknak, akik termel\u00e9keny, k\u00f6nnyen kezelhet\u0151 m\u00e9hfajt keresnek!<\/p>\n","protected":false},"excerpt":{"rendered":"<p>Fejlessze m\u00e9h\u00e9szet\u00e9t <strong data-start=\"21\" data-end=\"51\">T\u00e9l\u00e1ll\u00f3 Olasz M\u00e9hany\u00e1nkkal<\/strong>! \u00c1prilisban sz\u00e1ll\u00edtjuk, ezek a regin\u00e1k bizony\u00edtott petemegtermel\u0151k, biztos\u00edtva a kol\u00f3ni\u00e1k er\u0151s n\u00f6veked\u00e9s\u00e9t m\u00e1r a szezon kezdet\u00e9t\u0151l. Higi\u00e9nikus viselked\u00e9s\u00fck, magas termel\u00e9si ar\u00e1nyuk, nyugodt temperamentumuk \u00e9s robusztus t\u00faltelel\u00e9si k\u00e9pess\u00e9g\u00fck alapj\u00e1n lettek kiv\u00e1lasztva. T\u00f6k\u00e9letes v\u00e1laszt\u00e1s a sikeres m\u00e9h\u00e9szked\u00e9si szezon el\u0151ny\u00f6s ind\u00edt\u00e1s\u00e1hoz.<\/p>\n<p>&nbsp;<\/p>\n","protected":false},"featured_media":779,"comment_status":"open","ping_status":"closed","template":"","meta":[],"product_brand":[],"product_cat":[67],"product_tag":[],"class_list":{"0":"post-1074","1":"product","2":"type-product","3":"status-publish","4":"has-post-thumbnail","6":"product_cat-queens-hu","8":"first","9":"instock","10":"taxable","11":"shipping-taxable","12":"purchasable","13":"product-type-simple"},"_links":{"self":[{"href":"https:\/\/tullhoneycompany.com\/hu\/wp-json\/wp\/v2\/product\/1074","targetHints":{"allow":["GET"]}}],"collection":[{"href":"https:\/\/tullhoneycompany.com\/hu\/wp-json\/wp\/v2\/product"}],"about":[{"href":"https:\/\/tullhoneycompany.com\/hu\/wp-json\/wp\/v2\/types\/product"}],"replies":[{"embeddable":true,"href":"https:\/\/tullhoneycompany.com\/hu\/wp-json\/wp\/v2\/comments?post=1074"}],"wp:featuredmedia":[{"embeddable":true,"href":"https:\/\/tullhoneycompany.com\/hu\/wp-json\/wp\/v2\/media\/779"}],"wp:attachment":[{"href":"https:\/\/tullhoneycompany.com\/hu\/wp-json\/wp\/v2\/media?parent=1074"}],"wp:term":[{"taxonomy":"product_brand","embeddable":true,"href":"https:\/\/tullhoneycompany.com\/hu\/wp-json\/wp\/v2\/product_brand?post=1074"},{"taxonomy":"product_cat","embeddable":true,"href":"https:\/\/tullhoneycompany.com\/hu\/wp-json\/wp\/v2\/product_cat?post=1074"},{"taxonomy":"product_tag","embeddable":true,"href":"https:\/\/tullhoneycompany.com\/hu\/wp-json\/wp\/v2\/product_tag?post=1074"}],"curies":[{"name":"wp","href":"https:\/\/api.w.org\/{rel}","templated":true}]}}