{"id":1067,"date":"2024-07-28T14:15:04","date_gmt":"2024-07-28T14:15:04","guid":{"rendered":"https:\/\/tullhoneycompany.com\/product\/szigeti-parositott-olasz-kiralyno\/"},"modified":"2025-03-16T16:20:22","modified_gmt":"2025-03-16T16:20:22","slug":"szigeten-parzott-olasz-mehanya","status":"publish","type":"product","link":"https:\/\/tullhoneycompany.com\/hu\/product\/szigeten-parzott-olasz-mehanya\/","title":{"rendered":"Szigeten p\u00e1rzott Olasz M\u00e9hanya"},"content":{"rendered":"<p data-start=\"0\" data-end=\"418\"><strong data-start=\"0\" data-end=\"11\">Le\u00edr\u00e1s:<\/strong> Bemutatjuk a Szigeten P\u00e1rzott Olasz M\u00e9hany\u00e1t, a pr\u00e9mium v\u00e1laszt\u00e1s azoknak a m\u00e9h\u00e9szeknek, akik a legjobb min\u0151s\u00e9g\u0171 regin\u00e1kat keresik. Ezek a Olasz M\u00e9hany\u00e1k gondosan szigeten p\u00e1roztatva vannak, hogy biztos\u00edts\u00e1k a genetikai tisztas\u00e1got \u00e9s a kiv\u00e1l\u00f3 tulajdons\u00e1gokat. J\u00falius elej\u00e9t\u0151l sz\u00e1ll\u00edthat\u00f3k, \u00e9s egy bizony\u00edtott petemegtermel\u0151t k\u00edn\u00e1lnak, amely k\u00e9szen \u00e1ll arra, hogy gazdag\u00edtsa a genetikai \u00e1llom\u00e1ny\u00e1t.<\/p>\n<h3 data-start=\"420\" data-end=\"469\"><strong data-start=\"424\" data-end=\"469\">A Szigeten P\u00e1rzott Olasz M\u00e9hanya el\u0151nyei:<\/strong><\/h3>\n<p data-start=\"470\" data-end=\"930\"><strong data-start=\"472\" data-end=\"503\">Bizony\u00edtott petemegtermel\u00e9s<\/strong>: A szigeten p\u00e1roztatott regin\u00e1ink er\u0151s petemegtermel\u0151 k\u00e9pess\u00e9gekr\u0151l tettek tan\u00fabizonys\u00e1got, biztos\u00edtva a robusztus kol\u00f3nian\u00f6veked\u00e9st.<br data-start=\"637\" data-end=\"640\" \/><strong data-start=\"642\" data-end=\"667\">Higi\u00e9nikus viselked\u00e9s<\/strong>: Kiv\u00e1lasztva a kiv\u00e1l\u00f3 tisztas\u00e1guk miatt, el\u0151seg\u00edtve az eg\u00e9szs\u00e9gesebb kapt\u00e1rakat.<br data-start=\"748\" data-end=\"751\" \/><strong data-start=\"753\" data-end=\"771\">Magas termel\u00e9s<\/strong>: Optimaliz\u00e1lva a maxim\u00e1lis m\u00e9zhozam \u00e9s kol\u00f3nia termel\u00e9kenys\u00e9g sz\u00e1m\u00e1ra.<br data-start=\"842\" data-end=\"845\" \/><strong data-start=\"847\" data-end=\"872\">Nyugodt temperamentum<\/strong>: Kezes, k\u00f6nnyen kezelhet\u0151, megk\u00f6nny\u00edtve a kapt\u00e1rkezel\u00e9st.<\/p>\n<h3 data-start=\"932\" data-end=\"952\"><strong data-start=\"936\" data-end=\"952\">El\u00e9rhet\u0151s\u00e9g:<\/strong><\/h3>\n<p data-start=\"954\" data-end=\"1096\"><strong data-start=\"957\" data-end=\"979\">Sz\u00e1ll\u00edt\u00e1si id\u0151szak<\/strong>: J\u00falius elej\u00e9t\u0151l el\u00e9rhet\u0151, az id\u0151j\u00e1r\u00e1si k\u00f6r\u00fclm\u00e9nyekt\u0151l f\u00fcgg\u0151en.<br data-start=\"1043\" data-end=\"1046\" \/><strong data-start=\"1049\" data-end=\"1055\">\u00c1r<\/strong>: 280 \u20ac + 30 \u20ac sz\u00e1ll\u00edt\u00e1s az EU-n bel\u00fcl.<\/p>\n<p data-start=\"1098\" data-end=\"1556\" data-is-last-node=\"\" data-is-only-node=\"\">Biztos\u00edtja hely\u00e9t, ha el\u0151re foglalja a Szigeten P\u00e1rzott Olasz M\u00e9hany\u00e1<strong data-start=\"1137\" data-end=\"1172\">t<\/strong>. Regin\u00e1ink nagy keresletnek \u00f6rvendenek kiv\u00e9teles tulajdons\u00e1gaik \u00e9s korai el\u00e9rhet\u0151s\u00e9g\u00fck miatt. Ak\u00e1r b\u0151v\u00edti az api\u00e1rium\u00e1t, n\u00f6veli a m\u00e9ztermel\u00e9st, vagy biztos\u00edtja kol\u00f3ni\u00e1inak eg\u00e9szs\u00e9g\u00e9t \u00e9s vitalit\u00e1s\u00e1t, elk\u00f6telezett szem\u00e9lyzet\u00fcnk biztos\u00edtja, hogy a legjobb min\u0151s\u00e9g\u0171 regin\u00e1kat kapja meg. Foglalja le a Szigeten P\u00e1rzott Olasz M\u00e9hany\u00e1t most, \u00e9s kezdje el a sikeres m\u00e9h\u00e9szked\u00e9si szezont!<\/p>\n","protected":false},"excerpt":{"rendered":"<p>Fejlessze m\u00e9h\u00e9szet\u00e9t a Szigeten P\u00e1rzott Olasz M\u00e9hany\u00e1nkkal! Ezek a regin\u00e1k bizony\u00edtott petemegtermel\u0151 k\u00e9pess\u00e9geikr\u0151l, kiv\u00e1l\u00f3 higi\u00e9nikus viselked\u00e9s\u00fckr\u0151l, magas m\u00e9ztermel\u00e9s\u00fckr\u0151l \u00e9s nyugodt temperamentumukr\u00f3l ismertek. T\u00f6k\u00e9letesek a kol\u00f3ni\u00e1k eg\u00e9szs\u00e9g\u00e9nek \u00e9s termel\u00e9kenys\u00e9g\u00e9nek n\u00f6vel\u00e9s\u00e9re. A szigeten p\u00e1rzott regin\u00e1k j\u00falius elej\u00e9t\u0151l el\u00e9rhet\u0151k. Biztos\u00edtsa be regin\u00e1j\u00e1t most egy sikeres m\u00e9h\u00e9szked\u00e9si szezon \u00e9rdek\u00e9ben!<\/p>\n","protected":false},"featured_media":788,"comment_status":"open","ping_status":"closed","template":"","meta":[],"product_brand":[],"product_cat":[67],"product_tag":[],"class_list":{"0":"post-1067","1":"product","2":"type-product","3":"status-publish","4":"has-post-thumbnail","6":"product_cat-queens-hu","8":"first","9":"instock","10":"taxable","11":"shipping-taxable","12":"purchasable","13":"product-type-simple"},"_links":{"self":[{"href":"https:\/\/tullhoneycompany.com\/hu\/wp-json\/wp\/v2\/product\/1067","targetHints":{"allow":["GET"]}}],"collection":[{"href":"https:\/\/tullhoneycompany.com\/hu\/wp-json\/wp\/v2\/product"}],"about":[{"href":"https:\/\/tullhoneycompany.com\/hu\/wp-json\/wp\/v2\/types\/product"}],"replies":[{"embeddable":true,"href":"https:\/\/tullhoneycompany.com\/hu\/wp-json\/wp\/v2\/comments?post=1067"}],"wp:featuredmedia":[{"embeddable":true,"href":"https:\/\/tullhoneycompany.com\/hu\/wp-json\/wp\/v2\/media\/788"}],"wp:attachment":[{"href":"https:\/\/tullhoneycompany.com\/hu\/wp-json\/wp\/v2\/media?parent=1067"}],"wp:term":[{"taxonomy":"product_brand","embeddable":true,"href":"https:\/\/tullhoneycompany.com\/hu\/wp-json\/wp\/v2\/product_brand?post=1067"},{"taxonomy":"product_cat","embeddable":true,"href":"https:\/\/tullhoneycompany.com\/hu\/wp-json\/wp\/v2\/product_cat?post=1067"},{"taxonomy":"product_tag","embeddable":true,"href":"https:\/\/tullhoneycompany.com\/hu\/wp-json\/wp\/v2\/product_tag?post=1067"}],"curies":[{"name":"wp","href":"https:\/\/api.w.org\/{rel}","templated":true}]}}