{"id":1181,"date":"2024-08-11T08:36:07","date_gmt":"2024-08-11T08:36:07","guid":{"rendered":"https:\/\/tullhoneycompany.com\/cukorszirup-kalkulator\/"},"modified":"2025-03-09T07:20:48","modified_gmt":"2025-03-09T07:20:48","slug":"cukorszirup-kalkulator","status":"publish","type":"page","link":"https:\/\/tullhoneycompany.com\/hu\/cukorszirup-kalkulator\/","title":{"rendered":"CUKORSZIRUP KALKUL\u00c1TOR"},"content":{"rendered":"\n<figure class=\"wp-block-image aligncenter size-full is-resized is-style-rounded\"><img loading=\"lazy\" decoding=\"async\" width=\"1024\" height=\"1024\" src=\"https:\/\/tullhoneycompany.com\/wp-content\/uploads\/2024\/08\/DALL\u00b7E-2024-08-11-15.31.11-A-vintage-black-and-white-image-featuring-an-old-fashioned-calculator-with-large-mechanical-buttons-placed-on-a-rustic-wooden-surface.-Next-to-the-ca.webp\" alt=\"Cukorszirup kalkul\u00e1tor, m\u00e9h\u00e9szeti timol szirup, timoliz\u00e1lt szirup kalkul\u00e1tor\" class=\"wp-image-302\" style=\"width:279px;height:auto\" srcset=\"https:\/\/tullhoneycompany.com\/wp-content\/uploads\/2024\/08\/DALL\u00b7E-2024-08-11-15.31.11-A-vintage-black-and-white-image-featuring-an-old-fashioned-calculator-with-large-mechanical-buttons-placed-on-a-rustic-wooden-surface.-Next-to-the-ca.webp 1024w, https:\/\/tullhoneycompany.com\/wp-content\/uploads\/2024\/08\/DALL\u00b7E-2024-08-11-15.31.11-A-vintage-black-and-white-image-featuring-an-old-fashioned-calculator-with-large-mechanical-buttons-placed-on-a-rustic-wooden-surface.-Next-to-the-ca-300x300.webp 300w, https:\/\/tullhoneycompany.com\/wp-content\/uploads\/2024\/08\/DALL\u00b7E-2024-08-11-15.31.11-A-vintage-black-and-white-image-featuring-an-old-fashioned-calculator-with-large-mechanical-buttons-placed-on-a-rustic-wooden-surface.-Next-to-the-ca-150x150.webp 150w, https:\/\/tullhoneycompany.com\/wp-content\/uploads\/2024\/08\/DALL\u00b7E-2024-08-11-15.31.11-A-vintage-black-and-white-image-featuring-an-old-fashioned-calculator-with-large-mechanical-buttons-placed-on-a-rustic-wooden-surface.-Next-to-the-ca-768x768.webp 768w, https:\/\/tullhoneycompany.com\/wp-content\/uploads\/2024\/08\/DALL\u00b7E-2024-08-11-15.31.11-A-vintage-black-and-white-image-featuring-an-old-fashioned-calculator-with-large-mechanical-buttons-placed-on-a-rustic-wooden-surface.-Next-to-the-ca-600x600.webp 600w, https:\/\/tullhoneycompany.com\/wp-content\/uploads\/2024\/08\/DALL\u00b7E-2024-08-11-15.31.11-A-vintage-black-and-white-image-featuring-an-old-fashioned-calculator-with-large-mechanical-buttons-placed-on-a-rustic-wooden-surface.-Next-to-the-ca-100x100.webp 100w\" sizes=\"auto, (max-width: 1024px) 100vw, 1024px\" \/><\/figure>\n\n\n\n<h2 class=\"wp-block-heading has-text-align-center\">  CUKORSZIRUP KALKUL\u00c1TOR<\/h2>\n\n\n\n<div class=\"wp-block-group alignfull has-background-background-color has-background has-global-padding is-content-justification-center is-layout-constrained wp-container-core-group-is-layout-0412f85b wp-block-group-is-layout-constrained\" style=\"margin-top:0;margin-bottom:0;padding-top:var(--wp--preset--spacing--60);padding-right:var(--wp--preset--spacing--30);padding-bottom:var(--wp--preset--spacing--60);padding-left:var(--wp--preset--spacing--30)\">\n<div style=\"text-align: center;\">\n    \n\n        <div style=\"margin-bottom: 15px;\">\n            <label for=\"syrupVolumeLabel\" style=\"font-size: 1.8em; display: block;\">Sz\u00f6rp liter:<\/label>\n            <input type=\"number\" id=\"syrupVolume\" value=\"100\" step=\"0.01\" oninput=\"updateSugarAndWaterFromSyrup()\" style=\"font-size: 2.5em; width: 270px; border: none; border-bottom: 2px solid black; text-align: center;\">\n        <\/div>\n\n        <div style=\"margin-bottom: 15px;\">\n            <label for=\"sugarPercentage\" style=\"font-size: 1.8em; display: block;\">Cukortartalom a sz\u00f6rpben (%):<\/label>\n            <input type=\"number\" id=\"sugarPercentage\" value=\"66.66\" step=\"0.01\" min=\"1\" max=\"72\" oninput=\"updateSugarAndWaterFromPercentage()\" style=\"font-size: 2.5em; width: 270px; border: none; border-bottom: 2px solid black; text-align: center; color: red;\">\n        <\/div>\n\n        <div style=\"margin-bottom: 15px;\">\n            <label for=\"sugarNeededLabel\" style=\"font-size: 1.8em; display: block;\">Cukor kilogramm:<\/label>\n            <input type=\"number\" id=\"sugarNeeded\" step=\"0.01\" oninput=\"updateWaterFromSugar()\" style=\"font-size: 2.5em; width: 270px; border: none; border-bottom: 2px solid black; text-align: center;\">\n        <\/div>\n\n        <div style=\"margin-bottom: 15px;\">\n            <label for=\"waterNeededLabel\" style=\"font-size: 1.8em; display: block;\">V\u00edz liter:<\/label>\n            <input type=\"number\" id=\"waterNeeded\" step=\"0.01\" oninput=\"updateSugarFromWater()\" style=\"font-size: 2.5em; width: 270px; border: none; border-bottom: 2px solid black; text-align: center;\">\n        <\/div>\n\n        <div style=\"margin-bottom: 15px;\">\n            <label for=\"unitSystem\" style=\"font-size: 1.8em; display: block;\">V\u00e1lasszon m\u00e9rt\u00e9kegys\u00e9grendszert:<\/label>\n            <select id=\"unitSystem\" onchange=\"updateLabels(); calculateSyrup()\" style=\"font-size: 1.5em;\">\n                <option value=\"imperial\">Imperial (Gallons and Pounds)<\/option>\n                <option value=\"metric\" selected>Metrikus (liter \u00e9s kilogramm)<\/option>\n            <\/select>\n        <\/div>\n\n        <h2 style=\"font-size: 2em; margin-top: 25px;\">T\u00edmol hozz\u00e1ad\u00e1sal<\/h2>\n\n        <div style=\"margin-bottom: 15px;\">\n            <label for=\"requiredMix\" style=\"font-size: 1.8em; display: block;\">T\u00edmol \u00e9s izopropil-alkohol kever\u00e9ke<\/label>\n            <span id=\"requiredMix\" style=\"font-size: 1.8em; display: block;\">0<\/span>\n        <\/div>\n\n        <div style=\"margin-bottom: 15px;\">\n            <label for=\"thymol\" style=\"font-size: 1.8em; display: block;\">T\u00edmol:<\/label>\n            <span id=\"thymol\" style=\"font-size: 1.8em; display: block;\">0<\/span>\n        <\/div>\n\n        <div style=\"margin-bottom: 15px;\">\n            <label for=\"isopropylAlcohol\" style=\"font-size: 1.8em; display: block;\">91% izopropil-alkohol:<\/label>\n            <span id=\"isopropylAlcohol\" style=\"font-size: 1.8em; display: block;\">0<\/span>\n        <\/div>\n    <\/div>\n\n    <script>\n        const densityLookup = {\n            72: 1.3633, 71: 1.3570, 70: 1.3507, 69: 1.3445, 68: 1.3383,\n            67: 1.3321, 66: 1.3260, 65: 1.3190, 64: 1.3139, 63: 1.3079,\n            62: 1.3019, 61: 1.2959, 60: 1.2900, 59: 1.2841, 58: 1.2783,\n            57: 1.2725, 56: 1.2667, 55: 1.2610, 54: 1.2553, 53: 1.2497,\n            52: 1.2441, 51: 1.2385, 50: 1.2339, 49: 1.2274, 48: 1.2229,\n            47: 1.2165, 46: 1.2111, 45: 1.2057, 44: 1.2004, 43: 1.1951,\n            42: 1.1898, 41: 1.1846, 40: 1.1794, 39: 1.1743, 38: 1.1692,\n            37: 1.1641, 36: 1.1590, 35: 1.1540, 34: 1.1490, 33: 1.1440,\n            32: 1.1391, 31: 1.1343, 30: 1.1295, 29: 1.1247, 28: 1.1200,\n            27: 1.1153, 26: 1.1106, 25: 1.1059, 24: 1.1013, 23: 1.0967,\n            22: 1.0922, 21: 1.0877, 20: 1.0832, 19: 1.0788, 18: 1.0744,\n            17: 1.0700, 16: 1.0657, 15: 1.0614, 14: 1.0572, 13: 1.0530,\n            12: 1.0488, 11: 1.0446, 10: 1.0404, 9: 1.0363, 8: 1.0322,\n            7: 1.0281, 6: 1.0240, 5: 1.0200, 4: 1.0160, 3: 1.0120,\n            2: 1.0080, 1: 1.0040\n        };\n\n        function getDensity(sugarPercentage) {\n            const roundedPercentage = Math.round(sugarPercentage);\n            return densityLookup[roundedPercentage];\n        }\n\n        function updateLabels() {\n            const unitSystem = document.getElementById('unitSystem').value;\n\n            if (unitSystem === 'imperial') {\n                document.querySelector('label[for=\"syrupVolumeLabel\"]').innerText = 'Gallons of Syrup:';\n                document.querySelector('label[for=\"sugarNeededLabel\"]').innerText = 'Pounds of Sugar:';\n                document.querySelector('label[for=\"waterNeededLabel\"]').innerText = 'Gallons of Water:';\n            } else if (unitSystem === 'metric') {\n                document.querySelector('label[for=\"syrupVolumeLabel\"]').innerText = 'Sz\u00f6rp liter:';\n                document.querySelector('label[for=\"sugarNeededLabel\"]').innerText = 'Cukor kilogramm:';\n                document.querySelector('label[for=\"waterNeededLabel\"]').innerText = 'V\u00edz liter:';\n            }\n        }\n\n        function calculateSyrup() {\n            const unitSystem = document.getElementById('unitSystem').value;\n            const syrupVolume = parseFloat(document.getElementById('syrupVolume').value);\n            let sugarPercentage = parseFloat(document.getElementById('sugarPercentage').value);\n\n            if (sugarPercentage < 1) sugarPercentage = 1;\n            if (sugarPercentage > 72) sugarPercentage = 72;\n            document.getElementById('sugarPercentage').value = sugarPercentage.toFixed(2);\n\n            const density = getDensity(sugarPercentage);\n\n            if (unitSystem === 'metric') {\n                const sugarNeeded = syrupVolume * (sugarPercentage \/ 100) * density;\n                const waterNeeded = syrupVolume * ((100 - sugarPercentage) \/ 100) * density;\n\n                document.getElementById('sugarNeeded').value = sugarNeeded.toFixed(2);\n                document.getElementById('waterNeeded').value = waterNeeded.toFixed(2);\n\n            } else if (unitSystem === 'imperial') {\n                const syrupVolumeLiters = syrupVolume * 3.78541;\n                const sugarNeededKg = syrupVolumeLiters * (sugarPercentage \/ 100) * density;\n                const waterNeededLiters = syrupVolumeLiters * ((100 - sugarPercentage) \/ 100) * density;\n\n                const syrupVolumeGallons = syrupVolumeLiters \/ 3.78541;\n                const sugarNeededLbs = sugarNeededKg * 2.20462;\n                const waterNeededGallons = waterNeededLiters \/ 3.78541;\n\n                document.getElementById('syrupVolume').value = syrupVolumeGallons.toFixed(2);\n                document.getElementById('sugarNeeded').value = sugarNeededLbs.toFixed(2);\n                document.getElementById('waterNeeded').value = waterNeededGallons.toFixed(2);\n            }\n\n            calculateThymol();\n        }\n\n        function updateSyrupFromSugarAndWater() {\n            const sugarNeeded = parseFloat(document.getElementById('sugarNeeded').value);\n            const waterNeeded = parseFloat(document.getElementById('waterNeeded').value);\n            const sugarPercentage = parseFloat(document.getElementById('sugarPercentage').value);\n\n            if (isNaN(sugarNeeded) || isNaN(waterNeeded) || sugarNeeded < 0 || waterNeeded < 0) {\n                return;\n            }\n\n            const syrupVolume = (sugarNeeded * 100) \/ (sugarPercentage * getDensity(sugarPercentage));\n            document.getElementById('syrupVolume').value = syrupVolume.toFixed(2);\n\n            calculateThymol();\n        }\n\n        function updateSugarAndWaterFromSyrup() {\n            const syrupVolume = parseFloat(document.getElementById('syrupVolume').value);\n            const sugarPercentage = parseFloat(document.getElementById('sugarPercentage').value);\n            const density = getDensity(sugarPercentage);\n\n            if (isNaN(syrupVolume) || syrupVolume <= 0) {\n                return;\n            }\n\n            const sugarNeeded = syrupVolume * (sugarPercentage \/ 100) * density;\n            const waterNeeded = syrupVolume * ((100 - sugarPercentage) \/ 100) * density;\n\n            document.getElementById('sugarNeeded').value = sugarNeeded.toFixed(2);\n            document.getElementById('waterNeeded').value = waterNeeded.toFixed(2);\n\n            calculateThymol();\n        }\n\n        function updateSugarAndWaterFromPercentage() {\n            updateSugarAndWaterFromSyrup();\n        }\n\n        function updateWaterFromSugar() {\n            const sugarNeeded = parseFloat(document.getElementById('sugarNeeded').value);\n            const sugarPercentage = parseFloat(document.getElementById('sugarPercentage').value);\n            const density = getDensity(sugarPercentage);\n\n            if (isNaN(sugarNeeded) || sugarNeeded < 0) {\n                return;\n            }\n\n            const syrupVolume = (sugarNeeded * 100) \/ (sugarPercentage * density);\n            const waterNeeded = syrupVolume * ((100 - sugarPercentage) \/ 100) * density;\n\n            document.getElementById('syrupVolume').value = syrupVolume.toFixed(2);\n            document.getElementById('waterNeeded').value = waterNeeded.toFixed(2);\n\n            calculateThymol();\n        }\n\n        function updateSugarFromWater() {\n            const waterNeeded = parseFloat(document.getElementById('waterNeeded').value);\n            const sugarPercentage = parseFloat(document.getElementById('sugarPercentage').value);\n            const density = getDensity(sugarPercentage);\n\n            if (isNaN(waterNeeded) || waterNeeded < 0) {\n                return;\n            }\n\n            const syrupVolume = waterNeeded \/ ((100 - sugarPercentage) \/ 100 * density);\n            const sugarNeeded = syrupVolume * (sugarPercentage \/ 100) * density;\n\n            document.getElementById('syrupVolume').value = syrupVolume.toFixed(2);\n            document.getElementById('sugarNeeded').value = sugarNeeded.toFixed(2);\n            document.getElementById('waterNeeded').value = waterNeeded.toFixed(2);\n\n            calculateThymol();\n        }\n\n        function calculateThymol() {\n            const unitSystem = document.getElementById('unitSystem').value;\n            const syrupVolume = parseFloat(document.getElementById('syrupVolume').value);\n\n            let requiredMix, thymol, isopropylAlcohol;\n\n            if (unitSystem === 'metric') {\n                requiredMix = syrupVolume * (2 \/ 3.78541);\n                thymol = (requiredMix \/ 100) * 12.5;\n                isopropylAlcohol = (requiredMix \/ 100) * 88;\n\n                document.getElementById('requiredMix').innerText = requiredMix.toFixed(2) + \" ml\";\n                document.getElementById('thymol').innerText = thymol.toFixed(2) + \" g\";\n                document.getElementById('isopropylAlcohol').innerText = isopropylAlcohol.toFixed(2) + \" ml\";\n            } else if (unitSystem === 'imperial') {\n                requiredMix = 0.0676280454 * syrupVolume;\n                thymol = 0.00881849048 * syrupVolume;\n                isopropylAlcohol = 0.88 * requiredMix;\n\n                document.getElementById('requiredMix').innerText = requiredMix.toFixed(2) + \" fl oz\";\n                document.getElementById('thymol').innerText = thymol.toFixed(2) + \" oz\";\n                document.getElementById('isopropylAlcohol').innerText = isopropylAlcohol.toFixed(2) + \" fl oz\";\n            }\n\n          \n        }\n\n        updateLabels();\n        calculateSyrup();\n    <\/script>\n\n\n\n<p class=\"has-large-font-size\"><strong>A cukorszirup-kalkul\u00e1tor haszn\u00e1lata<\/strong><\/p>\n\n\n\n<p>Ez a <strong>cukorszirup-kalkul\u00e1tor<\/strong> n\u00e9lk\u00fcl\u00f6zhetetlen eszk\u00f6z a m\u00e9h\u00e9szek sz\u00e1m\u00e1ra, akik a t\u00f6k\u00e9letes cukorszirup-receptet szeretn\u00e9k megalkotni m\u00e9heik sz\u00e1m\u00e1ra.\nAk\u00e1r 1:1 ar\u00e1ny\u00fa cukorszirupot k\u00e9sz\u00edt a tavaszi etet\u00e9shez, ak\u00e1r 2:1 ar\u00e1ny\u00fa cukorszirupot az \u0151szi etet\u00e9shez, ez a kalkul\u00e1tor megk\u00f6nny\u00edti az ar\u00e1nyok helyes be\u00e1ll\u00edt\u00e1s\u00e1t.\nA helyes r\u00e9szar\u00e1nyok, mint p\u00e9ld\u00e1ul az 1:1, 2:1 vagy ak\u00e1r az 1:2 cukorszirup, meg\u00e9rt\u00e9se kulcsfontoss\u00e1g\u00fa ahhoz, hogy m\u00e9hei eg\u00e9sz \u00e9vben megkapj\u00e1k a sz\u00fcks\u00e9ges t\u00e1panyagot.  <\/p>\n\n\n\n<p class=\"has-large-font-size\"><strong>A sz\u00e1mol\u00f3g\u00e9p haszn\u00e1lat\u00e1nak l\u00e9p\u00e9sei:<\/strong><\/p>\n\n\n\n<ol class=\"wp-block-list\">\n<li><strong>V\u00e1lassza ki az egys\u00e9grendszert:<\/strong> V\u00e1lasszon a metrikus (liter \u00e9s kilogramm) vagy a birodalmi (gallon \u00e9s font) m\u00e9rt\u00e9kegys\u00e9gek k\u00f6z\u00fcl.<\/li>\n\n\n\n<li><strong>Adja meg a szirup mennyis\u00e9g\u00e9t:<\/strong> Adja meg a k\u00edv\u00e1nt cukorszirup mennyis\u00e9g\u00e9t, ak\u00e1r kis adagot k\u00e9sz\u00edt n\u00e9h\u00e1ny m\u00e9hcsal\u00e1d sz\u00e1m\u00e1ra, ak\u00e1r nagy adagot az eg\u00e9sz m\u00e9h\u00e9szet sz\u00e1m\u00e1ra.<\/li>\n\n\n\n<li><strong>\u00c1ll\u00edtsa be a cukorsz\u00e1zal\u00e9kot:<\/strong> \u00c1ll\u00edtsa be a cukorkoncentr\u00e1ci\u00f3t a m\u00e9hek ig\u00e9nyeinek megfelel\u0151en.\nAz alap\u00e9rtelmezett \u00e9rt\u00e9k 66,66%-ra van be\u00e1ll\u00edtva, ami a legt\u00f6bb cukorszirup-recepthez j\u00f3l m\u0171k\u00f6dik, de be\u00e1ll\u00edthatja 1:1, 2:1 vagy m\u00e1s cukor-v\u00edz ar\u00e1nyok l\u00e9trehoz\u00e1s\u00e1hoz. <\/li>\n\n\n\n<li><strong>Ellen\u0151rizze a cukor- \u00e9s v\u00edz\u00e9rt\u00e9keket:<\/strong> A kalkul\u00e1tor automatikusan kisz\u00e1m\u00edtja a k\u00edv\u00e1nt szirup \u00e1llag el\u00e9r\u00e9s\u00e9hez sz\u00fcks\u00e9ges pontos cukor- \u00e9s v\u00edzmennyis\u00e9get, f\u00fcggetlen\u00fcl att\u00f3l, hogy 1:1 vagy 2:1 cukorszirupot k\u00e9sz\u00edt.<\/li>\n\n\n\n<li><strong>Thymol hozz\u00e1ad\u00e1sa:<\/strong> A sz\u00e1mol\u00f3g\u00e9p meghat\u00e1rozza a megfelel\u0151 mennyis\u00e9g\u0171 timol \u00e9s 91%-os izopropil-alkohol hozz\u00e1ad\u00e1s\u00e1t is, hogy megakad\u00e1lyozza a szirupban a pen\u00e9szesed\u00e9s kialakul\u00e1s\u00e1t, \u00e9s olyan timolos szirupot hozzon l\u00e9tre, amely biztons\u00e1gos \u00e9s eg\u00e9szs\u00e9ges a m\u00e9hek sz\u00e1m\u00e1ra.  <strong>A kever\u00e9k elk\u00e9sz\u00edt\u00e9s\u00e9hez oldja fel a timolt az izopropil-alkoholban kevergetve, am\u00edg teljesen fel nem old\u00f3dik.\nEzut\u00e1n adjuk ezt a kever\u00e9ket a cukorsziruphoz, \u00e9s alaposan keverj\u00fck \u00f6ssze, hogy egyenletesen eloszoljon. <\/strong><\/li>\n<\/ol>\n\n\n\n<p class=\"has-large-font-size\"><strong>El\u0151ny\u00f6k a m\u00e9h\u00e9szek sz\u00e1m\u00e1ra:<\/strong><\/p>\n\n\n\n<ul class=\"wp-block-list\">\n<li><strong>Pontos m\u00e9r\u00e9sek:<\/strong> Biztos\u00edtja a cukor \u00e9s a v\u00edz megfelel\u0151 ar\u00e1ny\u00fa kever\u00e9s\u00e9t, elker\u00fclve a m\u00e9hek t\u00fal- vagy alult\u00e1pl\u00e1l\u00e1s\u00e1t.\nEz k\u00fcl\u00f6n\u00f6sen fontos, amikor speci\u00e1lis cukorszirup-recepteket \u00e1ll\u00edtunk \u00f6ssze, p\u00e9ld\u00e1ul 1:1 vagy 2:1 ar\u00e1nyban. <\/li>\n\n\n\n<li><strong>Megakad\u00e1lyozza a pen\u00e9szed\u00e9st:<\/strong> A sz\u00e1mol\u00f3g\u00e9p a megfelel\u0151 mennyis\u00e9g\u0171 timol hozz\u00e1ad\u00e1s\u00e1val seg\u00edt timolos szirupot k\u00e9sz\u00edteni, ami hat\u00e9konyan megakad\u00e1lyozza a cukorszirupban l\u00e9v\u0151 pen\u00e9szed\u00e9st, k\u00fcl\u00f6n\u00f6sen p\u00e1r\u00e1s k\u00f6r\u00fclm\u00e9nyek k\u00f6z\u00f6tt.\nEz mind a tavaszi, mind az \u0151szi etet\u00e9sn\u00e9l l\u00e9tfontoss\u00e1g\u00fa. <\/li>\n\n\n\n<li><strong>Id\u0151t takar\u00edt meg:<\/strong> Gyorsan kisz\u00e1m\u00edthatja a nagy t\u00e9tel sziruphoz sz\u00fcks\u00e9ges \u00f6sszetev\u0151ket, cs\u00f6kkentve az el\u0151k\u00e9sz\u00edt\u00e9si id\u0151t \u00e9s biztos\u00edtva, hogy m\u00e9hei \u00e9vszakt\u00f3l f\u00fcggetlen\u00fcl megkapj\u00e1k a sz\u00fcks\u00e9ges t\u00e1panyagot.<\/li>\n\n\n\n<li><strong>T\u00e1mogatja a m\u00e9hek eg\u00e9szs\u00e9g\u00e9t:<\/strong> K\u00fcl\u00f6n\u00f6sen az olyan probl\u00e9m\u00e1k megel\u0151z\u00e9s\u00e9ben, mint a Nosema, egy gyakori m\u00e9hbetegs\u00e9g.\nA megfelel\u0151en kevert cukorszirup, legyen az 1:1, 2:1 vagy b\u00e1rmilyen m\u00e1s ar\u00e1ny\u00fa, seg\u00edt fenntartani a m\u00e9hcsal\u00e1dok eg\u00e9szs\u00e9g\u00e9t \u00e9s termel\u00e9kenys\u00e9g\u00e9t. <\/li>\n<\/ul>\n\n\n\n<hr class=\"wp-block-separator has-alpha-channel-opacity\"\/>\n\n\n\n<div class=\"wp-block-cover alignfull\" style=\"margin-top:0;margin-bottom:80px;padding-top:3%;padding-right:0%;padding-bottom:10%;padding-left:5%;min-height:600px;aspect-ratio:unset;\"><span aria-hidden=\"true\" class=\"wp-block-cover__background has-background-dim\" style=\"background-color:#906e31\"><\/span><img loading=\"lazy\" decoding=\"async\" width=\"1920\" height=\"2560\" class=\"wp-block-cover__image-background wp-image-162\" alt=\"\" src=\"https:\/\/tullhoneycompany.com\/wp-content\/uploads\/2024\/07\/Haudmeraam1-scaled.jpg\" data-object-fit=\"cover\" srcset=\"https:\/\/tullhoneycompany.com\/wp-content\/uploads\/2024\/07\/Haudmeraam1-scaled.jpg 1920w, https:\/\/tullhoneycompany.com\/wp-content\/uploads\/2024\/07\/Haudmeraam1-225x300.jpg 225w, https:\/\/tullhoneycompany.com\/wp-content\/uploads\/2024\/07\/Haudmeraam1-768x1024.jpg 768w, https:\/\/tullhoneycompany.com\/wp-content\/uploads\/2024\/07\/Haudmeraam1-1152x1536.jpg 1152w, https:\/\/tullhoneycompany.com\/wp-content\/uploads\/2024\/07\/Haudmeraam1-1536x2048.jpg 1536w, https:\/\/tullhoneycompany.com\/wp-content\/uploads\/2024\/07\/Haudmeraam1-600x800.jpg 600w\" sizes=\"auto, (max-width: 1920px) 100vw, 1920px\" \/><div class=\"wp-block-cover__inner-container is-layout-flow wp-container-core-cover-is-layout-ee621fdb wp-block-cover-is-layout-flow\">\n<h3 class=\"wp-block-heading\">\u00c9LVEZZE A M\u00c9H\u00c9SZKED\u00c9ST<\/h3>\n\n\n\n<p>A j\u00f3l teny\u00e9sztett m\u00e9hkir\u00e1lyn\u0151kre val\u00f3 \u00e1tt\u00e9r\u00e9s nyugodtabb, eg\u00e9szs\u00e9gesebb \u00e9s termel\u00e9kenyebb m\u00e9hcsal\u00e1dokat hozhat l\u00e9tre.<\/p>\n\n\n\n<div class=\"wp-block-buttons is-layout-flex wp-block-buttons-is-layout-flex\" style=\"margin-top:var(--wp--preset--spacing--30);margin-bottom:var(--wp--preset--spacing--30)\">\n<div class=\"wp-block-button\"><a class=\"wp-block-button__link wp-element-button\" href=\"https:\/\/tullhoneycompany.com\/shop\/\">\u00dczlet kir\u00e1lyn\u0151k<\/a><\/div>\n<\/div>\n<\/div><\/div>\n<\/div>\n","protected":false},"excerpt":{"rendered":"<p>CUKORSZIRUP KALKUL\u00c1TOR Sz\u00f6rp liter: Cukortartalom a sz\u00f6rpben (%): Cukor kilogramm: V\u00edz liter: V\u00e1lasszon m\u00e9rt\u00e9kegys\u00e9grendszert: Imperial (Gallons and Pounds)Metrikus (liter \u00e9s kilogramm) T\u00edmol hozz\u00e1ad\u00e1sal T\u00edmol \u00e9s izopropil-alkohol kever\u00e9ke 0 T\u00edmol: 0 91% izopropil-alkohol: 0 A cukorszirup-kalkul\u00e1tor haszn\u00e1lata Ez a cukorszirup-kalkul\u00e1tor n\u00e9lk\u00fcl\u00f6zhetetlen eszk\u00f6z a m\u00e9h\u00e9szek sz\u00e1m\u00e1ra, akik a t\u00f6k\u00e9letes cukorszirup-receptet szeretn\u00e9k megalkotni m\u00e9heik sz\u00e1m\u00e1ra. Ak\u00e1r 1:1 ar\u00e1ny\u00fa [&hellip;]<\/p>\n","protected":false},"author":1,"featured_media":824,"parent":0,"menu_order":0,"comment_status":"closed","ping_status":"closed","template":"no-title","meta":{"footnotes":""},"class_list":["post-1181","page","type-page","status-publish","has-post-thumbnail","hentry"],"_links":{"self":[{"href":"https:\/\/tullhoneycompany.com\/hu\/wp-json\/wp\/v2\/pages\/1181","targetHints":{"allow":["GET"]}}],"collection":[{"href":"https:\/\/tullhoneycompany.com\/hu\/wp-json\/wp\/v2\/pages"}],"about":[{"href":"https:\/\/tullhoneycompany.com\/hu\/wp-json\/wp\/v2\/types\/page"}],"author":[{"embeddable":true,"href":"https:\/\/tullhoneycompany.com\/hu\/wp-json\/wp\/v2\/users\/1"}],"replies":[{"embeddable":true,"href":"https:\/\/tullhoneycompany.com\/hu\/wp-json\/wp\/v2\/comments?post=1181"}],"version-history":[{"count":3,"href":"https:\/\/tullhoneycompany.com\/hu\/wp-json\/wp\/v2\/pages\/1181\/revisions"}],"predecessor-version":[{"id":1344,"href":"https:\/\/tullhoneycompany.com\/hu\/wp-json\/wp\/v2\/pages\/1181\/revisions\/1344"}],"wp:featuredmedia":[{"embeddable":true,"href":"https:\/\/tullhoneycompany.com\/hu\/wp-json\/wp\/v2\/media\/824"}],"wp:attachment":[{"href":"https:\/\/tullhoneycompany.com\/hu\/wp-json\/wp\/v2\/media?parent=1181"}],"curies":[{"name":"wp","href":"https:\/\/api.w.org\/{rel}","templated":true}]}}