{"id":1054,"date":"2024-07-28T14:39:19","date_gmt":"2024-07-28T14:39:19","guid":{"rendered":"https:\/\/tullhoneycompany.com\/egeszsegugyi-bizonyitvany-traces-nt\/"},"modified":"2024-09-19T18:22:00","modified_gmt":"2024-09-19T18:22:00","slug":"egeszsegugyi-bizonyitvany-traces-nt","status":"publish","type":"page","link":"https:\/\/tullhoneycompany.com\/hu\/egeszsegugyi-bizonyitvany-traces-nt\/","title":{"rendered":"Eg\u00e9szs\u00e9g\u00fcgyi bizony\u00edtv\u00e1ny &#8211; Traces NT"},"content":{"rendered":"\n<h3 class=\"wp-block-heading\">Eg\u00e9szs\u00e9g\u00fcgyi bizony\u00edtv\u00e1ny &#8211; Traces NT<\/h3>\n\n<p>A Tull Honey Company-n\u00e1l a m\u00e9heink eg\u00e9szs\u00e9g\u00e9t \u00e9s biztons\u00e1g\u00e1t helyezz\u00fck el\u0151t\u00e9rbe, hogy v\u00e1s\u00e1rl\u00f3ink sz\u00e1m\u00e1ra a legmagasabb min\u0151s\u00e9g\u0171 term\u00e9keket biztos\u00edtsuk.\nMinden m\u00e9hkir\u00e1lyn\u0151nk, bele\u00e9rtve a szigetk\u00f6zi \u00e9s a v\u00e9letlenszer\u0171 p\u00e1ros\u00edt\u00e1s\u00fa olasz m\u00e9hkir\u00e1lyn\u0151ket is, az uni\u00f3s rendeleteknek (2016\/429, 2020\/688, 2021\/403) megfelel\u0151 k\u00f6telez\u0151 \u00e1llateg\u00e9szs\u00e9g\u00fcgyi bizony\u00edtv\u00e1nnyal ker\u00fcl sz\u00e1ll\u00edt\u00e1sra. <\/p>\n\n<h4 class=\"wp-block-heading\">Kulcspontok:<\/h4>\n\n<ul class=\"wp-block-list\">\n<li><strong>TRACES NT regisztr\u00e1ci\u00f3:<\/strong> <strong>Minden kir\u00e1lyn\u0151v\u00e1s\u00e1rl\u00f3nak regisztr\u00e1lnia kell a <a href=\"https:\/\/food.ec.europa.eu\/horizontal-topics\/traces_en\" target=\"_blank\" rel=\"noopener\">TRACES NT<\/a> digit\u00e1lis tan\u00fas\u00edtv\u00e1ny- \u00e9s kezel\u00e9si platformon<\/strong>.\nEz a platform biztos\u00edtja a nyomon k\u00f6vethet\u0151s\u00e9get \u00e9s az eg\u00e9szs\u00e9g\u00fcgyi el\u0151\u00edr\u00e1soknak val\u00f3 megfelel\u00e9st az eg\u00e9sz EU-ban. <\/li>\n\n\n\n<li><strong>\u00c1llatorvosi eg\u00e9szs\u00e9g\u00fcgyi bizony\u00edtv\u00e1ny:<\/strong> Minden m\u00e9hkir\u00e1lyn\u0151-sz\u00e1ll\u00edtm\u00e1nyt \u00e1llateg\u00e9szs\u00e9g\u00fcgyi bizony\u00edtv\u00e1ny k\u00eds\u00e9r.\nEz a bizony\u00edtv\u00e1ny biztos\u00edtja, hogy m\u00e9hkir\u00e1lyn\u0151ink megfelelnek az eg\u00e9szs\u00e9g\u00fcgyi el\u0151\u00edr\u00e1soknak \u00e9s mentesek a betegs\u00e9gekt\u0151l. <\/li>\n\n\n\n<li><strong>Min\u0151s\u00e9gbiztos\u00edt\u00e1s:<\/strong> Az eg\u00e9szs\u00e9g\u00fcgyi tan\u00fas\u00edtv\u00e1ny nemcsak a megfelel\u0151s\u00e9get garant\u00e1lja, hanem meger\u0151s\u00edti elk\u00f6telezetts\u00e9g\u00fcnket az ir\u00e1nt, hogy a legeg\u00e9szs\u00e9gesebb \u00e9s legterm\u00e9kenyebb kir\u00e1lyn\u0151ket biztos\u00edtsuk \u00fcgyfeleinknek.<\/li>\n<\/ul>\n\n<p>Tov\u00e1bbi inform\u00e1ci\u00f3 a <a href=\"https:\/\/food.ec.europa.eu\/horizontal-topics\/traces_en\" target=\"_blank\" rel=\"noopener\">TRACES NT-r\u0151l<\/a>.<\/p>\n\n<h3 class=\"wp-block-heading\">L\u00e9p\u00e9sr\u0151l l\u00e9p\u00e9sre k\u00f6vethet\u0151 TRACES NT regisztr\u00e1ci\u00f3s \u00fatmutat\u00f3<\/h3>\n\n<p>A TRACES NT platformon val\u00f3 regisztr\u00e1ci\u00f3hoz k\u00f6vesse az al\u00e1bbi l\u00e9p\u00e9seket:<\/p>\n\n<h4 class=\"wp-block-heading\">1. l\u00e9p\u00e9s: Bel\u00e9p\u00e9s a TRACES NT port\u00e1lra<\/h4>\n\n<ol class=\"wp-block-list\">\n<li>Nyissa meg webb\u00f6ng\u00e9sz\u0151j\u00e9t, \u00e9s l\u00e9pjen a TRACES NT port\u00e1lra a <a href=\"https:\/\/webgate.ec.europa.eu\/tracesnt\/login\" target=\"_blank\" rel=\"noopener\">TRACES NT<\/a> c\u00edmen.<\/li>\n<\/ol>\n\n<h4 class=\"wp-block-heading\">2. l\u00e9p\u00e9s: EU bejelentkez\u00e9si fi\u00f3k l\u00e9trehoz\u00e1sa<\/h4>\n\n<ol class=\"wp-block-list\">\n<li>Kattintson a TRACES NT bejelentkez\u00e9si oldal\u00e1n a <strong>&#8222;Sign up for EU Login&#8221;<\/strong> linkre.<\/li>\n\n\n\n<li>T\u00f6ltse ki a sz\u00fcks\u00e9ges mez\u0151ket:\n<ul class=\"wp-block-list\">\n<li><strong>E-mail c\u00edm:<\/strong> Adja meg \u00e9rv\u00e9nyes e-mail c\u00edm\u00e9t.<\/li>\n\n\n\n<li><strong>Keresztn\u00e9v \u00e9s vezet\u00e9kn\u00e9v:<\/strong> Adja meg szem\u00e9lyes adatait.<\/li>\n\n\n\n<li><strong>Jelsz\u00f3 kiv\u00e1laszt\u00e1sa:<\/strong> Hozzon l\u00e9tre egy er\u0151s jelsz\u00f3t a megadott ir\u00e1nyelvek szerint.<\/li>\n<\/ul>\n<\/li>\n\n\n\n<li>Kattintson a <strong>&#8222;Fi\u00f3k l\u00e9trehoz\u00e1sa&#8221;<\/strong> gombra.<\/li>\n\n\n\n<li>Ellen\u0151rizze az e-mailj\u00e9t, hogy kap-e meger\u0151s\u00edt\u0151 \u00fczenetet az EU Login-t\u00f3l, \u00e9s kattintson az ellen\u0151rz\u0151 linkre a fi\u00f3k aktiv\u00e1l\u00e1s\u00e1hoz.<\/li>\n<\/ol>\n\n<h4 class=\"wp-block-heading\">3. l\u00e9p\u00e9s: Jelentkezzen be a TRACES NT rendszerbe<\/h4>\n\n<ol class=\"wp-block-list\">\n<li>Vissza a TRACES NT bejelentkez\u00e9si oldalra.<\/li>\n\n\n\n<li>Adja meg e-mail c\u00edm\u00e9t \u00e9s jelszav\u00e1t az <strong>EU bejelentkez\u00e9s<\/strong> r\u00e9szbe.<\/li>\n\n\n\n<li>Kattintson a <strong>&#8222;Bejelentkez\u00e9s&#8221;<\/strong> gombra.<\/li>\n<\/ol>\n\n<h4 class=\"wp-block-heading\">4. l\u00e9p\u00e9s: TRACES NT profil kit\u00f6lt\u00e9se<\/h4>\n\n<ol class=\"wp-block-list\">\n<li>A bejelentkez\u00e9s ut\u00e1n a TRACES NT m\u0171szerfal\u00e1ra ker\u00fcl \u00e1tir\u00e1ny\u00edt\u00e1sra.<\/li>\n\n\n\n<li>Kattintson a nev\u00e9re a jobb fels\u0151 sarokban, \u00e9s v\u00e1lassza <strong>a &#8222;Fi\u00f3kom&#8221;<\/strong> men\u00fcpontot a leg\u00f6rd\u00fcl\u0151 men\u00fcb\u0151l.<\/li>\n\n\n\n<li>T\u00f6ltse ki a sz\u00fcks\u00e9ges inform\u00e1ci\u00f3kat:\n<ul class=\"wp-block-list\">\n<li><strong>Szem\u00e9lyes inform\u00e1ci\u00f3k:<\/strong> Sz\u00fcks\u00e9g eset\u00e9n ellen\u0151rizze \u00e9s friss\u00edtse szem\u00e9lyes adatait.<\/li>\n\n\n\n<li><strong>Szervezeti r\u00e9szletek:<\/strong> Adja meg a szervezet adatait (ha van ilyen).<\/li>\n<\/ul>\n<\/li>\n\n\n\n<li>Mentsd el a profilod adatait.<\/li>\n<\/ol>\n\n<h4 class=\"wp-block-heading\">5. l\u00e9p\u00e9s: Regisztr\u00e1ljon \u00fczemeltet\u0151nek<\/h4>\n\n<ol class=\"wp-block-list\">\n<li>A TRACES NT m\u0171szerfalon kattintson az <strong>&#8222;\u00dczemeltet\u0151i regisztr\u00e1ci\u00f3&#8221;<\/strong> gombra.<\/li>\n\n\n\n<li>V\u00e1lassza ki a tev\u00e9kenys\u00e9g\u00e9hez tartoz\u00f3 \u00fczemeltet\u0151 t\u00edpus\u00e1t.\n<ul class=\"wp-block-list\">\n<li><strong>Szekci\u00f3:<\/strong> V\u00e1lassza ki <strong>a &#8222;M\u00e9hek telep\u00edt\u00e9se&#8221; lehet\u0151s\u00e9get.<\/strong><\/li>\n\n\n\n<li><strong>Tev\u00e9kenys\u00e9g:<\/strong> V\u00e1lassza <strong>a &#8222;Sz\u00e1razf\u00f6ldi \u00e1llatok telep\u00edt\u00e9se&#8221; lehet\u0151s\u00e9get.<\/strong><\/li>\n\n\n\n<li><strong>Azonos\u00edt\u00f3:<\/strong> \u00cdrja be a f\u0151 m\u00e9h\u00e9szet\u00e9nek jogi sz\u00e1m\u00e1t (\u00e1ltal\u00e1ban egy nemzeti hat\u00f3s\u00e1g adja meg) vagy m\u00e1s relev\u00e1ns azonos\u00edt\u00f3t.<\/li>\n<\/ul>\n<\/li>\n\n\n\n<li>T\u00f6ltse ki a regisztr\u00e1ci\u00f3s \u0171rlapot az \u00d6n tev\u00e9kenys\u00e9g\u00e9re vonatkoz\u00f3 pontos adatokkal.<\/li>\n\n\n\n<li>Kattintson a <strong>&#8222;Bek\u00fcld\u00e9s&#8221;<\/strong> gombra.<\/li>\n<\/ol>\n\n<h4 class=\"wp-block-heading\">6. l\u00e9p\u00e9s: J\u00f3v\u00e1hagy\u00e1s \u00e9s ellen\u0151rz\u00e9s<\/h4>\n\n<ol class=\"wp-block-list\">\n<li>Az \u00d6n regisztr\u00e1ci\u00f3j\u00e1t az illet\u00e9kes hat\u00f3s\u00e1gok fel\u00fclvizsg\u00e1lj\u00e1k.<\/li>\n\n\n\n<li>El\u0151fordulhat, hogy tov\u00e1bbi inform\u00e1ci\u00f3kra vagy dokumentumokra vonatkoz\u00f3 k\u00e9r\u00e9st kap.<\/li>\n\n\n\n<li>A j\u00f3v\u00e1hagy\u00e1st k\u00f6vet\u0151en visszaigazol\u00f3 e-mailt kap.<\/li>\n<\/ol>\n\n<h4 class=\"wp-block-heading\">7. l\u00e9p\u00e9s: Hozz\u00e1f\u00e9r\u00e9s a TRACES NT szolg\u00e1ltat\u00e1sokhoz<\/h4>\n\n<ol class=\"wp-block-list\">\n<li>A j\u00f3v\u00e1hagy\u00e1st k\u00f6vet\u0151en jelentkezzen be a <a href=\"https:\/\/webgate.ec.europa.eu\/tracesnt\/login\" target=\"_blank\" rel=\"noopener\">TRACES NT<\/a> rendszerbe.<\/li>\n\n\n\n<li>Mostant\u00f3l a TRACES NT \u00e1ltal k\u00edn\u00e1lt szolg\u00e1ltat\u00e1sok teljes sk\u00e1l\u00e1j\u00e1t el\u00e9rheti, bele\u00e9rtve a tan\u00fas\u00edtv\u00e1nyok kezel\u00e9s\u00e9t, nyomon k\u00f6vet\u00e9s\u00e9t \u00e9s a jelent\u00e9st\u00e9telt.<\/li>\n<\/ol>\n\n<p>Ha ezeket a l\u00e9p\u00e9seket k\u00f6veti, sikeresen regisztr\u00e1l a TRACES NT platformon, \u00e9s \u00edgy az uni\u00f3s el\u0151\u00edr\u00e1soknak megfelel\u0151en kezelheti \u00e9s nyomon k\u00f6vetheti tranzakci\u00f3it.<\/p>\n","protected":false},"excerpt":{"rendered":"<p>Eg\u00e9szs\u00e9g\u00fcgyi bizony\u00edtv\u00e1ny &#8211; Traces NT A Tull Honey Company-n\u00e1l a m\u00e9heink eg\u00e9szs\u00e9g\u00e9t \u00e9s biztons\u00e1g\u00e1t helyezz\u00fck el\u0151t\u00e9rbe, hogy v\u00e1s\u00e1rl\u00f3ink sz\u00e1m\u00e1ra a legmagasabb min\u0151s\u00e9g\u0171 term\u00e9keket biztos\u00edtsuk. Minden m\u00e9hkir\u00e1lyn\u0151nk, bele\u00e9rtve a szigetk\u00f6zi \u00e9s a v\u00e9letlenszer\u0171 p\u00e1ros\u00edt\u00e1s\u00fa olasz m\u00e9hkir\u00e1lyn\u0151ket is, az uni\u00f3s rendeleteknek (2016\/429, 2020\/688, 2021\/403) megfelel\u0151 k\u00f6telez\u0151 \u00e1llateg\u00e9szs\u00e9g\u00fcgyi bizony\u00edtv\u00e1nnyal ker\u00fcl sz\u00e1ll\u00edt\u00e1sra. Kulcspontok: Tov\u00e1bbi inform\u00e1ci\u00f3 a TRACES NT-r\u0151l. L\u00e9p\u00e9sr\u0151l [&hellip;]<\/p>\n","protected":false},"author":1,"featured_media":0,"parent":0,"menu_order":0,"comment_status":"closed","ping_status":"closed","template":"","meta":{"footnotes":""},"class_list":["post-1054","page","type-page","status-publish","hentry"],"_links":{"self":[{"href":"https:\/\/tullhoneycompany.com\/hu\/wp-json\/wp\/v2\/pages\/1054","targetHints":{"allow":["GET"]}}],"collection":[{"href":"https:\/\/tullhoneycompany.com\/hu\/wp-json\/wp\/v2\/pages"}],"about":[{"href":"https:\/\/tullhoneycompany.com\/hu\/wp-json\/wp\/v2\/types\/page"}],"author":[{"embeddable":true,"href":"https:\/\/tullhoneycompany.com\/hu\/wp-json\/wp\/v2\/users\/1"}],"replies":[{"embeddable":true,"href":"https:\/\/tullhoneycompany.com\/hu\/wp-json\/wp\/v2\/comments?post=1054"}],"version-history":[{"count":1,"href":"https:\/\/tullhoneycompany.com\/hu\/wp-json\/wp\/v2\/pages\/1054\/revisions"}],"predecessor-version":[{"id":1056,"href":"https:\/\/tullhoneycompany.com\/hu\/wp-json\/wp\/v2\/pages\/1054\/revisions\/1056"}],"wp:attachment":[{"href":"https:\/\/tullhoneycompany.com\/hu\/wp-json\/wp\/v2\/media?parent=1054"}],"curies":[{"name":"wp","href":"https:\/\/api.w.org\/{rel}","templated":true}]}}