{"id":1059,"date":"2024-07-28T14:15:04","date_gmt":"2024-07-28T14:15:04","guid":{"rendered":"https:\/\/tullhoneycompany.com\/product\/reine-italienne-accouplee-a-lile\/"},"modified":"2025-03-16T13:32:00","modified_gmt":"2025-03-16T13:32:00","slug":"reine-italienne-accouplee-a-lile","status":"publish","type":"product","link":"https:\/\/tullhoneycompany.com\/fr\/product\/reine-italienne-accouplee-a-lile\/","title":{"rendered":"Reine italienne accoupl\u00e9e \u00e0 l&rsquo;\u00eele"},"content":{"rendered":"<p><strong>Description :<\/strong> Nous vous pr\u00e9sentons la reine italienne accoupl\u00e9e sur l&rsquo;\u00eele, le meilleur choix pour les apiculteurs \u00e0 la recherche de reines de qualit\u00e9 sup\u00e9rieure. Ces reines italiennes sont m\u00e9ticuleusement accoupl\u00e9es sur l&rsquo;\u00eele pour garantir la puret\u00e9 g\u00e9n\u00e9tique et des caract\u00e9ristiques sup\u00e9rieures. Disponibles pour livraison d\u00e9but juillet, ces reines constituent une pondeuse \u00e9prouv\u00e9e pr\u00eate \u00e0 enrichir votre mat\u00e9riel g\u00e9n\u00e9tique.<\/p>\n<h4><strong>Reine de l&rsquo;\u00eele accoupl\u00e9e Avantages :<\/strong><\/h4>\n<ul>\n<li><strong>Ponte prouv\u00e9e :<\/strong> Nos reines accoupl\u00e9es sur l&rsquo;\u00eele ont d\u00e9montr\u00e9 de fortes capacit\u00e9s de ponte, garantissant une croissance robuste de la colonie.<\/li>\n<li><strong>Comportement hygi\u00e9nique :<\/strong> S\u00e9lectionn\u00e9 pour sa propret\u00e9 sup\u00e9rieure, il favorise des ruches plus saines.<\/li>\n<li><strong>Production \u00e9lev\u00e9e :<\/strong> Optimis\u00e9 pour un rendement maximal en miel et une productivit\u00e9 maximale des colonies.<\/li>\n<li><strong>Temp\u00e9rament calme :<\/strong> Douce et facile \u00e0 manipuler, elle facilite la gestion de la ruche.<\/li>\n<\/ul>\n<p><strong>Disponibilit\u00e9 :<\/strong><\/p>\n<ul>\n<li><strong>P\u00e9riode de livraison :<\/strong> Disponible \u00e0 partir de d\u00e9but juillet, sous r\u00e9serve des conditions m\u00e9t\u00e9orologiques.<\/li>\n<li><strong>Prix :<\/strong> Le prix est de 280 euros, plus 30 euros de frais d&rsquo;envoi.<\/li>\n<\/ul>\n<p>Assurez-vous d&rsquo;avoir votre place en r\u00e9servant \u00e0 l&rsquo;avance votre reine italienne accoupl\u00e9e dans l&rsquo;\u00eele. Nos reines sont tr\u00e8s recherch\u00e9es pour leurs qualit\u00e9s exceptionnelles et leur disponibilit\u00e9 rapide. Que vous souhaitiez agrandir votre rucher, am\u00e9liorer votre production de miel ou assurer la sant\u00e9 et la vitalit\u00e9 de vos colonies, notre personnel d\u00e9vou\u00e9 veillera \u00e0 ce que vous receviez des reines de la meilleure qualit\u00e9. R\u00e9servez d\u00e8s maintenant votre reine accoupl\u00e9e de l&rsquo;\u00eele et prenez une longueur d&rsquo;avance sur une saison apicole r\u00e9ussie !<\/p>\n","protected":false},"excerpt":{"rendered":"<p>Am\u00e9liorez votre apiculture avec notre reine italienne accoupl\u00e9e dans l&rsquo;\u00eele. Ces reines sont connues pour leurs capacit\u00e9s de ponte \u00e9prouv\u00e9es, leur comportement hygi\u00e9nique sup\u00e9rieur, leur production \u00e9lev\u00e9e de miel et leur temp\u00e9rament calme. Elles sont parfaites pour am\u00e9liorer la sant\u00e9 et la productivit\u00e9 des colonies. Les reines accoupl\u00e9es de l&rsquo;\u00eele sont disponibles \u00e0 partir de d\u00e9but juillet. R\u00e9servez votre reine d\u00e8s maintenant pour une saison apicole florissante.<\/p>\n","protected":false},"featured_media":786,"comment_status":"open","ping_status":"closed","template":"","meta":[],"product_brand":[],"product_cat":[60],"product_tag":[],"class_list":{"0":"post-1059","1":"product","2":"type-product","3":"status-publish","4":"has-post-thumbnail","6":"product_cat-reines","8":"first","9":"instock","10":"taxable","11":"shipping-taxable","12":"purchasable","13":"product-type-simple"},"_links":{"self":[{"href":"https:\/\/tullhoneycompany.com\/fr\/wp-json\/wp\/v2\/product\/1059","targetHints":{"allow":["GET"]}}],"collection":[{"href":"https:\/\/tullhoneycompany.com\/fr\/wp-json\/wp\/v2\/product"}],"about":[{"href":"https:\/\/tullhoneycompany.com\/fr\/wp-json\/wp\/v2\/types\/product"}],"replies":[{"embeddable":true,"href":"https:\/\/tullhoneycompany.com\/fr\/wp-json\/wp\/v2\/comments?post=1059"}],"wp:featuredmedia":[{"embeddable":true,"href":"https:\/\/tullhoneycompany.com\/fr\/wp-json\/wp\/v2\/media\/786"}],"wp:attachment":[{"href":"https:\/\/tullhoneycompany.com\/fr\/wp-json\/wp\/v2\/media?parent=1059"}],"wp:term":[{"taxonomy":"product_brand","embeddable":true,"href":"https:\/\/tullhoneycompany.com\/fr\/wp-json\/wp\/v2\/product_brand?post=1059"},{"taxonomy":"product_cat","embeddable":true,"href":"https:\/\/tullhoneycompany.com\/fr\/wp-json\/wp\/v2\/product_cat?post=1059"},{"taxonomy":"product_tag","embeddable":true,"href":"https:\/\/tullhoneycompany.com\/fr\/wp-json\/wp\/v2\/product_tag?post=1059"}],"curies":[{"name":"wp","href":"https:\/\/api.w.org\/{rel}","templated":true}]}}