{"id":980,"date":"2024-07-28T14:39:19","date_gmt":"2024-07-28T14:39:19","guid":{"rendered":"https:\/\/tullhoneycompany.com\/certificat-de-sante-traces-nt\/"},"modified":"2024-11-05T12:46:06","modified_gmt":"2024-11-05T12:46:06","slug":"certificat-de-sante-traces-nt","status":"publish","type":"page","link":"https:\/\/tullhoneycompany.com\/fr\/certificat-de-sante-traces-nt\/","title":{"rendered":"Certificat de sant\u00e9 &#8211; Traces NT"},"content":{"rendered":"\n<h3 class=\"wp-block-heading\">Certificat de sant\u00e9 &#8211; Traces NT<\/h3>\n\n<p>Chez Tull Honey Company, nous accordons la priorit\u00e9 \u00e0 la sant\u00e9 et \u00e0 la s\u00e9curit\u00e9 de nos abeilles afin de garantir \u00e0 nos clients des produits de la plus haute qualit\u00e9.\nToutes nos reines, y compris les reines italiennes accoupl\u00e9es sur l&rsquo;\u00eele et les reines italiennes accoupl\u00e9es au hasard, sont exp\u00e9di\u00e9es avec un certificat de sant\u00e9 v\u00e9t\u00e9rinaire obligatoire, conform\u00e9ment aux r\u00e8glements de l&rsquo;UE (2016\/429, 2020\/688, 2021\/403). <\/p>\n\n<h4 class=\"wp-block-heading\">Points cl\u00e9s :<\/h4>\n\n<ul class=\"wp-block-list\">\n<li><strong>Inscription \u00e0 TRACES NT :<\/strong> <strong>Tous les acheteurs de reines doivent \u00eatre enregistr\u00e9s sur la plateforme de gestion et de certificats num\u00e9riques <a href=\"https:\/\/food.ec.europa.eu\/horizontal-topics\/traces_en\" target=\"_blank\" rel=\"noopener\">TRACES NT<\/a><\/strong>.\nCette plateforme garantit la tra\u00e7abilit\u00e9 et le respect des r\u00e9glementations sanitaires dans l&rsquo;ensemble de l&rsquo;UE. <\/li>\n\n\n\n<li><strong>Certificat de sant\u00e9 v\u00e9t\u00e9rinaire :<\/strong> Chaque exp\u00e9dition de reines d&rsquo;abeilles est accompagn\u00e9e d&rsquo;un certificat de sant\u00e9 v\u00e9t\u00e9rinaire.\nCe certificat garantit que nos reines r\u00e9pondent \u00e0 toutes les normes sanitaires et sont exemptes de maladies. <\/li>\n\n\n\n<li><strong>Assurance de la qualit\u00e9 :<\/strong> Le certificat sanitaire ne garantit pas seulement la conformit\u00e9, mais renforce \u00e9galement notre engagement \u00e0 fournir \u00e0 nos clients les reines les plus saines et les plus productives.<\/li>\n<\/ul>\n\n<p>Plus d&rsquo;informations sur <a href=\"https:\/\/food.ec.europa.eu\/horizontal-topics\/traces_en\" target=\"_blank\" rel=\"noopener\">TRACES NT<\/a>.<\/p>\n\n<h3 class=\"wp-block-heading\">Guide d&rsquo;inscription \u00e0 TRACES NT, \u00e9tape par \u00e9tape<\/h3>\n\n<p>Suivez les \u00e9tapes suivantes pour vous enregistrer sur la plateforme TRACES NT :<\/p>\n\n<h4 class=\"wp-block-heading\">\u00c9tape 1 : Acc\u00e9der au portail TRACES NT<\/h4>\n\n<ol class=\"wp-block-list\">\n<li>Ouvrez votre navigateur web et acc\u00e9dez au portail <a href=\"https:\/\/webgate.ec.europa.eu\/tracesnt\/login\" target=\"_blank\" rel=\"noopener\">TRACES<\/a> NT \u00e0 l&rsquo;adresse <a href=\"https:\/\/webgate.ec.europa.eu\/tracesnt\/login\" target=\"_blank\" rel=\"noopener\">TRACES NT<\/a>.<\/li>\n<\/ol>\n\n<h4 class=\"wp-block-heading\">\u00c9tape 2 : Cr\u00e9er un compte de connexion \u00e0 l&rsquo;UE<\/h4>\n\n<ol class=\"wp-block-list\">\n<li>Cliquez sur le lien <strong>\u00ab\u00a0Sign up for EU Login\u00a0\u00bb<\/strong> sur la page de connexion de TRACES NT.<\/li>\n\n\n\n<li>Remplissez les champs obligatoires :\n<ul class=\"wp-block-list\">\n<li><strong>Adresse \u00e9lectronique :<\/strong> Saisissez votre adresse \u00e9lectronique valide.<\/li>\n\n\n\n<li><strong>Pr\u00e9nom et nom :<\/strong> Fournissez vos informations personnelles.<\/li>\n\n\n\n<li><strong>Choisissez un mot de passe :<\/strong> cr\u00e9ez un mot de passe fort en suivant les instructions fournies.<\/li>\n<\/ul>\n<\/li>\n\n\n\n<li>Cliquez sur le bouton <strong>\u00ab\u00a0Cr\u00e9er un compte\u00a0\u00bb<\/strong>.<\/li>\n\n\n\n<li>V\u00e9rifiez si vous avez re\u00e7u un message de confirmation de EU Login dans votre courrier \u00e9lectronique et cliquez sur le lien de v\u00e9rification pour activer votre compte.<\/li>\n<\/ol>\n\n<h4 class=\"wp-block-heading\">\u00c9tape 3 : Connectez-vous \u00e0 TRACES NT<\/h4>\n\n<ol class=\"wp-block-list\">\n<li>Retournez \u00e0 la page de connexion de TRACES NT.<\/li>\n\n\n\n<li>Saisissez votre adresse \u00e9lectronique et votre mot de passe dans la section <strong>EU Login.<\/strong> <\/li>\n\n\n\n<li>Cliquez sur le bouton <strong>\u00ab\u00a0Se connecter\u00a0\u00bb<\/strong>.<\/li>\n<\/ol>\n\n<h4 class=\"wp-block-heading\">\u00c9tape 4 : Compl\u00e9tez votre profil TRACES NT<\/h4>\n\n<ol class=\"wp-block-list\">\n<li>Apr\u00e8s vous \u00eatre connect\u00e9, vous serez redirig\u00e9 vers le tableau de bord de TRACES NT.<\/li>\n\n\n\n<li>Cliquez sur votre nom dans le coin sup\u00e9rieur droit et s\u00e9lectionnez <strong>\u00ab\u00a0Mon compte\u00a0\u00bb<\/strong> dans le menu d\u00e9roulant.<\/li>\n\n\n\n<li>Compl\u00e9tez les informations demand\u00e9es :\n<ul class=\"wp-block-list\">\n<li><strong>Informations personnelles :<\/strong> V\u00e9rifiez et mettez \u00e0 jour vos donn\u00e9es personnelles si n\u00e9cessaire.<\/li>\n\n\n\n<li><strong>D\u00e9tails de l&rsquo;organisation :<\/strong> Saisissez les coordonn\u00e9es de votre organisation (le cas \u00e9ch\u00e9ant).<\/li>\n<\/ul>\n<\/li>\n\n\n\n<li>Sauvegardez les informations de votre profil.<\/li>\n<\/ol>\n\n<h4 class=\"wp-block-heading\">\u00c9tape 5 : S&rsquo;inscrire en tant qu&rsquo;op\u00e9rateur<\/h4>\n\n<ol class=\"wp-block-list\">\n<li>Dans le tableau de bord de TRACES NT, cliquez sur le bouton <strong>\u00ab\u00a0S&rsquo;enregistrer en tant qu&rsquo;op\u00e9rateur\u00a0\u00bb.<\/strong> <\/li>\n\n\n\n<li>S\u00e9lectionnez le type d&rsquo;op\u00e9rateur correspondant \u00e0 votre activit\u00e9.\n<ul class=\"wp-block-list\">\n<li><strong>Section :<\/strong> Choisissez <strong>\u00ab\u00a0\u00c9tablissement des abeilles\u00a0\u00bb.<\/strong><\/li>\n\n\n\n<li><strong>Activit\u00e9 :<\/strong> Choisissez <strong>\u00ab\u00a0\u00c9tablissement d&rsquo;animaux terrestres\u00a0\u00bb.<\/strong><\/li>\n\n\n\n<li><strong>Identifiant :<\/strong> Indiquez le num\u00e9ro l\u00e9gal de votre rucher principal (g\u00e9n\u00e9ralement attribu\u00e9 par une autorit\u00e9 nationale) ou tout autre identifiant pertinent.<\/li>\n<\/ul>\n<\/li>\n\n\n\n<li>Remplissez le formulaire d&rsquo;inscription en fournissant des informations pr\u00e9cises sur votre activit\u00e9.<\/li>\n\n\n\n<li>Cliquez sur le bouton <strong>\u00ab\u00a0Soumettre\u00a0\u00bb<\/strong>.<\/li>\n<\/ol>\n\n<h4 class=\"wp-block-heading\">\u00c9tape 6 : Approbation et v\u00e9rification<\/h4>\n\n<ol class=\"wp-block-list\">\n<li>Votre enregistrement sera examin\u00e9 par les autorit\u00e9s comp\u00e9tentes.<\/li>\n\n\n\n<li>Vous pouvez recevoir une demande d&rsquo;informations ou de documents suppl\u00e9mentaires.<\/li>\n\n\n\n<li>Une fois la demande approuv\u00e9e, vous recevrez un courriel de confirmation.<\/li>\n<\/ol>\n\n<h4 class=\"wp-block-heading\">\u00c9tape 7 : Acc\u00e9der aux services TRACES NT<\/h4>\n\n<ol class=\"wp-block-list\">\n<li>Apr\u00e8s approbation, connectez-vous \u00e0 <a href=\"https:\/\/webgate.ec.europa.eu\/tracesnt\/login\" target=\"_blank\" rel=\"noopener\">TRACES NT.<\/a><\/li>\n\n\n\n<li>Vous pouvez d\u00e9sormais acc\u00e9der \u00e0 l&rsquo;ensemble des services offerts par TRACES NT, y compris la gestion des certificats, le suivi et les rapports.<\/li>\n<\/ol>\n\n<p>En suivant ces \u00e9tapes, vous vous inscrirez avec succ\u00e8s sur la plateforme TRACES NT, ce qui vous permettra de g\u00e9rer et de suivre vos transactions conform\u00e9ment \u00e0 la r\u00e9glementation de l&rsquo;UE.<\/p>\n","protected":false},"excerpt":{"rendered":"<p>Certificat de sant\u00e9 &#8211; Traces NT Chez Tull Honey Company, nous accordons la priorit\u00e9 \u00e0 la sant\u00e9 et \u00e0 la s\u00e9curit\u00e9 de nos abeilles afin de garantir \u00e0 nos clients des produits de la plus haute qualit\u00e9. Toutes nos reines, y compris les reines italiennes accoupl\u00e9es sur l&rsquo;\u00eele et les reines italiennes accoupl\u00e9es au hasard, [&hellip;]<\/p>\n","protected":false},"author":1,"featured_media":0,"parent":0,"menu_order":0,"comment_status":"closed","ping_status":"closed","template":"","meta":{"footnotes":""},"class_list":["post-980","page","type-page","status-publish","hentry"],"_links":{"self":[{"href":"https:\/\/tullhoneycompany.com\/fr\/wp-json\/wp\/v2\/pages\/980","targetHints":{"allow":["GET"]}}],"collection":[{"href":"https:\/\/tullhoneycompany.com\/fr\/wp-json\/wp\/v2\/pages"}],"about":[{"href":"https:\/\/tullhoneycompany.com\/fr\/wp-json\/wp\/v2\/types\/page"}],"author":[{"embeddable":true,"href":"https:\/\/tullhoneycompany.com\/fr\/wp-json\/wp\/v2\/users\/1"}],"replies":[{"embeddable":true,"href":"https:\/\/tullhoneycompany.com\/fr\/wp-json\/wp\/v2\/comments?post=980"}],"version-history":[{"count":1,"href":"https:\/\/tullhoneycompany.com\/fr\/wp-json\/wp\/v2\/pages\/980\/revisions"}],"predecessor-version":[{"id":984,"href":"https:\/\/tullhoneycompany.com\/fr\/wp-json\/wp\/v2\/pages\/980\/revisions\/984"}],"wp:attachment":[{"href":"https:\/\/tullhoneycompany.com\/fr\/wp-json\/wp\/v2\/media?parent=980"}],"curies":[{"name":"wp","href":"https:\/\/api.w.org\/{rel}","templated":true}]}}