{"id":843,"date":"2024-07-24T19:18:59","date_gmt":"2024-07-24T19:18:59","guid":{"rendered":"https:\/\/tullhoneycompany.com\/politique-de-remboursement-et-de-retour\/"},"modified":"2024-09-19T18:13:37","modified_gmt":"2024-09-19T18:13:37","slug":"politique-de-remboursement-et-de-retour","status":"publish","type":"page","link":"https:\/\/tullhoneycompany.com\/fr\/politique-de-remboursement-et-de-retour\/","title":{"rendered":"Politique de remboursement et de retour"},"content":{"rendered":"\n<h1 class=\"wp-block-heading\">Politique de remboursement et de retour<\/h1>\n\n<h2 class=\"wp-block-heading\">Vue d&rsquo;ensemble<\/h2>\n\n<p>Notre politique de remboursement et de retour dure 24 heures apr\u00e8s l&rsquo;arriv\u00e9e des reines.\nSi 24 heures se sont \u00e9coul\u00e9es depuis que vous avez re\u00e7u les reines, nous ne pouvons pas vous offrir un remboursement complet ou un \u00e9change. <\/p>\n\n<p>En achetant notre Nordic Gold Random Mated Queen, vous acceptez ces termes et conditions.\nPour toute question ou pr\u00e9occupation, veuillez contacter notre service client\u00e8le. <\/p>\n\n<p><\/p><h2>Refunds<\/h2>\n\n<p>Les demandes de remboursement approuv\u00e9es seront trait\u00e9es dans les 7 jours ouvrables.\nLes remboursements seront effectu\u00e9s selon le mode de paiement initial. <\/p>\n\n<p>Seuls les articles \u00e0 prix normal peuvent \u00eatre rembours\u00e9s.\nLes articles sold\u00e9s ne peuvent pas \u00eatre rembours\u00e9s. <\/p>\n\n<p><\/p><h2>Replacements:<\/h2>\n\n<p>Si une reine arrive morte ou en mauvaise sant\u00e9, une reine de remplacement sera envoy\u00e9e sans frais suppl\u00e9mentaires.\nCette op\u00e9ration est soumise \u00e0 disponibilit\u00e9 et peut prendre jusqu&rsquo;\u00e0 4 semaines. <\/p>\n\n<p><\/p>\n\n<p><\/p><h2>Shipping Costs:<\/h2>\n\n<p>Les frais d&rsquo;exp\u00e9dition ne sont pas remboursables, sauf si le retour est d\u00fb \u00e0 une erreur de notre part, comme l&rsquo;envoi d&rsquo;un mauvais produit.<\/p>\n\n<p><\/p>\n\n<p><\/p><h2>Return Process:<\/h2>\n\n<p>Contactez le service client\u00e8le dans les 24 heures suivant la r\u00e9ception de la reine pour effectuer un retour.\nIndiquez votre num\u00e9ro de commande, une description du probl\u00e8me et une photo de la reine. <\/p>\n\n<p>Le service client\u00e8le vous indiquera comment renvoyer la reine si n\u00e9cessaire.<\/p>\n\n<p><\/p><h2>Exclusions:<\/h2>\n\n<p>Nous n&rsquo;acceptons pas les retours ou les remboursements pour les reines qui ont \u00e9t\u00e9 introduites dans une colonie puis retir\u00e9es.<\/p>\n\n<p>Aucun remboursement ou remplacement ne sera effectu\u00e9 pour les reines qui meurent \u00e0 la suite d&rsquo;une mauvaise manipulation ou d&rsquo;une introduction incorrecte dans une ruche.<\/p>\n\n<p><\/p><h2>Need help?<\/h2>\n\n<p>Contactez-nous \u00e0 l&rsquo;adresse info@tullhoneycompany.com pour toute question relative aux remboursements et aux retours.<\/p>\n","protected":false},"excerpt":{"rendered":"<p>Politique de remboursement et de retour Vue d&rsquo;ensemble Notre politique de remboursement et de retour dure 24 heures apr\u00e8s l&rsquo;arriv\u00e9e des reines. Si 24 heures se sont \u00e9coul\u00e9es depuis que vous avez re\u00e7u les reines, nous ne pouvons pas vous offrir un remboursement complet ou un \u00e9change. En achetant notre Nordic Gold Random Mated Queen, [&hellip;]<\/p>\n","protected":false},"author":1,"featured_media":0,"parent":0,"menu_order":0,"comment_status":"closed","ping_status":"closed","template":"","meta":{"footnotes":""},"class_list":["post-843","page","type-page","status-publish","hentry"],"_links":{"self":[{"href":"https:\/\/tullhoneycompany.com\/fr\/wp-json\/wp\/v2\/pages\/843","targetHints":{"allow":["GET"]}}],"collection":[{"href":"https:\/\/tullhoneycompany.com\/fr\/wp-json\/wp\/v2\/pages"}],"about":[{"href":"https:\/\/tullhoneycompany.com\/fr\/wp-json\/wp\/v2\/types\/page"}],"author":[{"embeddable":true,"href":"https:\/\/tullhoneycompany.com\/fr\/wp-json\/wp\/v2\/users\/1"}],"replies":[{"embeddable":true,"href":"https:\/\/tullhoneycompany.com\/fr\/wp-json\/wp\/v2\/comments?post=843"}],"version-history":[{"count":1,"href":"https:\/\/tullhoneycompany.com\/fr\/wp-json\/wp\/v2\/pages\/843\/revisions"}],"predecessor-version":[{"id":847,"href":"https:\/\/tullhoneycompany.com\/fr\/wp-json\/wp\/v2\/pages\/843\/revisions\/847"}],"wp:attachment":[{"href":"https:\/\/tullhoneycompany.com\/fr\/wp-json\/wp\/v2\/media?parent=843"}],"curies":[{"name":"wp","href":"https:\/\/api.w.org\/{rel}","templated":true}]}}