{"id":1043,"date":"2024-08-11T08:36:07","date_gmt":"2024-08-11T08:36:07","guid":{"rendered":"https:\/\/tullhoneycompany.com\/calculateur-de-sirop-de-sucre\/"},"modified":"2025-03-09T07:16:03","modified_gmt":"2025-03-09T07:16:03","slug":"calculateur-de-sirop-de-sucre-pour-les-abeilles","status":"publish","type":"page","link":"https:\/\/tullhoneycompany.com\/fr\/calculateur-de-sirop-de-sucre-pour-les-abeilles\/","title":{"rendered":"Calculateur de sirop de sucre pour les abeilles"},"content":{"rendered":"\n<figure class=\"wp-block-image aligncenter size-full is-resized is-style-rounded\"><img loading=\"lazy\" decoding=\"async\" width=\"1024\" height=\"1024\" src=\"https:\/\/tullhoneycompany.com\/wp-content\/uploads\/2024\/08\/DALL\u00b7E-2024-08-11-15.31.11-A-vintage-black-and-white-image-featuring-an-old-fashioned-calculator-with-large-mechanical-buttons-placed-on-a-rustic-wooden-surface.-Next-to-the-ca.webp\" alt=\"Calculateur de sirop de sucre, sirop de thymol apicole, calculateur de sirop thymolis\u00e9\" class=\"wp-image-302\" style=\"width:279px;height:auto\" srcset=\"https:\/\/tullhoneycompany.com\/wp-content\/uploads\/2024\/08\/DALL\u00b7E-2024-08-11-15.31.11-A-vintage-black-and-white-image-featuring-an-old-fashioned-calculator-with-large-mechanical-buttons-placed-on-a-rustic-wooden-surface.-Next-to-the-ca.webp 1024w, https:\/\/tullhoneycompany.com\/wp-content\/uploads\/2024\/08\/DALL\u00b7E-2024-08-11-15.31.11-A-vintage-black-and-white-image-featuring-an-old-fashioned-calculator-with-large-mechanical-buttons-placed-on-a-rustic-wooden-surface.-Next-to-the-ca-300x300.webp 300w, https:\/\/tullhoneycompany.com\/wp-content\/uploads\/2024\/08\/DALL\u00b7E-2024-08-11-15.31.11-A-vintage-black-and-white-image-featuring-an-old-fashioned-calculator-with-large-mechanical-buttons-placed-on-a-rustic-wooden-surface.-Next-to-the-ca-150x150.webp 150w, https:\/\/tullhoneycompany.com\/wp-content\/uploads\/2024\/08\/DALL\u00b7E-2024-08-11-15.31.11-A-vintage-black-and-white-image-featuring-an-old-fashioned-calculator-with-large-mechanical-buttons-placed-on-a-rustic-wooden-surface.-Next-to-the-ca-768x768.webp 768w, https:\/\/tullhoneycompany.com\/wp-content\/uploads\/2024\/08\/DALL\u00b7E-2024-08-11-15.31.11-A-vintage-black-and-white-image-featuring-an-old-fashioned-calculator-with-large-mechanical-buttons-placed-on-a-rustic-wooden-surface.-Next-to-the-ca-600x600.webp 600w, https:\/\/tullhoneycompany.com\/wp-content\/uploads\/2024\/08\/DALL\u00b7E-2024-08-11-15.31.11-A-vintage-black-and-white-image-featuring-an-old-fashioned-calculator-with-large-mechanical-buttons-placed-on-a-rustic-wooden-surface.-Next-to-the-ca-100x100.webp 100w\" sizes=\"auto, (max-width: 1024px) 100vw, 1024px\" \/><\/figure>\n\n\n\n<h2 class=\"wp-block-heading has-text-align-center\">Calculateur de sirop de sucre pour les abeilles<\/h2>\n\n\n\n<div class=\"wp-block-group alignfull has-background-background-color has-background has-global-padding is-content-justification-center is-layout-constrained wp-container-core-group-is-layout-0412f85b wp-block-group-is-layout-constrained\" style=\"margin-top:0;margin-bottom:0;padding-top:var(--wp--preset--spacing--60);padding-right:var(--wp--preset--spacing--30);padding-bottom:var(--wp--preset--spacing--60);padding-left:var(--wp--preset--spacing--30)\">\n<div style=\"text-align: center;\">\n    \n\n        <div style=\"margin-bottom: 15px;\">\n            <label for=\"syrupVolumeLabel\" style=\"font-size: 1.8em; display: block;\">Litres de sirop:<\/label>\n            <input type=\"number\" id=\"syrupVolume\" value=\"100\" step=\"0.01\" oninput=\"updateSugarAndWaterFromSyrup()\" style=\"font-size: 2.5em; width: 270px; border: none; border-bottom: 2px solid black; text-align: center;\">\n        <\/div>\n\n        <div style=\"margin-bottom: 15px;\">\n            <label for=\"sugarPercentage\" style=\"font-size: 1.8em; display: block;\">Pourcentage de sucre dans le sirop (%):<\/label>\n            <input type=\"number\" id=\"sugarPercentage\" value=\"66.66\" step=\"0.01\" min=\"1\" max=\"72\" oninput=\"updateSugarAndWaterFromPercentage()\" style=\"font-size: 2.5em; width: 270px; border: none; border-bottom: 2px solid black; text-align: center; color: red;\">\n        <\/div>\n\n        <div style=\"margin-bottom: 15px;\">\n            <label for=\"sugarNeededLabel\" style=\"font-size: 1.8em; display: block;\">Kilogrammes de sucre:<\/label>\n            <input type=\"number\" id=\"sugarNeeded\" step=\"0.01\" oninput=\"updateWaterFromSugar()\" style=\"font-size: 2.5em; width: 270px; border: none; border-bottom: 2px solid black; text-align: center;\">\n        <\/div>\n\n        <div style=\"margin-bottom: 15px;\">\n            <label for=\"waterNeededLabel\" style=\"font-size: 1.8em; display: block;\">Litres d&rsquo;eau:<\/label>\n            <input type=\"number\" id=\"waterNeeded\" step=\"0.01\" oninput=\"updateSugarFromWater()\" style=\"font-size: 2.5em; width: 270px; border: none; border-bottom: 2px solid black; text-align: center;\">\n        <\/div>\n\n        <div style=\"margin-bottom: 15px;\">\n            <label for=\"unitSystem\" style=\"font-size: 1.8em; display: block;\">S\u00e9lectionner le syst\u00e8me d&rsquo;unit\u00e9s:<\/label>\n            <select id=\"unitSystem\" onchange=\"updateLabels(); calculateSyrup()\" style=\"font-size: 1.5em;\">\n                <option value=\"imperial\">Imperial (Gallons and Pounds)<\/option>\n                <option value=\"metric\" selected>M\u00e9trique (litres et kilogrammes)<\/option>\n            <\/select>\n        <\/div>\n\n        <h2 style=\"font-size: 2em; margin-top: 25px;\">Ajout de thymol<\/h2>\n\n        <div style=\"margin-bottom: 15px;\">\n            <label for=\"requiredMix\" style=\"font-size: 1.8em; display: block;\">M\u00e9lange de thymol et d&rsquo;alcool isopropylique:<\/label>\n            <span id=\"requiredMix\" style=\"font-size: 1.8em; display: block;\">0<\/span>\n        <\/div>\n\n        <div style=\"margin-bottom: 15px;\">\n            <label for=\"thymol\" style=\"font-size: 1.8em; display: block;\">Thymol:<\/label>\n            <span id=\"thymol\" style=\"font-size: 1.8em; display: block;\">0<\/span>\n        <\/div>\n\n        <div style=\"margin-bottom: 15px;\">\n            <label for=\"isopropylAlcohol\" style=\"font-size: 1.8em; display: block;\">Alcool isopropylique \u00e0 91 %:<\/label>\n            <span id=\"isopropylAlcohol\" style=\"font-size: 1.8em; display: block;\">0<\/span>\n        <\/div>\n    <\/div>\n\n    <script>\n        const densityLookup = {\n            72: 1.3633, 71: 1.3570, 70: 1.3507, 69: 1.3445, 68: 1.3383,\n            67: 1.3321, 66: 1.3260, 65: 1.3190, 64: 1.3139, 63: 1.3079,\n            62: 1.3019, 61: 1.2959, 60: 1.2900, 59: 1.2841, 58: 1.2783,\n            57: 1.2725, 56: 1.2667, 55: 1.2610, 54: 1.2553, 53: 1.2497,\n            52: 1.2441, 51: 1.2385, 50: 1.2339, 49: 1.2274, 48: 1.2229,\n            47: 1.2165, 46: 1.2111, 45: 1.2057, 44: 1.2004, 43: 1.1951,\n            42: 1.1898, 41: 1.1846, 40: 1.1794, 39: 1.1743, 38: 1.1692,\n            37: 1.1641, 36: 1.1590, 35: 1.1540, 34: 1.1490, 33: 1.1440,\n            32: 1.1391, 31: 1.1343, 30: 1.1295, 29: 1.1247, 28: 1.1200,\n            27: 1.1153, 26: 1.1106, 25: 1.1059, 24: 1.1013, 23: 1.0967,\n            22: 1.0922, 21: 1.0877, 20: 1.0832, 19: 1.0788, 18: 1.0744,\n            17: 1.0700, 16: 1.0657, 15: 1.0614, 14: 1.0572, 13: 1.0530,\n            12: 1.0488, 11: 1.0446, 10: 1.0404, 9: 1.0363, 8: 1.0322,\n            7: 1.0281, 6: 1.0240, 5: 1.0200, 4: 1.0160, 3: 1.0120,\n            2: 1.0080, 1: 1.0040\n        };\n\n        function getDensity(sugarPercentage) {\n            const roundedPercentage = Math.round(sugarPercentage);\n            return densityLookup[roundedPercentage];\n        }\n\n        function updateLabels() {\n            const unitSystem = document.getElementById('unitSystem').value;\n\n            if (unitSystem === 'imperial') {\n                document.querySelector('label[for=\"syrupVolumeLabel\"]').innerText = 'Gallons of Syrup:';\n                document.querySelector('label[for=\"sugarNeededLabel\"]').innerText = 'Pounds of Sugar:';\n                document.querySelector('label[for=\"waterNeededLabel\"]').innerText = 'Gallons of Water:';\n            } else if (unitSystem === 'metric') {\n                document.querySelector('label[for=\"syrupVolumeLabel\"]').innerText = 'Liters of Syrup:';\n                document.querySelector('label[for=\"sugarNeededLabel\"]').innerText = 'Kilograms of Sugar:';\n                document.querySelector('label[for=\"waterNeededLabel\"]').innerText = 'Liters of Water:';\n            }\n        }\n\n        function calculateSyrup() {\n            const unitSystem = document.getElementById('unitSystem').value;\n            const syrupVolume = parseFloat(document.getElementById('syrupVolume').value);\n            let sugarPercentage = parseFloat(document.getElementById('sugarPercentage').value);\n\n            if (sugarPercentage < 1) sugarPercentage = 1;\n            if (sugarPercentage > 72) sugarPercentage = 72;\n            document.getElementById('sugarPercentage').value = sugarPercentage.toFixed(2);\n\n            const density = getDensity(sugarPercentage);\n\n            if (unitSystem === 'metric') {\n                const sugarNeeded = syrupVolume * (sugarPercentage \/ 100) * density;\n                const waterNeeded = syrupVolume * ((100 - sugarPercentage) \/ 100) * density;\n\n                document.getElementById('sugarNeeded').value = sugarNeeded.toFixed(2);\n                document.getElementById('waterNeeded').value = waterNeeded.toFixed(2);\n\n            } else if (unitSystem === 'imperial') {\n                const syrupVolumeLiters = syrupVolume * 3.78541;\n                const sugarNeededKg = syrupVolumeLiters * (sugarPercentage \/ 100) * density;\n                const waterNeededLiters = syrupVolumeLiters * ((100 - sugarPercentage) \/ 100) * density;\n\n                const syrupVolumeGallons = syrupVolumeLiters \/ 3.78541;\n                const sugarNeededLbs = sugarNeededKg * 2.20462;\n                const waterNeededGallons = waterNeededLiters \/ 3.78541;\n\n                document.getElementById('syrupVolume').value = syrupVolumeGallons.toFixed(2);\n                document.getElementById('sugarNeeded').value = sugarNeededLbs.toFixed(2);\n                document.getElementById('waterNeeded').value = waterNeededGallons.toFixed(2);\n            }\n\n            calculateThymol();\n        }\n\n        function updateSyrupFromSugarAndWater() {\n            const sugarNeeded = parseFloat(document.getElementById('sugarNeeded').value);\n            const waterNeeded = parseFloat(document.getElementById('waterNeeded').value);\n            const sugarPercentage = parseFloat(document.getElementById('sugarPercentage').value);\n\n            if (isNaN(sugarNeeded) || isNaN(waterNeeded) || sugarNeeded < 0 || waterNeeded < 0) {\n                return;\n            }\n\n            const syrupVolume = (sugarNeeded * 100) \/ (sugarPercentage * getDensity(sugarPercentage));\n            document.getElementById('syrupVolume').value = syrupVolume.toFixed(2);\n\n            calculateThymol();\n        }\n\n        function updateSugarAndWaterFromSyrup() {\n            const syrupVolume = parseFloat(document.getElementById('syrupVolume').value);\n            const sugarPercentage = parseFloat(document.getElementById('sugarPercentage').value);\n            const density = getDensity(sugarPercentage);\n\n            if (isNaN(syrupVolume) || syrupVolume <= 0) {\n                return;\n            }\n\n            const sugarNeeded = syrupVolume * (sugarPercentage \/ 100) * density;\n            const waterNeeded = syrupVolume * ((100 - sugarPercentage) \/ 100) * density;\n\n            document.getElementById('sugarNeeded').value = sugarNeeded.toFixed(2);\n            document.getElementById('waterNeeded').value = waterNeeded.toFixed(2);\n\n            calculateThymol();\n        }\n\n        function updateSugarAndWaterFromPercentage() {\n            updateSugarAndWaterFromSyrup();\n        }\n\n        function updateWaterFromSugar() {\n            const sugarNeeded = parseFloat(document.getElementById('sugarNeeded').value);\n            const sugarPercentage = parseFloat(document.getElementById('sugarPercentage').value);\n            const density = getDensity(sugarPercentage);\n\n            if (isNaN(sugarNeeded) || sugarNeeded < 0) {\n                return;\n            }\n\n            const syrupVolume = (sugarNeeded * 100) \/ (sugarPercentage * density);\n            const waterNeeded = syrupVolume * ((100 - sugarPercentage) \/ 100) * density;\n\n            document.getElementById('syrupVolume').value = syrupVolume.toFixed(2);\n            document.getElementById('waterNeeded').value = waterNeeded.toFixed(2);\n\n            calculateThymol();\n        }\n\n        function updateSugarFromWater() {\n            const waterNeeded = parseFloat(document.getElementById('waterNeeded').value);\n            const sugarPercentage = parseFloat(document.getElementById('sugarPercentage').value);\n            const density = getDensity(sugarPercentage);\n\n            if (isNaN(waterNeeded) || waterNeeded < 0) {\n                return;\n            }\n\n            const syrupVolume = waterNeeded \/ ((100 - sugarPercentage) \/ 100 * density);\n            const sugarNeeded = syrupVolume * (sugarPercentage \/ 100) * density;\n\n            document.getElementById('syrupVolume').value = syrupVolume.toFixed(2);\n            document.getElementById('sugarNeeded').value = sugarNeeded.toFixed(2);\n            document.getElementById('waterNeeded').value = waterNeeded.toFixed(2);\n\n            calculateThymol();\n        }\n\n        function calculateThymol() {\n            const unitSystem = document.getElementById('unitSystem').value;\n            const syrupVolume = parseFloat(document.getElementById('syrupVolume').value);\n\n            let requiredMix, thymol, isopropylAlcohol;\n\n            if (unitSystem === 'metric') {\n                requiredMix = syrupVolume * (2 \/ 3.78541);\n                thymol = (requiredMix \/ 100) * 12.5;\n                isopropylAlcohol = (requiredMix \/ 100) * 88;\n\n                document.getElementById('requiredMix').innerText = requiredMix.toFixed(2) + \" ml\";\n                document.getElementById('thymol').innerText = thymol.toFixed(2) + \" g\";\n                document.getElementById('isopropylAlcohol').innerText = isopropylAlcohol.toFixed(2) + \" ml\";\n            } else if (unitSystem === 'imperial') {\n                requiredMix = 0.0676280454 * syrupVolume;\n                thymol = 0.00881849048 * syrupVolume;\n                isopropylAlcohol = 0.88 * requiredMix;\n\n                document.getElementById('requiredMix').innerText = requiredMix.toFixed(2) + \" fl oz\";\n                document.getElementById('thymol').innerText = thymol.toFixed(2) + \" oz\";\n                document.getElementById('isopropylAlcohol').innerText = isopropylAlcohol.toFixed(2) + \" fl oz\";\n            }\n\n          \n        }\n\n        updateLabels();\n        calculateSyrup();\n    <\/script>\n\n\n\n<p class=\"has-large-font-size\"><strong>Comment utiliser la calculatrice de sirop de nourrissement<\/strong><\/p>\n\n\n\n<p>Ce <strong>calculateur de sirop de sucre<\/strong> est un outil essentiel pour les apiculteurs qui cherchent \u00e0 cr\u00e9er la recette de sirop de sucre parfaite pour leurs abeilles.\nQue vous pr\u00e9pariez du sirop de sucre 1:1 pour le nourrissement de printemps ou du sirop de sucre 2:1 pour le nourrissement d'automne, cette calculatrice vous permet d'obtenir facilement les bons ratios.\nIl est essentiel de comprendre les bons rapports partie-partie, tels que le sirop de sucre 1:1, 2:1 ou m\u00eame 1:2, pour fournir \u00e0 vos abeilles la nutrition dont elles ont besoin tout au long de l'ann\u00e9e.  <\/p>\n\n\n\n<p class=\"has-large-font-size\"><strong>\u00c9tapes d'utilisation de la calculatrice :<\/strong><\/p>\n\n\n\n<ol class=\"wp-block-list\">\n<li><strong>S\u00e9lectionnez le syst\u00e8me d'unit\u00e9s :<\/strong> Choisissez entre le syst\u00e8me m\u00e9trique (litres et kilogrammes) et le syst\u00e8me imp\u00e9rial (gallons et livres) selon vos pr\u00e9f\u00e9rences.<\/li>\n\n\n\n<li><strong>Entrez le volume de sirop :<\/strong> Entrez la quantit\u00e9 de sirop de sucre que vous souhaitez pr\u00e9parer, qu'il s'agisse d'une petite quantit\u00e9 pour quelques ruches ou d'une grande quantit\u00e9 pour l'ensemble de votre rucher.<\/li>\n\n\n\n<li><strong>R\u00e9glez le pourcentage de sucre :<\/strong> Ajustez la concentration de sucre en fonction des besoins de vos abeilles.\nLa valeur par d\u00e9faut est de 66,66 %, ce qui convient \u00e0 la plupart des recettes de sirop de sucre, mais vous pouvez l'ajuster pour cr\u00e9er un rapport 1:1, 2:1 ou d'autres rapports sucre\/eau. <\/li>\n\n\n\n<li><strong>V\u00e9rifiez les valeurs de sucre et d'eau :<\/strong> La calculatrice calcule automatiquement les quantit\u00e9s exactes de sucre et d'eau n\u00e9cessaires pour obtenir la consistance de sirop souhait\u00e9e, que vous pr\u00e9pariez un sirop de sucre \u00e0 1 pour 1 ou \u00e0 2 pour 1.<\/li>\n\n\n\n<li><strong>Ajout de thymol :<\/strong> Le calculateur d\u00e9termine \u00e9galement la quantit\u00e9 correcte de thymol et d'alcool isopropylique \u00e0 91 % \u00e0 ajouter pour pr\u00e9venir la formation de moisissures dans le sirop, cr\u00e9ant ainsi un sirop thymolis\u00e9 s\u00fbr et sain pour vos abeilles.  <strong>Pour pr\u00e9parer le m\u00e9lange, dissolvez le thymol dans l'alcool isopropylique en remuant jusqu'\u00e0 dissolution compl\u00e8te.\nAjoutez ensuite ce m\u00e9lange \u00e0 votre sirop de sucre et remuez bien pour qu'il soit uniform\u00e9ment r\u00e9parti. <\/strong><\/li>\n<\/ol>\n\n\n\n<p class=\"has-large-font-size\"><strong>Avantages pour les apiculteurs :<\/strong><\/p>\n\n\n\n<ul class=\"wp-block-list\">\n<li><strong>Mesures pr\u00e9cises<\/strong> : Assure que vous m\u00e9langez les bonnes proportions de sucre et d'eau, \u00e9vitant ainsi de sur- ou sous-alimenter vos abeilles. Ceci est particuli\u00e8rement important lorsque vous cr\u00e9ez des recettes de Sirop de nourrissement sp\u00e9cifiques, comme les ratios 1:1 ou 2:1.<\/li>\n\n\n\n<li><strong>Pr\u00e9vient les moisissures<\/strong> : En ajoutant la bonne quantit\u00e9 de thymol, le calculateur vous aide \u00e0 cr\u00e9er un Sirop de nourrissement thymolis\u00e9, qui est efficace pour pr\u00e9venir les moisissures dans le sirop, en particulier dans des conditions humides. Cela est essentiel pour l'alimentation au printemps et \u00e0 l'automne.<\/li>\n\n\n\n<li><strong>Gagnez du temps<\/strong> : Calculez rapidement les ingr\u00e9dients n\u00e9cessaires pour de grandes quantit\u00e9s de Sirop de nourrissement, r\u00e9duisant ainsi le temps de pr\u00e9paration et garantissant que vos abeilles re\u00e7oivent la nutrition dont elles ont besoin, quelle que soit la saison.<\/li>\n\n\n\n<li><strong>Favorise la sant\u00e9 des abeilles<\/strong> : Il a \u00e9t\u00e9 d\u00e9montr\u00e9 que le thymol a des effets b\u00e9n\u00e9fiques sur les colonies d'abeilles, en particulier pour pr\u00e9venir des probl\u00e8mes tels que la nos\u00e9mose, une maladie courante des abeilles. Un Sirop de nourrissement correctement m\u00e9lang\u00e9, que ce soit dans un rapport de 1:1, 2:1 ou autre, contribue \u00e0 maintenir la sant\u00e9 et la productivit\u00e9 de vos ruches.<\/li>\n<\/ul>\n\n\n\n<hr class=\"wp-block-separator has-alpha-channel-opacity\"\/>\n\n\n\n<div class=\"wp-block-cover alignfull\" style=\"margin-top:0;margin-bottom:80px;padding-top:3%;padding-right:0%;padding-bottom:10%;padding-left:5%;min-height:600px;aspect-ratio:unset;\"><span aria-hidden=\"true\" class=\"wp-block-cover__background has-background-dim\" style=\"background-color:#906e31\"><\/span><img loading=\"lazy\" decoding=\"async\" width=\"1920\" height=\"2560\" class=\"wp-block-cover__image-background wp-image-162\" alt=\"\" src=\"https:\/\/tullhoneycompany.com\/wp-content\/uploads\/2024\/07\/Haudmeraam1-scaled.jpg\" data-object-fit=\"cover\" srcset=\"https:\/\/tullhoneycompany.com\/wp-content\/uploads\/2024\/07\/Haudmeraam1-scaled.jpg 1920w, https:\/\/tullhoneycompany.com\/wp-content\/uploads\/2024\/07\/Haudmeraam1-225x300.jpg 225w, https:\/\/tullhoneycompany.com\/wp-content\/uploads\/2024\/07\/Haudmeraam1-768x1024.jpg 768w, https:\/\/tullhoneycompany.com\/wp-content\/uploads\/2024\/07\/Haudmeraam1-1152x1536.jpg 1152w, https:\/\/tullhoneycompany.com\/wp-content\/uploads\/2024\/07\/Haudmeraam1-1536x2048.jpg 1536w, https:\/\/tullhoneycompany.com\/wp-content\/uploads\/2024\/07\/Haudmeraam1-600x800.jpg 600w\" sizes=\"auto, (max-width: 1920px) 100vw, 1920px\" \/><div class=\"wp-block-cover__inner-container is-layout-flow wp-container-core-cover-is-layout-ee621fdb wp-block-cover-is-layout-flow\">\n<h3 class=\"wp-block-heading\">AIMER L'APICULTURE<\/h3>\n\n\n\n<p>Le fait d'opter pour des reines bien \u00e9lev\u00e9es permet de cr\u00e9er des colonies plus calmes, plus saines et plus productives.<\/p>\n\n\n\n<div class=\"wp-block-buttons is-layout-flex wp-block-buttons-is-layout-flex\" style=\"margin-top:var(--wp--preset--spacing--30);margin-bottom:var(--wp--preset--spacing--30)\">\n<div class=\"wp-block-button\"><a class=\"wp-block-button__link wp-element-button\" href=\"\/fr\/boutique\/\">Boutique queens<\/a><\/div>\n<\/div>\n<\/div><\/div>\n<\/div>\n","protected":false},"excerpt":{"rendered":"<p>Calculateur de sirop de sucre pour les abeilles Litres de sirop: Pourcentage de sucre dans le sirop (%): Kilogrammes de sucre: Litres d&rsquo;eau: S\u00e9lectionner le syst\u00e8me d&rsquo;unit\u00e9s: Imperial (Gallons and Pounds)M\u00e9trique (litres et kilogrammes) Ajout de thymol M\u00e9lange de thymol et d&rsquo;alcool isopropylique: 0 Thymol: 0 Alcool isopropylique \u00e0 91 %: 0 Comment utiliser la [&hellip;]<\/p>\n","protected":false},"author":1,"featured_media":822,"parent":0,"menu_order":0,"comment_status":"closed","ping_status":"closed","template":"no-title","meta":{"footnotes":""},"class_list":["post-1043","page","type-page","status-publish","has-post-thumbnail","hentry"],"_links":{"self":[{"href":"https:\/\/tullhoneycompany.com\/fr\/wp-json\/wp\/v2\/pages\/1043","targetHints":{"allow":["GET"]}}],"collection":[{"href":"https:\/\/tullhoneycompany.com\/fr\/wp-json\/wp\/v2\/pages"}],"about":[{"href":"https:\/\/tullhoneycompany.com\/fr\/wp-json\/wp\/v2\/types\/page"}],"author":[{"embeddable":true,"href":"https:\/\/tullhoneycompany.com\/fr\/wp-json\/wp\/v2\/users\/1"}],"replies":[{"embeddable":true,"href":"https:\/\/tullhoneycompany.com\/fr\/wp-json\/wp\/v2\/comments?post=1043"}],"version-history":[{"count":8,"href":"https:\/\/tullhoneycompany.com\/fr\/wp-json\/wp\/v2\/pages\/1043\/revisions"}],"predecessor-version":[{"id":1341,"href":"https:\/\/tullhoneycompany.com\/fr\/wp-json\/wp\/v2\/pages\/1043\/revisions\/1341"}],"wp:featuredmedia":[{"embeddable":true,"href":"https:\/\/tullhoneycompany.com\/fr\/wp-json\/wp\/v2\/media\/822"}],"wp:attachment":[{"href":"https:\/\/tullhoneycompany.com\/fr\/wp-json\/wp\/v2\/media?parent=1043"}],"curies":[{"name":"wp","href":"https:\/\/api.w.org\/{rel}","templated":true}]}}