{"id":1089,"date":"2024-07-24T18:52:26","date_gmt":"2024-07-24T18:52:26","guid":{"rendered":"https:\/\/tullhoneycompany.com\/product\/italian-queen-satunnainen-paritus\/"},"modified":"2025-03-16T12:02:22","modified_gmt":"2025-03-16T12:02:22","slug":"italialainen-mehilaisemo","status":"publish","type":"product","link":"https:\/\/tullhoneycompany.com\/fi\/product\/italialainen-mehilaisemo\/","title":{"rendered":"Italialainen mehil\u00e4isemo"},"content":{"rendered":"<p>Esittelyss\u00e4 italialainen mehil\u00e4isemo (vapaasti paritettu) \u2013 ensiluokkainen lis\u00e4 mehil\u00e4ishoitoon, joka on per\u00e4isin parhaasta italialaisesta kannasta, valittuna poikkeuksellisen hygieenisen k\u00e4ytt\u00e4ytymisen, korkean tuotantom\u00e4\u00e4r\u00e4n, rauhallisen luonteen ja nopean kev\u00e4tkehityksen vuoksi. T\u00e4m\u00e4 on ihanteellista varhaisen nektarivirran hy\u00f6dynt\u00e4miseksi.<\/p>\n<p>Italialaiset mehil\u00e4isemot kasvatetaan ensiluokkaisista testatuista kasvattajakuningattarista Peipusj\u00e4rven keskell\u00e4 Virossa sijaitsevalla eristetyll\u00e4 saarella, mik\u00e4 takaa geneettisen puhtauden ja ylivoimaisen laadun. N\u00e4m\u00e4 mehil\u00e4isemot ovat F1-sukupolvea, jotka on jalostettu valikoitujen italialaisten dronien kanssa elinvoimaisuuden ja kest\u00e4vyyden parantamiseksi, joten ne sopivat erinomaisesti vankkoihin tuotantoyksik\u00f6ihin.<\/p>\n<p><strong>T\u00e4rkeimm\u00e4t ominaisuudet:<\/strong><\/p>\n<ul>\n<li><strong>Hygieeninen k\u00e4ytt\u00e4ytyminen:<\/strong> Valittu niiden erinomaisen puhtauden vuoksi, mik\u00e4 takaa terveemm\u00e4t mehil\u00e4ispes\u00e4t ja v\u00e4hemm\u00e4n tauteja.<\/li>\n<li><strong>Korkea tuotanto:<\/strong> T\u00e4ydellinen sek\u00e4 kaupallisille ett\u00e4 harrastelijamehil\u00e4ishoitajille.<\/li>\n<li><strong>Rauhallinen luonne:<\/strong> Leppoisa ja helppohoitoinen, mik\u00e4 tekee pes\u00e4nhoidosta helppoa.<\/li>\n<li><strong>Nopea jousitus:<\/strong> Nopea kasvu aikaisin kev\u00e4\u00e4ll\u00e4, jolloin voit hy\u00f6dynt\u00e4\u00e4 varhaiset nektarivirrat ja maksimoida sadon.<\/li>\n<\/ul>\n<p><strong>Jalostus ja laadunvarmistus:<\/strong><\/p>\n<ul>\n<li><strong>Eristetty paritus:<\/strong> Kasvatetaan valvotussa ymp\u00e4rist\u00f6ss\u00e4 geneettisen eheyden s\u00e4ilytt\u00e4miseksi.<\/li>\n<li><strong>Korkeat valintastandardit:<\/strong> Kasvattajakuningattaret ja -poikaset valitaan tiukasti korkealaatuisten j\u00e4lkel\u00e4isten takaamiseksi.<\/li>\n<li><strong>J\u00e4ljitett\u00e4vyys:<\/strong> Tunnistamisen ja j\u00e4ljitett\u00e4vyyden helpottamiseksi kaikki mehil\u00e4isemot on merkitty kansainv\u00e4lisill\u00e4 v\u00e4rikoodeilla.<\/li>\n<\/ul>\n<p><strong>Saatavuus:<\/strong><\/p>\n<ul>\n<li><strong>Toimitusaika:<\/strong> Saatavilla kes\u00e4kuun alusta syyskuun 1. p\u00e4iv\u00e4\u00e4n.<\/li>\n<li><strong>Hinnoittelu:<\/strong> Hinta: 35 \u20ac plus 30 \u20ac EU l\u00e4hetyskulut.<\/li>\n<\/ul>\n<p>Investoi italialaisiin mehil\u00e4isemohin, jotta mehil\u00e4istarha olisi kukoistava ja tuottava. Tilaa nyt varmistaaksesi mehil\u00e4isemot tulevalle kaudelle ja koe huipputason genetiikan edut pesiss\u00e4si. Lis\u00e4tietoja saat Tull Honey Companyn sivustolta ja tutustumalla yksityiskohtaiseen jalostusprosessiin ja korkealaatuisiin standardeihin, jotka vastaavat k\u00e4yt\u00e4nt\u00f6j\u00e4mme.<\/p>\n","protected":false},"excerpt":{"rendered":"<p>Paranna mehil\u00e4ishoitoasi satunnaisesti paritetun italialaisen kuningattaren avulla.<br \/>\nN\u00e4m\u00e4 italialaisesta huippukannasta jalostetut kuningattaret on valittu hygieenisen k\u00e4ytt\u00e4ytymisen, korkean tuotantom\u00e4\u00e4r\u00e4n, rauhallisen luonteen ja nopean kev\u00e4tkasvatuksen vuoksi.<br \/>\nT\u00e4ydellinen keino lis\u00e4t\u00e4 yhdyskunnan elinvoimaisuutta ja tuottavuutta.<br \/>\nSaatavilla kes\u00e4kuun alusta syyskuun 1. p\u00e4iv\u00e4\u00e4n.<br \/>\nVarmista nyt kuningattaresi menestyksek\u00e4st\u00e4 mehil\u00e4ishoitokautta varten.<\/p>\n","protected":false},"featured_media":614,"comment_status":"open","ping_status":"closed","template":"","meta":[],"product_brand":[],"product_cat":[62],"product_tag":[],"class_list":{"0":"post-1089","1":"product","2":"type-product","3":"status-publish","4":"has-post-thumbnail","6":"product_cat-queens-fi","8":"first","9":"instock","10":"taxable","11":"shipping-taxable","12":"purchasable","13":"product-type-simple"},"_links":{"self":[{"href":"https:\/\/tullhoneycompany.com\/fi\/wp-json\/wp\/v2\/product\/1089","targetHints":{"allow":["GET"]}}],"collection":[{"href":"https:\/\/tullhoneycompany.com\/fi\/wp-json\/wp\/v2\/product"}],"about":[{"href":"https:\/\/tullhoneycompany.com\/fi\/wp-json\/wp\/v2\/types\/product"}],"replies":[{"embeddable":true,"href":"https:\/\/tullhoneycompany.com\/fi\/wp-json\/wp\/v2\/comments?post=1089"}],"wp:featuredmedia":[{"embeddable":true,"href":"https:\/\/tullhoneycompany.com\/fi\/wp-json\/wp\/v2\/media\/614"}],"wp:attachment":[{"href":"https:\/\/tullhoneycompany.com\/fi\/wp-json\/wp\/v2\/media?parent=1089"}],"wp:term":[{"taxonomy":"product_brand","embeddable":true,"href":"https:\/\/tullhoneycompany.com\/fi\/wp-json\/wp\/v2\/product_brand?post=1089"},{"taxonomy":"product_cat","embeddable":true,"href":"https:\/\/tullhoneycompany.com\/fi\/wp-json\/wp\/v2\/product_cat?post=1089"},{"taxonomy":"product_tag","embeddable":true,"href":"https:\/\/tullhoneycompany.com\/fi\/wp-json\/wp\/v2\/product_tag?post=1089"}],"curies":[{"name":"wp","href":"https:\/\/api.w.org\/{rel}","templated":true}]}}