{"id":1061,"date":"2024-07-28T14:15:04","date_gmt":"2024-07-28T14:15:04","guid":{"rendered":"https:\/\/tullhoneycompany.com\/product\/island-mated-italian-kuningatar\/"},"modified":"2025-03-16T13:32:35","modified_gmt":"2025-03-16T13:32:35","slug":"saarella-paritettu-italialainen-emo","status":"publish","type":"product","link":"https:\/\/tullhoneycompany.com\/fi\/product\/saarella-paritettu-italialainen-emo\/","title":{"rendered":"Saarella paritettu italialainen emo"},"content":{"rendered":"<p><strong>Kuvaus:<\/strong> Esittelyss\u00e4 on saarella paritettu italialainen emo, joka on erinomainen valinta mehil\u00e4ishoitajille, jotka etsiv\u00e4t korkealaatuisia kuningattaria. N\u00e4m\u00e4 italialaiset kuningatarmehil\u00e4iset paritetaan huolellisesti saaristossa geneettisen puhtauden ja ylivoimaisten ominaisuuksien varmistamiseksi. Hein\u00e4kuun alussa toimitettavat kuningattaret ovat todistetusti munintakykyisi\u00e4 ja valmiita rikastuttamaan geneettist\u00e4 aineistoasi.<\/p>\n<p><strong>Saarella paritetun emon edut:<\/strong><\/p>\n<ul>\n<li><strong>Todistettu munintakyky:<\/strong> Saarella paritetut mehil\u00e4iskuningattaremme ovat osoittaneet vahvan munintakyvyn, mik\u00e4 takaa pes\u00e4kkeiden vahvan kasvun.<\/li>\n<li><strong>Hygieeninen k\u00e4ytt\u00e4ytyminen:<\/strong> Valittu erinomaisen puhtauden vuoksi, mik\u00e4 edist\u00e4\u00e4 terveempi\u00e4 mehil\u00e4ispesi\u00e4.<\/li>\n<li><strong>Korkea tuotanto:<\/strong> Optimoitu maksimaalisen hunajasadon ja pes\u00e4kkeiden tuottavuuden saavuttamiseksi.<\/li>\n<li><strong>Rauhallinen luonne:<\/strong> Lempe\u00e4 ja helppohoitoinen, mik\u00e4 tekee pes\u00e4nhoidosta vaivatonta.<\/li>\n<\/ul>\n<p><strong>Saatavuus:<\/strong><\/p>\n<ul>\n<li><strong>Toimitusaika:<\/strong> Saatavilla hein\u00e4kuun alusta alkaen, s\u00e4\u00e4olosuhteista riippuen.<\/li>\n<li><strong>Hinnoittelu:<\/strong> Hinta 280 \u20ac, plus 30 \u20ac l\u00e4hetyskulut.<\/li>\n<\/ul>\n<p>Varmista paikkasi varaamalla saarella paritettu italialainen emo etuk\u00e4teen. Kuningattaremme ovat eritt\u00e4in haluttuja poikkeuksellisten ominaisuuksiensa ja varhaisen saatavuutensa vuoksi. Olitpa laajentamassa mehil\u00e4istarhaasi, tehostamassa hunajantuotantoa tai varmistamassa pes\u00e4kkeidesi terveytt\u00e4 ja elinvoimaisuutta, omistautunut henkil\u00f6kuntamme varmistaa, ett\u00e4 saat parhaat laatukuningattaret. <strong>Saarella paritettu emo<\/strong> &#8211; hanki kuningattaresi nyt ja saa etumatka onnistuneeseen mehil\u00e4ishoitokauteen!<\/p>\n","protected":false},"excerpt":{"rendered":"<p>Paranna mehil\u00e4ishoitoasi saarella paritetulla emolla. N\u00e4m\u00e4 kuningattaret ovat tunnettuja todistetusta munintakyvyst\u00e4\u00e4n, erinomaisesta hygieniak\u00e4ytt\u00e4ytymisest\u00e4\u00e4n, korkeasta hunajantuotannostaan ja rauhallisesta luonteestaan. T\u00e4ydellinen keino lis\u00e4t\u00e4 pes\u00e4n terveytt\u00e4 ja tuottavuutta. Saarella paritetut kuningattaret ovat saatavilla hein\u00e4kuun alusta alkaen. Varmista kuningattaresi nyt kukoistavaa mehil\u00e4ishoitokautta varten.<\/p>\n","protected":false},"featured_media":785,"comment_status":"open","ping_status":"closed","template":"","meta":[],"product_brand":[],"product_cat":[62],"product_tag":[],"class_list":{"0":"post-1061","1":"product","2":"type-product","3":"status-publish","4":"has-post-thumbnail","6":"product_cat-queens-fi","8":"first","9":"instock","10":"taxable","11":"shipping-taxable","12":"purchasable","13":"product-type-simple"},"_links":{"self":[{"href":"https:\/\/tullhoneycompany.com\/fi\/wp-json\/wp\/v2\/product\/1061","targetHints":{"allow":["GET"]}}],"collection":[{"href":"https:\/\/tullhoneycompany.com\/fi\/wp-json\/wp\/v2\/product"}],"about":[{"href":"https:\/\/tullhoneycompany.com\/fi\/wp-json\/wp\/v2\/types\/product"}],"replies":[{"embeddable":true,"href":"https:\/\/tullhoneycompany.com\/fi\/wp-json\/wp\/v2\/comments?post=1061"}],"wp:featuredmedia":[{"embeddable":true,"href":"https:\/\/tullhoneycompany.com\/fi\/wp-json\/wp\/v2\/media\/785"}],"wp:attachment":[{"href":"https:\/\/tullhoneycompany.com\/fi\/wp-json\/wp\/v2\/media?parent=1061"}],"wp:term":[{"taxonomy":"product_brand","embeddable":true,"href":"https:\/\/tullhoneycompany.com\/fi\/wp-json\/wp\/v2\/product_brand?post=1061"},{"taxonomy":"product_cat","embeddable":true,"href":"https:\/\/tullhoneycompany.com\/fi\/wp-json\/wp\/v2\/product_cat?post=1061"},{"taxonomy":"product_tag","embeddable":true,"href":"https:\/\/tullhoneycompany.com\/fi\/wp-json\/wp\/v2\/product_tag?post=1061"}],"curies":[{"name":"wp","href":"https:\/\/api.w.org\/{rel}","templated":true}]}}