{"id":872,"date":"2024-07-04T19:33:16","date_gmt":"2024-07-04T19:33:16","guid":{"rendered":"https:\/\/tullhoneycompany.com\/ota-yhteytta\/"},"modified":"2024-09-19T18:13:49","modified_gmt":"2024-09-19T18:13:49","slug":"ota-yhteytta","status":"publish","type":"page","link":"https:\/\/tullhoneycompany.com\/fi\/ota-yhteytta\/","title":{"rendered":"Ota yhteytt\u00e4"},"content":{"rendered":"\n<div class=\"wp-block-group alignfull has-background-background-color has-background has-global-padding is-layout-constrained wp-block-group-is-layout-constrained\" style=\"margin-top:0;margin-bottom:0;padding-top:0\">\n<div class=\"wp-block-cover alignfull\" style=\"padding-top:0;padding-right:var(--wp--preset--spacing--30);padding-bottom:0;padding-left:var(--wp--preset--spacing--30);min-height:351px;aspect-ratio:unset;\"><span aria-hidden=\"true\" class=\"wp-block-cover__background has-black-background-color has-background-dim-60 has-background-dim\"><\/span><img loading=\"lazy\" decoding=\"async\" width=\"960\" height=\"540\" class=\"wp-block-cover__image-background wp-image-48\" alt=\"Beehives in island mating station\" src=\"https:\/\/tullhoneycompany.com\/wp-content\/uploads\/2024\/07\/download-1.png\" data-object-fit=\"cover\" srcset=\"https:\/\/tullhoneycompany.com\/wp-content\/uploads\/2024\/07\/download-1.png 960w, https:\/\/tullhoneycompany.com\/wp-content\/uploads\/2024\/07\/download-1-300x169.png 300w, https:\/\/tullhoneycompany.com\/wp-content\/uploads\/2024\/07\/download-1-768x432.png 768w, https:\/\/tullhoneycompany.com\/wp-content\/uploads\/2024\/07\/download-1-600x338.png 600w\" sizes=\"auto, (max-width: 960px) 100vw, 960px\" \/><div class=\"wp-block-cover__inner-container is-layout-flow wp-block-cover-is-layout-flow\">\n<div class=\"wp-block-group has-global-padding is-layout-constrained wp-block-group-is-layout-constrained\" style=\"padding-top:var(--wp--preset--spacing--60);padding-bottom:var(--wp--preset--spacing--60)\">\n<h1 class=\"wp-block-heading alignwide has-text-align-left has-text-color has-x-large-font-size\" style=\"color:#fffffffc\">Tull Honey Company &#8211; Ota yhteytt\u00e4<\/h1>\n<\/div>\n<\/div><\/div>\n<\/div>\n\n<div class=\"wp-block-group alignfull has-background-background-color has-background has-global-padding is-layout-constrained wp-container-core-group-is-layout-7276a2bb wp-block-group-is-layout-constrained\" style=\"margin-top:0;margin-bottom:0;padding-top:var(--wp--preset--spacing--60);padding-right:var(--wp--preset--spacing--30);padding-bottom:var(--wp--preset--spacing--60);padding-left:var(--wp--preset--spacing--30)\">\n<div class=\"wp-block-columns alignwide is-layout-flex wp-container-core-columns-is-layout-fa584acd wp-block-columns-is-layout-flex\">\n<div class=\"wp-block-column is-layout-flow wp-block-column-is-layout-flow\" style=\"flex-basis:50%\">\n<div class=\"wp-block-group is-layout-flow wp-block-group-is-layout-flow\">\n<h4 class=\"wp-block-heading has-medium-font-size\">Mitk\u00e4 ovat myym\u00e4l\u00e4nne aukioloajat?<\/h4>\n\n\n\n<p class=\"has-small-font-size\" style=\"margin-top:12px\">Myym\u00e4l\u00e4mme aukioloajat ovat maanantaista perjantaihin klo 9:00-17:00.\nOlemme suljettu lauantaina ja sunnuntaina. <\/p>\n<\/div>\n\n\n\n<hr class=\"wp-block-separator has-text-color has-tertiary-color has-alpha-channel-opacity has-tertiary-background-color has-background is-style-wide\"\/>\n\n\n\n<div class=\"wp-block-group is-layout-flow wp-block-group-is-layout-flow\">\n<h4 class=\"wp-block-heading has-medium-font-size\">Tarjoatteko my\u00f6s verkkotilauksia?<\/h4>\n\n\n\n<p class=\"has-small-font-size\" style=\"margin-top:12px\">L\u00e4het\u00e4 s\u00e4hk\u00f6postia osoitteeseen info@tullhoneycompany.com tilataksesi mehil\u00e4iskuningattaria.<\/p>\n<\/div>\n\n\n\n<hr class=\"wp-block-separator has-text-color has-tertiary-color has-alpha-channel-opacity has-tertiary-background-color has-background is-style-wide\"\/>\n\n\n\n<div class=\"wp-block-group is-layout-flow wp-block-group-is-layout-flow\">\n<h4 class=\"wp-block-heading has-medium-font-size\">Mit\u00e4 maksutapoja verkkokauppasi hyv\u00e4ksyy?<\/h4>\n\n\n\n<p class=\"has-small-font-size\" style=\"margin-top:12px\">Hyv\u00e4ksymme erilaisia maksutapoja, kuten Visa, MasterCard, American Express, Discover, PayPal, pankkisiirrot ja mobiilimaksut Apple Payn ja Google Payn kautta.<\/p>\n<\/div>\n<\/div>\n\n\n\n<div class=\"wp-block-column is-layout-flow wp-block-column-is-layout-flow\" style=\"flex-basis:50%\">\n<h2 class=\"wp-block-heading has-large-font-size\">Ota yhteytt\u00e4 yst\u00e4v\u00e4lliseen tiimiimme!<\/h2>\n\n\n\n<p><strong>Tull Honey Company<\/strong><\/p>\n\n\n\n<p style=\"margin-top:0\"><strong>Heinalaari, Aiamaa<\/strong> <strong>k\u00fcla<\/strong><\/p>\n\n\n\n<p style=\"margin-top:0\"><strong>N\u00f5o vald, Tartumaa 61708, Viro<\/strong><\/p>\n\n\n\n<p class=\"has-small-font-size\" style=\"margin-top:8px\">+372 5255 716<\/p>\n\n\n\n<p class=\"has-small-font-size\" style=\"margin-top:8px\">info@tullhoneycompany.com<\/p>\n<\/div>\n<\/div>\n<\/div>\n","protected":false},"excerpt":{"rendered":"<p>Mitk\u00e4 ovat myym\u00e4l\u00e4nne aukioloajat? Myym\u00e4l\u00e4mme aukioloajat ovat maanantaista perjantaihin klo 9:00-17:00. Olemme suljettu lauantaina ja sunnuntaina. Tarjoatteko my\u00f6s verkkotilauksia? L\u00e4het\u00e4 s\u00e4hk\u00f6postia osoitteeseen info@tullhoneycompany.com tilataksesi mehil\u00e4iskuningattaria. Mit\u00e4 maksutapoja verkkokauppasi hyv\u00e4ksyy? Hyv\u00e4ksymme erilaisia maksutapoja, kuten Visa, MasterCard, American Express, Discover, PayPal, pankkisiirrot ja mobiilimaksut Apple Payn ja Google Payn kautta. Ota yhteytt\u00e4 yst\u00e4v\u00e4lliseen tiimiimme! Tull Honey Company [&hellip;]<\/p>\n","protected":false},"author":1,"featured_media":0,"parent":0,"menu_order":0,"comment_status":"closed","ping_status":"closed","template":"no-title","meta":{"footnotes":""},"class_list":["post-872","page","type-page","status-publish","hentry"],"_links":{"self":[{"href":"https:\/\/tullhoneycompany.com\/fi\/wp-json\/wp\/v2\/pages\/872","targetHints":{"allow":["GET"]}}],"collection":[{"href":"https:\/\/tullhoneycompany.com\/fi\/wp-json\/wp\/v2\/pages"}],"about":[{"href":"https:\/\/tullhoneycompany.com\/fi\/wp-json\/wp\/v2\/types\/page"}],"author":[{"embeddable":true,"href":"https:\/\/tullhoneycompany.com\/fi\/wp-json\/wp\/v2\/users\/1"}],"replies":[{"embeddable":true,"href":"https:\/\/tullhoneycompany.com\/fi\/wp-json\/wp\/v2\/comments?post=872"}],"version-history":[{"count":1,"href":"https:\/\/tullhoneycompany.com\/fi\/wp-json\/wp\/v2\/pages\/872\/revisions"}],"predecessor-version":[{"id":873,"href":"https:\/\/tullhoneycompany.com\/fi\/wp-json\/wp\/v2\/pages\/872\/revisions\/873"}],"wp:attachment":[{"href":"https:\/\/tullhoneycompany.com\/fi\/wp-json\/wp\/v2\/media?parent=872"}],"curies":[{"name":"wp","href":"https:\/\/api.w.org\/{rel}","templated":true}]}}