{"id":1070,"date":"2024-07-28T13:59:21","date_gmt":"2024-07-28T13:59:21","guid":{"rendered":"https:\/\/tullhoneycompany.com\/product\/reina-italiana-invernada-apareada-al-azar\/"},"modified":"2025-03-20T20:16:36","modified_gmt":"2025-03-20T20:16:36","slug":"reina-italiana-invernada","status":"publish","type":"product","link":"https:\/\/tullhoneycompany.com\/es\/product\/reina-italiana-invernada\/","title":{"rendered":"Reina Italiana Invernada &#8211; Fecundada de forma natural"},"content":{"rendered":"<h3 data-start=\"185\" data-end=\"206\"><strong data-start=\"189\" data-end=\"204\">Descripci\u00f3n<\/strong><\/h3>\n<p data-start=\"208\" data-end=\"535\">Presentamos la Reina Italiana Invernada &#8211; Fecundada de forma natural, la mejor elecci\u00f3n para la apicultura de principios de temporada. Estas reinas son cuidadosamente hibernadas para garantizar que est\u00e9n listas para ser entregadas en abril, proporcion\u00e1ndote una ponedora de huevos probada desde el inicio de la temporada.<\/p>\n<h3 data-start=\"537\" data-end=\"624\"><strong data-start=\"541\" data-end=\"622\">Beneficios clave de la Reina Italiana Invernada &#8211; Fecundada de forma natural:<\/strong><\/h3>\n<p data-start=\"626\" data-end=\"1457\"><strong data-start=\"628\" data-end=\"656\">Comportamiento higi\u00e9nico<\/strong> \u2013 Seleccionadas por su limpieza superior, promoviendo colmenas m\u00e1s saludables y resistentes a enfermedades.<br data-start=\"764\" data-end=\"767\" \/><strong data-start=\"769\" data-end=\"788\">Alta producci\u00f3n<\/strong> \u2013 La Reina Italiana Invernada est\u00e1 optimizada para maximizar la producci\u00f3n de miel y la productividad de la colonia.<br data-start=\"938\" data-end=\"941\" \/><strong data-start=\"943\" data-end=\"969\">Temperamento tranquilo<\/strong> \u2013 Su car\u00e1cter d\u00f3cil facilita la gesti\u00f3n de la colmena, siendo una opci\u00f3n ideal tanto para apicultores comerciales como aficionados.<br data-start=\"1101\" data-end=\"1104\" \/><strong data-start=\"1106\" data-end=\"1137\">Puesta de huevos comprobada<\/strong> \u2013 Nuestras Reinas Italianas Invernadas han demostrado una gran capacidad de puesta de huevos, asegurando un crecimiento robusto de la colonia.<br data-start=\"1314\" data-end=\"1317\" \/><strong data-start=\"1319\" data-end=\"1339\">Entrega temprana<\/strong> \u2013 Recibe tu Reina Italiana Invernada\u00a0 en abril y adel\u00e1ntate a la temporada ap\u00edcola.<\/p>\n<h3 data-start=\"1459\" data-end=\"1484\"><strong data-start=\"1463\" data-end=\"1482\">Disponibilidad:<\/strong><\/h3>\n<p data-start=\"1486\" data-end=\"1591\"><strong data-start=\"1489\" data-end=\"1510\">Plazo de entrega:<\/strong> Disponible a partir de mediados de abril, sujeto a condiciones meteorol\u00f3gicas.<\/p>\n<p data-start=\"1593\" data-end=\"1993\">Asegura tu reserva con anticipaci\u00f3n y obt\u00e9n tu Reina Italiana Invernada &#8211; Fecundada de forma natural. Estas reinas son altamente demandadas por sus excepcionales cualidades y pronta disponibilidad. Ya sea que est\u00e9s ampliando tu colmenar, aumentando la producci\u00f3n de miel o garantizando la salud y vitalidad de tus colonias, nuestro equipo se asegurar\u00e1 de que recibas reinas de la mejor calidad.<\/p>\n<p data-start=\"1995\" data-end=\"2127\">Reserva ahora tu Reina Italiana Invernada &#8211; Fecundada de forma natural y prep\u00e1rate para una temporada ap\u00edcola de \u00e9xito!<\/p>\n<hr data-start=\"2129\" data-end=\"2132\" \/>\n<h3 data-start=\"2134\" data-end=\"2186\"><strong data-start=\"2138\" data-end=\"2184\">Abeja Lig\u00fastica (Apis mellifera ligustica)<\/strong><\/h3>\n<p data-start=\"2188\" data-end=\"2603\">La abeja Lig\u00fastica, tambi\u00e9n conocida como abeja italiana, es una subespecie de la abeja mel\u00edfera occidental (Apis mellifera). Son altamente valoradas por su car\u00e1cter d\u00f3cil y elevada productividad, lo que las convierte en una de las opciones preferidas por los apicultores de todo el mundo. Originarias de la pen\u00ednsula italiana, han sido ampliamente criadas y exportadas por sus caracter\u00edsticas favorables.<\/p>\n<h3 data-start=\"2605\" data-end=\"2659\"><strong data-start=\"2609\" data-end=\"2657\">Caracter\u00edsticas clave de la Abeja Lig\u00fastica:<\/strong><\/h3>\n<p data-start=\"2661\" data-end=\"2891\"><strong data-start=\"2664\" data-end=\"2679\">Mansedumbre<\/strong> \u2013 Las <strong data-start=\"2686\" data-end=\"2707\">abejas lig\u00fasticas<\/strong>, criadas para la Reina Italiana Invernada &#8211; Fecundada de forma natural, son conocidas por su comportamiento tranquilo y d\u00f3cil, facilitando su manejo incluso en entornos urbanos.<\/p>\n<p data-start=\"2893\" data-end=\"3139\"><strong data-start=\"2896\" data-end=\"2918\">Alta productividad<\/strong> \u2013 Estas abejas son recolectoras muy eficientes y pueden generar grandes cantidades de miel, sobre todo en regiones con abundantes recursos florales, lo que las convierte en la mejor opci\u00f3n para productores comerciales.<\/p>\n<p data-start=\"3141\" data-end=\"3380\"><strong data-start=\"3144\" data-end=\"3177\">Fuerte comportamiento de cr\u00eda<\/strong> \u2013 La Reina Italiana Invernada &#8211; Fecundada de forma natural impulsa el crecimiento de colonias grandes y activas durante todo el a\u00f1o, permitiendo aprovechar al m\u00e1ximo los primeros flujos de n\u00e9ctar.<\/p>\n<p data-start=\"3382\" data-end=\"3594\"><strong data-start=\"3385\" data-end=\"3415\">Resistencia a enfermedades<\/strong> \u2013 Aunque las abejas lig\u00fasticas pueden ser m\u00e1s susceptibles a ciertos par\u00e1sitos, como los \u00e1caros Varroa, una correcta gesti\u00f3n y tratamiento garantiza la salud de la colmena.<\/p>\n<p data-start=\"3596\" data-end=\"3929\"><strong data-start=\"3599\" data-end=\"3622\">Hibernaci\u00f3n exitosa<\/strong> \u2013 La Reina Italiana Invernada &#8211; Fecundada de forma natural est\u00e1 especialmente seleccionada para soportar inviernos suaves, asegurando colmenas fuertes y listas para la primavera. En climas m\u00e1s fr\u00edos, se recomienda una gesti\u00f3n adecuada para garantizar reservas de alimento y protecci\u00f3n contra el fr\u00edo.<\/p>\n<p data-start=\"3931\" data-end=\"4200\"><strong data-start=\"3934\" data-end=\"3956\">Gran adaptabilidad<\/strong> \u2013 Gracias a su resistencia y facilidad de manejo, la Reina Italiana Invernada &#8211; Fecundada de forma natural se adapta a diversas condiciones clim\u00e1ticas, lo que ha contribuido a su amplia popularidad entre los apicultores de todo el mundo.<\/p>\n","protected":false},"excerpt":{"rendered":"<p>Mejora tu apicultura con nuestra Reina Italiana Invernada. Entregadas en abril, estas reinas son probadas ponedoras de huevos, lo que garantiza un fuerte crecimiento de la colonia desde el principio de la temporada. Seleccionadas por su comportamiento higi\u00e9nico, altos \u00edndices de producci\u00f3n, temperamento tranquilo y gran capacidad de hibernaci\u00f3n. Perfectas para empezar con ventaja una pr\u00f3spera temporada ap\u00edcola. Aseg\u00farate ahora tu reina para una entrega temprana y un colmenar pr\u00f3spero.<\/p>\n<p>&nbsp;<\/p>\n","protected":false},"featured_media":783,"comment_status":"open","ping_status":"closed","template":"","meta":[],"product_brand":[],"product_cat":[63],"product_tag":[],"class_list":{"0":"post-1070","1":"product","2":"type-product","3":"status-publish","4":"has-post-thumbnail","6":"product_cat-queens-es","8":"first","9":"instock","10":"taxable","11":"shipping-taxable","12":"purchasable","13":"product-type-simple"},"_links":{"self":[{"href":"https:\/\/tullhoneycompany.com\/es\/wp-json\/wp\/v2\/product\/1070","targetHints":{"allow":["GET"]}}],"collection":[{"href":"https:\/\/tullhoneycompany.com\/es\/wp-json\/wp\/v2\/product"}],"about":[{"href":"https:\/\/tullhoneycompany.com\/es\/wp-json\/wp\/v2\/types\/product"}],"replies":[{"embeddable":true,"href":"https:\/\/tullhoneycompany.com\/es\/wp-json\/wp\/v2\/comments?post=1070"}],"wp:featuredmedia":[{"embeddable":true,"href":"https:\/\/tullhoneycompany.com\/es\/wp-json\/wp\/v2\/media\/783"}],"wp:attachment":[{"href":"https:\/\/tullhoneycompany.com\/es\/wp-json\/wp\/v2\/media?parent=1070"}],"wp:term":[{"taxonomy":"product_brand","embeddable":true,"href":"https:\/\/tullhoneycompany.com\/es\/wp-json\/wp\/v2\/product_brand?post=1070"},{"taxonomy":"product_cat","embeddable":true,"href":"https:\/\/tullhoneycompany.com\/es\/wp-json\/wp\/v2\/product_cat?post=1070"},{"taxonomy":"product_tag","embeddable":true,"href":"https:\/\/tullhoneycompany.com\/es\/wp-json\/wp\/v2\/product_tag?post=1070"}],"curies":[{"name":"wp","href":"https:\/\/api.w.org\/{rel}","templated":true}]}}