{"id":1062,"date":"2024-07-28T14:15:04","date_gmt":"2024-07-28T14:15:04","guid":{"rendered":"https:\/\/tullhoneycompany.com\/product\/reina-italiana-apareada-en-una-isla\/"},"modified":"2025-03-20T20:06:31","modified_gmt":"2025-03-20T20:06:31","slug":"reina-italiana-f0","status":"publish","type":"product","link":"https:\/\/tullhoneycompany.com\/es\/product\/reina-italiana-f0\/","title":{"rendered":"Reina Italiana F0 fecundada en isla"},"content":{"rendered":"<h3 data-start=\"0\" data-end=\"21\"><strong data-start=\"4\" data-end=\"19\">Descripci\u00f3n<\/strong><\/h3>\n<p data-start=\"23\" data-end=\"461\">Presentamos la Reina Italiana F0 fecundada en isla, la elecci\u00f3n premium para apicultores que buscan reinas de la m\u00e1s alta calidad. Estas reinas italianas han sido cuidadosamente fecundadas en isla para garantizar pureza gen\u00e9tica y caracter\u00edsticas superiores. Disponibles para entrega a principios de julio, estas reinas ofrecen una capacidad comprobada de puesta de huevos, listas para fortalecer el material gen\u00e9tico de tu colmena.<\/p>\n<h3 data-start=\"463\" data-end=\"526\"><strong data-start=\"467\" data-end=\"524\">Beneficios de la Reina Italiana F0 fecundada en isla:<\/strong><\/h3>\n<p data-start=\"528\" data-end=\"1062\"><strong data-start=\"530\" data-end=\"561\">Puesta de huevos comprobada<\/strong> \u2013 Nuestras Reinas Italianas F0 fecundadas en isla han demostrado una gran capacidad de puesta, asegurando un crecimiento s\u00f3lido de la colonia.<br data-start=\"708\" data-end=\"711\" \/><strong data-start=\"713\" data-end=\"741\">Comportamiento higi\u00e9nico<\/strong> \u2013 Seleccionadas por su limpieza excepcional, promoviendo colmenas m\u00e1s saludables y resistentes a enfermedades.<br data-start=\"852\" data-end=\"855\" \/><strong data-start=\"857\" data-end=\"876\">Alta producci\u00f3n<\/strong> \u2013 Optimizadas para el m\u00e1ximo rendimiento de miel y productividad de la colonia.<br data-start=\"956\" data-end=\"959\" \/><strong data-start=\"961\" data-end=\"987\" data-is-only-node=\"\">Temperamento tranquilo<\/strong> \u2013 Son d\u00f3ciles y f\u00e1ciles de manejar, facilitando la gesti\u00f3n del colmenar.<\/p>\n<h3 data-start=\"1064\" data-end=\"1089\"><strong data-start=\"1068\" data-end=\"1087\">Disponibilidad:<\/strong><\/h3>\n<p data-start=\"1091\" data-end=\"1249\"><strong data-start=\"1094\" data-end=\"1117\">Periodo de entrega:<\/strong> Disponible desde principios de julio, sujeto a condiciones clim\u00e1ticas.<br data-start=\"1188\" data-end=\"1191\" \/><strong data-start=\"1194\" data-end=\"1205\">Precio:<\/strong> 280 \u20ac m\u00e1s 30 \u20ac por env\u00edo dentro de la UE.<\/p>\n<p data-start=\"1251\" data-end=\"1639\">Asegura tu lugar reservando tu Reina Italiana F0 fecundada en isla con anticipaci\u00f3n. Estas reinas son altamente demandadas por sus cualidades excepcionales y su disponibilidad temprana. Ya sea que est\u00e9s expandiendo tu colmenar, aumentando la producci\u00f3n de miel o asegurando la salud y vitalidad de tus colonias, nuestro equipo garantizar\u00e1 que recibas las mejores reinas disponibles<\/p>\n","protected":false},"excerpt":{"rendered":"<p>Mejora tu apicultura con nuestra Reina Italiana F0 fecundada en isla. Estas reinas son reconocidas por su probada capacidad de puesta de huevos, su excepcional comportamiento higi\u00e9nico, su alta producci\u00f3n de miel y su temperamento tranquilo. Perfectas para fortalecer la salud y productividad de la colonia. Las Reinas Italianas F0 fecundadas en isla est\u00e1n disponibles desde principios de julio. Asegura ahora tu Reina Italiana F0 fecundada en isla para una temporada ap\u00edcola pr\u00f3spera.<\/p>\n","protected":false},"featured_media":792,"comment_status":"open","ping_status":"closed","template":"","meta":[],"product_brand":[],"product_cat":[63],"product_tag":[],"class_list":{"0":"post-1062","1":"product","2":"type-product","3":"status-publish","4":"has-post-thumbnail","6":"product_cat-queens-es","8":"first","9":"instock","10":"taxable","11":"shipping-taxable","12":"purchasable","13":"product-type-simple"},"_links":{"self":[{"href":"https:\/\/tullhoneycompany.com\/es\/wp-json\/wp\/v2\/product\/1062","targetHints":{"allow":["GET"]}}],"collection":[{"href":"https:\/\/tullhoneycompany.com\/es\/wp-json\/wp\/v2\/product"}],"about":[{"href":"https:\/\/tullhoneycompany.com\/es\/wp-json\/wp\/v2\/types\/product"}],"replies":[{"embeddable":true,"href":"https:\/\/tullhoneycompany.com\/es\/wp-json\/wp\/v2\/comments?post=1062"}],"wp:featuredmedia":[{"embeddable":true,"href":"https:\/\/tullhoneycompany.com\/es\/wp-json\/wp\/v2\/media\/792"}],"wp:attachment":[{"href":"https:\/\/tullhoneycompany.com\/es\/wp-json\/wp\/v2\/media?parent=1062"}],"wp:term":[{"taxonomy":"product_brand","embeddable":true,"href":"https:\/\/tullhoneycompany.com\/es\/wp-json\/wp\/v2\/product_brand?post=1062"},{"taxonomy":"product_cat","embeddable":true,"href":"https:\/\/tullhoneycompany.com\/es\/wp-json\/wp\/v2\/product_cat?post=1062"},{"taxonomy":"product_tag","embeddable":true,"href":"https:\/\/tullhoneycompany.com\/es\/wp-json\/wp\/v2\/product_tag?post=1062"}],"curies":[{"name":"wp","href":"https:\/\/api.w.org\/{rel}","templated":true}]}}