{"id":990,"date":"2024-07-28T14:39:19","date_gmt":"2024-07-28T14:39:19","guid":{"rendered":"https:\/\/tullhoneycompany.com\/certificado-sanitario-huellas-nt\/"},"modified":"2024-09-19T18:15:22","modified_gmt":"2024-09-19T18:15:22","slug":"certificado-sanitario-huellas-nt","status":"publish","type":"page","link":"https:\/\/tullhoneycompany.com\/es\/certificado-sanitario-huellas-nt\/","title":{"rendered":"Certificado sanitario &#8211; Huellas NT"},"content":{"rendered":"\n<h3 class=\"wp-block-heading\">Certificado sanitario &#8211; Huellas NT<\/h3>\n\n<p>En Tull Honey Company, damos prioridad a la salud y la seguridad de nuestras abejas para garantizar productos de la m\u00e1xima calidad a nuestros clientes.\nTodas nuestras abejas reinas, incluidas las reinas italianas apareadas en isla y las apareadas al azar, se env\u00edan con un certificado sanitario veterinario obligatorio, de conformidad con la normativa de la UE (2016\/429, 2020\/688, 2021\/403). <\/p>\n\n<h4 class=\"wp-block-heading\">Puntos clave:<\/h4>\n\n<ul class=\"wp-block-list\">\n<li><strong>Registro en TRACES NT:<\/strong> <strong>Todos los compradores de reinas deben estar registrados en la plataforma de gesti\u00f3n y certificado digital <a href=\"https:\/\/food.ec.europa.eu\/horizontal-topics\/traces_en\" target=\"_blank\" rel=\"noopener\">TRACES NT<\/a><\/strong>.\nEsta plataforma garantiza la trazabilidad y el cumplimiento de la normativa sanitaria en toda la UE. <\/li>\n\n\n\n<li><strong>Certificado sanitario veterinario:<\/strong> Cada env\u00edo de abejas reinas va acompa\u00f1ado de un certificado sanitario veterinario.\nEste certificado garantiza que nuestras reinas cumplen todas las normas sanitarias y est\u00e1n libres de enfermedades. <\/li>\n\n\n\n<li><strong>Garant\u00eda de calidad:<\/strong> El certificado sanitario no s\u00f3lo garantiza el cumplimiento, sino que refuerza nuestro compromiso de proporcionar las reinas m\u00e1s sanas y productivas a nuestros clientes.<\/li>\n<\/ul>\n\n<p>M\u00e1s informaci\u00f3n sobre <a href=\"https:\/\/food.ec.europa.eu\/horizontal-topics\/traces_en\" target=\"_blank\" rel=\"noopener\">TRACES NT<\/a>.<\/p>\n\n<h3 class=\"wp-block-heading\">Gu\u00eda de registro TRACES NT paso a paso<\/h3>\n\n<p>Sigue estos pasos para registrarte en la plataforma TRACES NT:<\/p>\n\n<h4 class=\"wp-block-heading\">Paso 1: Accede al Portal TRACES NT<\/h4>\n\n<ol class=\"wp-block-list\">\n<li>Abre tu navegador web y ve al portal <a href=\"https:\/\/webgate.ec.europa.eu\/tracesnt\/login\" target=\"_blank\" rel=\"noopener\">TRACES NT<\/a> en <a href=\"https:\/\/webgate.ec.europa.eu\/tracesnt\/login\" target=\"_blank\" rel=\"noopener\">TRACES NT<\/a>.<\/li>\n<\/ol>\n\n<h4 class=\"wp-block-heading\">Paso 2: Crear una cuenta de inicio de sesi\u00f3n en la UE<\/h4>\n\n<ol class=\"wp-block-list\">\n<li>Haz clic en el enlace <strong>\u00abReg\u00edstrate para acceder a la UE\u00bb<\/strong> en la p\u00e1gina de acceso a TRACES NT.<\/li>\n\n\n\n<li>Rellena los campos obligatorios:\n<ul class=\"wp-block-list\">\n<li><strong>Direcci\u00f3n de correo electr\u00f3nico:<\/strong> Introduce tu direcci\u00f3n de correo electr\u00f3nico v\u00e1lida.<\/li>\n\n\n\n<li><strong>Nombre y apellidos:<\/strong> Proporciona tu informaci\u00f3n personal.<\/li>\n\n\n\n<li><strong>Elige una contrase\u00f1a:<\/strong> Crea una contrase\u00f1a segura siguiendo las directrices proporcionadas.<\/li>\n<\/ul>\n<\/li>\n\n\n\n<li>Haz clic en el bot\u00f3n <strong>\u00abCrear una cuenta\u00bb<\/strong>.<\/li>\n\n\n\n<li>Busca en tu correo electr\u00f3nico un mensaje de confirmaci\u00f3n de EU Login y haz clic en el enlace de verificaci\u00f3n para activar tu cuenta.<\/li>\n<\/ol>\n\n<h4 class=\"wp-block-heading\">Paso 3: Con\u00e9ctate a TRACES NT<\/h4>\n\n<ol class=\"wp-block-list\">\n<li>Vuelve a la p\u00e1gina de inicio de sesi\u00f3n de TRACES NT.<\/li>\n\n\n\n<li>Introduce tu direcci\u00f3n de correo electr\u00f3nico y tu contrase\u00f1a en la secci\u00f3n <strong>Inicio de sesi\u00f3n en la UE<\/strong>.<\/li>\n\n\n\n<li>Haz clic en el bot\u00f3n <strong>\u00abIniciar sesi\u00f3n\u00bb<\/strong>.<\/li>\n<\/ol>\n\n<h4 class=\"wp-block-heading\">Paso 4: Completa tu perfil TRACES NT<\/h4>\n\n<ol class=\"wp-block-list\">\n<li>Tras iniciar sesi\u00f3n, se te redirigir\u00e1 al panel de control de TRACES NT.<\/li>\n\n\n\n<li>Haz clic en tu nombre en la esquina superior derecha y selecciona <strong>\u00abMi cuenta\u00bb<\/strong> en el men\u00fa desplegable.<\/li>\n\n\n\n<li>Rellena la informaci\u00f3n requerida:\n<ul class=\"wp-block-list\">\n<li><strong>Datos personales:<\/strong> Verifica y actualiza tus datos personales si es necesario.<\/li>\n\n\n\n<li><strong>Datos de la organizaci\u00f3n:<\/strong> Introduce los datos de tu organizaci\u00f3n (si procede).<\/li>\n<\/ul>\n<\/li>\n\n\n\n<li>Guarda la informaci\u00f3n de tu perfil.<\/li>\n<\/ol>\n\n<h4 class=\"wp-block-heading\">Paso 5: Registrarse como Operador<\/h4>\n\n<ol class=\"wp-block-list\">\n<li>En el panel de control de TRACES NT, haz clic en el bot\u00f3n <strong>\u00abRegistrarse como Operador\u00bb<\/strong>.<\/li>\n\n\n\n<li>Selecciona el tipo de operador relevante para tu actividad.\n<ul class=\"wp-block-list\">\n<li><strong>Secci\u00f3n:<\/strong> Elige <strong>\u00abEstablecimiento de abejas mel\u00edferas\u00bb.<\/strong><\/li>\n\n\n\n<li><strong>Actividad:<\/strong> Elige <strong>\u00abEstablecimiento de animales terrestres\u00bb.<\/strong><\/li>\n\n\n\n<li><strong>Identificador:<\/strong> Introduce el n\u00famero legal de tu colmenar principal (normalmente concedido por una autoridad nacional) u otro identificador relevante.<\/li>\n<\/ul>\n<\/li>\n\n\n\n<li>Rellena el formulario de inscripci\u00f3n con datos precisos sobre tu operaci\u00f3n.<\/li>\n\n\n\n<li>Pulsa el bot\u00f3n <strong>\u00abEnviar\u00bb<\/strong>.<\/li>\n<\/ol>\n\n<h4 class=\"wp-block-heading\">Paso 6: Aprobaci\u00f3n y verificaci\u00f3n<\/h4>\n\n<ol class=\"wp-block-list\">\n<li>Tu inscripci\u00f3n ser\u00e1 revisada por las autoridades competentes.<\/li>\n\n\n\n<li>Puedes recibir una solicitud de informaci\u00f3n o documentos adicionales.<\/li>\n\n\n\n<li>Una vez aprobado, recibir\u00e1s un correo electr\u00f3nico de confirmaci\u00f3n.<\/li>\n<\/ol>\n\n<h4 class=\"wp-block-heading\">Paso 7: Acceder a los Servicios TRACES NT<\/h4>\n\n<ol class=\"wp-block-list\">\n<li>Tras la aprobaci\u00f3n, inicia sesi\u00f3n en <a href=\"https:\/\/webgate.ec.europa.eu\/tracesnt\/login\" target=\"_blank\" rel=\"noopener\">TRACES NT<\/a>.<\/li>\n\n\n\n<li>Ahora puedes acceder a toda la gama de servicios que ofrece TRACES NT, incluida la gesti\u00f3n de certificados, el seguimiento y la elaboraci\u00f3n de informes.<\/li>\n<\/ol>\n\n<p>Siguiendo estos pasos, te registrar\u00e1s correctamente en la plataforma TRACES NT, lo que te permitir\u00e1 gestionar y seguir tus transacciones de acuerdo con la normativa de la UE.<\/p>\n","protected":false},"excerpt":{"rendered":"<p>Certificado sanitario &#8211; Huellas NT En Tull Honey Company, damos prioridad a la salud y la seguridad de nuestras abejas para garantizar productos de la m\u00e1xima calidad a nuestros clientes. Todas nuestras abejas reinas, incluidas las reinas italianas apareadas en isla y las apareadas al azar, se env\u00edan con un certificado sanitario veterinario obligatorio, de [&hellip;]<\/p>\n","protected":false},"author":1,"featured_media":0,"parent":0,"menu_order":0,"comment_status":"closed","ping_status":"closed","template":"","meta":{"footnotes":""},"class_list":["post-990","page","type-page","status-publish","hentry"],"_links":{"self":[{"href":"https:\/\/tullhoneycompany.com\/es\/wp-json\/wp\/v2\/pages\/990","targetHints":{"allow":["GET"]}}],"collection":[{"href":"https:\/\/tullhoneycompany.com\/es\/wp-json\/wp\/v2\/pages"}],"about":[{"href":"https:\/\/tullhoneycompany.com\/es\/wp-json\/wp\/v2\/types\/page"}],"author":[{"embeddable":true,"href":"https:\/\/tullhoneycompany.com\/es\/wp-json\/wp\/v2\/users\/1"}],"replies":[{"embeddable":true,"href":"https:\/\/tullhoneycompany.com\/es\/wp-json\/wp\/v2\/comments?post=990"}],"version-history":[{"count":1,"href":"https:\/\/tullhoneycompany.com\/es\/wp-json\/wp\/v2\/pages\/990\/revisions"}],"predecessor-version":[{"id":991,"href":"https:\/\/tullhoneycompany.com\/es\/wp-json\/wp\/v2\/pages\/990\/revisions\/991"}],"wp:attachment":[{"href":"https:\/\/tullhoneycompany.com\/es\/wp-json\/wp\/v2\/media?parent=990"}],"curies":[{"name":"wp","href":"https:\/\/api.w.org\/{rel}","templated":true}]}}