{"id":842,"date":"2024-07-24T19:18:59","date_gmt":"2024-07-24T19:18:59","guid":{"rendered":"https:\/\/tullhoneycompany.com\/politica-de-devoluciones-y-reembolsos\/"},"modified":"2024-09-19T18:13:36","modified_gmt":"2024-09-19T18:13:36","slug":"politica-de-devoluciones-y-reembolsos","status":"publish","type":"page","link":"https:\/\/tullhoneycompany.com\/es\/politica-de-devoluciones-y-reembolsos\/","title":{"rendered":"Pol\u00edtica de devoluciones y reembolsos"},"content":{"rendered":"\n<h1 class=\"wp-block-heading\">Pol\u00edtica de devoluciones y reembolsos<\/h1>\n\n<h2 class=\"wp-block-heading\">Visi\u00f3n general<\/h2>\n\n<p>Nuestra pol\u00edtica de reembolsos y devoluciones dura 24 desde la llegada de las reinas.\nSi han pasado 24 horas desde que has recibido las reinas, no podemos ofrecerte un reembolso o cambio completo. <\/p>\n\n<p>Al comprar nuestra Reina Apareada Aleatoria Oro N\u00f3rdico, aceptas estos t\u00e9rminos y condiciones.\nPara cualquier pregunta o duda, ponte en contacto con nuestro equipo de atenci\u00f3n al cliente. <\/p>\n\n<p><\/p><h2>Refunds<\/h2>\n\n<p>Las solicitudes de reembolso aprobadas se procesar\u00e1n en un plazo de 7 d\u00edas laborables.\nLos reembolsos se efectuar\u00e1n a la forma de pago original. <\/p>\n\n<p>S\u00f3lo se reembolsar\u00e1n los art\u00edculos de precio normal.\nLos art\u00edculos rebajados no pueden devolverse. <\/p>\n\n<p><\/p><h2>Replacements:<\/h2>\n\n<p>Si una reina llega muerta o en mal estado de salud, se enviar\u00e1 una de repuesto sin coste adicional.\nEsto est\u00e1 sujeto a disponibilidad y puede tardar hasta 4 semanas en procesarse. <\/p>\n\n<p><\/p>\n\n<p><\/p><h2>Shipping Costs:<\/h2>\n\n<p>Los gastos de env\u00edo no son reembolsables a menos que la devoluci\u00f3n se deba a un error por nuestra parte, como el env\u00edo de un producto equivocado.<\/p>\n\n<p><\/p>\n\n<p><\/p><h2>Return Process:<\/h2>\n\n<p>Ponte en contacto con el servicio de atenci\u00f3n al cliente en las 24 horas siguientes a la recepci\u00f3n de la reina para iniciar una devoluci\u00f3n.\nIncluye tu n\u00famero de pedido, una descripci\u00f3n del problema y una foto de la reina. <\/p>\n\n<p>El servicio de atenci\u00f3n al cliente te dar\u00e1 instrucciones sobre c\u00f3mo devolver la reina si es necesario.<\/p>\n\n<p><\/p><h2>Exclusions:<\/h2>\n\n<p>No aceptamos devoluciones ni proporcionamos reembolsos por reinas que hayan sido introducidas en una colonia y luego retiradas.<\/p>\n\n<p>No se efectuar\u00e1n reembolsos ni sustituciones por reinas que mueran debido a un manejo incorrecto o a una introducci\u00f3n inadecuada en una colmena.<\/p>\n\n<p><\/p><h2>Need help?<\/h2>\n\n<p>Ponte en contacto con nosotros en info@tullhoneycompany.com para cuestiones relacionadas con reembolsos y devoluciones.<\/p>\n","protected":false},"excerpt":{"rendered":"<p>Pol\u00edtica de devoluciones y reembolsos Visi\u00f3n general Nuestra pol\u00edtica de reembolsos y devoluciones dura 24 desde la llegada de las reinas. Si han pasado 24 horas desde que has recibido las reinas, no podemos ofrecerte un reembolso o cambio completo. Al comprar nuestra Reina Apareada Aleatoria Oro N\u00f3rdico, aceptas estos t\u00e9rminos y condiciones. Para cualquier [&hellip;]<\/p>\n","protected":false},"author":1,"featured_media":0,"parent":0,"menu_order":0,"comment_status":"closed","ping_status":"closed","template":"","meta":{"footnotes":""},"class_list":["post-842","page","type-page","status-publish","hentry"],"_links":{"self":[{"href":"https:\/\/tullhoneycompany.com\/es\/wp-json\/wp\/v2\/pages\/842","targetHints":{"allow":["GET"]}}],"collection":[{"href":"https:\/\/tullhoneycompany.com\/es\/wp-json\/wp\/v2\/pages"}],"about":[{"href":"https:\/\/tullhoneycompany.com\/es\/wp-json\/wp\/v2\/types\/page"}],"author":[{"embeddable":true,"href":"https:\/\/tullhoneycompany.com\/es\/wp-json\/wp\/v2\/users\/1"}],"replies":[{"embeddable":true,"href":"https:\/\/tullhoneycompany.com\/es\/wp-json\/wp\/v2\/comments?post=842"}],"version-history":[{"count":1,"href":"https:\/\/tullhoneycompany.com\/es\/wp-json\/wp\/v2\/pages\/842\/revisions"}],"predecessor-version":[{"id":846,"href":"https:\/\/tullhoneycompany.com\/es\/wp-json\/wp\/v2\/pages\/842\/revisions\/846"}],"wp:attachment":[{"href":"https:\/\/tullhoneycompany.com\/es\/wp-json\/wp\/v2\/media?parent=842"}],"curies":[{"name":"wp","href":"https:\/\/api.w.org\/{rel}","templated":true}]}}