{"id":1051,"date":"2024-08-11T08:36:07","date_gmt":"2024-08-11T08:36:07","guid":{"rendered":"https:\/\/tullhoneycompany.com\/calculadora-de-jarabe-de-azucar\/"},"modified":"2025-03-09T06:37:15","modified_gmt":"2025-03-09T06:37:15","slug":"calculadora-de-jarabe-de-azucar","status":"publish","type":"page","link":"https:\/\/tullhoneycompany.com\/es\/calculadora-de-jarabe-de-azucar\/","title":{"rendered":"CALCULADORA DE JARABE DE AZ\u00daCAR"},"content":{"rendered":"\n<figure class=\"wp-block-image aligncenter size-full is-resized is-style-rounded\"><img loading=\"lazy\" decoding=\"async\" width=\"1024\" height=\"1024\" src=\"https:\/\/tullhoneycompany.com\/wp-content\/uploads\/2024\/08\/DALL\u00b7E-2024-08-11-15.31.11-A-vintage-black-and-white-image-featuring-an-old-fashioned-calculator-with-large-mechanical-buttons-placed-on-a-rustic-wooden-surface.-Next-to-the-ca.webp\" alt=\"Calculadora de jarabe de az\u00facar, jarabe de timol ap\u00edcola, calculadora de jarabe timolizado\" class=\"wp-image-302\" style=\"width:279px;height:auto\" srcset=\"https:\/\/tullhoneycompany.com\/wp-content\/uploads\/2024\/08\/DALL\u00b7E-2024-08-11-15.31.11-A-vintage-black-and-white-image-featuring-an-old-fashioned-calculator-with-large-mechanical-buttons-placed-on-a-rustic-wooden-surface.-Next-to-the-ca.webp 1024w, https:\/\/tullhoneycompany.com\/wp-content\/uploads\/2024\/08\/DALL\u00b7E-2024-08-11-15.31.11-A-vintage-black-and-white-image-featuring-an-old-fashioned-calculator-with-large-mechanical-buttons-placed-on-a-rustic-wooden-surface.-Next-to-the-ca-300x300.webp 300w, https:\/\/tullhoneycompany.com\/wp-content\/uploads\/2024\/08\/DALL\u00b7E-2024-08-11-15.31.11-A-vintage-black-and-white-image-featuring-an-old-fashioned-calculator-with-large-mechanical-buttons-placed-on-a-rustic-wooden-surface.-Next-to-the-ca-150x150.webp 150w, https:\/\/tullhoneycompany.com\/wp-content\/uploads\/2024\/08\/DALL\u00b7E-2024-08-11-15.31.11-A-vintage-black-and-white-image-featuring-an-old-fashioned-calculator-with-large-mechanical-buttons-placed-on-a-rustic-wooden-surface.-Next-to-the-ca-768x768.webp 768w, https:\/\/tullhoneycompany.com\/wp-content\/uploads\/2024\/08\/DALL\u00b7E-2024-08-11-15.31.11-A-vintage-black-and-white-image-featuring-an-old-fashioned-calculator-with-large-mechanical-buttons-placed-on-a-rustic-wooden-surface.-Next-to-the-ca-600x600.webp 600w, https:\/\/tullhoneycompany.com\/wp-content\/uploads\/2024\/08\/DALL\u00b7E-2024-08-11-15.31.11-A-vintage-black-and-white-image-featuring-an-old-fashioned-calculator-with-large-mechanical-buttons-placed-on-a-rustic-wooden-surface.-Next-to-the-ca-100x100.webp 100w\" sizes=\"auto, (max-width: 1024px) 100vw, 1024px\" \/><\/figure>\n\n\n\n<h2 class=\"wp-block-heading has-text-align-center\">  CALCULADORA DE JARABE DE AZ\u00daCAR<\/h2>\n\n\n\n<div class=\"wp-block-group alignfull has-background-background-color has-background has-global-padding is-content-justification-center is-layout-constrained wp-container-core-group-is-layout-0412f85b wp-block-group-is-layout-constrained\" style=\"margin-top:0;margin-bottom:0;padding-top:var(--wp--preset--spacing--60);padding-right:var(--wp--preset--spacing--30);padding-bottom:var(--wp--preset--spacing--60);padding-left:var(--wp--preset--spacing--30)\">\n<div style=\"text-align: center;\">\n    \n\n        <div style=\"margin-bottom: 15px;\">\n            <label for=\"syrupVolumeLabel\" style=\"font-size: 1.8em; display: block;\">Litros de jarabe:<\/label>\n            <input type=\"number\" id=\"syrupVolume\" value=\"100\" step=\"0.01\" oninput=\"updateSugarAndWaterFromSyrup()\" style=\"font-size: 2.5em; width: 270px; border: none; border-bottom: 2px solid black; text-align: center;\">\n        <\/div>\n\n        <div style=\"margin-bottom: 15px;\">\n            <label for=\"sugarPercentage\" style=\"font-size: 1.8em; display: block;\">Porcentaje de az\u00facar en el jarabe (%):<\/label>\n            <input type=\"number\" id=\"sugarPercentage\" value=\"66.66\" step=\"0.01\" min=\"1\" max=\"72\" oninput=\"updateSugarAndWaterFromPercentage()\" style=\"font-size: 2.5em; width: 270px; border: none; border-bottom: 2px solid black; text-align: center; color: red;\">\n        <\/div>\n\n        <div style=\"margin-bottom: 15px;\">\n            <label for=\"sugarNeededLabel\" style=\"font-size: 1.8em; display: block;\">Kilogramos de az\u00facar:<\/label>\n            <input type=\"number\" id=\"sugarNeeded\" step=\"0.01\" oninput=\"updateWaterFromSugar()\" style=\"font-size: 2.5em; width: 270px; border: none; border-bottom: 2px solid black; text-align: center;\">\n        <\/div>\n\n        <div style=\"margin-bottom: 15px;\">\n            <label for=\"waterNeededLabel\" style=\"font-size: 1.8em; display: block;\">Litros de agua:<\/label>\n            <input type=\"number\" id=\"waterNeeded\" step=\"0.01\" oninput=\"updateSugarFromWater()\" style=\"font-size: 2.5em; width: 270px; border: none; border-bottom: 2px solid black; text-align: center;\">\n        <\/div>\n\n        <div style=\"margin-bottom: 15px;\">\n            <label for=\"unitSystem\" style=\"font-size: 1.8em; display: block;\">Seleccionar sistema de unidades:<\/label>\n            <select id=\"unitSystem\" onchange=\"updateLabels(); calculateSyrup()\" style=\"font-size: 1.5em;\">\n                <option value=\"imperial\">Imperial (Gallons and Pounds)<\/option>\n                <option value=\"metric\" selected>M\u00e9trico (litros y kilogramos)<\/option>\n            <\/select>\n        <\/div>\n\n        <h2 style=\"font-size: 2em; margin-top: 25px;\">A\u00f1adir timol<\/h2>\n\n        <div style=\"margin-bottom: 15px;\">\n            <label for=\"requiredMix\" style=\"font-size: 1.8em; display: block;\">Mezcla de timol y alcohol isoprop\u00edlico:<\/label>\n            <span id=\"requiredMix\" style=\"font-size: 1.8em; display: block;\">0<\/span>\n        <\/div>\n\n        <div style=\"margin-bottom: 15px;\">\n            <label for=\"thymol\" style=\"font-size: 1.8em; display: block;\">Timol:<\/label>\n            <span id=\"thymol\" style=\"font-size: 1.8em; display: block;\">0<\/span>\n        <\/div>\n\n        <div style=\"margin-bottom: 15px;\">\n            <label for=\"isopropylAlcohol\" style=\"font-size: 1.8em; display: block;\">Alcohol isoprop\u00edlico al 91%:<\/label>\n            <span id=\"isopropylAlcohol\" style=\"font-size: 1.8em; display: block;\">0<\/span>\n        <\/div>\n    <\/div>\n\n    <script>\n        const densityLookup = {\n            72: 1.3633, 71: 1.3570, 70: 1.3507, 69: 1.3445, 68: 1.3383,\n            67: 1.3321, 66: 1.3260, 65: 1.3190, 64: 1.3139, 63: 1.3079,\n            62: 1.3019, 61: 1.2959, 60: 1.2900, 59: 1.2841, 58: 1.2783,\n            57: 1.2725, 56: 1.2667, 55: 1.2610, 54: 1.2553, 53: 1.2497,\n            52: 1.2441, 51: 1.2385, 50: 1.2339, 49: 1.2274, 48: 1.2229,\n            47: 1.2165, 46: 1.2111, 45: 1.2057, 44: 1.2004, 43: 1.1951,\n            42: 1.1898, 41: 1.1846, 40: 1.1794, 39: 1.1743, 38: 1.1692,\n            37: 1.1641, 36: 1.1590, 35: 1.1540, 34: 1.1490, 33: 1.1440,\n            32: 1.1391, 31: 1.1343, 30: 1.1295, 29: 1.1247, 28: 1.1200,\n            27: 1.1153, 26: 1.1106, 25: 1.1059, 24: 1.1013, 23: 1.0967,\n            22: 1.0922, 21: 1.0877, 20: 1.0832, 19: 1.0788, 18: 1.0744,\n            17: 1.0700, 16: 1.0657, 15: 1.0614, 14: 1.0572, 13: 1.0530,\n            12: 1.0488, 11: 1.0446, 10: 1.0404, 9: 1.0363, 8: 1.0322,\n            7: 1.0281, 6: 1.0240, 5: 1.0200, 4: 1.0160, 3: 1.0120,\n            2: 1.0080, 1: 1.0040\n        };\n\n        function getDensity(sugarPercentage) {\n            const roundedPercentage = Math.round(sugarPercentage);\n            return densityLookup[roundedPercentage];\n        }\n\n        function updateLabels() {\n            const unitSystem = document.getElementById('unitSystem').value;\n\n            if (unitSystem === 'imperial') {\n                document.querySelector('label[for=\"syrupVolumeLabel\"]').innerText = 'Gallons of Syrup:';\n                document.querySelector('label[for=\"sugarNeededLabel\"]').innerText = 'Pounds of Sugar:';\n                document.querySelector('label[for=\"waterNeededLabel\"]').innerText = 'Gallons of Water:';\n            } else if (unitSystem === 'metric') {\n                document.querySelector('label[for=\"syrupVolumeLabel\"]').innerText = 'Litros de jarabe:';\n                document.querySelector('label[for=\"sugarNeededLabel\"]').innerText = 'Kilogramos de az\u00facar:';\n                document.querySelector('label[for=\"waterNeededLabel\"]').innerText = 'Litros de agua:';\n            }\n        }\n\n        function calculateSyrup() {\n            const unitSystem = document.getElementById('unitSystem').value;\n            const syrupVolume = parseFloat(document.getElementById('syrupVolume').value);\n            let sugarPercentage = parseFloat(document.getElementById('sugarPercentage').value);\n\n            if (sugarPercentage < 1) sugarPercentage = 1;\n            if (sugarPercentage > 72) sugarPercentage = 72;\n            document.getElementById('sugarPercentage').value = sugarPercentage.toFixed(2);\n\n            const density = getDensity(sugarPercentage);\n\n            if (unitSystem === 'metric') {\n                const sugarNeeded = syrupVolume * (sugarPercentage \/ 100) * density;\n                const waterNeeded = syrupVolume * ((100 - sugarPercentage) \/ 100) * density;\n\n                document.getElementById('sugarNeeded').value = sugarNeeded.toFixed(2);\n                document.getElementById('waterNeeded').value = waterNeeded.toFixed(2);\n\n            } else if (unitSystem === 'imperial') {\n                const syrupVolumeLiters = syrupVolume * 3.78541;\n                const sugarNeededKg = syrupVolumeLiters * (sugarPercentage \/ 100) * density;\n                const waterNeededLiters = syrupVolumeLiters * ((100 - sugarPercentage) \/ 100) * density;\n\n                const syrupVolumeGallons = syrupVolumeLiters \/ 3.78541;\n                const sugarNeededLbs = sugarNeededKg * 2.20462;\n                const waterNeededGallons = waterNeededLiters \/ 3.78541;\n\n                document.getElementById('syrupVolume').value = syrupVolumeGallons.toFixed(2);\n                document.getElementById('sugarNeeded').value = sugarNeededLbs.toFixed(2);\n                document.getElementById('waterNeeded').value = waterNeededGallons.toFixed(2);\n            }\n\n            calculateThymol();\n        }\n\n        function updateSyrupFromSugarAndWater() {\n            const sugarNeeded = parseFloat(document.getElementById('sugarNeeded').value);\n            const waterNeeded = parseFloat(document.getElementById('waterNeeded').value);\n            const sugarPercentage = parseFloat(document.getElementById('sugarPercentage').value);\n\n            if (isNaN(sugarNeeded) || isNaN(waterNeeded) || sugarNeeded < 0 || waterNeeded < 0) {\n                return;\n            }\n\n            const syrupVolume = (sugarNeeded * 100) \/ (sugarPercentage * getDensity(sugarPercentage));\n            document.getElementById('syrupVolume').value = syrupVolume.toFixed(2);\n\n            calculateThymol();\n        }\n\n        function updateSugarAndWaterFromSyrup() {\n            const syrupVolume = parseFloat(document.getElementById('syrupVolume').value);\n            const sugarPercentage = parseFloat(document.getElementById('sugarPercentage').value);\n            const density = getDensity(sugarPercentage);\n\n            if (isNaN(syrupVolume) || syrupVolume <= 0) {\n                return;\n            }\n\n            const sugarNeeded = syrupVolume * (sugarPercentage \/ 100) * density;\n            const waterNeeded = syrupVolume * ((100 - sugarPercentage) \/ 100) * density;\n\n            document.getElementById('sugarNeeded').value = sugarNeeded.toFixed(2);\n            document.getElementById('waterNeeded').value = waterNeeded.toFixed(2);\n\n            calculateThymol();\n        }\n\n        function updateSugarAndWaterFromPercentage() {\n            updateSugarAndWaterFromSyrup();\n        }\n\n        function updateWaterFromSugar() {\n            const sugarNeeded = parseFloat(document.getElementById('sugarNeeded').value);\n            const sugarPercentage = parseFloat(document.getElementById('sugarPercentage').value);\n            const density = getDensity(sugarPercentage);\n\n            if (isNaN(sugarNeeded) || sugarNeeded < 0) {\n                return;\n            }\n\n            const syrupVolume = (sugarNeeded * 100) \/ (sugarPercentage * density);\n            const waterNeeded = syrupVolume * ((100 - sugarPercentage) \/ 100) * density;\n\n            document.getElementById('syrupVolume').value = syrupVolume.toFixed(2);\n            document.getElementById('waterNeeded').value = waterNeeded.toFixed(2);\n\n            calculateThymol();\n        }\n\n        function updateSugarFromWater() {\n            const waterNeeded = parseFloat(document.getElementById('waterNeeded').value);\n            const sugarPercentage = parseFloat(document.getElementById('sugarPercentage').value);\n            const density = getDensity(sugarPercentage);\n\n            if (isNaN(waterNeeded) || waterNeeded < 0) {\n                return;\n            }\n\n            const syrupVolume = waterNeeded \/ ((100 - sugarPercentage) \/ 100 * density);\n            const sugarNeeded = syrupVolume * (sugarPercentage \/ 100) * density;\n\n            document.getElementById('syrupVolume').value = syrupVolume.toFixed(2);\n            document.getElementById('sugarNeeded').value = sugarNeeded.toFixed(2);\n            document.getElementById('waterNeeded').value = waterNeeded.toFixed(2);\n\n            calculateThymol();\n        }\n\n        function calculateThymol() {\n            const unitSystem = document.getElementById('unitSystem').value;\n            const syrupVolume = parseFloat(document.getElementById('syrupVolume').value);\n\n            let requiredMix, thymol, isopropylAlcohol;\n\n            if (unitSystem === 'metric') {\n                requiredMix = syrupVolume * (2 \/ 3.78541);\n                thymol = (requiredMix \/ 100) * 12.5;\n                isopropylAlcohol = (requiredMix \/ 100) * 88;\n\n                document.getElementById('requiredMix').innerText = requiredMix.toFixed(2) + \" ml\";\n                document.getElementById('thymol').innerText = thymol.toFixed(2) + \" g\";\n                document.getElementById('isopropylAlcohol').innerText = isopropylAlcohol.toFixed(2) + \" ml\";\n            } else if (unitSystem === 'imperial') {\n                requiredMix = 0.0676280454 * syrupVolume;\n                thymol = 0.00881849048 * syrupVolume;\n                isopropylAlcohol = 0.88 * requiredMix;\n\n                document.getElementById('requiredMix').innerText = requiredMix.toFixed(2) + \" fl oz\";\n                document.getElementById('thymol').innerText = thymol.toFixed(2) + \" oz\";\n                document.getElementById('isopropylAlcohol').innerText = isopropylAlcohol.toFixed(2) + \" fl oz\";\n            }\n\n          \n        }\n\n        updateLabels();\n        calculateSyrup();\n    <\/script>\n\n\n\n<p class=\"has-large-font-size\"><strong>C\u00f3mo utilizar la calculadora de jarabe de az\u00facar<\/strong><\/p>\n\n\n\n<p>Esta <strong>Calculadora de Jarabe<\/strong> de <strong>Az\u00facar<\/strong> es una herramienta esencial para los apicultores que quieren crear la receta perfecta de jarabe de az\u00facar para sus abejas.\nTanto si preparas jarabe de az\u00facar 1:1 para la alimentaci\u00f3n primaveral como jarabe de az\u00facar 2:1 para la alimentaci\u00f3n oto\u00f1al, esta calculadora facilita la obtenci\u00f3n de las proporciones correctas.\nComprender las proporciones correctas entre partes, como jarabe de az\u00facar 1 a 1, 2 a 1 o incluso 1 a 2, es crucial para proporcionar a tus abejas la nutrici\u00f3n que necesitan durante todo el a\u00f1o.  <\/p>\n\n\n\n<p class=\"has-large-font-size\"><strong>Pasos para utilizar la calculadora:<\/strong><\/p>\n\n\n\n<ol class=\"wp-block-list\">\n<li><strong>Selecciona el Sistema de Unidades:<\/strong> Elige entre M\u00e9trico (Litros y Kilogramos) o Imperial (Galones y Libras) seg\u00fan tus preferencias.<\/li>\n\n\n\n<li><strong>Introduce el Volumen de Jarabe:<\/strong> Introduce la cantidad de jarabe de az\u00facar que deseas preparar, tanto si preparas un lote peque\u00f1o para unas pocas colmenas como un lote grande para todo tu colmenar.<\/li>\n\n\n\n<li><strong>Ajusta el Porcentaje de Az\u00facar:<\/strong> Ajusta la concentraci\u00f3n de az\u00facar para adaptarla a las necesidades de tus abejas.\nEl valor predeterminado es 66,66%, que funciona bien para la mayor\u00eda de las recetas de jarabe de az\u00facar, pero puedes ajustarlo para crear una relaci\u00f3n 1:1, 2:1 u otras relaciones az\u00facar-agua. <\/li>\n\n\n\n<li><strong>Comprueba los valores de az\u00facar y agua:<\/strong> La calculadora calcular\u00e1 autom\u00e1ticamente las cantidades exactas de az\u00facar y agua necesarias para conseguir la consistencia de jarabe deseada, tanto si preparas jarabe de az\u00facar 1 a 1 como 2 a 1.<\/li>\n\n\n\n<li><strong>A\u00f1adir timol:<\/strong> La calculadora tambi\u00e9n determina la cantidad correcta de timol y alcohol isoprop\u00edlico al 91% que hay que a\u00f1adir para evitar la formaci\u00f3n de moho en el jarabe, creando un jarabe timolizado seguro y saludable para tus abejas.  <strong>Para preparar la mezcla, disuelve el timol en el alcohol isoprop\u00edlico removiendo hasta su completa disoluci\u00f3n.\nA continuaci\u00f3n, a\u00f1ade esta mezcla al jarabe de az\u00facar y remueve bien para que se distribuya uniformemente. <\/strong><\/li>\n<\/ol>\n\n\n\n<p class=\"has-large-font-size\"><strong>Beneficios para los apicultores:<\/strong><\/p>\n\n\n\n<ul class=\"wp-block-list\">\n<li><strong>Medidas precisas:<\/strong> Asegura que mezclas las proporciones correctas de az\u00facar y agua, evitando sobrealimentar o subalimentar a tus abejas.\nEsto es especialmente importante al crear recetas espec\u00edficas de jarabe de az\u00facar, como las proporciones 1:1 o 2:1. <\/li>\n\n\n\n<li><strong>Previene el moho:<\/strong> Al a\u00f1adir la cantidad adecuada de timol, la calculadora te ayuda a crear un jarabe timolizado, que es eficaz para prevenir el moho en el jarabe de az\u00facar, sobre todo en condiciones h\u00famedas.\nEsto es vital tanto para la alimentaci\u00f3n de primavera como para la de oto\u00f1o. <\/li>\n\n\n\n<li><strong>Ahorra tiempo:<\/strong> Calcula r\u00e1pidamente los ingredientes necesarios para grandes lotes de jarabe, reduciendo el tiempo de preparaci\u00f3n y garantizando que tus abejas reciban la nutrici\u00f3n que necesitan, independientemente de la estaci\u00f3n del a\u00f1o.<\/li>\n\n\n\n<li><strong>Favorece la salud de las abejas:<\/strong> Se ha demostrado que el timol tiene efectos beneficiosos en las colonias de abejas, sobre todo en la prevenci\u00f3n de problemas como el Nosema, una enfermedad com\u00fan de las abejas.\nEl jarabe de az\u00facar mezclado adecuadamente, ya sea en proporci\u00f3n 1:1, 2:1 o cualquier otra, ayuda a mantener la salud y la productividad de tus colmenas. <\/li>\n<\/ul>\n\n\n\n<hr class=\"wp-block-separator has-alpha-channel-opacity\"\/>\n\n\n\n<div class=\"wp-block-cover alignfull\" style=\"margin-top:0;margin-bottom:80px;padding-top:3%;padding-right:0%;padding-bottom:10%;padding-left:5%;min-height:600px;aspect-ratio:unset;\"><span aria-hidden=\"true\" class=\"wp-block-cover__background has-background-dim\" style=\"background-color:#906e31\"><\/span><img loading=\"lazy\" decoding=\"async\" width=\"1920\" height=\"2560\" class=\"wp-block-cover__image-background wp-image-162\" alt=\"\" src=\"https:\/\/tullhoneycompany.com\/wp-content\/uploads\/2024\/07\/Haudmeraam1-scaled.jpg\" data-object-fit=\"cover\" srcset=\"https:\/\/tullhoneycompany.com\/wp-content\/uploads\/2024\/07\/Haudmeraam1-scaled.jpg 1920w, https:\/\/tullhoneycompany.com\/wp-content\/uploads\/2024\/07\/Haudmeraam1-225x300.jpg 225w, https:\/\/tullhoneycompany.com\/wp-content\/uploads\/2024\/07\/Haudmeraam1-768x1024.jpg 768w, https:\/\/tullhoneycompany.com\/wp-content\/uploads\/2024\/07\/Haudmeraam1-1152x1536.jpg 1152w, https:\/\/tullhoneycompany.com\/wp-content\/uploads\/2024\/07\/Haudmeraam1-1536x2048.jpg 1536w, https:\/\/tullhoneycompany.com\/wp-content\/uploads\/2024\/07\/Haudmeraam1-600x800.jpg 600w\" sizes=\"auto, (max-width: 1920px) 100vw, 1920px\" \/><div class=\"wp-block-cover__inner-container is-layout-flow wp-container-core-cover-is-layout-ee621fdb wp-block-cover-is-layout-flow\">\n<h3 class=\"wp-block-heading\">DISFRUTA DE LA APICULTURA<\/h3>\n\n\n\n<p>Cambiar a abejas reinas bien criadas puede crear colonias m\u00e1s tranquilas, sanas y productivas.<\/p>\n\n\n\n<div class=\"wp-block-buttons is-layout-flex wp-block-buttons-is-layout-flex\" style=\"margin-top:var(--wp--preset--spacing--30);margin-bottom:var(--wp--preset--spacing--30)\">\n<div class=\"wp-block-button\"><a class=\"wp-block-button__link wp-element-button\" href=\"https:\/\/tullhoneycompany.com\/shop\/\">Tienda reinas<\/a><\/div>\n<\/div>\n<\/div><\/div>\n<\/div>\n","protected":false},"excerpt":{"rendered":"<p>CALCULADORA DE JARABE DE AZ\u00daCAR Litros de jarabe: Porcentaje de az\u00facar en el jarabe (%): Kilogramos de az\u00facar: Litros de agua: Seleccionar sistema de unidades: Imperial (Gallons and Pounds)M\u00e9trico (litros y kilogramos) A\u00f1adir timol Mezcla de timol y alcohol isoprop\u00edlico: 0 Timol: 0 Alcohol isoprop\u00edlico al 91%: 0 C\u00f3mo utilizar la calculadora de jarabe de [&hellip;]<\/p>\n","protected":false},"author":1,"featured_media":828,"parent":0,"menu_order":0,"comment_status":"closed","ping_status":"closed","template":"no-title","meta":{"footnotes":""},"class_list":["post-1051","page","type-page","status-publish","has-post-thumbnail","hentry"],"_links":{"self":[{"href":"https:\/\/tullhoneycompany.com\/es\/wp-json\/wp\/v2\/pages\/1051","targetHints":{"allow":["GET"]}}],"collection":[{"href":"https:\/\/tullhoneycompany.com\/es\/wp-json\/wp\/v2\/pages"}],"about":[{"href":"https:\/\/tullhoneycompany.com\/es\/wp-json\/wp\/v2\/types\/page"}],"author":[{"embeddable":true,"href":"https:\/\/tullhoneycompany.com\/es\/wp-json\/wp\/v2\/users\/1"}],"replies":[{"embeddable":true,"href":"https:\/\/tullhoneycompany.com\/es\/wp-json\/wp\/v2\/comments?post=1051"}],"version-history":[{"count":2,"href":"https:\/\/tullhoneycompany.com\/es\/wp-json\/wp\/v2\/pages\/1051\/revisions"}],"predecessor-version":[{"id":1325,"href":"https:\/\/tullhoneycompany.com\/es\/wp-json\/wp\/v2\/pages\/1051\/revisions\/1325"}],"wp:featuredmedia":[{"embeddable":true,"href":"https:\/\/tullhoneycompany.com\/es\/wp-json\/wp\/v2\/media\/828"}],"wp:attachment":[{"href":"https:\/\/tullhoneycompany.com\/es\/wp-json\/wp\/v2\/media?parent=1051"}],"curies":[{"name":"wp","href":"https:\/\/api.w.org\/{rel}","templated":true}]}}