{"id":1064,"date":"2024-07-28T14:15:04","date_gmt":"2024-07-28T14:15:04","guid":{"rendered":"https:\/\/tullhoneycompany.com\/product\/insel-gepaart-italienische-koenigin\/"},"modified":"2025-07-26T08:36:14","modified_gmt":"2025-07-26T08:36:14","slug":"ligustica-koenigin","status":"publish","type":"product","link":"https:\/\/tullhoneycompany.com\/de\/product\/ligustica-koenigin\/","title":{"rendered":"Ligustica k\u00f6nigin inselbegattet"},"content":{"rendered":"<p><strong>Beschreibung:<\/strong> Wir stellen die <strong>Ligustica k\u00f6nigin inselbegattet<\/strong> vor, die erste Wahl f\u00fcr Imker, die Bienenk\u00f6niginnen von h\u00f6chster Qualit\u00e4t suchen. Diese Ligustica Bienenk\u00f6niginnen werden sorgf\u00e4ltig inselbegattet, um genetische Reinheit und hervorragende Eigenschaften zu gew\u00e4hrleisten. Diese Anfang Juli lieferbaren Bienenk\u00f6niginnen sind bew\u00e4hrte Eierlegerinnen, die Ihr genetisches Material bereichern k\u00f6nnen.<\/p>\n<p><strong>Ligustica Bienenk\u00f6nigin inselbegattet \u2013 Vorteile:<\/strong><\/p>\n<ul>\n<li><strong>Bew\u00e4hrte Eiablage:<\/strong> Unsere inselbegatteten Bienenk\u00f6niginnen haben eine starke Legeleistung bewiesen, die ein robustes Bienenvolkwachstum gew\u00e4hrleistet.<\/li>\n<li><strong>Hygienisches Verhalten:<\/strong> Ausgew\u00e4hlt f\u00fcr \u00fcberragende Sauberkeit, die ges\u00fcndere Bienenst\u00f6cke f\u00f6rdert.<\/li>\n<li><strong>Hohe Produktion:<\/strong> Optimiert f\u00fcr maximalen Honigertrag und h\u00f6chste Produktivit\u00e4t der Bienenv\u00f6lker.<\/li>\n<li><strong>Ruhiges Temperament:<\/strong> Sanftm\u00fctig und leicht zu handhaben, was die Verwaltung des Bienenstocks sehr einfach macht.<\/li>\n<\/ul>\n<p><strong>Verf\u00fcgbarkeit:<\/strong><\/p>\n<ul>\n<li><strong>Lieferfrist:<\/strong> Verf\u00fcgbar ab Anfang Juli, abh\u00e4ngig von den Wetterbedingungen.<\/li>\n<li><strong>Preis:<\/strong> Preis von \u20ac280 plus \u20ac30 f\u00fcr den Versand.<\/li>\n<\/ul>\n<p>Sichern Sie sich Ihren Platz, indem Sie Ihre <strong>Ligustica k\u00f6nigin inselbegattet<\/strong> im Voraus reservieren. Unsere Bienenk\u00f6niginnen sind wegen ihrer au\u00dfergew\u00f6hnlichen Qualit\u00e4ten und ihrer fr\u00fchen Verf\u00fcgbarkeit sehr begehrt. Ganz gleich, ob Sie Ihren Bienenstand erweitern, die Honigproduktion steigern oder die Gesundheit und Vitalit\u00e4t Ihrer Bienenv\u00f6lker sicherstellen wollen, unsere engagierten Mitarbeiter werden sicherstellen, dass Sie die besten Bienenk\u00f6niginnen erhalten. Reservieren Sie jetzt Ihre inselbegattete Bienenk\u00f6nigin und sichern Sie sich einen Vorsprung f\u00fcr eine erfolgreiche Bienenzuchtsaison!<\/p>\n","protected":false},"excerpt":{"rendered":"<p><strong>Verbessern Sie Ihre Bienenzucht mit unserer Ligustica k\u00f6nigin inselbegattet.<\/strong> Diese Bienenk\u00f6niginnen sind bekannt f\u00fcr ihre bew\u00e4hrte F\u00e4higkeit zur Eiablage, ihr hervorragendes Hygieneverhalten, ihre hohe Honigproduktion und ihr ruhiges Temperament. Perfekt, um die Gesundheit und Produktivit\u00e4t Ihrer Bienenv\u00f6lker zu steigern. <strong>Ligustica k\u00f6nigin inselbegattet<\/strong> sind ab Anfang Juli erh\u00e4ltlich. Sichern Sie sich jetzt Ihre Bienenk\u00f6nigin f\u00fcr eine erfolgreiche Bienenzuchtsaison.<\/p>\n<p>&nbsp;<\/p>\n<p>.<\/p>\n","protected":false},"featured_media":787,"comment_status":"open","ping_status":"closed","template":"","meta":[],"product_brand":[],"product_cat":[65],"product_tag":[],"class_list":{"0":"post-1064","1":"product","2":"type-product","3":"status-publish","4":"has-post-thumbnail","6":"product_cat-koniginnen","8":"first","9":"instock","10":"taxable","11":"shipping-taxable","12":"purchasable","13":"product-type-simple"},"_links":{"self":[{"href":"https:\/\/tullhoneycompany.com\/de\/wp-json\/wp\/v2\/product\/1064","targetHints":{"allow":["GET"]}}],"collection":[{"href":"https:\/\/tullhoneycompany.com\/de\/wp-json\/wp\/v2\/product"}],"about":[{"href":"https:\/\/tullhoneycompany.com\/de\/wp-json\/wp\/v2\/types\/product"}],"replies":[{"embeddable":true,"href":"https:\/\/tullhoneycompany.com\/de\/wp-json\/wp\/v2\/comments?post=1064"}],"wp:featuredmedia":[{"embeddable":true,"href":"https:\/\/tullhoneycompany.com\/de\/wp-json\/wp\/v2\/media\/787"}],"wp:attachment":[{"href":"https:\/\/tullhoneycompany.com\/de\/wp-json\/wp\/v2\/media?parent=1064"}],"wp:term":[{"taxonomy":"product_brand","embeddable":true,"href":"https:\/\/tullhoneycompany.com\/de\/wp-json\/wp\/v2\/product_brand?post=1064"},{"taxonomy":"product_cat","embeddable":true,"href":"https:\/\/tullhoneycompany.com\/de\/wp-json\/wp\/v2\/product_cat?post=1064"},{"taxonomy":"product_tag","embeddable":true,"href":"https:\/\/tullhoneycompany.com\/de\/wp-json\/wp\/v2\/product_tag?post=1064"}],"curies":[{"name":"wp","href":"https:\/\/api.w.org\/{rel}","templated":true}]}}