{"id":992,"date":"2024-07-28T14:39:19","date_gmt":"2024-07-28T14:39:19","guid":{"rendered":"https:\/\/tullhoneycompany.com\/gesundheitszeugnis-traces-nt\/"},"modified":"2024-11-05T09:49:17","modified_gmt":"2024-11-05T09:49:17","slug":"gesundheitszeugnis-traces-nt","status":"publish","type":"page","link":"https:\/\/tullhoneycompany.com\/de\/gesundheitszeugnis-traces-nt\/","title":{"rendered":"Gesundheitszeugnis &#8211; Traces NT"},"content":{"rendered":"\n<h3 class=\"wp-block-heading\">Gesundheitszeugnis &#8211; Traces NT<\/h3>\n\n<p>Bei Tull Honey Company stehen die Gesundheit und Sicherheit unserer Bienen an erster Stelle, um unseren Kunden Produkte von h\u00f6chster Qualit\u00e4t zu garantieren.\nAlle unsere Bienenk\u00f6niginnen, auch die von der Insel und die zuf\u00e4llig begatteten italienischen K\u00f6niginnen, werden mit einem obligatorischen tier\u00e4rztlichen Gesundheitszeugnis in \u00dcbereinstimmung mit den EU-Verordnungen (2016\/429, 2020\/688, 2021\/403) versandt. <\/p>\n\n<h4 class=\"wp-block-heading\">Wichtige Punkte:<\/h4>\n\n<ul class=\"wp-block-list\">\n<li><strong>TRACES NT Registrierung:<\/strong> <strong>Alle K\u00e4tzinnenk\u00e4ufer m\u00fcssen bei der digitalen Zertifikats- und Verwaltungsplattform <a href=\"https:\/\/food.ec.europa.eu\/horizontal-topics\/traces_en\" target=\"_blank\" rel=\"noopener\">TRACES NT<\/a> registriert sein<\/strong>.\nDiese Plattform gew\u00e4hrleistet die R\u00fcckverfolgbarkeit und die Einhaltung der Gesundheitsvorschriften in der gesamten EU. <\/li>\n\n\n\n<li><strong>Tier\u00e4rztliche Gesundheitsbescheinigung:<\/strong> Jede Sendung von Bienenk\u00f6niginnen wird von einem tier\u00e4rztlichen Gesundheitszeugnis begleitet.\nDieses Zertifikat gew\u00e4hrleistet, dass unsere K\u00f6niginnen alle Gesundheitsstandards erf\u00fcllen und frei von Krankheiten sind. <\/li>\n\n\n\n<li><strong>Qualit\u00e4tssicherung:<\/strong> Das Gesundheitszertifikat garantiert nicht nur die Einhaltung der Vorschriften, sondern unterstreicht auch unser Engagement, unseren Kunden die ges\u00fcndesten und produktivsten K\u00f6niginnen zu liefern.<\/li>\n<\/ul>\n\n<p>Mehr Informationen \u00fcber <a href=\"https:\/\/food.ec.europa.eu\/horizontal-topics\/traces_en\" target=\"_blank\" rel=\"noopener\">TRACES NT<\/a>.<\/p>\n\n<h3 class=\"wp-block-heading\">Schritt-f\u00fcr-Schritt-Anleitung zur TRACES NT-Registrierung<\/h3>\n\n<p>Folgen Sie diesen Schritten, um sich auf der TRACES NT Plattform zu registrieren:<\/p>\n\n<h4 class=\"wp-block-heading\">Schritt 1: Zugriff auf das TRACES NT Portal<\/h4>\n\n<ol class=\"wp-block-list\">\n<li>\u00d6ffnen Sie Ihren Webbrowser und rufen Sie das TRACES NT-Portal unter <a href=\"https:\/\/webgate.ec.europa.eu\/tracesnt\/login\" target=\"_blank\" rel=\"noopener\">TRACES NT<\/a> auf.<\/li>\n<\/ol>\n\n<h4 class=\"wp-block-heading\">Schritt 2: Erstellen Sie ein EU-Login-Konto<\/h4>\n\n<ol class=\"wp-block-list\">\n<li>Klicken Sie auf den Link <strong>&#8222;F\u00fcr EU-Login anmelden&#8220;<\/strong> auf der TRACES NT Login-Seite.<\/li>\n\n\n\n<li>F\u00fcllen Sie die erforderlichen Felder aus:\n<ul class=\"wp-block-list\">\n<li><strong>E-Mail Adresse:<\/strong> Geben Sie Ihre g\u00fcltige E-Mail-Adresse ein.<\/li>\n\n\n\n<li><strong>Vorname und Nachname:<\/strong> Geben Sie Ihre pers\u00f6nlichen Daten an.<\/li>\n\n\n\n<li><strong>W\u00e4hlen Sie ein Passwort:<\/strong> Erstellen Sie ein sicheres Passwort, indem Sie die vorgegebenen Richtlinien befolgen.<\/li>\n<\/ul>\n<\/li>\n\n\n\n<li>Klicken Sie auf die Schaltfl\u00e4che <strong>&#8222;Ein Konto erstellen&#8220;<\/strong>.<\/li>\n\n\n\n<li>Pr\u00fcfen Sie Ihre E-Mail auf eine Best\u00e4tigungsnachricht von EU Login und klicken Sie auf den Best\u00e4tigungslink, um Ihr Konto zu aktivieren.<\/li>\n<\/ol>\n\n<h4 class=\"wp-block-heading\">Schritt 3: Melden Sie sich bei TRACES NT an.<\/h4>\n\n<ol class=\"wp-block-list\">\n<li>Kehren Sie zur Anmeldeseite von TRACES NT zur\u00fcck.<\/li>\n\n\n\n<li>Geben Sie Ihre E-Mail-Adresse und Ihr Passwort in den Bereich <strong>EU-Login<\/strong> ein.<\/li>\n\n\n\n<li>Klicken Sie auf die Schaltfl\u00e4che <strong>&#8222;Anmelden&#8220;<\/strong>.<\/li>\n<\/ol>\n\n<h4 class=\"wp-block-heading\">Schritt 4: Vervollst\u00e4ndigen Sie Ihr TRACES NT Profil<\/h4>\n\n<ol class=\"wp-block-list\">\n<li>Nach der Anmeldung werden Sie auf das TRACES NT Dashboard weitergeleitet.<\/li>\n\n\n\n<li>Klicken Sie auf Ihren Namen in der oberen rechten Ecke und w\u00e4hlen Sie <strong>&#8222;Mein Konto&#8220;<\/strong> aus dem Dropdown-Men\u00fc.<\/li>\n\n\n\n<li>F\u00fcllen Sie die erforderlichen Informationen aus:\n<ul class=\"wp-block-list\">\n<li><strong>Pers\u00f6nliche Informationen:<\/strong> \u00dcberpr\u00fcfen und aktualisieren Sie Ihre pers\u00f6nlichen Daten, falls erforderlich.<\/li>\n\n\n\n<li><strong>Details zur Organisation:<\/strong> Geben Sie die Details zu Ihrer Organisation ein (falls zutreffend).<\/li>\n<\/ul>\n<\/li>\n\n\n\n<li>Speichern Sie Ihre Profilinformationen.<\/li>\n<\/ol>\n\n<h4 class=\"wp-block-heading\">Schritt 5: Registrieren Sie sich als Operator<\/h4>\n\n<ol class=\"wp-block-list\">\n<li>Klicken Sie im TRACES NT Dashboard auf die Schaltfl\u00e4che <strong>&#8222;Als Operator registrieren&#8220;<\/strong>.<\/li>\n\n\n\n<li>W\u00e4hlen Sie die Art des Betreibers, die f\u00fcr Ihre Aktivit\u00e4t relevant ist.\n<ul class=\"wp-block-list\">\n<li><strong>Abschnitt:<\/strong> W\u00e4hlen Sie <strong>&#8222;Etablierung von Honigbienen&#8220;.<\/strong><\/li>\n\n\n\n<li><strong>Aktivit\u00e4t:<\/strong> W\u00e4hlen Sie <strong>&#8222;Terrestrische Tierhaltung&#8220;.<\/strong><\/li>\n\n\n\n<li><strong>Kennung:<\/strong> Geben Sie die juristische Nummer Ihres Hauptimkereibetriebs (normalerweise von einer nationalen Beh\u00f6rde vergeben) oder eine andere relevante Kennung ein.<\/li>\n<\/ul>\n<\/li>\n\n\n\n<li>F\u00fcllen Sie das Registrierungsformular mit genauen Angaben zu Ihrem Betrieb aus.<\/li>\n\n\n\n<li>Klicken Sie auf die Schaltfl\u00e4che <strong>&#8222;Abschicken&#8220;<\/strong>.<\/li>\n<\/ol>\n\n<h4 class=\"wp-block-heading\">Schritt 6: Genehmigung und Verifizierung<\/h4>\n\n<ol class=\"wp-block-list\">\n<li>Ihre Registrierung wird von den zust\u00e4ndigen Beh\u00f6rden \u00fcberpr\u00fcft.<\/li>\n\n\n\n<li>M\u00f6glicherweise werden Sie um zus\u00e4tzliche Informationen oder Dokumente gebeten.<\/li>\n\n\n\n<li>Nach der Genehmigung erhalten Sie eine Best\u00e4tigungs-E-Mail.<\/li>\n<\/ol>\n\n<h4 class=\"wp-block-heading\">Schritt 7: Zugriff auf TRACES NT-Dienste<\/h4>\n\n<ol class=\"wp-block-list\">\n<li>Nach der Genehmigung melden Sie sich bei <a href=\"https:\/\/webgate.ec.europa.eu\/tracesnt\/login\" target=\"_blank\" rel=\"noopener\">TRACES NT<\/a> an.<\/li>\n\n\n\n<li>Sie k\u00f6nnen jetzt auf die gesamte Palette der von TRACES NT angebotenen Dienste zugreifen, einschlie\u00dflich Zertifikatsverwaltung, Nachverfolgung und Berichterstattung.<\/li>\n<\/ol>\n\n<p>Wenn Sie diese Schritte befolgen, werden Sie sich erfolgreich auf der TRACES NT Plattform registrieren und k\u00f6nnen so Ihre Transaktionen in \u00dcbereinstimmung mit den EU-Vorschriften verwalten und verfolgen.<\/p>\n","protected":false},"excerpt":{"rendered":"<p>Gesundheitszeugnis &#8211; Traces NT Bei Tull Honey Company stehen die Gesundheit und Sicherheit unserer Bienen an erster Stelle, um unseren Kunden Produkte von h\u00f6chster Qualit\u00e4t zu garantieren. Alle unsere Bienenk\u00f6niginnen, auch die von der Insel und die zuf\u00e4llig begatteten italienischen K\u00f6niginnen, werden mit einem obligatorischen tier\u00e4rztlichen Gesundheitszeugnis in \u00dcbereinstimmung mit den EU-Verordnungen (2016\/429, 2020\/688, 2021\/403) [&hellip;]<\/p>\n","protected":false},"author":1,"featured_media":0,"parent":0,"menu_order":0,"comment_status":"closed","ping_status":"closed","template":"","meta":{"footnotes":""},"class_list":["post-992","page","type-page","status-publish","hentry"],"_links":{"self":[{"href":"https:\/\/tullhoneycompany.com\/de\/wp-json\/wp\/v2\/pages\/992","targetHints":{"allow":["GET"]}}],"collection":[{"href":"https:\/\/tullhoneycompany.com\/de\/wp-json\/wp\/v2\/pages"}],"about":[{"href":"https:\/\/tullhoneycompany.com\/de\/wp-json\/wp\/v2\/types\/page"}],"author":[{"embeddable":true,"href":"https:\/\/tullhoneycompany.com\/de\/wp-json\/wp\/v2\/users\/1"}],"replies":[{"embeddable":true,"href":"https:\/\/tullhoneycompany.com\/de\/wp-json\/wp\/v2\/comments?post=992"}],"version-history":[{"count":1,"href":"https:\/\/tullhoneycompany.com\/de\/wp-json\/wp\/v2\/pages\/992\/revisions"}],"predecessor-version":[{"id":993,"href":"https:\/\/tullhoneycompany.com\/de\/wp-json\/wp\/v2\/pages\/992\/revisions\/993"}],"wp:attachment":[{"href":"https:\/\/tullhoneycompany.com\/de\/wp-json\/wp\/v2\/media?parent=992"}],"curies":[{"name":"wp","href":"https:\/\/api.w.org\/{rel}","templated":true}]}}