{"id":862,"date":"2024-07-04T19:33:16","date_gmt":"2024-07-04T19:33:16","guid":{"rendered":"https:\/\/tullhoneycompany.com\/kontakt\/"},"modified":"2024-09-28T04:26:56","modified_gmt":"2024-09-28T04:26:56","slug":"kontakt","status":"publish","type":"page","link":"https:\/\/tullhoneycompany.com\/de\/kontakt\/","title":{"rendered":"Kontakt"},"content":{"rendered":"\n<div class=\"wp-block-group alignfull has-background-background-color has-background has-global-padding is-layout-constrained wp-block-group-is-layout-constrained\" style=\"margin-top:0;margin-bottom:0;padding-top:0\">\n<div class=\"wp-block-cover alignfull\" style=\"padding-top:0;padding-right:var(--wp--preset--spacing--30);padding-bottom:0;padding-left:var(--wp--preset--spacing--30);min-height:351px;aspect-ratio:unset;\"><span aria-hidden=\"true\" class=\"wp-block-cover__background has-black-background-color has-background-dim-60 has-background-dim\"><\/span><img loading=\"lazy\" decoding=\"async\" width=\"960\" height=\"540\" class=\"wp-block-cover__image-background wp-image-48\" alt=\"Beehives in island mating station\" src=\"https:\/\/tullhoneycompany.com\/wp-content\/uploads\/2024\/07\/download-1.png\" data-object-fit=\"cover\" srcset=\"https:\/\/tullhoneycompany.com\/wp-content\/uploads\/2024\/07\/download-1.png 960w, https:\/\/tullhoneycompany.com\/wp-content\/uploads\/2024\/07\/download-1-300x169.png 300w, https:\/\/tullhoneycompany.com\/wp-content\/uploads\/2024\/07\/download-1-768x432.png 768w, https:\/\/tullhoneycompany.com\/wp-content\/uploads\/2024\/07\/download-1-600x338.png 600w\" sizes=\"auto, (max-width: 960px) 100vw, 960px\" \/><div class=\"wp-block-cover__inner-container is-layout-flow wp-block-cover-is-layout-flow\">\n<div class=\"wp-block-group has-global-padding is-layout-constrained wp-block-group-is-layout-constrained\" style=\"padding-top:var(--wp--preset--spacing--60);padding-bottom:var(--wp--preset--spacing--60)\">\n<h1 class=\"wp-block-heading alignwide has-text-align-left has-text-color has-x-large-font-size\" style=\"color:#fffffffc\">Tull Honey Company &#8211; Kontakt<\/h1>\n<\/div>\n<\/div><\/div>\n<\/div>\n\n<div class=\"wp-block-group alignfull has-background-background-color has-background has-global-padding is-layout-constrained wp-container-core-group-is-layout-7276a2bb wp-block-group-is-layout-constrained\" style=\"margin-top:0;margin-bottom:0;padding-top:var(--wp--preset--spacing--60);padding-right:var(--wp--preset--spacing--30);padding-bottom:var(--wp--preset--spacing--60);padding-left:var(--wp--preset--spacing--30)\">\n<div class=\"wp-block-columns alignwide is-layout-flex wp-container-core-columns-is-layout-fa584acd wp-block-columns-is-layout-flex\">\n<div class=\"wp-block-column is-layout-flow wp-block-column-is-layout-flow\" style=\"flex-basis:50%\">\n<div class=\"wp-block-group is-layout-flow wp-block-group-is-layout-flow\">\n<h4 class=\"wp-block-heading has-medium-font-size\">Wie sind die \u00d6ffnungszeiten Ihres Gesch\u00e4fts?<\/h4>\n\n\n\n<p class=\"has-small-font-size\" style=\"margin-top:12px\">Unsere Gesch\u00e4ftszeiten sind von Montag bis Freitag von 9:00 bis 17:00 Uhr.\nSamstag und Sonntag sind wir geschlossen. <\/p>\n<\/div>\n\n\n\n<hr class=\"wp-block-separator has-text-color has-tertiary-color has-alpha-channel-opacity has-tertiary-background-color has-background is-style-wide\"\/>\n\n\n\n<div class=\"wp-block-group is-layout-flow wp-block-group-is-layout-flow\">\n<h4 class=\"wp-block-heading has-medium-font-size\">Bieten Sie auch Online-Bestellungen an?<\/h4>\n\n\n\n<p class=\"has-small-font-size\" style=\"margin-top:12px\">Bitte senden Sie eine E-Mail an info@tullhoneycompany.com, um Bienenk\u00f6niginnen zu bestellen.<\/p>\n<\/div>\n\n\n\n<hr class=\"wp-block-separator has-text-color has-tertiary-color has-alpha-channel-opacity has-tertiary-background-color has-background is-style-wide\"\/>\n\n\n\n<div class=\"wp-block-group is-layout-flow wp-block-group-is-layout-flow\">\n<h4 class=\"wp-block-heading has-medium-font-size\">Welche Zahlungsarten akzeptiert Ihr Online-Shop?<\/h4>\n\n\n\n<p class=\"has-small-font-size\" style=\"margin-top:12px\">Wir akzeptieren verschiedene Zahlungsarten, darunter Visa, MasterCard, American Express, Discover, PayPal, Bank\u00fcberweisungen und mobile Zahlungen \u00fcber Apple Pay und Google Pay.<\/p>\n<\/div>\n<\/div>\n\n\n\n<div class=\"wp-block-column is-layout-flow wp-block-column-is-layout-flow\" style=\"flex-basis:50%\">\n<h2 class=\"wp-block-heading has-large-font-size\">Kontaktieren Sie unser freundliches Team!<\/h2>\n\n\n\n<p><strong>Tull Honey Company<\/strong><\/p>\n\n\n\n<p style=\"margin-top:0\"><strong>Heinalaari, Aiamaa<\/strong> <strong>k\u00fcla<\/strong><\/p>\n\n\n\n<p style=\"margin-top:0\"><strong>N\u00f5o vald, Tartumaa 61708, Estland<\/strong><\/p>\n\n\n\n<p class=\"has-small-font-size\" style=\"margin-top:8px\">+372 5255 716<\/p>\n\n\n\n<p class=\"has-small-font-size\" style=\"margin-top:8px\">info@tullhoneycompany.com<\/p>\n<\/div>\n<\/div>\n<\/div>\n","protected":false},"excerpt":{"rendered":"<p>Wie sind die \u00d6ffnungszeiten Ihres Gesch\u00e4fts? Unsere Gesch\u00e4ftszeiten sind von Montag bis Freitag von 9:00 bis 17:00 Uhr. Samstag und Sonntag sind wir geschlossen. Bieten Sie auch Online-Bestellungen an? Bitte senden Sie eine E-Mail an info@tullhoneycompany.com, um Bienenk\u00f6niginnen zu bestellen. Welche Zahlungsarten akzeptiert Ihr Online-Shop? Wir akzeptieren verschiedene Zahlungsarten, darunter Visa, MasterCard, American Express, Discover, [&hellip;]<\/p>\n","protected":false},"author":1,"featured_media":0,"parent":0,"menu_order":0,"comment_status":"closed","ping_status":"closed","template":"no-title","meta":{"footnotes":""},"class_list":["post-862","page","type-page","status-publish","hentry"],"_links":{"self":[{"href":"https:\/\/tullhoneycompany.com\/de\/wp-json\/wp\/v2\/pages\/862","targetHints":{"allow":["GET"]}}],"collection":[{"href":"https:\/\/tullhoneycompany.com\/de\/wp-json\/wp\/v2\/pages"}],"about":[{"href":"https:\/\/tullhoneycompany.com\/de\/wp-json\/wp\/v2\/types\/page"}],"author":[{"embeddable":true,"href":"https:\/\/tullhoneycompany.com\/de\/wp-json\/wp\/v2\/users\/1"}],"replies":[{"embeddable":true,"href":"https:\/\/tullhoneycompany.com\/de\/wp-json\/wp\/v2\/comments?post=862"}],"version-history":[{"count":3,"href":"https:\/\/tullhoneycompany.com\/de\/wp-json\/wp\/v2\/pages\/862\/revisions"}],"predecessor-version":[{"id":1185,"href":"https:\/\/tullhoneycompany.com\/de\/wp-json\/wp\/v2\/pages\/862\/revisions\/1185"}],"wp:attachment":[{"href":"https:\/\/tullhoneycompany.com\/de\/wp-json\/wp\/v2\/media?parent=862"}],"curies":[{"name":"wp","href":"https:\/\/api.w.org\/{rel}","templated":true}]}}