{"id":411,"date":"2024-07-04T19:32:53","date_gmt":"2024-07-04T19:32:53","guid":{"rendered":"https:\/\/tullhoneycompany.com\/einkaufswagen\/"},"modified":"2024-09-19T18:11:41","modified_gmt":"2024-09-19T18:11:41","slug":"einkaufswagen","status":"publish","type":"page","link":"https:\/\/tullhoneycompany.com\/de\/einkaufswagen\/","title":{"rendered":"Einkaufswagen"},"content":{"rendered":"\n<div data-block-name=\"woocommerce\/cart\" class=\"wp-block-woocommerce-cart alignwide is-loading\">\n<div data-block-name=\"woocommerce\/filled-cart-block\" class=\"wp-block-woocommerce-filled-cart-block\">\n<div data-block-name=\"woocommerce\/cart-items-block\" class=\"wp-block-woocommerce-cart-items-block\">\n<div data-block-name=\"woocommerce\/cart-line-items-block\" class=\"wp-block-woocommerce-cart-line-items-block\"><\/div>\n\n\n\n<div data-block-name=\"woocommerce\/cart-cross-sells-block\" class=\"wp-block-woocommerce-cart-cross-sells-block\">\n<h2 class=\"wp-block-heading has-large-font-size\">You may be interested in\u2026<\/h2>\n\n\n\n<div data-block-name=\"woocommerce\/cart-cross-sells-products-block\" class=\"wp-block-woocommerce-cart-cross-sells-products-block\"><\/div>\n<\/div>\n<\/div>\n\n\n\n<div data-block-name=\"woocommerce\/cart-totals-block\" class=\"wp-block-woocommerce-cart-totals-block\">\n<div data-block-name=\"woocommerce\/cart-order-summary-block\" class=\"wp-block-woocommerce-cart-order-summary-block\">\n<div data-block-name=\"woocommerce\/cart-order-summary-heading-block\" class=\"wp-block-woocommerce-cart-order-summary-heading-block\"><\/div><div data-block-name=\"woocommerce\/cart-order-summary-coupon-form-block\" class=\"wp-block-woocommerce-cart-order-summary-coupon-form-block\"><\/div><div data-block-name=\"woocommerce\/cart-order-summary-totals-block\" class=\"wp-block-woocommerce-cart-order-summary-totals-block\">\n<div data-block-name=\"woocommerce\/cart-order-summary-subtotal-block\" class=\"wp-block-woocommerce-cart-order-summary-subtotal-block\"><\/div>\n<div data-block-name=\"woocommerce\/cart-order-summary-discount-block\" class=\"wp-block-woocommerce-cart-order-summary-discount-block\"><\/div>\n<div data-block-name=\"woocommerce\/cart-order-summary-fee-block\" class=\"wp-block-woocommerce-cart-order-summary-fee-block\"><\/div>\n<div data-block-name=\"woocommerce\/cart-order-summary-shipping-block\" class=\"wp-block-woocommerce-cart-order-summary-shipping-block\"><\/div>\n<div data-block-name=\"woocommerce\/cart-order-summary-taxes-block\" class=\"wp-block-woocommerce-cart-order-summary-taxes-block\"><\/div><\/div>\n<\/div>\n\n\n\n<div data-block-name=\"woocommerce\/cart-express-payment-block\" class=\"wp-block-woocommerce-cart-express-payment-block\"><\/div>\n\n\n\n<div data-block-name=\"woocommerce\/proceed-to-checkout-block\" class=\"wp-block-woocommerce-proceed-to-checkout-block\"><\/div>\n\n\n\n<div data-block-name=\"woocommerce\/cart-accepted-payment-methods-block\" class=\"wp-block-woocommerce-cart-accepted-payment-methods-block\"><\/div>\n<\/div>\n<\/div>\n\n\n\n<div data-block-name=\"woocommerce\/empty-cart-block\" class=\"wp-block-woocommerce-empty-cart-block\">\n<h2 class=\"wp-block-heading has-text-align-center with-empty-cart-icon wc-block-cart__empty-cart__title\">Your cart is currently empty!<\/h2>\n\n\n\n<hr class=\"wp-block-separator has-alpha-channel-opacity is-style-dots\"\/>\n\n\n\n<h2 class=\"wp-block-heading has-text-align-center\">New in store<\/h2>\n\n\n<div data-block-name=\"woocommerce\/product-new\" data-columns=\"4\" data-rows=\"1\" class=\"wc-block-grid wp-block-product-new wp-block-woocommerce-product-new wc-block-product-new has-4-columns\"><ul class=\"wc-block-grid__products\"><li data-gtm_item_name=\"Island Mated Italian Queen\" data-gtm_item_brand=\"\" data-gtm_item_id=\"195\" data-gtm_item_sku=\"\" data-gtm_price=\"280.00\" data-gtm_item_category=\"Queens\" data-gtm_index=\"1\" data-gtm_image-url=\"https:\/\/tullhoneycompany.com\/wp-content\/uploads\/2024\/07\/Island-mated-queens.jpg\" data-custom_gtm_pagetype=\"grid\" data-custom_gtm_collection_id=\"\" data-custom_gtm_item_list_name=\"\"class=\"wc-block-grid__product\">\n\t\t\t\t<a href=\"https:\/\/tullhoneycompany.com\/product\/island-mated-italian-queen\/\" class=\"wc-block-grid__product-link\">\n\t\t\t\t\t\n\t\t\t\t\t<div class=\"wc-block-grid__product-image\"><img loading=\"lazy\" decoding=\"async\" width=\"300\" height=\"300\" src=\"https:\/\/tullhoneycompany.com\/wp-content\/uploads\/2024\/07\/Island-mated-queens-300x300.jpg\" class=\"attachment-woocommerce_thumbnail size-woocommerce_thumbnail\" alt=\"Island mated Italian queen Api Regine Ligustica F0 saari-paritettu italialainen emo\u200b reine italienne f\u00e9cond\u00e9e sur \u00eele Insel begattete italienische K\u00f6nigin\u200b szigeten p\u00e1roztatott olasz any\u00e1k regina italiana fecondata in isola\u200b w\u0142oska matka unasieniona na wyspie\u200b matc\u0103 italian\u0103 \u00eemperecheat\u0103 pe insul\u0103\u200b reina italiana fecundada en isla \u00f6-parad italiensk drottning\" srcset=\"https:\/\/tullhoneycompany.com\/wp-content\/uploads\/2024\/07\/Island-mated-queens-300x300.jpg 300w, https:\/\/tullhoneycompany.com\/wp-content\/uploads\/2024\/07\/Island-mated-queens-150x150.jpg 150w, https:\/\/tullhoneycompany.com\/wp-content\/uploads\/2024\/07\/Island-mated-queens-100x100.jpg 100w\" sizes=\"auto, (max-width: 300px) 100vw, 300px\" \/><\/div>\n\t\t\t\t\t<div class=\"wc-block-grid__product-title\">Island Mated Italian Queen<\/div>\n\t\t\t\t<\/a>\n\t\t\t\t<div class=\"wc-block-grid__product-price price\"><span class=\"woocommerce-Price-amount amount\">280,00&nbsp;<span class=\"woocommerce-Price-currencySymbol\">&euro;<\/span><\/span><\/div>\n\t\t\t\t\n\t\t\t\t<div class=\"wp-block-button wc-block-grid__product-add-to-cart\"><a href=\"\/de\/wp-json\/wp\/v2\/pages\/411?add-to-cart=195\" aria-label=\"In den Warenkorb legen: \u201eIsland Mated Italian Queen\u201c\" data-quantity=\"1\" data-product_id=\"195\" data-product_sku=\"\" data-price=\"280\" rel=\"nofollow\" class=\"wp-block-button__link wp-element-button add_to_cart_button ajax_add_to_cart\">In den Warenkorb<\/a><\/div>\n\t\t\t<\/li><li data-gtm_item_name=\"Overwintered Italian Queen - Random mated\" data-gtm_item_brand=\"\" data-gtm_item_id=\"193\" data-gtm_item_sku=\"\" data-gtm_price=\"220.00\" data-gtm_item_category=\"Queens\" data-gtm_index=\"1\" data-gtm_image-url=\"https:\/\/tullhoneycompany.com\/wp-content\/uploads\/2024\/07\/Overwintered-queen.jpg\" data-custom_gtm_pagetype=\"grid\" data-custom_gtm_collection_id=\"\" data-custom_gtm_item_list_name=\"\"class=\"wc-block-grid__product\">\n\t\t\t\t<a href=\"https:\/\/tullhoneycompany.com\/product\/overwintered-italian-queen\/\" class=\"wc-block-grid__product-link\">\n\t\t\t\t\t\n\t\t\t\t\t<div class=\"wc-block-grid__product-image\"><img loading=\"lazy\" decoding=\"async\" width=\"300\" height=\"300\" src=\"https:\/\/tullhoneycompany.com\/wp-content\/uploads\/2024\/07\/Overwintered-queen-300x300.jpg\" class=\"attachment-woocommerce_thumbnail size-woocommerce_thumbnail\" alt=\"Overwintered queen Italian queen\" srcset=\"https:\/\/tullhoneycompany.com\/wp-content\/uploads\/2024\/07\/Overwintered-queen-300x300.jpg 300w, https:\/\/tullhoneycompany.com\/wp-content\/uploads\/2024\/07\/Overwintered-queen-150x150.jpg 150w, https:\/\/tullhoneycompany.com\/wp-content\/uploads\/2024\/07\/Overwintered-queen-100x100.jpg 100w\" sizes=\"auto, (max-width: 300px) 100vw, 300px\" \/><\/div>\n\t\t\t\t\t<div class=\"wc-block-grid__product-title\">Overwintered Italian Queen &#8211; Random mated<\/div>\n\t\t\t\t<\/a>\n\t\t\t\t<div class=\"wc-block-grid__product-price price\"><span class=\"woocommerce-Price-amount amount\">220,00&nbsp;<span class=\"woocommerce-Price-currencySymbol\">&euro;<\/span><\/span><\/div>\n\t\t\t\t\n\t\t\t\t<div class=\"wp-block-button wc-block-grid__product-add-to-cart\"><a href=\"\/de\/wp-json\/wp\/v2\/pages\/411?add-to-cart=193\" aria-label=\"In den Warenkorb legen: \u201eOverwintered Italian Queen - Random mated\u201c\" data-quantity=\"1\" data-product_id=\"193\" data-product_sku=\"\" data-price=\"220\" rel=\"nofollow\" class=\"wp-block-button__link wp-element-button add_to_cart_button ajax_add_to_cart\">In den Warenkorb<\/a><\/div>\n\t\t\t<\/li><li data-gtm_item_name=\"Ligustica Queen - Random mated\" data-gtm_item_brand=\"\" data-gtm_item_id=\"65\" data-gtm_item_sku=\"\" data-gtm_price=\"35.00\" data-gtm_item_category=\"Queens\" data-gtm_index=\"1\" data-gtm_image-url=\"https:\/\/tullhoneycompany.com\/wp-content\/uploads\/2024\/07\/IMG_0409.jpg\" data-custom_gtm_pagetype=\"grid\" data-custom_gtm_collection_id=\"\" data-custom_gtm_item_list_name=\"\"class=\"wc-block-grid__product\">\n\t\t\t\t<a href=\"https:\/\/tullhoneycompany.com\/product\/ligustica-queen\/\" class=\"wc-block-grid__product-link\">\n\t\t\t\t\t\n\t\t\t\t\t<div class=\"wc-block-grid__product-image\"><img loading=\"lazy\" decoding=\"async\" width=\"300\" height=\"300\" src=\"https:\/\/tullhoneycompany.com\/wp-content\/uploads\/2024\/07\/IMG_0409-300x300.jpg\" class=\"attachment-woocommerce_thumbnail size-woocommerce_thumbnail\" alt=\"TULL HONEY COMPANY \u2013 PREMIUM ITALIAN QUEEN BEES IN EUROPE\" srcset=\"https:\/\/tullhoneycompany.com\/wp-content\/uploads\/2024\/07\/IMG_0409-300x300.jpg 300w, https:\/\/tullhoneycompany.com\/wp-content\/uploads\/2024\/07\/IMG_0409-150x150.jpg 150w, https:\/\/tullhoneycompany.com\/wp-content\/uploads\/2024\/07\/IMG_0409-100x100.jpg 100w\" sizes=\"auto, (max-width: 300px) 100vw, 300px\" \/><\/div>\n\t\t\t\t\t<div class=\"wc-block-grid__product-title\">Ligustica Queen &#8211; Random mated<\/div>\n\t\t\t\t<\/a>\n\t\t\t\t<div class=\"wc-block-grid__product-price price\"><span class=\"woocommerce-Price-amount amount\">35,00&nbsp;<span class=\"woocommerce-Price-currencySymbol\">&euro;<\/span><\/span><\/div>\n\t\t\t\t\n\t\t\t\t<div class=\"wp-block-button wc-block-grid__product-add-to-cart\"><a href=\"\/de\/wp-json\/wp\/v2\/pages\/411?add-to-cart=65\" aria-label=\"In den Warenkorb legen: \u201eLigustica Queen - Random mated\u201c\" data-quantity=\"1\" data-product_id=\"65\" data-product_sku=\"\" data-price=\"35\" rel=\"nofollow\" class=\"wp-block-button__link wp-element-button add_to_cart_button ajax_add_to_cart\">In den Warenkorb<\/a><\/div>\n\t\t\t<\/li><\/ul><\/div><\/div>\n<\/div>\n","protected":false},"excerpt":{"rendered":"","protected":false},"author":1,"featured_media":0,"parent":0,"menu_order":0,"comment_status":"closed","ping_status":"closed","template":"","meta":{"footnotes":""},"class_list":["post-411","page","type-page","status-publish","hentry"],"_links":{"self":[{"href":"https:\/\/tullhoneycompany.com\/de\/wp-json\/wp\/v2\/pages\/411","targetHints":{"allow":["GET"]}}],"collection":[{"href":"https:\/\/tullhoneycompany.com\/de\/wp-json\/wp\/v2\/pages"}],"about":[{"href":"https:\/\/tullhoneycompany.com\/de\/wp-json\/wp\/v2\/types\/page"}],"author":[{"embeddable":true,"href":"https:\/\/tullhoneycompany.com\/de\/wp-json\/wp\/v2\/users\/1"}],"replies":[{"embeddable":true,"href":"https:\/\/tullhoneycompany.com\/de\/wp-json\/wp\/v2\/comments?post=411"}],"version-history":[{"count":0,"href":"https:\/\/tullhoneycompany.com\/de\/wp-json\/wp\/v2\/pages\/411\/revisions"}],"wp:attachment":[{"href":"https:\/\/tullhoneycompany.com\/de\/wp-json\/wp\/v2\/media?parent=411"}],"curies":[{"name":"wp","href":"https:\/\/api.w.org\/{rel}","templated":true}]}}