{"id":1055,"date":"2024-08-11T08:36:07","date_gmt":"2024-08-11T08:36:07","guid":{"rendered":"https:\/\/tullhoneycompany.com\/zuckersirup-rechner\/"},"modified":"2025-03-31T12:18:51","modified_gmt":"2025-03-31T12:18:51","slug":"zuckerwasser-rechner","status":"publish","type":"page","link":"https:\/\/tullhoneycompany.com\/de\/zuckerwasser-rechner\/","title":{"rendered":"ZUCKERWASSER RECHNER"},"content":{"rendered":"\n<figure class=\"wp-block-image aligncenter size-full is-resized is-style-rounded\"><img loading=\"lazy\" decoding=\"async\" width=\"1024\" height=\"1024\" src=\"https:\/\/tullhoneycompany.com\/wp-content\/uploads\/2024\/08\/DALL\u00b7E-2024-08-11-15.31.11-A-vintage-black-and-white-image-featuring-an-old-fashioned-calculator-with-large-mechanical-buttons-placed-on-a-rustic-wooden-surface.-Next-to-the-ca.webp\" alt=\"Kalkulator syropu cukrowego ZUCKERWASSER RECHNER BIENENFUTTER RECHNER\" class=\"wp-image-823\" style=\"width:279px;height:auto\" srcset=\"https:\/\/tullhoneycompany.com\/wp-content\/uploads\/2024\/08\/DALL\u00b7E-2024-08-11-15.31.11-A-vintage-black-and-white-image-featuring-an-old-fashioned-calculator-with-large-mechanical-buttons-placed-on-a-rustic-wooden-surface.-Next-to-the-ca.webp 1024w, https:\/\/tullhoneycompany.com\/wp-content\/uploads\/2024\/08\/DALL\u00b7E-2024-08-11-15.31.11-A-vintage-black-and-white-image-featuring-an-old-fashioned-calculator-with-large-mechanical-buttons-placed-on-a-rustic-wooden-surface.-Next-to-the-ca-300x300.webp 300w, https:\/\/tullhoneycompany.com\/wp-content\/uploads\/2024\/08\/DALL\u00b7E-2024-08-11-15.31.11-A-vintage-black-and-white-image-featuring-an-old-fashioned-calculator-with-large-mechanical-buttons-placed-on-a-rustic-wooden-surface.-Next-to-the-ca-150x150.webp 150w, https:\/\/tullhoneycompany.com\/wp-content\/uploads\/2024\/08\/DALL\u00b7E-2024-08-11-15.31.11-A-vintage-black-and-white-image-featuring-an-old-fashioned-calculator-with-large-mechanical-buttons-placed-on-a-rustic-wooden-surface.-Next-to-the-ca-768x768.webp 768w, https:\/\/tullhoneycompany.com\/wp-content\/uploads\/2024\/08\/DALL\u00b7E-2024-08-11-15.31.11-A-vintage-black-and-white-image-featuring-an-old-fashioned-calculator-with-large-mechanical-buttons-placed-on-a-rustic-wooden-surface.-Next-to-the-ca-600x600.webp 600w, https:\/\/tullhoneycompany.com\/wp-content\/uploads\/2024\/08\/DALL\u00b7E-2024-08-11-15.31.11-A-vintage-black-and-white-image-featuring-an-old-fashioned-calculator-with-large-mechanical-buttons-placed-on-a-rustic-wooden-surface.-Next-to-the-ca-100x100.webp 100w\" sizes=\"auto, (max-width: 1024px) 100vw, 1024px\" \/><\/figure>\n\n\n\n<h1 class=\"wp-block-heading has-text-align-center\" id=\"zuckerwasser-rechner\">ZUCKERWASSER RECHNER<\/h1>\n\n\n\n<div class=\"wp-block-group alignfull has-background-background-color has-background has-global-padding is-content-justification-center is-layout-constrained wp-container-core-group-is-layout-0412f85b wp-block-group-is-layout-constrained\" style=\"margin-top:0;margin-bottom:0;padding-top:var(--wp--preset--spacing--60);padding-right:var(--wp--preset--spacing--30);padding-bottom:var(--wp--preset--spacing--60);padding-left:var(--wp--preset--spacing--30)\">\n<div style=\"text-align: center;\">\n    \n\n        <div style=\"margin-bottom: 15px;\">\n            <label for=\"syrupVolumeLabel\" style=\"font-size: 1.8em; display: block;\">Liter Sirup:<\/label>\n            <input type=\"number\" id=\"syrupVolume\" value=\"100\" step=\"0.01\" oninput=\"updateSugarAndWaterFromSyrup()\" style=\"font-size: 2.5em; width: 270px; border: none; border-bottom: 2px solid black; text-align: center;\">\n        <\/div>\n\n        <div style=\"margin-bottom: 15px;\">\n            <label for=\"sugarPercentage\" style=\"font-size: 1.8em; display: block;\">Zuckeranteil im Sirup (%):<\/label>\n            <input type=\"number\" id=\"sugarPercentage\" value=\"66.66\" step=\"0.01\" min=\"1\" max=\"72\" oninput=\"updateSugarAndWaterFromPercentage()\" style=\"font-size: 2.5em; width: 270px; border: none; border-bottom: 2px solid black; text-align: center; color: red;\">\n        <\/div>\n\n        <div style=\"margin-bottom: 15px;\">\n            <label for=\"sugarNeededLabel\" style=\"font-size: 1.8em; display: block;\">Kilogramm Zucker:<\/label>\n            <input type=\"number\" id=\"sugarNeeded\" step=\"0.01\" oninput=\"updateWaterFromSugar()\" style=\"font-size: 2.5em; width: 270px; border: none; border-bottom: 2px solid black; text-align: center;\">\n        <\/div>\n\n        <div style=\"margin-bottom: 15px;\">\n            <label for=\"waterNeededLabel\" style=\"font-size: 1.8em; display: block;\">Liter Wasser:<\/label>\n            <input type=\"number\" id=\"waterNeeded\" step=\"0.01\" oninput=\"updateSugarFromWater()\" style=\"font-size: 2.5em; width: 270px; border: none; border-bottom: 2px solid black; text-align: center;\">\n        <\/div>\n\n        <div style=\"margin-bottom: 15px;\">\n            <label for=\"unitSystem\" style=\"font-size: 1.8em; display: block;\">Einheitensystem w\u00e4hle:<\/label>\n            <select id=\"unitSystem\" onchange=\"updateLabels(); calculateSyrup()\" style=\"font-size: 1.5em;\">\n                <option value=\"imperial\">Imperial (Gallonen und Pfund)<\/option>\n                <option value=\"metric\" selected>Metrisch (Liter und Kilogramm)<\/option>\n            <\/select>\n        <\/div>\n\n        <h2 style=\"font-size: 2em; margin-top: 25px;\">Thymol hinzuf\u00fcgen<\/h2>\n\n        <div style=\"margin-bottom: 15px;\">\n            <label for=\"requiredMix\" style=\"font-size: 1.8em; display: block;\">Thymol- und Isopropanol-Mischung:<\/label>\n            <span id=\"requiredMix\" style=\"font-size: 1.8em; display: block;\">0<\/span>\n        <\/div>\n\n        <div style=\"margin-bottom: 15px;\">\n            <label for=\"thymol\" style=\"font-size: 1.8em; display: block;\">Thymol:<\/label>\n            <span id=\"thymol\" style=\"font-size: 1.8em; display: block;\">0<\/span>\n        <\/div>\n\n        <div style=\"margin-bottom: 15px;\">\n            <label for=\"isopropylAlcohol\" style=\"font-size: 1.8em; display: block;\">91% Isopropanol:<\/label>\n            <span id=\"isopropylAlcohol\" style=\"font-size: 1.8em; display: block;\">0<\/span>\n        <\/div>\n    <\/div>\n\n    <script>\n        const densityLookup = {\n            72: 1.3633, 71: 1.3570, 70: 1.3507, 69: 1.3445, 68: 1.3383,\n            67: 1.3321, 66: 1.3260, 65: 1.3190, 64: 1.3139, 63: 1.3079,\n            62: 1.3019, 61: 1.2959, 60: 1.2900, 59: 1.2841, 58: 1.2783,\n            57: 1.2725, 56: 1.2667, 55: 1.2610, 54: 1.2553, 53: 1.2497,\n            52: 1.2441, 51: 1.2385, 50: 1.2339, 49: 1.2274, 48: 1.2229,\n            47: 1.2165, 46: 1.2111, 45: 1.2057, 44: 1.2004, 43: 1.1951,\n            42: 1.1898, 41: 1.1846, 40: 1.1794, 39: 1.1743, 38: 1.1692,\n            37: 1.1641, 36: 1.1590, 35: 1.1540, 34: 1.1490, 33: 1.1440,\n            32: 1.1391, 31: 1.1343, 30: 1.1295, 29: 1.1247, 28: 1.1200,\n            27: 1.1153, 26: 1.1106, 25: 1.1059, 24: 1.1013, 23: 1.0967,\n            22: 1.0922, 21: 1.0877, 20: 1.0832, 19: 1.0788, 18: 1.0744,\n            17: 1.0700, 16: 1.0657, 15: 1.0614, 14: 1.0572, 13: 1.0530,\n            12: 1.0488, 11: 1.0446, 10: 1.0404, 9: 1.0363, 8: 1.0322,\n            7: 1.0281, 6: 1.0240, 5: 1.0200, 4: 1.0160, 3: 1.0120,\n            2: 1.0080, 1: 1.0040\n        };\n\n        function getDensity(sugarPercentage) {\n            const roundedPercentage = Math.round(sugarPercentage);\n            return densityLookup[roundedPercentage];\n        }\n\n        function updateLabels() {\n            const unitSystem = document.getElementById('unitSystem').value;\n\n            if (unitSystem === 'imperial') {\n                document.querySelector('label[for=\"syrupVolumeLabel\"]').innerText = 'Gallons of Syrup:';\n                document.querySelector('label[for=\"sugarNeededLabel\"]').innerText = 'Pounds of Sugar:';\n                document.querySelector('label[for=\"waterNeededLabel\"]').innerText = 'Gallons of Water:';\n            } else if (unitSystem === 'metric') {\n                document.querySelector('label[for=\"syrupVolumeLabel\"]').innerText = 'Liter Sirup:';\n                document.querySelector('label[for=\"sugarNeededLabel\"]').innerText = 'Kilogramm Zucker:';\n                document.querySelector('label[for=\"waterNeededLabel\"]').innerText = 'Liter Wasser:';\n            }\n        }\n\n        function calculateSyrup() {\n            const unitSystem = document.getElementById('unitSystem').value;\n            const syrupVolume = parseFloat(document.getElementById('syrupVolume').value);\n            let sugarPercentage = parseFloat(document.getElementById('sugarPercentage').value);\n\n            if (sugarPercentage < 1) sugarPercentage = 1;\n            if (sugarPercentage > 72) sugarPercentage = 72;\n            document.getElementById('sugarPercentage').value = sugarPercentage.toFixed(2);\n\n            const density = getDensity(sugarPercentage);\n\n            if (unitSystem === 'metric') {\n                const sugarNeeded = syrupVolume * (sugarPercentage \/ 100) * density;\n                const waterNeeded = syrupVolume * ((100 - sugarPercentage) \/ 100) * density;\n\n                document.getElementById('sugarNeeded').value = sugarNeeded.toFixed(2);\n                document.getElementById('waterNeeded').value = waterNeeded.toFixed(2);\n\n            } else if (unitSystem === 'imperial') {\n                const syrupVolumeLiters = syrupVolume * 3.78541;\n                const sugarNeededKg = syrupVolumeLiters * (sugarPercentage \/ 100) * density;\n                const waterNeededLiters = syrupVolumeLiters * ((100 - sugarPercentage) \/ 100) * density;\n\n                const syrupVolumeGallons = syrupVolumeLiters \/ 3.78541;\n                const sugarNeededLbs = sugarNeededKg * 2.20462;\n                const waterNeededGallons = waterNeededLiters \/ 3.78541;\n\n                document.getElementById('syrupVolume').value = syrupVolumeGallons.toFixed(2);\n                document.getElementById('sugarNeeded').value = sugarNeededLbs.toFixed(2);\n                document.getElementById('waterNeeded').value = waterNeededGallons.toFixed(2);\n            }\n\n            calculateThymol();\n        }\n\n        function updateSyrupFromSugarAndWater() {\n            const sugarNeeded = parseFloat(document.getElementById('sugarNeeded').value);\n            const waterNeeded = parseFloat(document.getElementById('waterNeeded').value);\n            const sugarPercentage = parseFloat(document.getElementById('sugarPercentage').value);\n\n            if (isNaN(sugarNeeded) || isNaN(waterNeeded) || sugarNeeded < 0 || waterNeeded < 0) {\n                return;\n            }\n\n            const syrupVolume = (sugarNeeded * 100) \/ (sugarPercentage * getDensity(sugarPercentage));\n            document.getElementById('syrupVolume').value = syrupVolume.toFixed(2);\n\n            calculateThymol();\n        }\n\n        function updateSugarAndWaterFromSyrup() {\n            const syrupVolume = parseFloat(document.getElementById('syrupVolume').value);\n            const sugarPercentage = parseFloat(document.getElementById('sugarPercentage').value);\n            const density = getDensity(sugarPercentage);\n\n            if (isNaN(syrupVolume) || syrupVolume <= 0) {\n                return;\n            }\n\n            const sugarNeeded = syrupVolume * (sugarPercentage \/ 100) * density;\n            const waterNeeded = syrupVolume * ((100 - sugarPercentage) \/ 100) * density;\n\n            document.getElementById('sugarNeeded').value = sugarNeeded.toFixed(2);\n            document.getElementById('waterNeeded').value = waterNeeded.toFixed(2);\n\n            calculateThymol();\n        }\n\n        function updateSugarAndWaterFromPercentage() {\n            updateSugarAndWaterFromSyrup();\n        }\n\n        function updateWaterFromSugar() {\n            const sugarNeeded = parseFloat(document.getElementById('sugarNeeded').value);\n            const sugarPercentage = parseFloat(document.getElementById('sugarPercentage').value);\n            const density = getDensity(sugarPercentage);\n\n            if (isNaN(sugarNeeded) || sugarNeeded < 0) {\n                return;\n            }\n\n            const syrupVolume = (sugarNeeded * 100) \/ (sugarPercentage * density);\n            const waterNeeded = syrupVolume * ((100 - sugarPercentage) \/ 100) * density;\n\n            document.getElementById('syrupVolume').value = syrupVolume.toFixed(2);\n            document.getElementById('waterNeeded').value = waterNeeded.toFixed(2);\n\n            calculateThymol();\n        }\n\n        function updateSugarFromWater() {\n            const waterNeeded = parseFloat(document.getElementById('waterNeeded').value);\n            const sugarPercentage = parseFloat(document.getElementById('sugarPercentage').value);\n            const density = getDensity(sugarPercentage);\n\n            if (isNaN(waterNeeded) || waterNeeded < 0) {\n                return;\n            }\n\n            const syrupVolume = waterNeeded \/ ((100 - sugarPercentage) \/ 100 * density);\n            const sugarNeeded = syrupVolume * (sugarPercentage \/ 100) * density;\n\n            document.getElementById('syrupVolume').value = syrupVolume.toFixed(2);\n            document.getElementById('sugarNeeded').value = sugarNeeded.toFixed(2);\n            document.getElementById('waterNeeded').value = waterNeeded.toFixed(2);\n\n            calculateThymol();\n        }\n\n        function calculateThymol() {\n            const unitSystem = document.getElementById('unitSystem').value;\n            const syrupVolume = parseFloat(document.getElementById('syrupVolume').value);\n\n            let requiredMix, thymol, isopropylAlcohol;\n\n            if (unitSystem === 'metric') {\n                requiredMix = syrupVolume * (2 \/ 3.78541);\n                thymol = (requiredMix \/ 100) * 12.5;\n                isopropylAlcohol = (requiredMix \/ 100) * 88;\n\n                document.getElementById('requiredMix').innerText = requiredMix.toFixed(2) + \" ml\";\n                document.getElementById('thymol').innerText = thymol.toFixed(2) + \" g\";\n                document.getElementById('isopropylAlcohol').innerText = isopropylAlcohol.toFixed(2) + \" ml\";\n            } else if (unitSystem === 'imperial') {\n                requiredMix = 0.0676280454 * syrupVolume;\n                thymol = 0.00881849048 * syrupVolume;\n                isopropylAlcohol = 0.88 * requiredMix;\n\n                document.getElementById('requiredMix').innerText = requiredMix.toFixed(2) + \" fl oz\";\n                document.getElementById('thymol').innerText = thymol.toFixed(2) + \" oz\";\n                document.getElementById('isopropylAlcohol').innerText = isopropylAlcohol.toFixed(2) + \" fl oz\";\n            }\n\n           \n        }\n\n        updateLabels();\n        calculateSyrup();\n    <\/script>\n\n\n\n<div class=\"wp-block-rank-math-toc-block\" id=\"rank-math-toc\"><h2>Inhalt<\/h2><nav><ul><li class=\"\"><a href=\"#zuckerwasser-rechner\">ZUCKERWASSER RECHNER<\/a><ul><li class=\"\"><a href=\"#so-verwenden-sie-den-bienenfutter-rechner\">So verwenden Sie den Bienenfutter Rechner<\/a><\/li><li class=\"\"><a href=\"#schritte-zur-verwendung-des-rechners\">Schritte zur Verwendung des Rechners<\/a><\/li><li class=\"\"><a href=\"#vorteile-fur-bienenzuchter\">Vorteile f\u00fcr Bienenz\u00fcchter<\/a><ul><\/ul><\/li><\/ul><\/li><\/ul><\/nav><\/div>\n\n\n\n<h2 class=\"wp-block-heading\" id=\"so-verwenden-sie-den-bienenfutter-rechner\"><strong>So verwenden Sie den Bienenfutter Rechner<\/strong><\/h2>\n\n\n\n<p>Dieser <strong>Zuckerwasser Rechner<\/strong> ist ein unverzichtbares Werkzeug f\u00fcr Imker, die das perfekte Zuckersirup-Rezept f\u00fcr ihre Bienen erstellen m\u00f6chten. Egal, ob Sie 1:1 Zuckerwasser f\u00fcr die Fr\u00fchjahrsf\u00fctterung oder 2:1 Zuckersirup f\u00fcr die Herbstf\u00fctterung zubereiten, mit diesem Rechner ist es ganz einfach, die richtigen Verh\u00e4ltnisse zu finden. Das richtige Verh\u00e4ltnis von 1:1, 2:1 oder sogar 1:2 Zuckerwasser ist entscheidend, um Ihre Bienen das ganze Jahr \u00fcber mit den n\u00f6tigen N\u00e4hrstoffen zu versorgen.<\/p>\n\n\n\n<h2 class=\"wp-block-heading\" id=\"schritte-zur-verwendung-des-rechners\"><strong>Schritte zur Verwendung des Rechners<\/strong><\/h2>\n\n\n\n<p><strong>W\u00e4hlen Sie das Einheitensystem:<\/strong> W\u00e4hlen Sie zwischen metrisch (Liter und Kilogramm) oder imperial (Gallonen und Pfund), je nachdem, was Sie bevorzugen.<\/p>\n\n\n\n<ol class=\"wp-block-list\">\n<li><strong>Geben Sie die Sirupmenge ein:<\/strong> Geben Sie die gew\u00fcnschte Menge an Zuckersirup ein, die Sie zubereiten m\u00f6chten, egal ob Sie eine kleine Menge f\u00fcr ein paar Bienenst\u00f6cke oder eine gro\u00dfe Menge f\u00fcr Ihren gesamten Bienenstand herstellen m\u00f6chten.<\/li>\n\n\n\n<li><strong>Stellen Sie den Zuckerprozentsatz ein:<\/strong> Passen Sie die Zuckerkonzentration an die Bed\u00fcrfnisse Ihrer Bienen an.\nDie Standardeinstellung ist 66,66%, was f\u00fcr die meisten Zuckersirup-Rezepte gut funktioniert, aber Sie k\u00f6nnen sie anpassen, um ein 1:1, 2:1 oder ein anderes Zucker-Wasser-Verh\u00e4ltnis zu erzeugen. <\/li>\n\n\n\n<li><strong>\u00dcberpr\u00fcfen Sie die Werte f\u00fcr Zucker und Wasser:<\/strong> Der Rechner berechnet automatisch die exakten Zucker- und Wassermengen, die Sie ben\u00f6tigen, um die gew\u00fcnschte Sirupkonsistenz zu erreichen, unabh\u00e4ngig davon, ob Sie 1 zu 1 oder 2 zu 1 Zuckersirup zubereiten.<\/li>\n\n\n\n<li><strong>Hinzuf\u00fcgen von <a href=\"https:\/\/www.icko-apiculture.com\/thymol-bouteille-de-500-gr.html?gad_source=1&amp;gclid=CjwKCAjw-qi_BhBxEiwAkxvbkAU6lgLjQJu-ocwCxeiv3_rcImQtp85p9ibk5NKESHGsyQX4uZetRhoC8jEQAvD_BwE\" target=\"_blank\" rel=\"noopener\">Thymol<\/a>:<\/strong> Der Rechner ermittelt auch die korrekte Menge an Thymol und 91%igem Isopropylalkohol, die Sie hinzuf\u00fcgen m\u00fcssen, um Schimmelbildung im Sirup zu verhindern. So erhalten Sie einen thymolisierten Sirup, der sicher und gesund f\u00fcr Ihre Bienen ist.  <strong>Um die Mischung zuzubereiten, l\u00f6sen Sie das Thymol in dem Isopropylalkohol auf, indem Sie r\u00fchren, bis es sich vollst\u00e4ndig aufgel\u00f6st hat.<br>Geben Sie diese Mischung dann zu Ihrem Zuckersirup und r\u00fchren Sie gr\u00fcndlich um, um sicherzustellen, dass sie gleichm\u00e4\u00dfig verteilt ist. <\/strong><\/li>\n<\/ol>\n\n\n\n<h2 class=\"wp-block-heading\" id=\"vorteile-fur-bienenzuchter\"><strong>Vorteile f\u00fcr Bienenz\u00fcchter<\/strong><\/h2>\n\n\n\n<ul class=\"wp-block-list\">\n<li><strong>Genaue Messungen:<\/strong> Stellt sicher, dass Sie das richtige Verh\u00e4ltnis von Zucker und Wasser mischen, um eine \u00dcber- oder Unterf\u00fctterung Ihrer Bienen zu vermeiden. Dies ist besonders wichtig, wenn Sie spezielle Zuckerwasser-Rezepte wie 1:1 oder 2:1 erstellen, bei denen Pr\u00e4zision f\u00fcr die Akzeptanz und Verwertung durch die Bienen entscheidend ist.<\/li>\n\n\n\n<li><strong>Verhindert Schimmel:<\/strong> Durch die Zugabe der richtigen Menge Thymol hilft Ihnen der Rechner, einen thymolisierten Sirup zu erzeugen, der wirksam Schimmel in Zuckersirup verhindert, insbesondere unter feuchten Bedingungen, die das Schimmelwachstum f\u00f6rdern k\u00f6nnen. Dies ist sowohl f\u00fcr die Fr\u00fchjahrs- als auch f\u00fcr die Herbstf\u00fctterung wichtig, da in beiden Jahreszeiten stabile Sirupqualit\u00e4t entscheidend ist.<\/li>\n\n\n\n<li><strong>Spart Zeit:<\/strong> Berechnen Sie schnell und einfach die notwendigen Zutaten f\u00fcr gro\u00dfe Mengen Sirup, reduzieren Sie die Vorbereitungszeit erheblich und stellen Sie sicher, dass Ihre Bienen unabh\u00e4ngig von der Jahreszeit die ben\u00f6tigten N\u00e4hrstoffe rechtzeitig und in ausreichender Menge erhalten.<\/li>\n\n\n\n<li><strong>Unterst\u00fctzt die Gesundheit der Bienen:<\/strong> Thymol hat nachweislich positive Auswirkungen auf Bienenv\u00f6lker, insbesondere bei der Vorbeugung von Problemen wie Nosema, einer h\u00e4ufigen Bienenkrankheit, die ganze V\u00f6lker schw\u00e4chen kann. Richtig gemischter Zuckerwasser f\u00fcr Bienen, ob 1:1, 2:1 oder in einem anderen Verh\u00e4ltnis, hilft dabei, die Gesundheit und Produktivit\u00e4t Ihrer Bienenv\u00f6lker langfristig zu erhalten und zu f\u00f6rdern.<\/li>\n<\/ul>\n\n\n\n<hr class=\"wp-block-separator has-alpha-channel-opacity\"\/>\n\n\n\n<div class=\"wp-block-cover alignfull\" style=\"margin-top:0;margin-bottom:80px;padding-top:3%;padding-right:0%;padding-bottom:10%;padding-left:5%;min-height:600px;aspect-ratio:unset;\"><span aria-hidden=\"true\" class=\"wp-block-cover__background has-background-dim\" style=\"background-color:#906e31\"><\/span><img loading=\"lazy\" decoding=\"async\" width=\"1920\" height=\"2560\" class=\"wp-block-cover__image-background wp-image-162\" alt=\"\" src=\"https:\/\/tullhoneycompany.com\/wp-content\/uploads\/2024\/07\/Haudmeraam1-scaled.jpg\" data-object-fit=\"cover\" srcset=\"https:\/\/tullhoneycompany.com\/wp-content\/uploads\/2024\/07\/Haudmeraam1-scaled.jpg 1920w, https:\/\/tullhoneycompany.com\/wp-content\/uploads\/2024\/07\/Haudmeraam1-225x300.jpg 225w, https:\/\/tullhoneycompany.com\/wp-content\/uploads\/2024\/07\/Haudmeraam1-768x1024.jpg 768w, https:\/\/tullhoneycompany.com\/wp-content\/uploads\/2024\/07\/Haudmeraam1-1152x1536.jpg 1152w, https:\/\/tullhoneycompany.com\/wp-content\/uploads\/2024\/07\/Haudmeraam1-1536x2048.jpg 1536w, https:\/\/tullhoneycompany.com\/wp-content\/uploads\/2024\/07\/Haudmeraam1-600x800.jpg 600w\" sizes=\"auto, (max-width: 1920px) 100vw, 1920px\" \/><div class=\"wp-block-cover__inner-container is-layout-flow wp-container-core-cover-is-layout-ee621fdb wp-block-cover-is-layout-flow\">\n<h3 class=\"wp-block-heading\" id=\"freude-an-der-imkerei\">FREUDE AN DER IMKEREI<\/h3>\n\n\n\n<p>Die Umstellung auf gut gez\u00fcchtete <a href=\"https:\/\/tullhoneycompany.com\/de\/product\/italienische-bienenkoenigin\/\">Bienenk\u00f6niginnen<\/a> kann zu ruhigeren, ges\u00fcnderen und produktiveren Bienenv\u00f6lkern f\u00fchren.<\/p>\n\n\n\n<div class=\"wp-block-buttons is-layout-flex wp-block-buttons-is-layout-flex\" style=\"margin-top:var(--wp--preset--spacing--30);margin-bottom:var(--wp--preset--spacing--30)\">\n<div class=\"wp-block-button\"><a class=\"wp-block-button__link wp-element-button\" href=\"https:\/\/tullhoneycompany.com\/de\/shop\/\">Einkaufen K\u00f6niginnen<\/a><\/div>\n<\/div>\n<\/div><\/div>\n<\/div>\n","protected":false},"excerpt":{"rendered":"<p>ZUCKERWASSER RECHNER Liter Sirup: Zuckeranteil im Sirup (%): Kilogramm Zucker: Liter Wasser: Einheitensystem w\u00e4hle: Imperial (Gallonen und Pfund)Metrisch (Liter und Kilogramm) Thymol hinzuf\u00fcgen Thymol- und Isopropanol-Mischung: 0 Thymol: 0 91% Isopropanol: 0 So verwenden Sie den Bienenfutter Rechner Dieser Zuckerwasser Rechner ist ein unverzichtbares Werkzeug f\u00fcr Imker, die das perfekte Zuckersirup-Rezept f\u00fcr ihre Bienen erstellen [&hellip;]<\/p>\n","protected":false},"author":1,"featured_media":823,"parent":0,"menu_order":0,"comment_status":"closed","ping_status":"closed","template":"no-title","meta":{"footnotes":""},"class_list":["post-1055","page","type-page","status-publish","has-post-thumbnail","hentry"],"_links":{"self":[{"href":"https:\/\/tullhoneycompany.com\/de\/wp-json\/wp\/v2\/pages\/1055","targetHints":{"allow":["GET"]}}],"collection":[{"href":"https:\/\/tullhoneycompany.com\/de\/wp-json\/wp\/v2\/pages"}],"about":[{"href":"https:\/\/tullhoneycompany.com\/de\/wp-json\/wp\/v2\/types\/page"}],"author":[{"embeddable":true,"href":"https:\/\/tullhoneycompany.com\/de\/wp-json\/wp\/v2\/users\/1"}],"replies":[{"embeddable":true,"href":"https:\/\/tullhoneycompany.com\/de\/wp-json\/wp\/v2\/comments?post=1055"}],"version-history":[{"count":15,"href":"https:\/\/tullhoneycompany.com\/de\/wp-json\/wp\/v2\/pages\/1055\/revisions"}],"predecessor-version":[{"id":1580,"href":"https:\/\/tullhoneycompany.com\/de\/wp-json\/wp\/v2\/pages\/1055\/revisions\/1580"}],"wp:featuredmedia":[{"embeddable":true,"href":"https:\/\/tullhoneycompany.com\/de\/wp-json\/wp\/v2\/media\/823"}],"wp:attachment":[{"href":"https:\/\/tullhoneycompany.com\/de\/wp-json\/wp\/v2\/media?parent=1055"}],"curies":[{"name":"wp","href":"https:\/\/api.w.org\/{rel}","templated":true}]}}